{"id":11979,"date":"2024-07-31T15:54:02","date_gmt":"2024-07-31T12:54:02","guid":{"rendered":"https:\/\/liluilu.ee\/?post_type=product&#038;p=11979"},"modified":"2026-04-08T16:15:56","modified_gmt":"2026-04-08T13:15:56","slug":"miniatjura-benton-air-fit-uv-defense-sun-cream-12-ml","status":"publish","type":"product","link":"https:\/\/liluilu.ee\/et\/miniatjura-benton-air-fit-uv-defense-sun-cream-12-ml\/","title":{"rendered":"Benton Air Fit UV kaitsev p\u00e4ikesekreem 12ml miniatuur jahutava ja rahustava toimega."},"content":{"rendered":"<p><span style=\"font-weight: 400;\">Sanscreeni miniversioon, mis pakub usaldusv\u00e4\u00e4rset UV-kaitset ja t\u00f5husat p\u00e4evahooldust, mis sobib ka v\u00e4ga tundlikule nahale.\u00a0<\/span><\/p>\n<p>&nbsp;<\/p>\n<p><b>Benton Air Fit UV kaitsev p\u00e4ikesekreem <\/b><span style=\"font-weight: 400;\">kaitseb UVA ja UVB ultraviolettkiirguse eest. Jahutab meeldivalt, niisutab ja rahustab nahka. Ennetab vanusevigastusi ja \u00fchtlustab nahatooni. Aeglustab vananemisega seotud muutusi ja hoolitseb kaitsebarj\u00e4\u00e4ri tervise eest, tugevdab ja toetab naha immuunsust.<\/span><\/p>\n<p>&nbsp;<\/p>\n<p><span style=\"font-weight: 400;\">Toode on siidise, sulava tekstuuriga. See ei j\u00e4ta kleepuvust ega valkjaid j\u00e4\u00e4ke. T\u00e4nu AirFit-tehnoloogiale on see kaaluta ja vaevu nahal tunda.\u00a0<\/span><\/p>\n<p>&nbsp;<\/p>\n<p><span style=\"font-weight: 400;\">4 uue p\u00f5lvkonna orgaanilist p\u00e4ikesefiltrit pakuvad pikaajalist kaitset ja linnatingimustes ei pea neid v\u00e4rskendama kuni 8 tundi.<\/span><\/p>\n<p>&nbsp;<\/p>\n<p><span style=\"font-weight: 400;\">Hooldusvalem koosneb EWG rohelise klassi koostisainetest ja sisaldab Cica-kompleksi, pantenooli, niatsiinamiidi ja tokoferooli.<\/span><\/p>\n<p>&nbsp;<\/p>\n<p><span style=\"font-weight: 400;\">Kreem sobib normaalsele, kombineeritud ja rasusele nahat\u00fc\u00fcbile.\u00a0<\/span><\/p>\n<p>&nbsp;<\/p>\n<p><b>Toode on esitatud kahes mahus:<\/b><\/p>\n<ul>\n<li style=\"font-weight: 400;\" aria-level=\"1\"><span style=\"font-weight: 400;\">12ml.\u00a0<\/span><\/li>\n<li style=\"font-weight: 400;\" aria-level=\"1\"><span style=\"color: #0000ff;\"><a style=\"color: #0000ff;\" href=\"https:\/\/liluilu.ee\/et\/benton-air-fit-uv-defense-sun-cream-50-ml\/\" target=\"_blank\" rel=\"noopener\"><span style=\"font-weight: 400;\">50 ml.<\/span><\/a><\/span><\/li>\n<\/ul>\n<p><span style=\"font-weight: 400;\">Loe l\u00e4hemalt <\/span><span style=\"color: #0000ff;\"><a style=\"color: #0000ff;\" href=\"https:\/\/liluilu.ee\/et\/benton-air-fit-uv-defense-sun-cream-50-ml\/\" target=\"_blank\" rel=\"noopener\"><span style=\"font-weight: 400;\">siit<\/span><\/a><span style=\"font-weight: 400;\">.<\/span><\/span><\/p>\n<p>&nbsp;<\/p>\n<p><b>Kuidas kasutada:<\/b><\/p>\n<p><span style=\"font-weight: 400;\">Kandke vajalik kogus kreemi \u00fchtlaselt nahale 20-30 minutit enne \u00f5ue minekut. Tugeva p\u00e4ikese k\u00e4es viibimise ajal kandke vajadusel uuesti.<\/span><\/p>\n<p>&nbsp;<\/p>\n<p><b>Netokogus:<\/b><span style=\"font-weight: 400;\"> 12ml.<\/span><\/p>\n<p>&nbsp;<\/p>\n<p>&nbsp;<\/p>\n<p><a title=\"TARNETINGIMUSED\" href=\"https:\/\/liluilu.ee\/et\/kohaletoimetamine\/\" target=\"_blank\" rel=\"noopener\">TARNETINGIMUSED<\/a><\/p>","protected":false},"excerpt":{"rendered":"<p>\u041c\u0438\u043d\u0438-\u0432\u0435\u0440\u0441\u0438\u044f \u0441\u0430\u043d\u0441\u043a\u0440\u0438\u043d\u0430, \u043a\u043e\u0442\u043e\u0440\u044b\u0439 \u043e\u0431\u0435\u0441\u043f\u0435\u0447\u0438\u0432\u0430\u0435\u0442 \u043d\u0430\u0434\u0435\u0436\u043d\u0443\u044e \u0437\u0430\u0449\u0438\u0442\u0443 \u043e\u0442 \u0423\u0424-\u043b\u0443\u0447\u0435\u0439 \u0438 \u044d\u0444\u0444\u0435\u043a\u0442\u0438\u0432\u043d\u044b\u0439 \u0434\u043d\u0435\u0432\u043d\u043e\u0439 \u0443\u0445\u043e\u0434, \u043f\u043e\u0434\u0445\u043e\u0434\u044f\u0449\u0438\u0439 \u0434\u0430\u0436\u0435 \u0434\u043b\u044f \u043e\u0447\u0435\u043d\u044c \u0447\u0443\u0432\u0441\u0442\u0432\u0438\u0442\u0435\u043b\u044c\u043d\u043e\u0439 \u043a\u043e\u0436\u0438.\u00a0 &nbsp; Benton Air Fit UV Defense Sun Cream \u0437\u0430\u0449\u0438\u0449\u0430\u0435\u0442 \u043e\u0442 \u0443\u043b\u044c\u0442\u0440\u0430\u0444\u0438\u043e\u043b\u0435\u0442\u043e\u0432\u043e\u0433\u043e \u0438\u0437\u043b\u0443\u0447\u0435\u043d\u0438\u044f \u0441\u043f\u0435\u043a\u0442\u0440\u043e\u0432 UVA \u0438 UVB. \u041f\u0440\u0438\u044f\u0442\u043d\u043e \u043e\u0445\u043b\u0430\u0436\u0434\u0430\u0435\u0442, \u0443\u0432\u043b\u0430\u0436\u043d\u044f\u0435\u0442 \u0438 \u0443\u0441\u043f\u043e\u043a\u0430\u0438\u0432\u0430\u0435\u0442 \u043a\u043e\u0436\u0443. \u041f\u0440\u0435\u0434\u043e\u0442\u0432\u0440\u0430\u0449\u0430\u0435\u0442 \u043f\u043e\u044f\u0432\u043b\u0435\u043d\u0438\u0435 \u043f\u0438\u0433\u043c\u0435\u043d\u0442\u043d\u044b\u0445 \u043f\u044f\u0442\u0435\u043d \u0438 \u0432\u044b\u0440\u0430\u0432\u043d\u0438\u0432\u0430\u0435\u0442 \u0442\u043e\u043d. \u0417\u0430\u043c\u0435\u0434\u043b\u044f\u0435\u0442 \u0432\u043e\u0437\u0440\u0430\u0441\u0442\u043d\u044b\u0435 \u0438\u0437\u043c\u0435\u043d\u0435\u043d\u0438\u044f \u0438 \u0437\u0430\u0431\u043e\u0442\u0438\u0442\u0441\u044f \u043e \u0437\u0434\u043e\u0440\u043e\u0432\u044c\u0435 \u0437\u0430\u0449\u0438\u0442\u043d\u043e\u0433\u043e [&hellip;]<\/p>","protected":false},"featured_media":11981,"comment_status":"open","ping_status":"closed","template":"","meta":{"_eb_attr":"","jetpack_post_was_ever_published":false,"_joinchat":[]},"product_brand":[],"product_cat":[383],"product_tag":[662,251,714,589,590,694,497,387,715,586],"class_list":{"0":"post-11979","1":"product","2":"type-product","3":"status-publish","4":"has-post-thumbnail","6":"product_cat-benton","7":"product_tag-iscotrizinol-uvasorb-heb-diethylhexyl-butamido-triazone","8":"product_tag-spf","9":"product_tag-tinosorb-m-methylene-bis-benzotriazolyl-tetramethylbutylphenol","10":"product_tag-uvinul-a-plus-diethylamino-hydroxybenzoyl-hexyl-benzoate","11":"product_tag-uvinul-t-150-ethylhexyl-triazone","12":"product_tag-kosmetika-s-ohlazhdajushhim-effektom","13":"product_tag-probniki-i-miniatjury","14":"product_tag-solncezashhitnyj-krem-na-fotostabilnyh-filtrah","15":"product_tag-uspokaivajushhie-sanskriny","16":"product_tag-himicheskie-solncezashhitnye-filtry","18":"first","19":"instock","20":"shipping-taxable","21":"purchasable","22":"product-type-simple"},"jetpack_sharing_enabled":true,"_links":{"self":[{"href":"https:\/\/liluilu.ee\/et\/wp-json\/wp\/v2\/product\/11979","targetHints":{"allow":["GET"]}}],"collection":[{"href":"https:\/\/liluilu.ee\/et\/wp-json\/wp\/v2\/product"}],"about":[{"href":"https:\/\/liluilu.ee\/et\/wp-json\/wp\/v2\/types\/product"}],"replies":[{"embeddable":true,"href":"https:\/\/liluilu.ee\/et\/wp-json\/wp\/v2\/comments?post=11979"}],"version-history":[{"count":3,"href":"https:\/\/liluilu.ee\/et\/wp-json\/wp\/v2\/product\/11979\/revisions"}],"predecessor-version":[{"id":11983,"href":"https:\/\/liluilu.ee\/et\/wp-json\/wp\/v2\/product\/11979\/revisions\/11983"}],"wp:featuredmedia":[{"embeddable":true,"href":"https:\/\/liluilu.ee\/et\/wp-json\/wp\/v2\/media\/11981"}],"wp:attachment":[{"href":"https:\/\/liluilu.ee\/et\/wp-json\/wp\/v2\/media?parent=11979"}],"wp:term":[{"taxonomy":"product_brand","embeddable":true,"href":"https:\/\/liluilu.ee\/et\/wp-json\/wp\/v2\/product_brand?post=11979"},{"taxonomy":"product_cat","embeddable":true,"href":"https:\/\/liluilu.ee\/et\/wp-json\/wp\/v2\/product_cat?post=11979"},{"taxonomy":"product_tag","embeddable":true,"href":"https:\/\/liluilu.ee\/et\/wp-json\/wp\/v2\/product_tag?post=11979"}],"curies":[{"name":"t\u00f6\u00f6leht","href":"https:\/\/api.w.org\/{rel}","templated":true}]}}