{"id":11923,"date":"2024-07-15T15:50:44","date_gmt":"2024-07-15T12:50:44","guid":{"rendered":"https:\/\/liluilu.ee\/?post_type=product&#038;p=11923"},"modified":"2026-04-23T20:44:42","modified_gmt":"2026-04-23T17:44:42","slug":"skin1004-madagascar-centella-soothing-cream","status":"publish","type":"product","link":"https:\/\/liluilu.ee\/et\/skin1004-madagascar-centella-soothing-cream\/","title":{"rendered":"Rahustav ja taastav geelkreem \u2014 SKIN1004 Madagascar Centella Soothing Cream 75\u202fml."},"content":{"rendered":"<p><span style=\"font-weight: 400;\">Elustav geelkreem <\/span><b>SKIN1004 Madagascar Centella Soothing Cream<\/b><span style=\"font-weight: 400;\"> pehmendab, rahustab ja t\u00e4idab naha niiskusega. Meeldivalt jahutab, v\u00e4hendab punetust ja aitab leevendada turset.<\/span><\/p>\n<p>&nbsp;<\/p>\n<p><span style=\"font-weight: 400;\">Niisutab suurep\u00e4raselt, k\u00f5rvaldab pingulus-, ketendamis- ja kuivustunde. Hoiab \u00e4ra deh\u00fcdratsiooni ja s\u00e4ilitab vee-rasva tasakaalu.<\/span><\/p>\n<p>&nbsp;<\/p>\n<p><span style=\"font-weight: 400;\">Toode taastab kahjustatud loodusliku barj\u00e4\u00e4ri, v\u00e4hendab naha reaktiivsust ja taastab selle tervise. Muudab v\u00e4lise \u00e4rritaja ja keskkonnategurite suhtes vastupidavaks.<\/span><\/p>\n<p>&nbsp;<\/p>\n<p><span style=\"font-weight: 400;\">Sellel on kergelt happeline valem, mis s\u00e4ilitab optimaalse happe-aluse tasakaalu, hoides \u00e4ra liiga happelise v\u00f5i aluselise keskkonnaga seotud p\u00f5letikku ja \u00e4rritust.<\/span><\/p>\n<p>&nbsp;<\/p>\n<h2><i>Peamised<\/i><i> toi<\/i><i>meained<\/i><i> komponendid <\/i><i>SKIN1004 Madagascar Centella Soothing Cream<\/i><\/h2>\n<p><span style=\"font-weight: 400;\">Valem p\u00f5hineb patenteeritud koostisosal SKIN1004 - <\/span><b>centella asiatica ekstrakt<\/b><span style=\"font-weight: 400;\">, kasvanud Madagaskari saare m\u00e4gises ja \u00f6koloogiliselt puhtas piirkonnas. Hoolikalt valitud tooraine ekstraheeritakse spetsiaalsel meetodil, mis ekstraheerib k\u00f5rgeima kvaliteediga ja puhtaima koostisosa, millel on v\u00f5imas m\u00f5ju nahale.<\/span><\/p>\n<p>&nbsp;<\/p>\n<p><b>72% Centella asiatica ekstrakt <\/b><span style=\"font-weight: 400;\">leevendab p\u00f5letikku ja \u00e4rritust, rahustab tundlikku ja punetusele kalduvat nahka. Soodustab paranemist ja taastumist, kaitseb vabade radikaalide ja keskkonnastressi eest. Stimuleerib kollageeni, elastiini ja h\u00fcaluroonhappe s\u00fcnteesi, parandab naha toonust, siledust ja elastsust.<\/span><\/p>\n<p>&nbsp;<\/p>\n<p><b>4 t\u00fc\u00fcpi keramiide, rasvhappeid ja kolesterooli<\/b><span style=\"font-weight: 400;\"> sisalduvad lipiidikihti, taastavad loomuliku barj\u00e4\u00e4ri ja loovad tugeva aluse tervele nahale:<\/span><\/p>\n<ul>\n<li style=\"font-weight: 400;\" aria-level=\"1\"><span style=\"font-weight: 400;\">S\u00e4ilitab t\u00f5husalt niiskust. Hoiab \u00e4ra deh\u00fcdratsiooni ning kuivade ja ketendavate piirkondade teket;<\/span><\/li>\n<li style=\"font-weight: 400;\" aria-level=\"1\"><span style=\"font-weight: 400;\">Pehmendab ja silu krobelist tekstuuri, muudab naha pehmeks ja siidiseks;<\/span><\/li>\n<li style=\"font-weight: 400;\" aria-level=\"1\"><span style=\"font-weight: 400;\">Kaitsta kahjulike ainete sissetungimise eest ja muuta nahk v\u00e4liste \u00e4rritajate suhtes vastupidavamaks;<\/span><\/li>\n<li style=\"font-weight: 400;\" aria-level=\"1\"><span style=\"font-weight: 400;\">V\u00e4hendage tundlikkust ja reaktsiooniv\u00f5imet.<\/span><\/li>\n<\/ul>\n<p>&nbsp;<\/p>\n<h2><i>T\u00e4iendavad toimeained <\/i><i>SKIN1004 Madagascar Centella Soothing Cream<\/i><\/h2>\n<p><b>Leuconostok <\/b><span style=\"font-weight: 400;\">(fermenteeritud redisejuure filtraat) takistab akne ja p\u00f5letike teket. Komponent takistab bakterite kasvu ning omab seenevastast ja bakteritsiidset toimet.<\/span><\/p>\n<p>&nbsp;<\/p>\n<p><b>Ingveri juure ekstrakt<\/b><span style=\"font-weight: 400;\"> stimuleerib rakkude uuenemist, toniseerib nahka ja s\u00e4ilitab selle elastsuse. Sellel on v\u00f5imas antioks\u00fcdant ja p\u00f5letikuvastane toime.<\/span><\/p>\n<p>&nbsp;<\/p>\n<p><b>Trehaloos<\/b><span style=\"font-weight: 400;\"> t\u00e4iuslikult niisutab ja takistab niiskuse kadu. Parandab barj\u00e4\u00e4rifunktsioone ja tugevdab naha immuunsust.<\/span><\/p>\n<p>&nbsp;<\/p>\n<p><b>Traneksaamhape <\/b><span style=\"font-weight: 400;\">ennetab vanuselaikude teket, aitab kergendada aknej\u00e4rgseid j\u00e4lgi, \u00fchtlustab toonust ja parandab jumet.\u00a0<\/span><\/p>\n<p>&nbsp;<\/p>\n<h2><i>Ise\u00e4rasused <\/i><i>SKIN1004 Madagascar Centella Soothing Cream<\/i><\/h2>\n<p><span style=\"font-weight: 400;\">Kreem-geel on kerge jahutava toimega. Kerge temperatuuri langus stimuleerib vereringet, v\u00e4hendab veresoonte reaktsioone, p\u00f5letikke ja aitab leevendada turset. S\u00e4ilitab nahatooni ja parandab selle v\u00e4limust.<\/span><\/p>\n<p>&nbsp;<\/p>\n<p><span style=\"font-weight: 400;\">\u0423 <\/span><span style=\"font-weight: 400;\">rahalised vahendid <\/span><span style=\"font-weight: 400;\">puudub l\u00f5hn ja paks geelitaoline tekstuur. Toode levib kergesti, lamab \u00f5hukese kihina ja imendub suurep\u00e4raselt, j\u00e4tmata rasvast kilet. See on loomuliku viimistlusega, annab jaheda v\u00e4rskuse, kerguse ja mugavuse tunde.<\/span><\/p>\n<p>&nbsp;<\/p>\n<p><b>Soovitame SKIN1004 Madagascar Centella Soothing Cream:<\/b><\/p>\n<ul>\n<li style=\"font-weight: 400;\" aria-level=\"1\"><span style=\"font-weight: 400;\">Igale nahat\u00fc\u00fcbile;<\/span><\/li>\n<li style=\"font-weight: 400;\" aria-level=\"1\"><span style=\"font-weight: 400;\">Tundlikule ja reaktiivsele nahale;<\/span><\/li>\n<li style=\"font-weight: 400;\" aria-level=\"1\"><span style=\"font-weight: 400;\">Nahale, mille barj\u00e4\u00e4r on kahjustatud;<\/span><\/li>\n<li style=\"font-weight: 400;\" aria-level=\"1\"><span style=\"font-weight: 400;\">Kahjustatud naha taastamiseks;<\/span><\/li>\n<li style=\"font-weight: 400;\" aria-level=\"1\"><span style=\"font-weight: 400;\">Rosaatsea ja rosaatseaga nahale, kuna jahutav toime aitab v\u00e4hendada veresoonte reaktsioone ja p\u00f5letikulisi protsesse;<\/span><\/li>\n<li style=\"font-weight: 400;\" aria-level=\"1\"><span style=\"font-weight: 400;\">Nahahoolduseks, mis ei talu pakse toitvaid kreeme ja eelistab kergeid geelitaolisi tekstuure.<\/span><\/li>\n<\/ul>\n<p>&nbsp;<\/p>\n<p><b>Maksimaalse efekti saavutamiseks<\/b><span style=\"font-weight: 400;\"> Soovitame koostada terviklik hooldusre\u017eiim, kasutades tundlikule nahale m\u00f5eldud sarja tooteid <\/span><span style=\"color: #0000ff;\"><a style=\"color: #0000ff;\" href=\"https:\/\/liluilu.ee\/et\/tootesilt\/skin1004-madagascar-centella-line\/\" target=\"_blank\" rel=\"noopener\"><span style=\"font-weight: 400;\">SKIN1004 Madagascar Centella:<\/span><\/a><\/span><\/p>\n<ul>\n<li style=\"font-weight: 400;\" aria-level=\"1\"><span style=\"color: #0000ff;\"><a style=\"color: #0000ff;\" href=\"https:\/\/liluilu.ee\/et\/skin1004-madagascar-centella-light-cleansing-oil-200ml\/\" target=\"_blank\" rel=\"noopener\"><span style=\"font-weight: 400;\">Puhastus\u00f5li<\/span><\/a><\/span><\/li>\n<li style=\"font-weight: 400;\" aria-level=\"1\"><span style=\"color: #0000ff;\"><a style=\"color: #0000ff;\" href=\"https:\/\/liluilu.ee\/et\/skin1004-madagascar-centella-ampoule-foam\/\" target=\"_blank\" rel=\"noopener\"><span style=\"font-weight: 400;\">Puhastusvaht<\/span><\/a><\/span><\/li>\n<li style=\"font-weight: 400;\" aria-level=\"1\"><span style=\"color: #0000ff;\"><a style=\"color: #0000ff;\" href=\"https:\/\/liluilu.ee\/et\/skin1004-madagascar-centella-toning-toner-210-ml\/\" target=\"_blank\" rel=\"noopener\"><span style=\"font-weight: 400;\">Toonik tundlikule nahale<\/span><\/a><\/span><\/li>\n<li style=\"font-weight: 400;\" aria-level=\"1\"><span style=\"color: #0000ff;\"><a style=\"color: #0000ff;\" href=\"https:\/\/liluilu.ee\/et\/skin1004-madagascar-centella-ampoule-55ml\/\" target=\"_blank\" rel=\"noopener\"><span style=\"font-weight: 400;\">Taastav ampull<\/span><\/a><\/span><\/li>\n<\/ul>\n<p><span style=\"font-weight: 400;\">\u00a0<\/span><\/p>\n<p><b>Nahale kandmise protseduur:<\/b><span style=\"font-weight: 400;\"> puhastus\u00f5li - puhastusvaht - toonik - ampull - n\u00e4ogeelkreem.<\/span><\/p>\n<p>&nbsp;<\/p>\n<p><b>Kuidas kasutada:<\/b><\/p>\n<p><span style=\"font-weight: 400;\">Hoolduse viimases etapis kanna n\u00e4o- ja kaelanahale vajalik kogus SKIN1004 Madagascar Centella rahustavat kreemi. Jaotage m\u00f6\u00f6da massaa\u017eijooni ja patsutage \u00f5rnalt nahale, et toode imenduks paremini ja kiiremini.<\/span><\/p>\n<p>&nbsp;<\/p>\n<p><b>Maht: 75 ml.<\/b><\/p>\n<p>&nbsp;<\/p>\n<p><span style=\"font-weight: 400;\">Kui teil on lisak\u00fcsimusi v\u00f5i vajate toote valimisel n\u00f5u, kirjutage meile. Vestlus asub ekraani paremas alanurgas.<\/span><\/p>\n<p>&nbsp;<\/p>\n<p><a title=\"TARNETINGIMUSED\" href=\"https:\/\/liluilu.ee\/et\/kohaletoimetamine\/\" target=\"_blank\" rel=\"noopener\">TARNETINGIMUSED<\/a><\/p>","protected":false},"excerpt":{"rendered":"<p>\u0412\u043e\u0441\u0441\u0442\u0430\u043d\u0430\u0432\u043b\u0438\u0432\u0430\u044e\u0449\u0438\u0439 \u0433\u0435\u043b\u044c-\u043a\u0440\u0435\u043c SKIN1004 Madagascar Centella Soothing Cream \u0441\u043c\u044f\u0433\u0447\u0430\u0435\u0442, \u0443\u0441\u043f\u043e\u043a\u0430\u0438\u0432\u0430\u0435\u0442 \u0438 \u043d\u0430\u043f\u043e\u043b\u043d\u044f\u0435\u0442 \u043a\u043e\u0436\u0443 \u0432\u043b\u0430\u0433\u043e\u0439. \u041f\u0440\u0438\u044f\u0442\u043d\u043e \u043e\u0445\u043b\u0430\u0436\u0434\u0430\u0435\u0442, \u0443\u043c\u0435\u043d\u044c\u0448\u0430\u0435\u0442 \u043f\u043e\u043a\u0440\u0430\u0441\u043d\u0435\u043d\u0438\u044f \u0438 \u043f\u043e\u043c\u043e\u0433\u0430\u0435\u0442 \u0441\u043d\u044f\u0442\u044c \u043e\u0442\u0435\u0447\u043d\u043e\u0441\u0442\u044c. &nbsp; \u041f\u0440\u0435\u043a\u0440\u0430\u0441\u043d\u043e \u0443\u0432\u043b\u0430\u0436\u043d\u044f\u0435\u0442, \u0443\u0441\u0442\u0440\u0430\u043d\u044f\u0435\u0442 \u0447\u0443\u0432\u0441\u0442\u0432\u043e \u0441\u0442\u044f\u043d\u0443\u0442\u043e\u0441\u0442\u0438, \u0448\u0435\u043b\u0443\u0448\u0435\u043d\u0438\u044f \u0438 \u0441\u0443\u0445\u043e\u0441\u0442\u044c. \u041f\u0440\u0435\u0434\u043e\u0442\u0432\u0440\u0430\u0449\u0430\u0435\u0442 \u043e\u0431\u0435\u0437\u0432\u043e\u0436\u0435\u043d\u043d\u043e\u0441\u0442\u044c \u0438 \u043f\u043e\u0434\u0434\u0435\u0440\u0436\u0438\u0432\u0430\u0435\u0442 \u0432\u043e\u0434\u043d\u043e-\u0436\u0438\u0440\u043e\u0432\u043e\u0439 \u0431\u0430\u043b\u0430\u043d\u0441. &nbsp; \u0421\u0440\u0435\u0434\u0441\u0442\u0432\u043e \u0432\u043e\u0441\u0441\u0442\u0430\u043d\u0430\u0432\u043b\u0438\u0432\u0430\u0435\u0442 \u0440\u0430\u0437\u0440\u0443\u0448\u0435\u043d\u043d\u044b\u0439 \u0435\u0441\u0442\u0435\u0441\u0442\u0432\u0435\u043d\u043d\u044b\u0439 \u0431\u0430\u0440\u044c\u0435\u0440, \u0441\u043d\u0438\u0436\u0430\u0435\u0442 \u0440\u0435\u0430\u043a\u0442\u0438\u0432\u043d\u043e\u0441\u0442\u044c \u043a\u043e\u0436\u0438 \u0438 \u0432\u043e\u0437\u0432\u0440\u0430\u0449\u0430\u0435\u0442 \u0435\u0439 \u0437\u0434\u043e\u0440\u043e\u0432\u044c\u0435. \u0414\u0435\u043b\u0430\u0435\u0442 \u0443\u0441\u0442\u043e\u0439\u0447\u0438\u0432\u043e\u0439 \u043a \u0432\u043d\u0435\u0448\u043d\u0438\u043c \u0440\u0430\u0437\u0434\u0440\u0430\u0436\u0438\u0442\u0435\u043b\u044f\u043c \u0438 [&hellip;]<\/p>","protected":false},"featured_media":11929,"comment_status":"open","ping_status":"closed","template":"","meta":{"_eb_attr":"","jetpack_post_was_ever_published":false,"_joinchat":[]},"product_brand":[],"product_cat":[449,95],"product_tag":[453,694,647,247,413],"class_list":{"0":"post-11923","1":"product","2":"type-product","3":"status-publish","4":"has-post-thumbnail","6":"product_cat-skin1004","7":"product_cat-kremy-emulsii-i-losony-dlya-lica","8":"product_tag-skin1004-madagascar-centella-line","9":"product_tag-kosmetika-s-ohlazhdajushhim-effektom","10":"product_tag-uspokaivajushhij-uhod-za-kozhej","11":"product_tag-centella","12":"product_tag-chuvstvitelnaya-kozha","14":"first","15":"instock","16":"sale","17":"shipping-taxable","18":"purchasable","19":"product-type-simple"},"jetpack_sharing_enabled":true,"_links":{"self":[{"href":"https:\/\/liluilu.ee\/et\/wp-json\/wp\/v2\/product\/11923","targetHints":{"allow":["GET"]}}],"collection":[{"href":"https:\/\/liluilu.ee\/et\/wp-json\/wp\/v2\/product"}],"about":[{"href":"https:\/\/liluilu.ee\/et\/wp-json\/wp\/v2\/types\/product"}],"replies":[{"embeddable":true,"href":"https:\/\/liluilu.ee\/et\/wp-json\/wp\/v2\/comments?post=11923"}],"version-history":[{"count":6,"href":"https:\/\/liluilu.ee\/et\/wp-json\/wp\/v2\/product\/11923\/revisions"}],"predecessor-version":[{"id":12048,"href":"https:\/\/liluilu.ee\/et\/wp-json\/wp\/v2\/product\/11923\/revisions\/12048"}],"wp:featuredmedia":[{"embeddable":true,"href":"https:\/\/liluilu.ee\/et\/wp-json\/wp\/v2\/media\/11929"}],"wp:attachment":[{"href":"https:\/\/liluilu.ee\/et\/wp-json\/wp\/v2\/media?parent=11923"}],"wp:term":[{"taxonomy":"product_brand","embeddable":true,"href":"https:\/\/liluilu.ee\/et\/wp-json\/wp\/v2\/product_brand?post=11923"},{"taxonomy":"product_cat","embeddable":true,"href":"https:\/\/liluilu.ee\/et\/wp-json\/wp\/v2\/product_cat?post=11923"},{"taxonomy":"product_tag","embeddable":true,"href":"https:\/\/liluilu.ee\/et\/wp-json\/wp\/v2\/product_tag?post=11923"}],"curies":[{"name":"t\u00f6\u00f6leht","href":"https:\/\/api.w.org\/{rel}","templated":true}]}}