{"id":11911,"date":"2024-07-12T14:52:21","date_gmt":"2024-07-12T11:52:21","guid":{"rendered":"https:\/\/liluilu.ee\/?post_type=product&#038;p=11911"},"modified":"2026-04-23T20:45:22","modified_gmt":"2026-04-23T17:45:22","slug":"miniatjura-skin1004-madagascar-centella-hyalu-cica-water-fit-sun-serum","status":"publish","type":"product","link":"https:\/\/liluilu.ee\/et\/miniatjura-skin1004-madagascar-centella-hyalu-cica-water-fit-sun-serum\/","title":{"rendered":"SKIN1004 Madagaskar Centella Hyalu-Cica Water-Fit Sun Serum SPF50+\/PA++++ 15ml."},"content":{"rendered":"<p><span style=\"font-weight: 400;\">Miniversioon niisutavast ja rahustavast p\u00e4ikesekaitseseerumist <\/span><span style=\"font-weight: 400;\">SKIN1004 <\/span><span style=\"font-weight: 400;\">Madagaskar Centella Hyalu-Cica Water-Fit Sun Serum SPF50+\/PA++++.<\/span><\/p>\n<p>&nbsp;<\/p>\n<p><span style=\"font-weight: 400;\">Toode p\u00f5hineb uue p\u00f5lvkonna fotostabiilsetel keemilistel filtritel ja pakub maksimaalset kaitset nii UVA- kui ka UVB-kiirguse eest. <\/span><\/p>\n<p>&nbsp;<\/p>\n<p><span style=\"font-weight: 400;\">Niisutab, toniseerib ja v\u00e4rskendab. Rahustab kahjustatud ja tundlikku nahka, stimuleerib taastumist ja parandamist. Sellel on antioks\u00fcdantne toime, kaitseb v\u00e4liste \u00e4rritajate eest ja tugevdab naha immuunsust.<\/span><\/p>\n<p>&nbsp;<\/p>\n<p><span style=\"font-weight: 400;\">Koostis sisaldab 4 ohutut p\u00e4ikesekaitsefiltrit, patenteeritud kompleksi\u00a0 <\/span><b>Hyalu-Cica<\/b><span style=\"font-weight: 400;\">mis koosneb tsentella- ja h\u00fcaluroonhappest, niatsiinamiidist \u00fchtlase ja kauni nahatooni saavutamiseks ning 7 taimeekstrakti kompleksist. <\/span><b>Baby Green Complex<\/b><span style=\"font-weight: 400;\">.<\/span><\/p>\n<p>&nbsp;<\/p>\n<p><span style=\"font-weight: 400;\">Seerum ei sisalda koostisosi, mis kahjustavad mere \u00f6kos\u00fcsteemi (oks\u00fcbentsoon ja oktinoksaat).\u00a0<\/span><\/p>\n<p>&nbsp;<\/p>\n<p><span style=\"font-weight: 400;\">Seerumil ei ole l\u00f5hnaainet ja see on niisutava, kerge tekstuuriga. Toode imendub kiiresti ja ei j\u00e4ta valget j\u00e4\u00e4kainet, kleepuvust ega rasvast kihti. See on siidise l\u00f5pptulemusega ja annab nahale \u00f5rna s\u00e4ra.<\/span><\/p>\n<p>&nbsp;<\/p>\n<p><span style=\"font-weight: 400;\">Toode ei tekita \u00e4rritust ja sobib k\u00f5ikidele nahat\u00fc\u00fcpidele, sealhulgas tundlikule ja reaktiivsele nahale. Eriti soovitame seda neile, kellel on deh\u00fcdreeritud nahk.<\/span><\/p>\n<p>&nbsp;<\/p>\n<p><b>Toode on esitatud kahes mahus:<\/b><\/p>\n<ul>\n<li style=\"font-weight: 400;\" aria-level=\"1\"><span style=\"font-weight: 400;\">15 ml.\u00a0<\/span><\/li>\n<li style=\"font-weight: 400;\" aria-level=\"1\"><a href=\"https:\/\/liluilu.ee\/et\/skin1004-madagascar-centella-hyalu-cica-water-fit-sun-serum-spf50\/\" target=\"_blank\" rel=\"noopener\"><span style=\"font-weight: 400;\"><span style=\"color: #0000ff;\">50 ml<\/span>.<\/span><\/a><\/li>\n<\/ul>\n<p><span style=\"font-weight: 400;\">\u00a0<\/span><\/p>\n<p><span style=\"font-weight: 400;\">Loe l\u00e4hemalt <\/span><span style=\"color: #0000ff;\"><a style=\"color: #0000ff;\" href=\"https:\/\/liluilu.ee\/et\/skin1004-madagascar-centella-hyalu-cica-water-fit-sun-serum-spf50\/\" target=\"_blank\" rel=\"noopener\"><span style=\"font-weight: 400;\">siit<\/span><\/a><\/span><span style=\"font-weight: 400;\">.<\/span><\/p>\n<p>&nbsp;<\/p>\n<p><b>Kuidas kasutada:<\/b><\/p>\n<p><span style=\"font-weight: 400;\">P\u00e4rast k\u00f5iki p\u00e4evahooldusmeetmeid, enne meigi pealekandmist ja v\u00e4hemalt 15-20 minutit enne \u00f5ue minekut kandke n\u00f5utav kogus p\u00e4ikesekaitsekreemi n\u00e4o, kaela ja dekoltee avatud piirkondadele.\u00a0<\/span><\/p>\n<p>&nbsp;<\/p>\n<p><b>Netokogus:<\/b><span style=\"font-weight: 400;\"> 15 ml.<\/span><\/p>\n<p>&nbsp;<\/p>\n<p><span style=\"font-weight: 400;\">Kui teil on lisak\u00fcsimusi v\u00f5i vajate toote valimisel n\u00f5u, kirjutage meile. Vestlus asub ekraani paremas alanurgas.<\/span><\/p>\n<p>&nbsp;<\/p>\n<p>&nbsp;<\/p>\n<p><a title=\"TARNETINGIMUSED\" href=\"https:\/\/liluilu.ee\/et\/kohaletoimetamine\/\" target=\"_blank\" rel=\"noopener\">TARNETINGIMUSED<\/a><\/p>","protected":false},"excerpt":{"rendered":"<p>\u041c\u0438\u043d\u0438-\u0432\u0435\u0440\u0441\u0438\u044f \u0443\u0432\u043b\u0430\u0436\u043d\u044f\u044e\u0449\u0435\u0439 \u0438 \u0443\u0441\u043f\u043e\u043a\u0430\u0438\u0432\u0430\u044e\u0449\u0435\u0439 \u0441\u043e\u043b\u043d\u0446\u0435\u0437\u0430\u0449\u0438\u0442\u043d\u043e\u0439 \u0441\u044b\u0432\u043e\u0440\u043e\u0442\u043a\u0438 SKIN1004 Madagascar Centella Hyalu-Cica Water-Fit Sun Serum SPF50+\/PA++++. &nbsp; \u0421\u0440\u0435\u0434\u0441\u0442\u0432\u043e \u0441\u043e\u0437\u0434\u0430\u043d\u043e \u043d\u0430 \u0444\u043e\u0442\u043e\u0441\u0442\u0430\u0431\u0438\u043b\u044c\u043d\u044b\u0445 \u0445\u0438\u043c\u0438\u0447\u0435\u0441\u043a\u0438\u0445 \u0444\u0438\u043b\u044c\u0442\u0440\u0430\u0445 \u043d\u043e\u0432\u043e\u0433\u043e \u043f\u043e\u043a\u043e\u043b\u0435\u043d\u0438\u044f \u0438 \u043e\u0431\u0435\u0441\u043f\u0435\u0447\u0438\u0432\u0430\u044e\u0442 \u043c\u0430\u043a\u0441\u0438\u043c\u0430\u043b\u044c\u043d\u0443\u044e \u0437\u0430\u0449\u0438\u0442\u0443 \u043e\u0442 \u0423\u0424-\u0438\u0437\u043b\u0443\u0447\u0435\u043d\u0438\u044f \u043e\u0431\u043e\u0438\u0445 \u0441\u043f\u0435\u043a\u0442\u0440\u043e\u0432 &#8212; UVA \u0438 UVB-\u043b\u0443\u0447\u0435\u0439. &nbsp; \u0423\u0432\u043b\u0430\u0436\u043d\u044f\u0435\u0442, \u0442\u043e\u043d\u0438\u0437\u0438\u0440\u0443\u0435\u0442 \u0438 \u043e\u0441\u0432\u0435\u0436\u0430\u0435\u0442. \u0423\u0441\u043f\u043e\u043a\u0430\u0438\u0432\u0430\u0435\u0442 \u043f\u043e\u0432\u0440\u0435\u0436\u0434\u0435\u043d\u043d\u0443\u044e \u0438 \u0447\u0443\u0432\u0441\u0442\u0432\u0438\u0442\u0435\u043b\u044c\u043d\u0443\u044e \u043a\u043e\u0436\u0443, \u0441\u0442\u0438\u043c\u0443\u043b\u0438\u0440\u0443\u0435\u0442 \u0440\u0435\u0433\u0435\u043d\u0435\u0440\u0430\u0446\u0438\u044e \u0438 \u0432\u043e\u0441\u0441\u0442\u0430\u043d\u043e\u0432\u043b\u0435\u043d\u0438\u0435. \u041e\u0431\u043b\u0430\u0434\u0430\u0435\u0442 \u0430\u043d\u0442\u0438\u043e\u043a\u0441\u0438\u0434\u0430\u043d\u0442\u043d\u044b\u043c \u0434\u0435\u0439\u0441\u0442\u0432\u0438\u0435\u043c, \u0437\u0430\u0449\u0438\u0449\u0430\u0435\u0442 \u043e\u0442 \u0432\u043d\u0435\u0448\u043d\u0438\u0445 [&hellip;]<\/p>","protected":false},"featured_media":11913,"comment_status":"open","ping_status":"closed","template":"","meta":{"_eb_attr":"","jetpack_post_was_ever_published":false,"_joinchat":[]},"product_brand":[],"product_cat":[449],"product_tag":[662,712,714,589,590,497,387,665,715,586,247],"class_list":{"0":"post-11911","1":"product","2":"type-product","3":"status-publish","4":"has-post-thumbnail","6":"product_cat-skin1004","7":"product_tag-iscotrizinol-uvasorb-heb-diethylhexyl-butamido-triazone","8":"product_tag-skin1004-madagascar-centella-hyalu-cica-line","9":"product_tag-tinosorb-m-methylene-bis-benzotriazolyl-tetramethylbutylphenol","10":"product_tag-uvinul-a-plus-diethylamino-hydroxybenzoyl-hexyl-benzoate","11":"product_tag-uvinul-t-150-ethylhexyl-triazone","12":"product_tag-probniki-i-miniatjury","13":"product_tag-solncezashhitnyj-krem-na-fotostabilnyh-filtrah","14":"product_tag-uvlazhnyajushhie-sanskriny","15":"product_tag-uspokaivajushhie-sanskriny","16":"product_tag-himicheskie-solncezashhitnye-filtry","17":"product_tag-centella","19":"first","20":"instock","21":"sale","22":"shipping-taxable","23":"purchasable","24":"product-type-simple"},"jetpack_sharing_enabled":true,"_links":{"self":[{"href":"https:\/\/liluilu.ee\/et\/wp-json\/wp\/v2\/product\/11911","targetHints":{"allow":["GET"]}}],"collection":[{"href":"https:\/\/liluilu.ee\/et\/wp-json\/wp\/v2\/product"}],"about":[{"href":"https:\/\/liluilu.ee\/et\/wp-json\/wp\/v2\/types\/product"}],"replies":[{"embeddable":true,"href":"https:\/\/liluilu.ee\/et\/wp-json\/wp\/v2\/comments?post=11911"}],"version-history":[{"count":5,"href":"https:\/\/liluilu.ee\/et\/wp-json\/wp\/v2\/product\/11911\/revisions"}],"predecessor-version":[{"id":11917,"href":"https:\/\/liluilu.ee\/et\/wp-json\/wp\/v2\/product\/11911\/revisions\/11917"}],"wp:featuredmedia":[{"embeddable":true,"href":"https:\/\/liluilu.ee\/et\/wp-json\/wp\/v2\/media\/11913"}],"wp:attachment":[{"href":"https:\/\/liluilu.ee\/et\/wp-json\/wp\/v2\/media?parent=11911"}],"wp:term":[{"taxonomy":"product_brand","embeddable":true,"href":"https:\/\/liluilu.ee\/et\/wp-json\/wp\/v2\/product_brand?post=11911"},{"taxonomy":"product_cat","embeddable":true,"href":"https:\/\/liluilu.ee\/et\/wp-json\/wp\/v2\/product_cat?post=11911"},{"taxonomy":"product_tag","embeddable":true,"href":"https:\/\/liluilu.ee\/et\/wp-json\/wp\/v2\/product_tag?post=11911"}],"curies":[{"name":"t\u00f6\u00f6leht","href":"https:\/\/api.w.org\/{rel}","templated":true}]}}