{"id":11855,"date":"2024-07-09T12:34:50","date_gmt":"2024-07-09T09:34:50","guid":{"rendered":"https:\/\/liluilu.ee\/?post_type=product&#038;p=11855"},"modified":"2026-04-23T20:46:03","modified_gmt":"2026-04-23T17:46:03","slug":"skin1004-madagascar-centella-hyalu-cica-sleeping-pack","status":"publish","type":"product","link":"https:\/\/liluilu.ee\/et\/skin1004-madagascar-centella-hyalu-cica-sleeping-pack\/","title":{"rendered":"SKIN1004 Madagaskar Centella Hyalu-Cica Sleeping Pack 100ml niisutav, rahustav ja elustav \u00f6ine mask."},"content":{"rendered":"<p><span style=\"font-weight: 400;\">Kui sa magad, siis \u00f6\u00f6sel mask <\/span><b>SKIN1004 Madagaskar Centella Hyalu-Cica magamispakend<\/b><span style=\"font-weight: 400;\"> taaselustab nahka. T\u00e4idab seda s\u00e4ra ja v\u00e4rskusega, muudab selle pehmeks ja siidiseks nagu beebi oma.<\/span><\/p>\n<p>&nbsp;<\/p>\n<p><span style=\"font-weight: 400;\">Toode tagab intensiivse, s\u00fcgava ja kauakestva niisutuse, toidab, rahustab ja aktiveerib \u00f6\u00f6sel regenereerimist. Leevendab v\u00e4simust ja aitab nahal t\u00e4ielikult puhata. Silub toonust ja parandab jume. Toetab toonust ja v\u00e4hendab kortsude ilmnemist, muudab naha t\u00e4idlasemaks ja siledamaks.<\/span><\/p>\n<p>&nbsp;<\/p>\n<h2><i>Peamised toimeained SKIN1004 Madagaskar Centella Hyalu-Cica Sleeping Pack<\/i><\/h2>\n<p><span style=\"font-weight: 400;\">Valem p\u00f5hineb br\u00e4ndi enda arengul - <\/span><b>Hyalu-Cica Complex<\/b><span style=\"font-weight: 400;\">.\u00a0<\/span><\/p>\n<p><span style=\"font-weight: 400;\">Kompleks sisaldab Centella asiatica ekstrakti, mis rahustab ja elavdab tundlikku nahka, ning 3 t\u00fc\u00fcpi h\u00fcaluroonhapet, mis tugevdavad nahabarj\u00e4\u00e4ri.\u00a0<\/span><\/p>\n<p>&nbsp;<\/p>\n<p><b>Hyalu-Cica Complex <\/b><span style=\"font-weight: 400;\">tagab t\u00e4iusliku niisutuse, k\u00f5rvaldab kuivamise ja aitab luua vee-rasva tasakaalu. Rahustab, v\u00e4hendab punetust, leevendab \u00e4rritust ja s\u00fcgelust.<\/span><\/p>\n<p>&nbsp;<\/p>\n<h2><i><span style=\"font-weight: 400;\">T\u00e4iendavad toimeained SKIN1004 Madagaskar Centella Hyalu-Cica Sleeping Pack<\/span><\/i><\/h2>\n<p><b>Ceramide Biom <\/b><span style=\"font-weight: 400;\">takistab liigset niiskuse aurustumist, tekitab niisutuse tunde ja suurendab elastsust. Kompleks sisaldab nanosuuruses keramiide, mis tungivad kiiresti ja s\u00fcgavalt s\u00fcgavale nahakihtidesse, taastades ja tugevdades loomulikku barj\u00e4\u00e4ri.<\/span><\/p>\n<p>&nbsp;<\/p>\n<p><b>Melatoniin <\/b><span style=\"font-weight: 400;\">aitab teie nahal puhata ja taastuda, kui te magate. Stimuleerib rakkude uuenemist, aeglustab vananemisprotsessi, kujundab terve ja s\u00e4rava naha.<\/span><\/p>\n<p>&nbsp;<\/p>\n<p><b>Niatsiinamiid <\/b><span style=\"font-weight: 400;\">takistab vanusevigastuste teket, \u00fchtlustab nahatooni ja parandab jume. Reguleerib rasueritust, v\u00e4hendab rasvast l\u00e4iget ja ahendab poore.\u00a0<\/span><\/p>\n<p>&nbsp;<\/p>\n<p><b>Adenosiin <\/b><span style=\"font-weight: 400;\">muudab naha tekstuuri siledaks, v\u00e4hendab kortsude ilmnemist, parandab naha elastsust ja pinguldatust.<\/span><\/p>\n<p>&nbsp;<\/p>\n<p><b>Artemisia ekstrakt<\/b><span style=\"font-weight: 400;\"> rahustab ja v\u00e4hendab p\u00f5letikku.<\/span><\/p>\n<p>&nbsp;<\/p>\n<p><b>Hibiskuse ekstrakt<\/b><span style=\"font-weight: 400;\"> soodustab rakkude uuenemist ja parandab toonust. See muudab naha tugevamaks ja pinguldatumaks, aidates s\u00e4ilitada nooruslikku v\u00e4limust.<\/span><\/p>\n<p>&nbsp;<\/p>\n<h2><i>\u041e\u0441\u043e\u0431\u0435\u043d\u043d\u043e\u0441\u0442\u0438 SKIN1004 Madagascar Centella Hyalu-Cica Sleeping Pack<\/i><\/h2>\n<p><span style=\"font-weight: 400;\">Koostises ei ole kunstlikke v\u00e4rvaineid, seega on maskil loomulik v\u00e4rvus, mis on saadud emakeelest. Gardenia Florida ekstrakt annab tootele \u00f5rna taevasinise v\u00e4rvi.<\/span><\/p>\n<p>&nbsp;<\/p>\n<p><span style=\"font-weight: 400;\">Maskil ei ole peaaegu mingit l\u00f5hna ja see on niisutava, geelilaadse tekstuuriga. Toode on kergesti pealekanduv ja imendub kiiresti, ilma j\u00e4lgi j\u00e4tmata. See ei j\u00e4ta kleepuvust ega rasvast kile, nii et miski ei sega magusat und. Mask k\u00f5rvaldab koheselt pingulduse ja kuivuse tunde ning annab p\u00e4rast imendumist v\u00e4rskuse, jaheduse ja mugavuse tunde.<\/span><\/p>\n<p>&nbsp;<\/p>\n<p><b>Soovitame <\/b><b>SKIN1004 Madagascar Centella Hyalu-Cica Sleeping Pack:<\/b><\/p>\n<ul>\n<li style=\"font-weight: 400;\" aria-level=\"1\"><span style=\"font-weight: 400;\">Igale nahat\u00fc\u00fcbile, kuid eriti deh\u00fcdreeritud ja v\u00e4sinud nahale, millel ei ole aega une ajal t\u00e4ielikult taastuda;<\/span><\/li>\n<li style=\"font-weight: 400;\" aria-level=\"1\"><span style=\"font-weight: 400;\">Nahale, millel on peene v\u00f5rgustikuga \"kuivad\" kortsud;<\/span><\/li>\n<li style=\"font-weight: 400;\" aria-level=\"1\"><span style=\"font-weight: 400;\">Toonust, elastsust ja tugevust kaotavale nahale;<\/span><\/li>\n<li style=\"font-weight: 400;\" aria-level=\"1\"><span style=\"font-weight: 400;\">Niisutav ja rahustav hooldus tundlikule ja reaktiivsele nahale;<\/span><\/li>\n<li style=\"font-weight: 400;\" aria-level=\"1\"><span style=\"font-weight: 400;\">Parandamist vajavale kahjustatud nahale.<\/span><\/li>\n<\/ul>\n<p>&nbsp;<\/p>\n<p><b>T\u00e4iendavad soovitused:<\/b><\/p>\n<ol>\n<li style=\"font-weight: 400;\" aria-level=\"1\"><span style=\"font-weight: 400;\">Eriti kuiva naha maksimaalseks niisutamiseks kanna mask paksult (1,5 korda paksemalt).<\/span><\/li>\n<li style=\"font-weight: 400;\" aria-level=\"1\"><span style=\"font-weight: 400;\">Erksalt v\u00e4rskendava, jahutava ja rahustava toime saavutamiseks hoidke maski k\u00fclmkapis. Kuid pidage meeles, et korduv s\u00e4ilitamine toatemperatuuril v\u00f5ib toote rikastada.<\/span><\/li>\n<li style=\"font-weight: 400;\" aria-level=\"1\"><span style=\"font-weight: 400;\">Maski ei pea kandma kogu n\u00e4ole. Seda v\u00f5ib kasutada paikselt kuivadele, tundlikele v\u00f5i \u00e4rritunud piirkondadele.<\/span><\/li>\n<\/ol>\n<p>&nbsp;<\/p>\n<p><span style=\"font-weight: 400;\">Maksimaalse efekti saavutamiseks ja kui soovite kasutada sama tootesarja ja kaubam\u00e4rgi tooteid, soovitame luua oma hoolduse, kasutades sarja tooteid. <\/span><span style=\"color: #0000ff;\"><a style=\"color: #0000ff;\" href=\"https:\/\/liluilu.ee\/et\/tootesilt\/skin1004-madagascar-centella-hyalu-cica-line\/\" target=\"_blank\" rel=\"noopener\"><span style=\"font-weight: 400;\">SKIN1004 Madagaskar Centella Hyalu-Cica liin<\/span><\/a><\/span><span style=\"font-weight: 400;\">.<\/span><\/p>\n<p>&nbsp;<\/p>\n<p><b>Kuidas kasutada:<\/b><\/p>\n<p><span style=\"font-weight: 400;\">Hoolduse viimases etapis kanna vajalik kogus maski n\u00e4ole ja kaelale ning kanna laiali. \u00c4rge loputage maha! Maski v\u00f5ib kasutada mitu korda n\u00e4dalas v\u00f5i igap\u00e4evaselt \u00f6\u00f6kreemina.\u00a0<\/span><\/p>\n<p>&nbsp;<\/p>\n<p><b>Netokogus: <\/b><span style=\"font-weight: 400;\">100 ml.<\/span><\/p>\n<p>&nbsp;<\/p>\n<p><span style=\"font-weight: 400;\">Kui teil on lisak\u00fcsimusi v\u00f5i vajate toote valimisel n\u00f5u, kirjutage meile. Vestlus asub ekraani paremas alanurgas.<\/span><\/p>\n<p>&nbsp;<\/p>\n<p><span style=\"font-weight: 400;\">TARNETINGIMUSED<\/span><\/p>\n<p>&nbsp;<\/p>\n<p>&nbsp;<\/p>\n<p><a title=\"TARNETINGIMUSED\" href=\"https:\/\/liluilu.ee\/et\/kohaletoimetamine\/\" target=\"_blank\" rel=\"noopener\">TARNETINGIMUSED<\/a><\/p>","protected":false},"excerpt":{"rendered":"<p>\u041f\u043e\u043a\u0430 \u0432\u044b \u0441\u043f\u0438\u0442\u0435, \u043d\u043e\u0447\u043d\u0430\u044f \u043c\u0430\u0441\u043a\u0430 SKIN1004 Madagascar Centella Hyalu-Cica Sleeping Pack \u0432\u043e\u0441\u0441\u0442\u0430\u043d\u0430\u0432\u043b\u0438\u0432\u0430\u0435\u0442 \u043a\u043e\u0436\u0443. \u041d\u0430\u043f\u043e\u043b\u043d\u044f\u0435\u0442 \u0435\u0435 \u0441\u0438\u044f\u043d\u0438\u0435\u043c \u0438 \u0441\u0432\u0435\u0436\u0435\u0441\u0442\u044c\u044e, \u0434\u0435\u043b\u0430\u0435\u0442 \u043d\u0435\u0436\u043d\u043e\u0439 \u0438 \u0448\u0435\u043b\u043a\u043e\u0432\u0438\u0441\u0442\u043e\u0439, \u0441\u043b\u043e\u0432\u043d\u043e \u0443 \u043c\u043b\u0430\u0434\u0435\u043d\u0446\u0430. &nbsp; \u0421\u0440\u0435\u0434\u0441\u0442\u0432\u043e \u043e\u0431\u0435\u0441\u043f\u0435\u0447\u0438\u0432\u0430\u0435\u0442 \u0438\u043d\u0442\u0435\u043d\u0441\u0438\u0432\u043d\u043e\u0435, \u0433\u043b\u0443\u0431\u043e\u043a\u043e\u0435 \u0438 \u0434\u043b\u0438\u0442\u0435\u043b\u044c\u043d\u043e\u0435 \u0443\u0432\u043b\u0430\u0436\u043d\u0435\u043d\u0438\u0435, \u043f\u0438\u0442\u0430\u0435\u0442, \u0443\u0441\u043f\u043e\u043a\u0430\u0438\u0432\u0430\u0435\u0442 \u0438 \u0430\u043a\u0442\u0438\u0432\u0438\u0437\u0438\u0440\u0443\u0435\u0442 \u0440\u0435\u0433\u0435\u043d\u0435\u0440\u0430\u0446\u0438\u044e \u0432 \u043d\u043e\u0447\u043d\u043e\u0435 \u0432\u0440\u0435\u043c\u044f. \u0421\u043d\u0438\u043c\u0430\u0435\u0442 \u0443\u0441\u0442\u0430\u043b\u043e\u0441\u0442\u044c \u0438 \u043f\u043e\u043c\u043e\u0433\u0430\u0435\u0442 \u043a\u043e\u0436\u0435 \u043f\u043e\u043b\u043d\u043e\u0446\u0435\u043d\u043d\u043e \u043e\u0442\u0434\u043e\u0445\u043d\u0443\u0442\u044c. \u0412\u044b\u0440\u0430\u0432\u043d\u0438\u0432\u0430\u0435\u0442 \u0442\u043e\u043d \u0438 \u0443\u043b\u0443\u0447\u0448\u0430\u0435\u0442 \u0446\u0432\u0435\u0442 \u043b\u0438\u0446\u0430. \u041f\u043e\u0434\u0434\u0435\u0440\u0436\u0438\u0432\u0430\u0435\u0442 [&hellip;]<\/p>","protected":false},"featured_media":11869,"comment_status":"open","ping_status":"closed","template":"","meta":{"_eb_attr":"","jetpack_post_was_ever_published":false,"_joinchat":[]},"product_brand":[],"product_cat":[449,95,103],"product_tag":[712,269,717,423,400,703,718,713,647,247,413],"class_list":{"0":"post-11855","1":"product","2":"type-product","3":"status-publish","4":"has-post-thumbnail","6":"product_cat-skin1004","7":"product_cat-kremy-emulsii-i-losony-dlya-lica","8":"product_cat-maski-dlya-lica","9":"product_tag-skin1004-madagascar-centella-hyalu-cica-line","10":"product_tag-gialuronovaya-kislota","11":"product_tag-nesmyvaemye-maski-dlya-lica","12":"product_tag-obezvozhennaya-kozha","13":"product_tag-uvlazhnenie","14":"product_tag-uvlazhnyajushhie-kremy","15":"product_tag-uvlazhnyajushhie-maski-dlya-lica","16":"product_tag-uspokaivajushhie-maski-dlya-lica","17":"product_tag-uspokaivajushhij-uhod-za-kozhej","18":"product_tag-centella","19":"product_tag-chuvstvitelnaya-kozha","21":"first","22":"instock","23":"sale","24":"shipping-taxable","25":"purchasable","26":"product-type-simple"},"jetpack_sharing_enabled":true,"_links":{"self":[{"href":"https:\/\/liluilu.ee\/et\/wp-json\/wp\/v2\/product\/11855","targetHints":{"allow":["GET"]}}],"collection":[{"href":"https:\/\/liluilu.ee\/et\/wp-json\/wp\/v2\/product"}],"about":[{"href":"https:\/\/liluilu.ee\/et\/wp-json\/wp\/v2\/types\/product"}],"replies":[{"embeddable":true,"href":"https:\/\/liluilu.ee\/et\/wp-json\/wp\/v2\/comments?post=11855"}],"version-history":[{"count":7,"href":"https:\/\/liluilu.ee\/et\/wp-json\/wp\/v2\/product\/11855\/revisions"}],"predecessor-version":[{"id":11906,"href":"https:\/\/liluilu.ee\/et\/wp-json\/wp\/v2\/product\/11855\/revisions\/11906"}],"wp:featuredmedia":[{"embeddable":true,"href":"https:\/\/liluilu.ee\/et\/wp-json\/wp\/v2\/media\/11869"}],"wp:attachment":[{"href":"https:\/\/liluilu.ee\/et\/wp-json\/wp\/v2\/media?parent=11855"}],"wp:term":[{"taxonomy":"product_brand","embeddable":true,"href":"https:\/\/liluilu.ee\/et\/wp-json\/wp\/v2\/product_brand?post=11855"},{"taxonomy":"product_cat","embeddable":true,"href":"https:\/\/liluilu.ee\/et\/wp-json\/wp\/v2\/product_cat?post=11855"},{"taxonomy":"product_tag","embeddable":true,"href":"https:\/\/liluilu.ee\/et\/wp-json\/wp\/v2\/product_tag?post=11855"}],"curies":[{"name":"t\u00f6\u00f6leht","href":"https:\/\/api.w.org\/{rel}","templated":true}]}}