{"id":11826,"date":"2024-07-04T15:51:51","date_gmt":"2024-07-04T12:51:51","guid":{"rendered":"https:\/\/liluilu.ee\/?post_type=product&#038;p=11826"},"modified":"2026-04-23T20:46:29","modified_gmt":"2026-04-23T17:46:29","slug":"skin1004-madagascar-centella-hyalu-cica-water-fit-sun-serum-spf50","status":"publish","type":"product","link":"https:\/\/liluilu.ee\/et\/skin1004-madagascar-centella-hyalu-cica-water-fit-sun-serum-spf50\/","title":{"rendered":"SKIN1004 Madagaskar Centella Hyalu-Cica Water-Fit Sun Serum SPF50+\/PA++++ 50ml."},"content":{"rendered":"<p><span style=\"font-weight: 400;\">Uue p\u00f5lvkonna fotostabiilne keemilise filtriga p\u00e4ikesekaitseseerum. <\/span><b>SKIN1004 <\/b><b>Madagascar Centella Hyalu-Cica Water-Fit Sun Serum SPF50+\/PA++++<\/b><span style=\"font-weight: 400;\">:<\/span><\/p>\n<p>&nbsp;<\/p>\n<ul>\n<li style=\"font-weight: 400;\" aria-level=\"1\"><span style=\"font-weight: 400;\">Pakub maksimaalset kaitset nii UVB- kui ka UVB-kiirguse eest;<\/span><\/li>\n<li style=\"font-weight: 400;\" aria-level=\"1\"><span style=\"font-weight: 400;\">V\u00e4rskendab, niisutab ja rahustab nahka;\u00a0<\/span><\/li>\n<li style=\"font-weight: 400;\" aria-level=\"1\"><span style=\"font-weight: 400;\">Ennetab kuivamist, k\u00f5rvaldab pingulduse ja kuivuse tunde;<\/span><\/li>\n<li style=\"font-weight: 400;\" aria-level=\"1\"><span style=\"font-weight: 400;\">Stimuleerib regenereerimist ja soodustab kiiret taastumist;<\/span><\/li>\n<li style=\"font-weight: 400;\" aria-level=\"1\"><span style=\"font-weight: 400;\">Muudab naha siledaks, s\u00e4ilitab naha elastsuse ja tugevuse;<\/span><\/li>\n<li style=\"font-weight: 400;\" aria-level=\"1\"><span style=\"font-weight: 400;\">V\u00e4hendab oks\u00fcdatiivset stressi ja kaitseb v\u00e4liste \u00e4rritajate eest;<\/span><\/li>\n<li style=\"font-weight: 400;\" aria-level=\"1\"><span style=\"font-weight: 400;\">Ei j\u00e4ta valkjaid j\u00e4\u00e4ke ja linnatingimustes ei vaja uuendamist iga 2 tunni j\u00e4rel.<\/span><\/li>\n<\/ul>\n<p>&nbsp;<\/p>\n<p><span style=\"font-weight: 400;\">Seerum ei sisalda koostisosi, mis on kahjulikud korallriffidele ja mere \u00f6kos\u00fcsteemile (oks\u00fcbentsoon ja oktinoksaat).\u00a0<\/span><\/p>\n<p>&nbsp;<\/p>\n<p><span style=\"font-weight: 400;\">Toode ei tekita \u00e4rritust ja sobib isegi tundlikule ja reaktiivsele nahale.<\/span><\/p>\n<p>&nbsp;<\/p>\n<h2><i>SKIN1004 peamised toimeained <\/i><i>Madagascar Centella Hyalu-Cica Water-Fit Sun Serum SPF50+\/PA++++<\/i><\/h2>\n<p><span style=\"font-weight: 400;\">P\u00e4ikesekaitsevahendi koostis sisaldab ohutuid ja fotostabiilseid orgaanilisi filtreid, mis kaitsevad nahka UV-kiirguse eest ja ei vaja uuendamist linnatingimustes kuni 8 tunni jooksul:<\/span><\/p>\n<p>&nbsp;<\/p>\n<ul>\n<li style=\"font-weight: 400;\" aria-level=\"1\"><b>Uvinul A Plus <\/b><span style=\"font-weight: 400;\">(Diethylamino Hydroxybenzoyl Hexyl Benzoate) pakub k\u00f5rget kaitset UVA kiirte eest;<\/span><\/li>\n<li style=\"font-weight: 400;\" aria-level=\"1\"><b>Uvinul T 150<\/b><span style=\"font-weight: 400;\"> (et\u00fc\u00fclheks\u00fc\u00fcltriasoon) tagab k\u00f5rgeima fotostabiilse neeldumise k\u00f5igist t\u00e4nap\u00e4eval k\u00e4ttesaadavatest UVB-filtritest;<\/span><\/li>\n<li style=\"font-weight: 400;\" aria-level=\"1\"><b>Tinosorb M<\/b><span style=\"font-weight: 400;\"> (met\u00fcleen-bis-bensotriazol\u00fc\u00fcltetramet\u00fc\u00fclbut\u00fc\u00fclfenool) kaitseb UVA- ja UVB-kiirguse eest. See on uue p\u00f5lvkonna h\u00fcbriidfilter, mis nii neelab kui ka peegeldab UV-kiirgust;<\/span><\/li>\n<li style=\"font-weight: 400;\" aria-level=\"1\"><b>Iskotrizinool\/Uvasorb HEB<\/b><span style=\"font-weight: 400;\"> (Diethylhexyl Butamido Triazone)<\/span> <span style=\"font-weight: 400;\">\u043e\u0447\u0435\u043d\u044c<\/span> <span style=\"font-weight: 400;\">laia spektriga fotostabiilne filter, kaitseb UVA- ja UVB-kiirguse eest, kaotab umbes 10% oma omadustest 25 tunni p\u00e4rast.<\/span><\/li>\n<\/ul>\n<p>&nbsp;<\/p>\n<p><span style=\"font-weight: 400;\">Hooldusvalem p\u00f5hineb <\/span><b>Hyalu-Cica Complex<\/b><span style=\"font-weight: 400;\">, mis<\/span> <span style=\"font-weight: 400;\">koosneb Centella asiatica ekstraktist ja h\u00fcaluroonhappest. Centella kasvatatakse Madagaskari m\u00e4gedes, korjatakse k\u00e4sitsi ja ekstraheeritakse spetsiaalse meetodi abil, mis s\u00e4ilitab tooraine maksimaalsed kasulikud omadused ja avab selle t\u00e4ieliku potentsiaali.<\/span><\/p>\n<p>&nbsp;<\/p>\n<p><b>Hyalu-Cica Complex <\/b><span style=\"font-weight: 400;\">Niisutab intensiivselt, rahustab, v\u00e4hendab punetust, aitab leevendada \u00e4rritust ja s\u00fcgelust. Hoolitseb kaitsebarj\u00e4\u00e4ri tervise eest ja suurendab naha immuunsust.<\/span><\/p>\n<p><span style=\"font-weight: 400;\">\u00a0<\/span><\/p>\n<p><b>Niatsiinamiid <\/b><span style=\"font-weight: 400;\">takistab vanusevigastuste teket, \u00fchtlustab nahatooni ja parandab jume. Ahendab poore, reguleerib rasu tootmist ja v\u00e4hendab rasvast l\u00e4iget.<\/span><\/p>\n<p>&nbsp;<\/p>\n<h2><i>SKIN1004 t\u00e4iendavad toimeained <\/i><i>Madagascar Centella Hyalu-Cica Water-Fit Sun Serum SPF50+\/PA++++<\/i><\/h2>\n<p><span style=\"font-weight: 400;\">Toidab, elustab ja kaitseb nahakompleksi <\/span><b>Baby Green Complex<\/b><span style=\"font-weight: 400;\">. See sisaldab 7 taimeekstrakti, mida ekstraheeritakse 72 tundi madalal temperatuuril, s\u00e4ilitades ja suurendades nende kasulikke omadusi nahale:<\/span><\/p>\n<p>&nbsp;<\/p>\n<ul>\n<li style=\"font-weight: 400;\" aria-level=\"1\"><b>Rohelise tee lehtede ekstrakt<\/b><span style=\"font-weight: 400;\"> toonust, v\u00e4hendab turset, kontrollib rasu tootmist ja v\u00e4hendab oks\u00fcdatiivset stressi;<\/span><\/li>\n<\/ul>\n<p>&nbsp;<\/p>\n<ul>\n<li style=\"font-weight: 400;\" aria-level=\"1\"><b>Nisuiduainete ekstrakt<\/b><span style=\"font-weight: 400;\"> parandab naha tekstuuri, niisutab ja kaitseb nahka vabade radikaalide eest;<\/span><\/li>\n<\/ul>\n<p>&nbsp;<\/p>\n<ul>\n<li style=\"font-weight: 400;\" aria-level=\"1\"><b>Rukola ekstrakt<\/b><span style=\"font-weight: 400;\"> k\u00fcllastab vitamiinide ja antioks\u00fcdantidega, p\u00e4rsib kahjulike bakterite kasvu, ravib mikrorakud ja haavad;<\/span><\/li>\n<\/ul>\n<p>&nbsp;<\/p>\n<ul>\n<li style=\"font-weight: 400;\" aria-level=\"1\"><b>Lutserni ekstrakt<\/b><span style=\"font-weight: 400;\"> Rikkalikult A-, C-, E- ja K-vitamiine, samuti mineraalaineid ja aminohappeid, mis aitavad tugevdada ja toita nahka, s\u00e4ilitada selle elastsust ja v\u00f5idelda vananemisilmingute vastu;<\/span><\/li>\n<\/ul>\n<p>&nbsp;<\/p>\n<ul>\n<li style=\"font-weight: 400;\" aria-level=\"1\"><b>Brokkoli ekstrakt<\/b><span style=\"font-weight: 400;\"> kaitseb v\u00e4liste \u00e4rritajate eest, parandab naha elastsust ja aitab leevendada vanusepisikuid;<\/span><\/li>\n<\/ul>\n<p>&nbsp;<\/p>\n<ul>\n<li style=\"font-weight: 400;\" aria-level=\"1\"><b>Jaapani kameelia ekstrakt<\/b><span style=\"font-weight: 400;\"> on p\u00f5letikuvastaste, niisutavate ja antioks\u00fcdantsete omadustega. Tugevdab loomulikku barj\u00e4\u00e4ri ja suurendab naha immuunsust.\u00a0<\/span><\/li>\n<\/ul>\n<p>&nbsp;<\/p>\n<ul>\n<li style=\"font-weight: 400;\" aria-level=\"1\"><b>Ginkgo biloba lehtede ekstrakt<\/b><span style=\"font-weight: 400;\"> pehmendab, p\u00e4rsib p\u00f5letikku ja stimuleerib naha taastumist. See soodustab kollageeni tootmist ja m\u00f5jub nahale noorendavalt.<\/span><\/li>\n<\/ul>\n<h2><\/h2>\n<h2><i>SKIN1004 omadused <\/i><i>Madagascar Centella Hyalu-Cica Water-Fit Sun Serum SPF50+\/PA++++<\/i><\/h2>\n<p><span style=\"font-weight: 400;\">Toode on varustatud pumbadosaatoriga, mis muudab seerumi pealekandmise protsessi mugavaks ja h\u00fcgieeniliseks ning v\u00e4listab toote soovimatu kokkupuute hapnikuga.<\/span><\/p>\n<p>&nbsp;<\/p>\n<p><span style=\"font-weight: 400;\">Toode on l\u00f5hnatu ja mugava, kerge tekstuuriga. Seerum jaotub kergesti ja imendub kiiresti, j\u00e4tmata valget j\u00e4\u00e4kainet, kleepuvust v\u00f5i rasvast kihti. Sellel on siidine l\u00f5pptulemus.<\/span><\/p>\n<p>&nbsp;<\/p>\n<p><span style=\"font-weight: 400;\">SKIN1004 <\/span><span style=\"font-weight: 400;\">Madagaskar Centella Hyalu-Cica Water-Fit Sun Serum SPF50+\/PA++++ on testitud ja leitud, et see ei \u00e4rrita.<\/span><b> Sobib k\u00f5ikidele nahat\u00fc\u00fcpidele. Ka deh\u00fcdreeritud, tundlikule ja reaktiivsele nahale.\u00a0<\/b><\/p>\n<p>&nbsp;<\/p>\n<p><span style=\"font-weight: 400;\">Kui teile meeldib kasutada sama sarja ja kaubam\u00e4rgi tooteid, soovitame luua oma ravi, kasutades selle sarja tooteid. <\/span><span style=\"color: #0000ff;\"><a style=\"color: #0000ff;\" href=\"https:\/\/liluilu.ee\/et\/tootesilt\/skin1004-madagascar-centella-hyalu-cica-line\/\" target=\"_blank\" rel=\"noopener\"><span style=\"font-weight: 400;\">SKIN1004 Madagaskar Centella Hyalu-Cica liin<\/span><\/a><\/span><span style=\"font-weight: 400;\">.<\/span><\/p>\n<p>&nbsp;<\/p>\n<p>&nbsp;<\/p>\n<p><b>Kuidas kasutada:<\/b><\/p>\n<p><span style=\"font-weight: 400;\">P\u00e4rast k\u00f5iki p\u00e4evahoolduse etappe, enne meigi pealekandmist ja v\u00e4hemalt 15-20 minutit enne \u00f5ue minekut kandke vajalik kogus SKIN1004 Madagaskar Centella Hyalu-Cica Water-Fit Sun Serum SPF50+\/PA++++ n\u00e4o, kaela ja dekoltee avatud piirkondadele.\u00a0<\/span><\/p>\n<p>&nbsp;<\/p>\n<p>&nbsp;<\/p>\n<p><b>Toode on esitatud kahes mahus:<\/b><\/p>\n<ul>\n<li style=\"font-weight: 400;\" aria-level=\"1\"><a href=\"https:\/\/liluilu.ee\/et\/miniatjura-skin1004-madagascar-centella-hyalu-cica-water-fit-sun-serum\/\" target=\"_blank\" rel=\"noopener\"><span style=\"font-weight: 400;\"><span style=\"color: #0000ff;\">Miniatuurne 15 ml<\/span>.<\/span><\/a><\/li>\n<li style=\"font-weight: 400;\" aria-level=\"1\"><span style=\"font-weight: 400;\">50 ml.<\/span><\/li>\n<\/ul>\n<p>&nbsp;<\/p>\n<p><span style=\"font-weight: 400;\">Kui teil on lisak\u00fcsimusi v\u00f5i vajate toote valimisel n\u00f5u, kirjutage meile. Vestlus asub ekraani paremas alanurgas.<\/span><\/p>\n<p>&nbsp;<\/p>\n<p>&nbsp;<\/p>\n<p><a title=\"TARNETINGIMUSED\" href=\"https:\/\/liluilu.ee\/et\/kohaletoimetamine\/\" target=\"_blank\" rel=\"noopener\">TARNETINGIMUSED<\/a><\/p>","protected":false},"excerpt":{"rendered":"<p>\u0421\u043e\u043b\u043d\u0446\u0435\u0437\u0430\u0449\u0438\u0442\u043d\u0430\u044f \u0441\u044b\u0432\u043e\u0440\u043e\u0442\u043a\u0430 \u043d\u0430 \u0444\u043e\u0442\u043e\u0441\u0442\u0430\u0431\u0438\u043b\u044c\u043d\u044b\u0445 \u0445\u0438\u043c\u0438\u0447\u0435\u0441\u043a\u0438\u0445 \u0444\u0438\u043b\u044c\u0442\u0440\u0430\u0445 \u043d\u043e\u0432\u043e\u0433\u043e \u043f\u043e\u043a\u043e\u043b\u0435\u043d\u0438\u044f SKIN1004 Madagascar Centella Hyalu-Cica Water-Fit Sun Serum SPF50+\/PA++++: &nbsp; \u041e\u0431\u0435\u0441\u043f\u0435\u0447\u0438\u0432\u0430\u0435\u0442 \u043c\u0430\u043a\u0441\u0438\u043c\u0430\u043b\u044c\u043d\u0443\u044e \u0437\u0430\u0449\u0438\u0442\u0443 \u043e\u0442 \u0423\u0424-\u0438\u0437\u043b\u0443\u0447\u0435\u043d\u0438\u044f \u043e\u0431\u043e\u0438\u0445 \u0441\u043f\u0435\u043a\u0442\u0440\u043e\u0432 (UVB \u0438 UVB-\u043b\u0443\u0447\u0435\u0439); \u041e\u0441\u0432\u0435\u0436\u0430\u0435\u0442, \u0443\u0432\u043b\u0430\u0436\u043d\u044f\u0435\u0442 \u0438 \u0443\u0441\u043f\u043e\u043a\u0430\u0438\u0432\u0430\u0435\u0442 \u043a\u043e\u0436\u0443;\u00a0 \u041f\u0440\u0435\u0434\u043e\u0442\u0432\u0440\u0430\u0449\u0430\u0435\u0442 \u043e\u0431\u0435\u0437\u0432\u043e\u0436\u0438\u0432\u0430\u043d\u0438\u0435, \u0443\u0441\u0442\u0440\u0430\u043d\u044f\u0435\u0442 \u0447\u0443\u0432\u0441\u0442\u0432\u043e \u0441\u0442\u044f\u043d\u0443\u0442\u043e\u0441\u0442\u0438 \u0438 \u0441\u0443\u0445\u043e\u0441\u0442\u044c; \u0421\u0442\u0438\u043c\u0443\u043b\u0438\u0440\u0443\u0435\u0442 \u0440\u0435\u0433\u0435\u043d\u0435\u0440\u0430\u0446\u0438\u044e \u0438 \u0441\u043f\u043e\u0441\u043e\u0431\u0441\u0442\u0432\u0443\u0435\u0442 \u0431\u044b\u0441\u0442\u0440\u043e\u043c\u0443 \u0432\u043e\u0441\u0441\u0442\u0430\u043d\u043e\u0432\u043b\u0435\u043d\u0438\u044e; \u0414\u0435\u043b\u0430\u0435\u0442 \u043a\u043e\u0436\u0443 \u0433\u043b\u0430\u0434\u043a\u043e\u0439, \u043f\u043e\u0434\u0434\u0435\u0440\u0436\u0438\u0432\u0430\u0435\u0442 \u044d\u043b\u0430\u0441\u0442\u0438\u0447\u043d\u043e\u0441\u0442\u044c \u0438 \u0443\u043f\u0440\u0443\u0433\u043e\u0441\u0442\u044c; \u0421\u043d\u0438\u0436\u0430\u0435\u0442 \u043e\u043a\u0441\u0438\u0434\u0430\u0442\u0438\u0432\u043d\u044b\u0439 \u0441\u0442\u0440\u0435\u0441\u0441 [&hellip;]<\/p>","protected":false},"featured_media":11828,"comment_status":"open","ping_status":"closed","template":"","meta":{"_eb_attr":"","jetpack_post_was_ever_published":false,"_joinchat":[]},"product_brand":[],"product_cat":[449,657,569],"product_tag":[662,712,714,589,590,387,665,715,586,247],"class_list":{"0":"post-11826","1":"product","2":"type-product","3":"status-publish","4":"has-post-thumbnail","6":"product_cat-skin1004","7":"product_cat-akcii-i-skidki","8":"product_cat-solncezashhitnye-sredstva","9":"product_tag-iscotrizinol-uvasorb-heb-diethylhexyl-butamido-triazone","10":"product_tag-skin1004-madagascar-centella-hyalu-cica-line","11":"product_tag-tinosorb-m-methylene-bis-benzotriazolyl-tetramethylbutylphenol","12":"product_tag-uvinul-a-plus-diethylamino-hydroxybenzoyl-hexyl-benzoate","13":"product_tag-uvinul-t-150-ethylhexyl-triazone","14":"product_tag-solncezashhitnyj-krem-na-fotostabilnyh-filtrah","15":"product_tag-uvlazhnyajushhie-sanskriny","16":"product_tag-uspokaivajushhie-sanskriny","17":"product_tag-himicheskie-solncezashhitnye-filtry","18":"product_tag-centella","20":"first","21":"instock","22":"sale","23":"shipping-taxable","24":"purchasable","25":"product-type-simple"},"jetpack_sharing_enabled":true,"_links":{"self":[{"href":"https:\/\/liluilu.ee\/et\/wp-json\/wp\/v2\/product\/11826","targetHints":{"allow":["GET"]}}],"collection":[{"href":"https:\/\/liluilu.ee\/et\/wp-json\/wp\/v2\/product"}],"about":[{"href":"https:\/\/liluilu.ee\/et\/wp-json\/wp\/v2\/types\/product"}],"replies":[{"embeddable":true,"href":"https:\/\/liluilu.ee\/et\/wp-json\/wp\/v2\/comments?post=11826"}],"version-history":[{"count":7,"href":"https:\/\/liluilu.ee\/et\/wp-json\/wp\/v2\/product\/11826\/revisions"}],"predecessor-version":[{"id":11918,"href":"https:\/\/liluilu.ee\/et\/wp-json\/wp\/v2\/product\/11826\/revisions\/11918"}],"wp:featuredmedia":[{"embeddable":true,"href":"https:\/\/liluilu.ee\/et\/wp-json\/wp\/v2\/media\/11828"}],"wp:attachment":[{"href":"https:\/\/liluilu.ee\/et\/wp-json\/wp\/v2\/media?parent=11826"}],"wp:term":[{"taxonomy":"product_brand","embeddable":true,"href":"https:\/\/liluilu.ee\/et\/wp-json\/wp\/v2\/product_brand?post=11826"},{"taxonomy":"product_cat","embeddable":true,"href":"https:\/\/liluilu.ee\/et\/wp-json\/wp\/v2\/product_cat?post=11826"},{"taxonomy":"product_tag","embeddable":true,"href":"https:\/\/liluilu.ee\/et\/wp-json\/wp\/v2\/product_tag?post=11826"}],"curies":[{"name":"t\u00f6\u00f6leht","href":"https:\/\/api.w.org\/{rel}","templated":true}]}}