{"id":11789,"date":"2024-06-28T12:56:23","date_gmt":"2024-06-28T09:56:23","guid":{"rendered":"https:\/\/liluilu.ee\/?post_type=product&#038;p=11789"},"modified":"2026-04-23T20:47:57","modified_gmt":"2026-04-23T17:47:57","slug":"skin1004-madagascar-centella-watergel-sheet-ampoule-mask","status":"publish","type":"product","link":"https:\/\/liluilu.ee\/et\/skin1004-madagascar-centella-watergel-sheet-ampoule-mask\/","title":{"rendered":"Rahustav ampullimask Madagaskari tsentellaga SKIN1004 Madagaskar Centella Watergel Sheet Ampoule Mask 1tk."},"content":{"rendered":"<p><span style=\"font-weight: 400;\">Intensiivselt rahustav ja niisutav n\u00e4omask, mis p\u00f5hineb Madagaskar Centella ekstraktil. <\/span><b>SKIN1004 Madagaskar Centella Watergel Sheet Ampoule Mask Madagaskar Centella Watergel Ampoule Mask<\/b><span style=\"font-weight: 400;\">.<\/span><\/p>\n<p>&nbsp;<\/p>\n<p><span style=\"font-weight: 400;\">Toode rahustab kiiresti nahka, v\u00e4hendab punetust, leevendab \u00e4rritust ja s\u00fcgelust. Alustab taastumisprotsessi, v\u00e4hendab tundlikkust ja reaktiivsust.<\/span><\/p>\n<p>&nbsp;<\/p>\n<p><span style=\"font-weight: 400;\">K\u00f5rvaldab kuivuse, pinguldatuse ja ketendavuse. Niisutab intensiivselt, silub ja pehmendab. Taastab naha sileduse ja elastsuse, elustab ja parandab jume.<\/span><\/p>\n<p>&nbsp;<\/p>\n<h2><i>Peamised toimeained <\/i><i>SKIN1004 Madagaskar Centella Watergel Sheet Ampoule Mask Madagaskar Centella Watergel Ampoule Mask<\/i><\/h2>\n<p><span style=\"font-weight: 400;\">Valem p\u00f5hineb br\u00e4ndi iseloomulikul koostisosal - <\/span><b>51% Centella asiatica ekstrakt<\/b><span style=\"font-weight: 400;\">kasvatatud Madagaskari saarel.<\/span><\/p>\n<p>&nbsp;<\/p>\n<p><span style=\"font-weight: 400;\">Centella kasvatatakse saare m\u00e4gistes piirkondades, korjatakse k\u00e4sitsi ja l\u00e4bib kiire 4-astmelise ekstraheerimisprotsessi. Tulemuseks on puhas ja kvaliteetne toode, mis avab Centella kogu potentsiaali:<\/span><\/p>\n<p><span style=\"font-weight: 400;\">\u00a0<\/span><\/p>\n<ul>\n<li style=\"font-weight: 400;\" aria-level=\"1\"><span style=\"font-weight: 400;\">Rahustab ja elustab nahka suurep\u00e4raselt;<\/span><\/li>\n<li style=\"font-weight: 400;\" aria-level=\"1\"><span style=\"font-weight: 400;\">Sellel on haavade paranemise ja p\u00f5letikuvastased omadused;<\/span><\/li>\n<li style=\"font-weight: 400;\" aria-level=\"1\"><span style=\"font-weight: 400;\">See tugevdab kapillaaride seinu ja aitab v\u00f5idelda kuperoosi vastu;<\/span><\/li>\n<li style=\"font-weight: 400;\" aria-level=\"1\"><span style=\"font-weight: 400;\">Toonib ja parandab jume;<\/span><\/li>\n<li style=\"font-weight: 400;\" aria-level=\"1\"><span style=\"font-weight: 400;\">Stimuleerib kollageeni, elastiini ja h\u00fcaluroonhappe s\u00fcnteesi. Sellel on v\u00e4ljendunud noorendav toime;<\/span><\/li>\n<li style=\"font-weight: 400;\" aria-level=\"1\"><span style=\"font-weight: 400;\">Kaitseb nahka vabade radikaalide ja UV-kiirguse kahjuliku m\u00f5ju eest, kuna on v\u00f5imas looduslik antioks\u00fcdant.<\/span><\/li>\n<\/ul>\n<p>&nbsp;<\/p>\n<h2><i>T\u00e4iendavad toimeained <\/i><i>SKIN1004 Madagaskar Centella Watergel Sheet Ampoule Mask Madagaskar Centella Watergel Ampoule Mask<\/i><\/h2>\n<p><b>Betaiin ja 4 t\u00fc\u00fcpi h\u00fcaluroonhape <\/b><span style=\"font-weight: 400;\">pakuvad rikkalikku, s\u00fcgavat ja kauakestvat niisutust. Nad leevendavad niiskuse puudumisest tingitud ebamugavustunnet, k\u00f5rvaldavad ketendavuse ja kuivuse, muudavad naha siledaks ja elastseks. Lisaks on betaiinil nahka rahustav ja \u00e4rritust v\u00e4hendav toime.<\/span><\/p>\n<p>&nbsp;<\/p>\n<p><b>P\u00f6\u00f6ni juure ekstrakt <\/b><span style=\"font-weight: 400;\">on p\u00f5letikuvastaste ja antioks\u00fcdantsete omadustega, aidates v\u00e4hendada punetust, rahustada nahka ja kaitsta seda vabade radikaalide kahjustuste eest.<\/span><\/p>\n<p>&nbsp;<\/p>\n<p><b>Kakao ekstrakt <\/b><span style=\"font-weight: 400;\">parandab naha \u00fcldist tooni ja tekstuuri.<\/span><\/p>\n<p>&nbsp;<\/p>\n<p><b>Arginiin <\/b><span style=\"font-weight: 400;\">\u00fchtlustab naha niiskuse ja lipiidide tasakaalu, stimuleerib kollageeni s\u00fcnteesi ja kiirendab paranemist.<\/span><\/p>\n<p>&nbsp;<\/p>\n<p><b>Kummeli lilleekstrakt <\/b><span style=\"font-weight: 400;\">rahustab, niisutab, toniseerib ja pehmendab. K\u00f5rvaldab kuivuse ja kaitseb v\u00e4liste \u00e4rritajate eest.<\/span><\/p>\n<p>&nbsp;<\/p>\n<p><b>Piparm\u00fcndilehtede \u00f5li <\/b><span style=\"font-weight: 400;\">jahutab, toniseerib ja v\u00e4rskendab nahka meeldivalt. See on looduslik antiseptikum, leevendab \u00e4rritusi ja leevendab s\u00fcgelust.<\/span><\/p>\n<p>&nbsp;<\/p>\n<h2><em>Omadused SKIN1004 Madagaskar Centella Watergel Sheet Ampoule Mask Madagaskar Centella Watergel Ampoule Mask<\/em><\/h2>\n<p><span style=\"font-weight: 400;\">Maski p\u00f5hi on valmistatud tencelist ja bambusest. Need materjalid on biolagunevad, \u00f5rnad ja ei \u00e4rrita nahka. <\/span><span style=\"font-weight: 400;\">Iga millimeeter kangap\u00f5hja on ohtralt immutatud kontsentreeritud ampulliga, mis tagab varade s\u00fcgava sissetungi ja takistab nende aurustumist. Mask j\u00e4rgib \u00f5rnalt n\u00e4o kontuure, istub tihedalt ja ei veere kandmise ajal \u00e4ra.<\/span><\/p>\n<p>&nbsp;<\/p>\n<p><span style=\"font-weight: 400;\">Kasutamisel jahutab toode nahka meeldivalt ja k\u00f5rvaldab koheselt ebamugavustunne. Impregneerimisampulli geeljas tekstuur takistab rasvase kile tekkimist. P\u00e4rast imendumist ei j\u00e4ta mask kleepuvust, vaid annab p\u00e4rast protseduuri v\u00e4rske ja niisutava j\u00e4relmaitse.\u00a0<\/span><\/p>\n<p><b>\u00a0<\/b><\/p>\n<p><span style=\"font-weight: 400;\">SKIN1004 Madagaskar Centella Watergel Sheet Ampoule Mask Madagaskar Centella Watergel Ampoule Mask<\/span><b> sobib igale nahat\u00fc\u00fcbile.\u00a0<\/b><\/p>\n<p>&nbsp;<\/p>\n<p><b>Kuidas kasutada:<\/b><\/p>\n<p><span style=\"font-weight: 400;\">Kandke mask eelnevalt puhastatud ja toonitud n\u00e4onahale. Levitage ja laske m\u00f5juda 10-20 minutit, seej\u00e4rel eemaldage ja patsutage s\u00f5rmeotstega \u00f5rnalt nahka, et \u00fclej\u00e4\u00e4nud essents imenduks t\u00e4ielikult. \u00c4rge loputage!<\/span><\/p>\n<p>&nbsp;<\/p>\n<p><b>Netokogus:<\/b><span style=\"font-weight: 400;\"> 25 ml.<\/span><\/p>\n<p>&nbsp;<\/p>\n<p><span style=\"font-weight: 400;\">Kui teil on lisak\u00fcsimusi v\u00f5i vajate toote valimisel n\u00f5u, kirjutage meile. Vestlus asub ekraani paremas alanurgas.<\/span><\/p>\n<p>&nbsp;<\/p>\n<p>&nbsp;<\/p>\n<p><a title=\"TARNETINGIMUSED\" href=\"https:\/\/liluilu.ee\/et\/kohaletoimetamine\/\" target=\"_blank\" rel=\"noopener\">TARNETINGIMUSED<\/a><\/p>","protected":false},"excerpt":{"rendered":"<p>\u0418\u043d\u0442\u0435\u043d\u0441\u0438\u0432\u043d\u043e \u0443\u0441\u043f\u043e\u043a\u0430\u0438\u0432\u0430\u044e\u0449\u0430\u044f \u0438 \u0443\u0432\u043b\u0430\u0436\u043d\u044f\u044e\u0449\u0430\u044f \u043c\u0430\u0441\u043a\u0430 \u0434\u043b\u044f \u043b\u0438\u0446\u0430 \u043d\u0430 \u043e\u0441\u043d\u043e\u0432\u0435 \u044d\u043a\u0441\u0442\u0440\u0430\u043a\u0442\u0430 \u043c\u0430\u0434\u0430\u0433\u0430\u0441\u043a\u0430\u0440\u0441\u043a\u043e\u0439 \u0446\u0435\u043d\u0442\u0435\u043b\u043b\u044b SKIN1004 Madagascar Centella Watergel Sheet Ampoule Mask. &nbsp; \u0421\u0440\u0435\u0434\u0441\u0442\u0432\u043e \u0431\u044b\u0441\u0442\u0440\u043e \u0443\u0441\u043f\u043e\u043a\u0430\u0438\u0432\u0430\u0435\u0442 \u043a\u043e\u0436\u0443, \u0443\u043c\u0435\u043d\u044c\u0448\u0430\u0435\u0442 \u043f\u043e\u043a\u0440\u0430\u0441\u043d\u0435\u043d\u0438\u044f, \u0441\u043d\u0438\u043c\u0430\u0435\u0442 \u0440\u0430\u0437\u0434\u0440\u0430\u0436\u0435\u043d\u0438\u044f \u0438 \u0437\u0443\u0434. \u0417\u0430\u043f\u0443\u0441\u043a\u0430\u0435\u0442 \u043f\u0440\u043e\u0446\u0435\u0441\u0441 \u0432\u043e\u0441\u0441\u0442\u0430\u043d\u043e\u0432\u043b\u0435\u043d\u0438\u044f, \u0441\u043d\u0438\u0436\u0430\u0435\u0442 \u0447\u0443\u0432\u0441\u0442\u0432\u0438\u0442\u0435\u043b\u044c\u043d\u043e\u0441\u0442\u044c \u0438 \u0440\u0435\u0430\u043a\u0442\u0438\u0432\u043d\u043e\u0441\u0442\u044c. &nbsp; \u0423\u0441\u0442\u0440\u0430\u043d\u044f\u0435\u0442 \u0441\u0443\u0445\u043e\u0441\u0442\u044c, \u0441\u0442\u044f\u043d\u0443\u0442\u043e\u0441\u0442\u044c \u0438 \u0448\u0435\u043b\u0443\u0448\u0435\u043d\u0438\u044f. \u0418\u043d\u0442\u0435\u043d\u0441\u0438\u0432\u043d\u043e \u0443\u0432\u043b\u0430\u0436\u043d\u044f\u0435\u0442, \u0440\u0430\u0437\u0433\u043b\u0430\u0436\u0438\u0432\u0430\u0435\u0442 \u0438 \u0441\u043c\u044f\u0433\u0447\u0430\u0435\u0442. \u0412\u043e\u0437\u0432\u0440\u0430\u0449\u0430\u0435\u0442 \u043a\u043e\u0436\u0435 \u0433\u043b\u0430\u0434\u043a\u043e\u0441\u0442\u044c \u0438 \u0443\u043f\u0440\u0443\u0433\u043e\u0441\u0442\u044c, \u043e\u0437\u0434\u043e\u0440\u0430\u0432\u043b\u0438\u0432\u0430\u0435\u0442 \u0438 [&hellip;]<\/p>","protected":false},"featured_media":11793,"comment_status":"open","ping_status":"closed","template":"","meta":{"_eb_attr":"","jetpack_post_was_ever_published":false,"_joinchat":[]},"product_brand":[],"product_cat":[449,103],"product_tag":[453,400,713,647,247,413],"class_list":{"0":"post-11789","1":"product","2":"type-product","3":"status-publish","4":"has-post-thumbnail","6":"product_cat-skin1004","7":"product_cat-maski-dlya-lica","8":"product_tag-skin1004-madagascar-centella-line","9":"product_tag-uvlazhnenie","10":"product_tag-uspokaivajushhie-maski-dlya-lica","11":"product_tag-uspokaivajushhij-uhod-za-kozhej","12":"product_tag-centella","13":"product_tag-chuvstvitelnaya-kozha","15":"first","16":"instock","17":"sale","18":"shipping-taxable","19":"purchasable","20":"product-type-simple"},"jetpack_sharing_enabled":true,"_links":{"self":[{"href":"https:\/\/liluilu.ee\/et\/wp-json\/wp\/v2\/product\/11789","targetHints":{"allow":["GET"]}}],"collection":[{"href":"https:\/\/liluilu.ee\/et\/wp-json\/wp\/v2\/product"}],"about":[{"href":"https:\/\/liluilu.ee\/et\/wp-json\/wp\/v2\/types\/product"}],"replies":[{"embeddable":true,"href":"https:\/\/liluilu.ee\/et\/wp-json\/wp\/v2\/comments?post=11789"}],"version-history":[{"count":6,"href":"https:\/\/liluilu.ee\/et\/wp-json\/wp\/v2\/product\/11789\/revisions"}],"predecessor-version":[{"id":11806,"href":"https:\/\/liluilu.ee\/et\/wp-json\/wp\/v2\/product\/11789\/revisions\/11806"}],"wp:featuredmedia":[{"embeddable":true,"href":"https:\/\/liluilu.ee\/et\/wp-json\/wp\/v2\/media\/11793"}],"wp:attachment":[{"href":"https:\/\/liluilu.ee\/et\/wp-json\/wp\/v2\/media?parent=11789"}],"wp:term":[{"taxonomy":"product_brand","embeddable":true,"href":"https:\/\/liluilu.ee\/et\/wp-json\/wp\/v2\/product_brand?post=11789"},{"taxonomy":"product_cat","embeddable":true,"href":"https:\/\/liluilu.ee\/et\/wp-json\/wp\/v2\/product_cat?post=11789"},{"taxonomy":"product_tag","embeddable":true,"href":"https:\/\/liluilu.ee\/et\/wp-json\/wp\/v2\/product_tag?post=11789"}],"curies":[{"name":"t\u00f6\u00f6leht","href":"https:\/\/api.w.org\/{rel}","templated":true}]}}