{"id":11772,"date":"2024-06-27T18:34:49","date_gmt":"2024-06-27T15:34:49","guid":{"rendered":"https:\/\/liluilu.ee\/?post_type=product&#038;p=11772"},"modified":"2026-04-23T20:48:20","modified_gmt":"2026-04-23T17:48:20","slug":"skin1004-madagascar-centella-hyalu-cica-moisture-cream","status":"publish","type":"product","link":"https:\/\/liluilu.ee\/et\/skin1004-madagascar-centella-hyalu-cica-moisture-cream\/","title":{"rendered":"Niisutav kreem rahustava toimega SKIN1004 Madagaskar Centella Hyalu-Cica niisutuskreem 75ml."},"content":{"rendered":"<p><span style=\"font-weight: 400;\">Rahustav kreem <\/span><b>SKIN1004 Madagascar Centella Hyalu-Cica Moisture Cream<\/b><span style=\"font-weight: 400;\"> T\u00e4idab nahka niiskusega ja niisutab kuni 100 tundi. Leevendab kiiresti kuivust, kuivust ja ketendust. Muudab naha siledaks, elastseks ja elastseks.<\/span><\/p>\n<p>&nbsp;<\/p>\n<p><span style=\"font-weight: 400;\">Vegan koostis on rikkalikult rahustavaid koostisosi sisaldav ja nahale \u00f5rnalt m\u00f5juv. Rahustab, v\u00e4hendab punetust, aitab leevendada \u00e4rritust ja s\u00fcgelust.<\/span><\/p>\n<p>&nbsp;<\/p>\n<p><span style=\"font-weight: 400;\">Kreem on kerge tekstuuriga, ei j\u00e4ta kleepuvust ega tekita n\u00e4ole kile. Sobib suurep\u00e4raselt meigip\u00f5hjaks.<\/span><\/p>\n<p>&nbsp;<\/p>\n<h2><i>Peamised toimeained <\/i><i>SKIN1004 Madagascar Centella Hyalu-Cica Moisture Cream<\/i><\/h2>\n<p><b>CICA kompleks<\/b><span style=\"font-weight: 400;\"> annab tugeva tervendava ja rahustava toime. Taastab, pehmendab ja toidab nahka. V\u00e4hendab punetust ja ketendust, tugevdab loomulikku barj\u00e4\u00e4ri.<\/span><\/p>\n<p>&nbsp;<\/p>\n<p><b>3 t\u00fc\u00fcpi h\u00fcaluroonhapet <\/b><span style=\"font-weight: 400;\">(160 ppm) tungivad s\u00fcgavale kihtidesse, niisutavad aktiivselt rakke ja soodustavad niiskuse s\u00e4ilitamist. Nad moodustavad kaitsva kihi, mis takistab niiskuse aurustumist.<\/span><\/p>\n<p>&nbsp;<\/p>\n<p><b>Taimne kollageen <\/b><span style=\"font-weight: 400;\">taastab epidermise struktuuri seestpoolt, tugevdab rakuseinu, parandab valgusainevahetust. Toetab maatriksit, aitab siluda peened jooned ja kortsud.<\/span><\/p>\n<p>&nbsp;<\/p>\n<p><b>Neemilehtede ekstrakt <\/b><span style=\"font-weight: 400;\">ravib h\u00e4sti, on p\u00f5letikuvastase ja antiseptilise toimega, muudab naha siledaks ja siidiseks, reguleerib rasu tootmist.<\/span><\/p>\n<p>&nbsp;<\/p>\n<p><b>Centella asiatica ekstrakt <\/b><span style=\"font-weight: 400;\">(50%) tugevdab veresooni, v\u00e4hendab punetust ja v\u00f5itleb kuperoosiga, leevendab paistetust, rahustab ja pehmendab.<\/span><\/p>\n<p>&nbsp;<\/p>\n<p><b>Roosavesi<\/b><span style=\"font-weight: 400;\"> niisutab ideaalselt ja parandab rakkude taastumisprotsesse, silub n\u00e4oilmetusi, k\u00f5rvaldab allergilisi reaktsioone.<\/span><\/p>\n<p><b> <\/b><br \/>\n<span style=\"font-weight: 400;\">SKIN1004 Madagascar Centella Hyalu-Cica Moisture Cream<\/span><b> sobib kombineeritud, normaalsele, tundlikule ja deh\u00fcdreeritud nahale. <\/b><span style=\"font-weight: 400;\">Nii hommikuse kui ka \u00f5htuse hoolduse jaoks.<\/span><\/p>\n<p>&nbsp;<\/p>\n<p><span style=\"font-weight: 400;\">Maksimaalse efekti saavutamiseks ja kui soovite kasutada sama tootesarja ja kaubam\u00e4rgi tooteid, soovitame luua oma hoolduse, kasutades sarja tooteid. <\/span><span style=\"color: #0000ff;\"><a style=\"color: #0000ff;\" href=\"https:\/\/liluilu.ee\/et\/tootesilt\/skin1004-madagascar-centella-hyalu-cica-line\/\" target=\"_blank\" rel=\"noopener\"><span style=\"font-weight: 400;\">SKIN1004 Madagaskar Centella Hyalu-Cica liin<\/span><\/a><\/span><span style=\"font-weight: 400;\">.<\/span><\/p>\n<p>&nbsp;<\/p>\n<p>&nbsp;<\/p>\n<p><b>Kuidas kasutada:<\/b><br \/>\n<span style=\"font-weight: 400;\">Oma igap\u00e4evase hooldusrutiini viimase sammuna kanna n\u00e4ole ja kaelale vajalik kogus kreemi. Kandke \u00f5rnalt piki massaa\u017eijooni.<\/span><\/p>\n<p>&nbsp;<\/p>\n<p><b>Netokogus:<\/b><span style=\"font-weight: 400;\"> 75 ml.<\/span><\/p>\n<p>&nbsp;<\/p>\n<p><span style=\"font-weight: 400;\">Kui teil on lisak\u00fcsimusi v\u00f5i vajate toote valimisel n\u00f5u, kirjutage meile. Vestlus asub ekraani paremas alanurgas.<\/span><\/p>\n<p>&nbsp;<\/p>\n<p>&nbsp;<\/p>\n<p><a title=\"TARNETINGIMUSED\" href=\"https:\/\/liluilu.ee\/et\/kohaletoimetamine\/\" target=\"_blank\" rel=\"noopener\">TARNETINGIMUSED<\/a><\/p>","protected":false},"excerpt":{"rendered":"<p>\u041a\u0440\u0435\u043c \u0441 \u0443\u0441\u043f\u043e\u043a\u0430\u0438\u0432\u0430\u044e\u0449\u0438\u043c \u0434\u0435\u0439\u0441\u0442\u0432\u0438\u0435\u043c SKIN1004 Madagascar Centella Hyalu-Cica Moisture Cream \u043d\u0430\u043f\u043e\u043b\u043d\u044f\u0435\u0442 \u043a\u043e\u0436\u0443 \u0432\u043b\u0430\u0433\u043e\u0439 \u0438 \u043e\u043a\u0430\u0437\u044b\u0432\u0430\u0435\u0442 \u0443\u0432\u043b\u0430\u0436\u043d\u044f\u044e\u0449\u0435\u0435 \u0434\u0435\u0439\u0441\u0442\u0432\u0438\u0435 \u043d\u0430 \u043f\u0440\u043e\u0442\u044f\u0436\u0435\u043d\u0438\u0438 100 \u0447\u0430\u0441\u043e\u0432. \u0411\u044b\u0441\u0442\u0440\u043e \u0438\u0437\u0431\u0430\u0432\u043b\u044f\u0435\u0442 \u043e\u0442 \u043e\u0431\u0435\u0437\u0432\u043e\u0436\u0435\u043d\u043d\u043e\u0441\u0442\u0438, \u0441\u0443\u0445\u043e\u0441\u0442\u0438 \u0438 \u0448\u0435\u043b\u0443\u0448\u0435\u043d\u0438\u0439. \u0414\u0435\u043b\u0430\u0435\u0442 \u043a\u043e\u0436\u0443 \u0433\u043b\u0430\u0434\u043a\u043e\u0439, \u044d\u043b\u0430\u0441\u0442\u0438\u0447\u043d\u043e\u0439 \u0438 \u0443\u043f\u0440\u0443\u0433\u043e\u0439. &nbsp; \u0412\u0435\u0433\u0430\u043d\u0441\u043a\u0430\u044f \u0444\u043e\u0440\u043c\u0443\u043b\u0430 \u043d\u0430\u0441\u044b\u0449\u0435\u043d\u0430 \u0443\u0441\u043f\u043e\u043a\u0430\u0438\u0432\u0430\u044e\u0449\u0438\u043c\u0438 \u043a\u043e\u043c\u043f\u043e\u043d\u0435\u043d\u0442\u0430\u043c\u0438 \u0438 \u0434\u0435\u043b\u0438\u043a\u0430\u0442\u043d\u043e \u0432\u043e\u0437\u0434\u0435\u0439\u0441\u0442\u0432\u0443\u0435\u0442 \u043d\u0430 \u043a\u043e\u0436\u0443. \u0423\u0441\u043f\u043e\u043a\u0430\u0438\u0432\u0430\u0435\u0442, \u0443\u043c\u0435\u043d\u044c\u0448\u0430\u0435\u0442 \u043f\u043e\u043a\u0440\u0430\u0441\u043d\u0435\u043d\u0438\u044f, \u043f\u043e\u043c\u043e\u0433\u0430\u0435\u0442 \u0441\u043d\u044f\u0442\u044c \u0440\u0430\u0437\u0434\u0440\u0430\u0436\u0435\u043d\u0438\u044f \u0438 \u0437\u0443\u0434. &nbsp; \u041a\u0440\u0435\u043c [&hellip;]<\/p>","protected":false},"featured_media":11775,"comment_status":"open","ping_status":"closed","template":"","meta":{"_eb_attr":"","jetpack_post_was_ever_published":false,"_joinchat":[]},"product_brand":[],"product_cat":[449,95],"product_tag":[712,633,269,423,400,703,647,711,247,413],"class_list":{"0":"post-11772","1":"product","2":"type-product","3":"status-publish","4":"has-post-thumbnail","6":"product_cat-skin1004","7":"product_cat-kremy-emulsii-i-losony-dlya-lica","8":"product_tag-skin1004-madagascar-centella-hyalu-cica-line","9":"product_tag-veganskaya-kosmetika","10":"product_tag-gialuronovaya-kislota","11":"product_tag-obezvozhennaya-kozha","12":"product_tag-uvlazhnenie","13":"product_tag-uvlazhnyajushhie-kremy","14":"product_tag-uspokaivajushhij-uhod-za-kozhej","15":"product_tag-fitokollagen","16":"product_tag-centella","17":"product_tag-chuvstvitelnaya-kozha","19":"first","20":"instock","21":"sale","22":"shipping-taxable","23":"purchasable","24":"product-type-simple"},"jetpack_sharing_enabled":true,"_links":{"self":[{"href":"https:\/\/liluilu.ee\/et\/wp-json\/wp\/v2\/product\/11772","targetHints":{"allow":["GET"]}}],"collection":[{"href":"https:\/\/liluilu.ee\/et\/wp-json\/wp\/v2\/product"}],"about":[{"href":"https:\/\/liluilu.ee\/et\/wp-json\/wp\/v2\/types\/product"}],"replies":[{"embeddable":true,"href":"https:\/\/liluilu.ee\/et\/wp-json\/wp\/v2\/comments?post=11772"}],"version-history":[{"count":7,"href":"https:\/\/liluilu.ee\/et\/wp-json\/wp\/v2\/product\/11772\/revisions"}],"predecessor-version":[{"id":11908,"href":"https:\/\/liluilu.ee\/et\/wp-json\/wp\/v2\/product\/11772\/revisions\/11908"}],"wp:featuredmedia":[{"embeddable":true,"href":"https:\/\/liluilu.ee\/et\/wp-json\/wp\/v2\/media\/11775"}],"wp:attachment":[{"href":"https:\/\/liluilu.ee\/et\/wp-json\/wp\/v2\/media?parent=11772"}],"wp:term":[{"taxonomy":"product_brand","embeddable":true,"href":"https:\/\/liluilu.ee\/et\/wp-json\/wp\/v2\/product_brand?post=11772"},{"taxonomy":"product_cat","embeddable":true,"href":"https:\/\/liluilu.ee\/et\/wp-json\/wp\/v2\/product_cat?post=11772"},{"taxonomy":"product_tag","embeddable":true,"href":"https:\/\/liluilu.ee\/et\/wp-json\/wp\/v2\/product_tag?post=11772"}],"curies":[{"name":"t\u00f6\u00f6leht","href":"https:\/\/api.w.org\/{rel}","templated":true}]}}