{"id":11640,"date":"2024-06-13T18:48:12","date_gmt":"2024-06-13T15:48:12","guid":{"rendered":"https:\/\/liluilu.ee\/?post_type=product&#038;p=11640"},"modified":"2026-04-15T23:12:34","modified_gmt":"2026-04-15T20:12:34","slug":"medi-peel-peptide-9-vitanol-pro-cream","status":"publish","type":"product","link":"https:\/\/liluilu.ee\/et\/medi-peel-peptide-9-vitanol-pro-cream\/","title":{"rendered":"Pigmentatsioonivastane t\u00f5stev kreem 12% niatsinamiidi ja peptiididega MEDI-PEEL Peptide 9 Vitanol PRO Cream 50gr."},"content":{"rendered":"<p><span style=\"font-weight: 400;\">K\u00f5rgkontsentreeritud t\u00f5stev kreem pigmentatsiooni vastu <\/span><b>MEDI-PEEL Peptide 9 Vitanol PRO Cream:\u00a0<\/b><\/p>\n<ul>\n<li style=\"font-weight: 400;\" aria-level=\"1\"><span style=\"font-weight: 400;\">Saab suurep\u00e4raselt hakkama vanusepisikute, frekkide ja aknej\u00e4rgsete laikude helendamisega, samuti takistab uute laikude tekkimist;<\/span><\/li>\n<li style=\"font-weight: 400;\" aria-level=\"1\"><span style=\"font-weight: 400;\">Suurendab elastsust ja tugevust, takistab kudede l\u00f5tvumist ja aitab s\u00e4ilitada n\u00e4o ovaalsust;<\/span><\/li>\n<li style=\"font-weight: 400;\" aria-level=\"1\"><span style=\"font-weight: 400;\">V\u00e4hendab poore ja parandab naha tekstuuri;<\/span><\/li>\n<li style=\"font-weight: 400;\" aria-level=\"1\"><span style=\"font-weight: 400;\">V\u00e4hendab kortsude pindala ja s\u00fcgavust;<\/span><\/li>\n<li style=\"font-weight: 400;\" aria-level=\"1\"><span style=\"font-weight: 400;\">K\u00f5rvaldab tuhmuse, \u00fchtlustab tooni, annab n\u00e4ole v\u00e4rske ja terve s\u00e4ra.\u00a0<\/span><\/li>\n<\/ul>\n<p>&nbsp;<\/p>\n<h2><i>Peamised toimeained <\/i><i>MEDI-PEEL Peptide 9 Vitanol PRO kreem<\/i><\/h2>\n<p><span style=\"font-weight: 400;\">Valemi aluseks on<\/span><b> niatsiinamiid k\u00f5rge kontsentratsiooniga - 12%<\/b><span style=\"font-weight: 400;\">. See on v\u00f5imas antioks\u00fcdant, mille t\u00f5husus on t\u00f5estatud ja mille toime ulatus on lai.\u00a0<\/span><\/p>\n<p>&nbsp;<\/p>\n<p><b>12% \u043d\u0438\u0430\u0446\u0438\u043d\u0430\u043c\u0438\u0434:<\/b><\/p>\n<ul>\n<li style=\"font-weight: 400;\" aria-level=\"1\"><span style=\"font-weight: 400;\">Helendab pigmentatsiooni ja aknej\u00e4rgset nahka;<\/span><\/li>\n<li style=\"font-weight: 400;\" aria-level=\"1\"><span style=\"font-weight: 400;\">Hoiab \u00e4ra uute vanusevigastuste ja frekkide tekkimise;<\/span><\/li>\n<li style=\"font-weight: 400;\" aria-level=\"1\"><span style=\"font-weight: 400;\">V\u00e4hendab kortsude ilmnemist, ahendab poore, muudab naha siledaks ja pinguldatuks;<\/span><\/li>\n<li style=\"font-weight: 400;\" aria-level=\"1\"><span style=\"font-weight: 400;\">V\u00e4hendab p\u00f5letikku, normaliseerib rasu tootmist ja v\u00e4hendab rasvast l\u00e4iget;<\/span><\/li>\n<li style=\"font-weight: 400;\" aria-level=\"1\"><span style=\"font-weight: 400;\">Tugevdab naha kaitsev\u00f5imet ja tugevdab immuunsust.<\/span><\/li>\n<\/ul>\n<p>&nbsp;<\/p>\n<p><b>Eksklusiivne kaubam\u00e4rgi arendamine - vitamiinikompleks Vitanol<\/b><span style=\"font-weight: 400;\">loodud varade stabiliseerimise tehnoloogia ja liposomaalse manustamismeetodi abil.<\/span><\/p>\n<p>&nbsp;<\/p>\n<p><span style=\"font-weight: 400;\">Kompleks koosneb j\u00e4rgmistest osadest <\/span><b>vitamiinid A, B, C, E, F, K, <\/b><span style=\"font-weight: 400;\">kapseldatud kahekihilistesse liposoomsf\u00e4\u00e4ridesse. Need kerad on pisikesed ja tungivad kergesti s\u00fcgavale pooridesse, hoiavad vitamiinid stabiilsena, v\u00e4hendavad \u00e4rrituse ohtu ja imenduvad paremini nahka.<\/span><\/p>\n<p>&nbsp;<\/p>\n<p><b>Vitanol Complex <\/b>helendab tumedaid laike ja takistab nende tekkimist. <span style=\"font-weight: 400;\">Tugevdab kapillaaride seinu, pakub antioks\u00fcdantide kaitset ja s\u00e4ilitab naha elastsuse. Kustutab v\u00e4simuse m\u00e4rke, k\u00f5rvaldab tuhmuse, \u00fchtlustab toonust ja parandab jume.\u00a0<\/span><\/p>\n<p>&nbsp;<\/p>\n<p><b>9 peptiidi + adenosiini kompleks <\/b><span style=\"font-weight: 400;\">stimuleerib kudede regenereerimist ja omab elavat vananemisvastast toimet. See muudab naha tugevamaks, pinguldatumaks ja pinguldatumaks, silub peened jooned, v\u00e4hendab vanusekortsude pindala ja s\u00fcgavust. Kompleksis sisalduv argireliin l\u00f5dvestab n\u00e4olihaseid ja takistab ilmejoonte teket.<\/span><\/p>\n<p>&nbsp;<\/p>\n<p><span style=\"font-weight: 400;\">Noorendav koostisosa, mis p\u00f5hineb Jaapani kameelia ekstraktil. <\/span><b>Redsnow\u2122 <\/b><span style=\"font-weight: 400;\">takistab rakkude oks\u00fcdeerumist, h\u00e4vitab looduslikku kollageeni ja aeglustab fotovananemise protsessi. Hoiab naha elastsena ja pinguldatuna.\u00a0<\/span><\/p>\n<p>&nbsp;<\/p>\n<p><b>Bioaktiivne tsitrusviljade ekstrakt Eosidin\u00ae<\/b><span style=\"font-weight: 400;\"> pakub antioks\u00fcdantide kaitset, leevendab p\u00f5letikku ja naha\u00e4rritust, v\u00e4hendab tundlikkust ja tugevdab kapillaare. Selle tulemusena parandab see naha tooni ja tekstuuri, muutes selle s\u00e4ravaks, tugevaks ja terveks.<\/span><\/p>\n<p>&nbsp;<\/p>\n<h2><i>T\u00e4iendavad toimeained <\/i><i>MEDI-PEEL Peptide 9 Vitanol PRO kreem<\/i><\/h2>\n<p><b>Glutatioon <\/b><span style=\"font-weight: 400;\">Toonib, helendab pigmentatsiooni ja k\u00f5rvaldab punetust. Kaitseb nahka vabade radikaalide ja keskkonna kahjuliku m\u00f5ju eest.<\/span><\/p>\n<p>&nbsp;<\/p>\n<p><b>Mungoubade ekstrakt<\/b><span style=\"font-weight: 400;\"> pakub antioks\u00fcdante, niisutavaid aineid ja toitaineid. See k\u00fcllastab nahka vitamiinide ja mineraalidega.\u00a0<\/span><\/p>\n<p>&nbsp;<\/p>\n<p><b>H\u00fcdrol\u00fc\u00fcsitud kollageen <\/b><span style=\"font-weight: 400;\">takistab niiskuskaotust, parandab elastsust ja silub mikroreljeefi. Hoiab naha niisutatuna, siledana ja pinguldatuna.<\/span><\/p>\n<p>&nbsp;<\/p>\n<p><b>V\u00e4\u00e4rtuslikud \u00f5lid (kookos ja jojoba) <\/b><span style=\"font-weight: 400;\">toidab, niisutab, taastab ja kiirendab paranemist. Pehmendab, k\u00f5rvaldab kuivuse ja ketendavuse, annab nahale hoolitsetud v\u00e4limuse.<\/span><b>\u00a0<\/b><\/p>\n<p>&nbsp;<\/p>\n<h2><i>Ise\u00e4rasused<\/i><i> <\/i><i>MEDI-<\/i><i>PEEL<\/i><i> Peptide 9 Vitanol PRO Cream<\/i><\/h2>\n<p><span style=\"font-weight: 400;\">Kreemil on \u00f5rn tsitruseliste nootidega l\u00f5hn ja tihe tekstuur, mis sulab nahale kandmisel. Toode imendub \u00f5rnalt, tekitades pikaajalise toitva ja niisutava toime. See ei j\u00e4ta kleepuvust ja on kergelt satiinse viimistlusega.<\/span><\/p>\n<p>&nbsp;<\/p>\n<p><span style=\"font-weight: 400;\">Sobib kasutamiseks igal aastaajal, hommikul ja\/v\u00f5i \u00f5htul.\u00a0<\/span><\/p>\n<p><b>\u00a0<\/b><\/p>\n<p><b>Soovitame <\/b><b>MEDI-PEEL Peptide 9 Vitanol PRO Cream:<\/b><\/p>\n<ol>\n<li style=\"font-weight: 400;\" aria-level=\"1\"><span style=\"font-weight: 400;\">Normaalsele, kuivale ja kuivale nahale;<\/span><\/li>\n<li style=\"font-weight: 400;\" aria-level=\"1\"><span style=\"font-weight: 400;\">Aknej\u00e4rgsele nahale, frekkidele ja vanusev\u00e4rvidele;<\/span><\/li>\n<li style=\"font-weight: 400;\" aria-level=\"1\"><span style=\"font-weight: 400;\">V\u00e4sinud ja tuhmi nahatooniga nahale;<\/span><\/li>\n<li style=\"font-weight: 400;\" aria-level=\"1\"><span style=\"font-weight: 400;\">Ebatasase nahatooniga nahale;<\/span><\/li>\n<li style=\"font-weight: 400;\" aria-level=\"1\"><span style=\"font-weight: 400;\">Kuivale nahale, millel on ketendavad ja karedad laigud;<\/span><\/li>\n<li style=\"font-weight: 400;\" aria-level=\"1\"><span style=\"font-weight: 400;\">K\u00fcpsele nahale, mis kaotab toonust (kui naha tugevus ja elastsus on v\u00e4henenud);<\/span><\/li>\n<li style=\"font-weight: 400;\" aria-level=\"1\"><span style=\"font-weight: 400;\">Vananemisvastase hoolduse jaoks, et t\u00f5sta, ennetada pigmentatsiooni, \u00fchtlustada toonust ja v\u00e4hendada kortse.<\/span><\/li>\n<\/ol>\n<p>&nbsp;<\/p>\n<p><span style=\"font-weight: 400;\">Parimate tulemuste saavutamiseks kasutage kreemi koos teiste sarja toodetega <\/span><span style=\"color: #0000ff;\"><a style=\"color: #0000ff;\" href=\"https:\/\/liluilu.ee\/et\/tootesilt\/peptide-9-vitanol-pro-line\/\" target=\"_blank\" rel=\"noopener\"><span style=\"font-weight: 400;\">MEDIPEEL Peptiid 9 Vitanol PRO<\/span><\/a><\/span><span style=\"font-weight: 400;\">.<\/span><\/p>\n<p>&nbsp;<\/p>\n<p><b>Kuidas kasutada MEDI-PEEL Peptide 9 Vitanol PRO kreemi:<\/b><\/p>\n<p><span style=\"font-weight: 400;\">P\u00e4rast pesemist, kasutades toonikut ja seerumit, v\u00f5tke v\u00e4ike kogus kreemi ja kandke see \u00f5rnalt n\u00e4ole ja kaelale, liikudes m\u00f6\u00f6da massaa\u017eijooni.\u00a0<\/span><\/p>\n<p>&nbsp;<\/p>\n<p><b>Netokogus:<\/b><span style=\"font-weight: 400;\"> 50 gr.<\/span><\/p>\n<p>&nbsp;<\/p>\n<p><span style=\"font-weight: 400;\">Kui teil on lisak\u00fcsimusi v\u00f5i vajate toote valimisel n\u00f5u, kirjutage meile. Vestlus asub ekraani paremas alanurgas.<\/span><\/p>\n<p>&nbsp;<\/p>\n<p><a title=\"TARNETINGIMUSED\" href=\"https:\/\/liluilu.ee\/et\/kohaletoimetamine\/\" target=\"_blank\" rel=\"noopener\">TARNETINGIMUSED<\/a><\/p>","protected":false},"excerpt":{"rendered":"<p>\u0412\u044b\u0441\u043e\u043a\u043e\u043a\u043e\u043d\u0446\u0435\u043d\u0442\u0440\u0438\u0440\u043e\u0432\u0430\u043d\u043d\u044b\u0439 \u043a\u0440\u0435\u043c-\u043b\u0438\u0444\u0442\u0438\u043d\u0433 \u043f\u0440\u043e\u0442\u0438\u0432 \u043f\u0438\u0433\u043c\u0435\u043d\u0442\u0430\u0446\u0438\u0438 MEDI-PEEL Peptide 9 Vitanol PRO Cream:\u00a0 \u041f\u0440\u0435\u043a\u0440\u0430\u0441\u043d\u043e \u0441\u043f\u0440\u0430\u0432\u043b\u044f\u0435\u0442\u0441\u044f \u0441 \u043e\u0441\u0432\u0435\u0442\u043b\u0435\u043d\u0438\u0435\u043c \u043f\u0438\u0433\u043c\u0435\u043d\u0442\u043d\u044b\u0445 \u043f\u044f\u0442\u0435\u043d, \u0432\u0435\u0441\u043d\u0443\u0448\u0435\u043a \u0438 \u043f\u043e\u0441\u0442\u0430\u043a\u043d\u0435, \u0430 \u0442\u0430\u043a\u0436\u0435 \u043f\u0440\u0435\u0434\u043e\u0442\u0432\u0440\u0430\u0449\u0430\u0435\u0442 \u043f\u043e\u044f\u0432\u043b\u0435\u043d\u0438\u0435 \u043d\u043e\u0432\u044b\u0445; \u041f\u043e\u0432\u044b\u0448\u0430\u0435\u0442 \u044d\u043b\u0430\u0441\u0442\u0438\u0447\u043d\u043e\u0441\u0442\u044c \u0438 \u0443\u043f\u0440\u0443\u0433\u043e\u0441\u0442\u044c, \u043f\u0440\u0435\u043f\u044f\u0442\u0441\u0442\u0432\u0443\u0435\u0442 \u043e\u0431\u0432\u0438\u0441\u0430\u043d\u0438\u044e \u0442\u043a\u0430\u043d\u0435\u0439 \u0438 \u043f\u043e\u043c\u043e\u0433\u0430\u0435\u0442 \u0441\u043e\u0445\u0440\u0430\u043d\u0438\u0442\u044c \u043e\u0432\u0430\u043b \u043b\u0438\u0446\u0430; \u0423\u043c\u0435\u043d\u044c\u0448\u0430\u0435\u0442 \u0432\u0438\u0434\u0438\u043c\u043e\u0441\u0442\u044c \u043f\u043e\u0440 \u0438 \u0443\u043b\u0443\u0447\u0448\u0430\u0435\u0442 \u0442\u0435\u043a\u0441\u0442\u0443\u0440\u0443 \u043a\u043e\u0436\u0438; \u0421\u043e\u043a\u0440\u0430\u0449\u0430\u0435\u0442 \u043f\u043b\u043e\u0449\u0430\u0434\u044c \u0438 \u0433\u043b\u0443\u0431\u0438\u043d\u0443 \u043c\u043e\u0440\u0449\u0438\u043d; \u0423\u0441\u0442\u0440\u0430\u043d\u044f\u0435\u0442 \u0442\u0443\u0441\u043a\u043b\u043e\u0441\u0442\u044c, \u0432\u044b\u0440\u0430\u0432\u043d\u0438\u0432\u0430\u0435\u0442 \u0442\u043e\u043d, \u0434\u0430\u0440\u0438\u0442 \u043b\u0438\u0446\u0443 \u0441\u0432\u0435\u0436\u0435\u0441\u0442\u044c [&hellip;]<\/p>","protected":false},"featured_media":11657,"comment_status":"open","ping_status":"closed","template":"","meta":{"_eb_attr":"","jetpack_post_was_ever_published":false,"_joinchat":[]},"product_brand":[],"product_cat":[219,95],"product_tag":[705,709,635,706,445,620,443,457,707,708,622,658,465,433,253,239,429,437,459,489],"class_list":{"0":"post-11640","1":"product","2":"type-product","3":"status-publish","4":"has-post-thumbnail","6":"product_cat-medi-peel","7":"product_cat-kremy-emulsii-i-losony-dlya-lica","8":"product_tag-eosidin-2","9":"product_tag-peptide-9-vitanol-pro-line","10":"product_tag-redsnow","11":"product_tag-vitanol-complex","12":"product_tag-antivozrastnoj-uhod","13":"product_tag-antivozrastnye-kremy-dlya-lica","14":"product_tag-antioksidanty","15":"product_tag-vesnushki","16":"product_tag-kosmetika-s-antioksidantami","17":"product_tag-kosmetika-s-vitaminami","18":"product_tag-kosmetika-s-peptidami","19":"product_tag-liposomalnaya-tehnologiya-dostavki-aktivov","20":"product_tag-lifting","21":"product_tag-nerovnyj-ton-kozhi","22":"product_tag-niacinamid","23":"product_tag-peptidy","24":"product_tag-pigmentaciya","25":"product_tag-postakne","26":"product_tag-tusklyj-cvet-lica","27":"product_tag-elastichnost-i-uprugost","29":"first","30":"instock","31":"sale","32":"shipping-taxable","33":"purchasable","34":"product-type-simple"},"jetpack_sharing_enabled":true,"_links":{"self":[{"href":"https:\/\/liluilu.ee\/et\/wp-json\/wp\/v2\/product\/11640","targetHints":{"allow":["GET"]}}],"collection":[{"href":"https:\/\/liluilu.ee\/et\/wp-json\/wp\/v2\/product"}],"about":[{"href":"https:\/\/liluilu.ee\/et\/wp-json\/wp\/v2\/types\/product"}],"replies":[{"embeddable":true,"href":"https:\/\/liluilu.ee\/et\/wp-json\/wp\/v2\/comments?post=11640"}],"version-history":[{"count":22,"href":"https:\/\/liluilu.ee\/et\/wp-json\/wp\/v2\/product\/11640\/revisions"}],"predecessor-version":[{"id":14035,"href":"https:\/\/liluilu.ee\/et\/wp-json\/wp\/v2\/product\/11640\/revisions\/14035"}],"wp:featuredmedia":[{"embeddable":true,"href":"https:\/\/liluilu.ee\/et\/wp-json\/wp\/v2\/media\/11657"}],"wp:attachment":[{"href":"https:\/\/liluilu.ee\/et\/wp-json\/wp\/v2\/media?parent=11640"}],"wp:term":[{"taxonomy":"product_brand","embeddable":true,"href":"https:\/\/liluilu.ee\/et\/wp-json\/wp\/v2\/product_brand?post=11640"},{"taxonomy":"product_cat","embeddable":true,"href":"https:\/\/liluilu.ee\/et\/wp-json\/wp\/v2\/product_cat?post=11640"},{"taxonomy":"product_tag","embeddable":true,"href":"https:\/\/liluilu.ee\/et\/wp-json\/wp\/v2\/product_tag?post=11640"}],"curies":[{"name":"t\u00f6\u00f6leht","href":"https:\/\/api.w.org\/{rel}","templated":true}]}}