{"id":11596,"date":"2024-06-08T20:58:10","date_gmt":"2024-06-08T17:58:10","guid":{"rendered":"https:\/\/liluilu.ee\/?post_type=product&#038;p=11596"},"modified":"2026-04-09T12:20:14","modified_gmt":"2026-04-09T09:20:14","slug":"medi-peel-hyaluronic-acid-layer-mooltox-toner","status":"publish","type":"product","link":"https:\/\/liluilu.ee\/et\/medi-peel-hyaluronic-acid-layer-mooltox-toner\/","title":{"rendered":"Lamellar ultra-niisutav tooner MEDI-PEEL Hyaluronic Acid Layer Mooltox Toner 300ml."},"content":{"rendered":"<p><span style=\"font-weight: 400;\">Intensiivselt niisutav toonik <\/span><b>MEDI-PEEL Hyaluronic Acid Layer Mooltox toonik<\/b><span style=\"font-weight: 400;\"> taastab koheselt naha niiskuse, leevendab kuivust ja ketendust, k\u00f5rvaldab deh\u00fcdratsiooni ning taastab vee- ja rasvatasakaalu.\u00a0<\/span><\/p>\n<p>&nbsp;<\/p>\n<p><span style=\"font-weight: 400;\">T\u00e4nu <\/span><b>lamelliline MLE-tehnoloogia<\/b><span style=\"font-weight: 400;\"> (patent nr 10-2415735) toonik taastab kaitsebarj\u00e4\u00e4ri, v\u00e4hendab tundlikkust, suurendab kohalikku immuunsust ja elavdab nahka.<\/span><\/p>\n<p>&nbsp;<\/p>\n<p><span style=\"font-weight: 400;\">Toimeainetel on noorendav toime: nad siluvad mikroreljeefi, parandavad tekstuuri ja tekstuuri <\/span><b>19,57 v\u00f5rra % kahandab poorid<\/b><span style=\"font-weight: 400;\">. Suurendavad naha elastsust ja tugevust, muudavad naha pinguldatumaks ja pinguldatumaks.\u00a0<\/span><\/p>\n<p>&nbsp;<\/p>\n<p><span style=\"font-weight: 400;\">Toonik v\u00e4rskendab, toniseerib, valmistab naha ette edasiseks hoolduseks ja suurendab selle t\u00f5husust.\u00a0<\/span><\/p>\n<p>&nbsp;<\/p>\n<p><span style=\"font-weight: 400;\">T\u00e4nu oma mitmek\u00fclgsele koostisele on see p\u00f5hitoode ja sobib mis tahes hoolduse juurde.<\/span><\/p>\n<p>&nbsp;<\/p>\n<h2><i>MEDI-PEEL Hyaluronic Acid Layer Mooltox Toner peamised toimeained:<\/i><\/h2>\n<p><span style=\"font-weight: 400;\">Uuenduslik ja patenteeritud h\u00fcaluroonhappe vorm <\/span><b>Circle Hyaluronic Acid\u2122<\/b><span style=\"font-weight: 400;\">Toimeaine tungib kergesti pooridesse, toimib s\u00fcgavamal, imendub paremini ja on l\u00f5ppkokkuv\u00f5ttes t\u00f5husam kui tavaline h\u00fcaluroonhape. Toimeaine tungib kergesti pooridesse, toimib s\u00fcgavamal tasandil, imendub paremini ja on l\u00f5ppkokkuv\u00f5ttes t\u00f5husam kui tavaline h\u00fcaluroonhape.<\/span><\/p>\n<p>&nbsp;<\/p>\n<p><b>Circle Hyaluronic Acid\u2122 <\/b><span style=\"font-weight: 400;\">tagab s\u00fcgava, intensiivse ja kauakestva niisutuse. Parandab barj\u00e4\u00e4ri funktsiooni, v\u00e4hendab peente joonte ja kortsude ilmnemist, parandab naha \u00fcldist tooni ja tekstuuri.<\/span><\/p>\n<p>&nbsp;<\/p>\n<p><b>Aquaxyl\u2122<\/b><span style=\"font-weight: 400;\"> stimuleerib omaenda h\u00fcaluroonhappe, NMF, keramiidide ja kolesterooli s\u00fcnteesi, suurendab niisutust ja takistab liigset niiskuse aurustumist. See k\u00f5rvaldab kuivuse ja ketendavuse, taastab naha elastsuse, silub nahka ja silub selle mikroreljeefi.<\/span><\/p>\n<p>&nbsp;<\/p>\n<p><b>Volufiline\u2122 <\/b><span style=\"font-weight: 400;\">suurendab nahaaluse rasvkoe mahtu manustamispiirkonnas, muudab naha t\u00e4idlasemaks ja pinguldatumaks, t\u00e4idab peened jooned ja s\u00e4ilitab n\u00e4okontuurid.<\/span><\/p>\n<p>&nbsp;<\/p>\n<p><b>Taimeekstraktide kompleks <\/b><span style=\"font-weight: 400;\">(portulaka, aaloe, viigimari, jerikooli roos, bakla\u017eaan) rahustab, v\u00e4hendab punetust ja leevendab \u00e4rritusi. Pakub antioks\u00fcdantide kaitset ja tugevdab naha immuunsust.<\/span><\/p>\n<p>&nbsp;<\/p>\n<p><b>Centella asiatica ja selle derivaatide kompleks <\/b><span style=\"font-weight: 400;\">m\u00f5jub p\u00f5letikuvastaselt, niisutab, kaitseb ja rahustab nahka. Tugevdab veresoonte seinu, v\u00e4hendab tundlikkust, aitab v\u00f5idelda kupeeria ja ekseemi vastu.<\/span><\/p>\n<p>&nbsp;<\/p>\n<h2><i>T\u00e4iendavad toimeained MEDI-PEEL Hyaluronic Acid Layer Mooltox Toner:<\/i><\/h2>\n<p><b>Keramiidid NP<\/b><span style=\"font-weight: 400;\"> sulanduvad h\u00fcdrolipiidse mantli sisse, takistavad niiskuskaotust, tugevdavad kaitsebarj\u00e4\u00e4ri ja v\u00e4hendavad reaktiivsust. K\u00f5rvaldab kuivuse ja ketendavuse, pehmendab nahka ja muudab selle siledaks.<\/span><\/p>\n<p>&nbsp;<\/p>\n<p><b>Kollageen <\/b><span style=\"font-weight: 400;\">aitab ka nahal s\u00e4ilitada niiskust ja p\u00fcsida kaua niisutatud. See parandab naha tekstuuri, muudab selle elastsemaks ja pinguldatumaks ning aitab siluda kortse.<\/span><\/p>\n<p>&nbsp;<\/p>\n<p><b>Ektoiin <\/b><span style=\"font-weight: 400;\">kaitseb UV-kiirguse, saaste ja muude stressitegurite negatiivsete m\u00f5jude eest. Niisutab, soodustab regenereerimist ja taastamist. Elustab nahka, aidates hoida selle v\u00e4rsket ja nooruslikku v\u00e4ljan\u00e4gemist.<\/span><\/p>\n<p>&nbsp;<\/p>\n<h2><i>Omadused MEDI-PEEL Hyaluronic Acid Layer Mooltox Toner:<\/i><\/h2>\n<p><span style=\"font-weight: 400;\">Tooneril ei ole l\u00f5hnaainet ja see on v\u00e4ga kerge, vesise tekstuuriga. See imendub koheselt, ei kleepu ja on loomuliku l\u00f5pptulemusega.\u00a0<\/span><\/p>\n<p>&nbsp;<\/p>\n<p><span style=\"font-weight: 400;\">Sobib ideaalselt kihiliseks ja niisutavaks ekspressmaskiks, mis on eriti kasulik kuivale ja deh\u00fcdreeritud nahale.<\/span><\/p>\n<p><b>\u00a0<\/b><\/p>\n<p><b>Soovitame <\/b><b>MEDI-PEEL Hyaluronic Acid Layer Mooltox toonik <\/b><span style=\"font-weight: 400;\">k\u00f5ikidele nahat\u00fc\u00fcpidele, sealhulgas tundlikule ja probleemsele nahale. Kuid eriti kuivale ja deh\u00fcdreeritud nahale, samuti nahale, millel on kahjustatud barj\u00e4\u00e4r.\u00a0<\/span><\/p>\n<p>&nbsp;<\/p>\n<p><b>Kuidas kasutada:<\/b><\/p>\n<p><span style=\"font-weight: 400;\">P\u00e4rast pesemist kandke vajalik kogus toonikut n\u00e4ole ja kaelale, kasutades selleks vatiplaate v\u00f5i otse peopesadest. Patsutage toonikut \u00f5rnalt n\u00e4ole ja kaelale, kasutades vatipadjakesi v\u00f5i otse peopesadest.<\/span><\/p>\n<p>&nbsp;<\/p>\n<p><span style=\"font-weight: 400;\">Niisutavaks ekspressmaskiks niisutage vatiplaate rohkelt toonikuga ja kandke need 5-10 minutiks eriti kuivadele nahapiirkondadele.<\/span><\/p>\n<p>&nbsp;<\/p>\n<p><b>Netokogus:<\/b><span style=\"font-weight: 400;\"> 300 ml.<\/span><\/p>\n<p>&nbsp;<\/p>\n<p><span style=\"font-weight: 400;\">Kui teil on lisak\u00fcsimusi v\u00f5i vajate toote valimisel n\u00f5u, kirjutage meile. Vestlus asub ekraani paremas alanurgas.<\/span><\/p>\n<p>&nbsp;<\/p>\n<p><a title=\"TARNETINGIMUSED\" href=\"https:\/\/liluilu.ee\/et\/kohaletoimetamine\/\" target=\"_blank\" rel=\"noopener\">TARNETINGIMUSED<\/a><\/p>","protected":false},"excerpt":{"rendered":"<p>\u0418\u043d\u0442\u0435\u043d\u0441\u0438\u0432\u043d\u043e \u0443\u0432\u043b\u0430\u0436\u043d\u044f\u044e\u0449\u0438\u0439 \u0442\u043e\u043d\u0435\u0440 MEDI-PEEL Hyaluronic Acid Layer Mooltox Toner \u043c\u043e\u043c\u0435\u043d\u0442\u0430\u043b\u044c\u043d\u043e \u043d\u0430\u043f\u043e\u043b\u043d\u044f\u0435\u0442 \u043a\u043e\u0436\u0443 \u0432\u043b\u0430\u0433\u043e\u0439, \u0438\u0437\u0431\u0430\u0432\u043b\u044f\u0435\u0442 \u043e\u0442 \u0441\u0443\u0445\u043e\u0441\u0442\u0438 \u0438 \u0448\u0435\u043b\u0443\u0448\u0435\u043d\u0438\u0439, \u0443\u0441\u0442\u0440\u0430\u043d\u044f\u0435\u0442 \u043e\u0431\u0435\u0437\u0432\u043e\u0436\u0435\u043d\u043d\u043e\u0441\u0442\u044c \u0438 \u0432\u043e\u0441\u0441\u0442\u0430\u043d\u0430\u0432\u043b\u0438\u0432\u0430\u0435\u0442 \u0432\u043e\u0434\u043d\u043e-\u0436\u0438\u0440\u043e\u0432\u043e\u0439 \u0431\u0430\u043b\u0430\u043d\u0441.\u00a0 &nbsp; \u0411\u043b\u0430\u0433\u043e\u0434\u0430\u0440\u044f \u043b\u0430\u043c\u0435\u043b\u043b\u044f\u0440\u043d\u043e\u0439 MLE-\u0442\u0435\u0445\u043d\u043e\u043b\u043e\u0433\u0438\u0438 (\u043f\u0430\u0442\u0435\u043d\u0442 \u211610-2415735) \u0442\u043e\u043d\u0435\u0440 \u0440\u0435\u0441\u0442\u0430\u0432\u0440\u0438\u0440\u0443\u0435\u0442 \u0437\u0430\u0449\u0438\u0442\u043d\u044b\u0439 \u0431\u0430\u0440\u044c\u0435\u0440, \u0441\u043d\u0438\u0436\u0430\u0435\u0442 \u0447\u0443\u0432\u0441\u0442\u0432\u0438\u0442\u0435\u043b\u044c\u043d\u043e\u0441\u0442\u044c, \u043f\u043e\u0432\u044b\u0448\u0430\u0435\u0442 \u043c\u0435\u0441\u0442\u043d\u044b\u0439 \u0438\u043c\u043c\u0443\u043d\u0438\u0442\u0435\u0442 \u0438 \u043e\u0437\u0434\u043e\u0440\u0430\u0432\u043b\u0438\u0432\u0430\u0435\u0442 \u043a\u043e\u0436\u0443. &nbsp; \u0410\u043a\u0442\u0438\u0432\u043d\u044b\u0435 \u043a\u043e\u043c\u043f\u043e\u043d\u0435\u043d\u0442\u044b \u043e\u043a\u0430\u0437\u044b\u0432\u0430\u044e\u0442 \u043e\u043c\u043e\u043b\u0430\u0436\u0438\u0432\u0430\u044e\u0449\u0435\u0435 \u0434\u0435\u0439\u0441\u0442\u0432\u0438\u0435: \u0440\u0430\u0437\u0433\u043b\u0430\u0436\u0438\u0432\u0430\u044e\u0442 \u043c\u0438\u043a\u0440\u043e\u0440\u0435\u043b\u044c\u0435\u0444, \u0443\u043b\u0443\u0447\u0448\u0430\u044e\u0442 \u0442\u0435\u043a\u0441\u0442\u0443\u0440\u0443 \u0438 \u043d\u0430 19,57 [&hellip;]<\/p>","protected":false},"featured_media":11660,"comment_status":"open","ping_status":"closed","template":"","meta":{"_eb_attr":"","jetpack_post_was_ever_published":false,"_joinchat":[]},"product_brand":[],"product_cat":[219,217],"product_tag":[337,702,611,329,567,439,701,692,423,400,595],"class_list":{"0":"post-11596","1":"product","2":"type-product","3":"status-publish","4":"has-post-thumbnail","6":"product_cat-medi-peel","7":"product_cat-tonery","8":"product_tag-aquaxyl","9":"product_tag-circle-hyaluronic-acid","10":"product_tag-mle","11":"product_tag-volufiline","12":"product_tag-voljufilin","13":"product_tag-vosstanovlenie-barera","14":"product_tag-lamellyarnaya-kosmetika","15":"product_tag-mooltox-line","16":"product_tag-obezvozhennaya-kozha","17":"product_tag-uvlazhnenie","18":"product_tag-uvlazhnyajushhie-tonery","20":"first","21":"outofstock","22":"shipping-taxable","23":"purchasable","24":"product-type-simple"},"jetpack_sharing_enabled":true,"_links":{"self":[{"href":"https:\/\/liluilu.ee\/et\/wp-json\/wp\/v2\/product\/11596","targetHints":{"allow":["GET"]}}],"collection":[{"href":"https:\/\/liluilu.ee\/et\/wp-json\/wp\/v2\/product"}],"about":[{"href":"https:\/\/liluilu.ee\/et\/wp-json\/wp\/v2\/types\/product"}],"replies":[{"embeddable":true,"href":"https:\/\/liluilu.ee\/et\/wp-json\/wp\/v2\/comments?post=11596"}],"version-history":[{"count":9,"href":"https:\/\/liluilu.ee\/et\/wp-json\/wp\/v2\/product\/11596\/revisions"}],"predecessor-version":[{"id":11608,"href":"https:\/\/liluilu.ee\/et\/wp-json\/wp\/v2\/product\/11596\/revisions\/11608"}],"wp:featuredmedia":[{"embeddable":true,"href":"https:\/\/liluilu.ee\/et\/wp-json\/wp\/v2\/media\/11660"}],"wp:attachment":[{"href":"https:\/\/liluilu.ee\/et\/wp-json\/wp\/v2\/media?parent=11596"}],"wp:term":[{"taxonomy":"product_brand","embeddable":true,"href":"https:\/\/liluilu.ee\/et\/wp-json\/wp\/v2\/product_brand?post=11596"},{"taxonomy":"product_cat","embeddable":true,"href":"https:\/\/liluilu.ee\/et\/wp-json\/wp\/v2\/product_cat?post=11596"},{"taxonomy":"product_tag","embeddable":true,"href":"https:\/\/liluilu.ee\/et\/wp-json\/wp\/v2\/product_tag?post=11596"}],"curies":[{"name":"t\u00f6\u00f6leht","href":"https:\/\/api.w.org\/{rel}","templated":true}]}}