{"id":11549,"date":"2024-06-04T15:53:19","date_gmt":"2024-06-04T12:53:19","guid":{"rendered":"https:\/\/liluilu.ee\/?post_type=product&#038;p=11549"},"modified":"2026-04-09T12:20:37","modified_gmt":"2026-04-09T09:20:37","slug":"medi-peel-aqua-mooltox-water-fit-sun-serum-spf50","status":"publish","type":"product","link":"https:\/\/liluilu.ee\/et\/medi-peel-aqua-mooltox-water-fit-sun-serum-spf50\/","title":{"rendered":"\u00dcliniisutav p\u00e4ikesekaitseseerum MEDI-PEEL Aqua Mooltox Water-Fit Sun Serum SPF50 +\/P++++ 50ml."},"content":{"rendered":"<p><span style=\"font-weight: 400;\">Kerge ja intensiivselt niisutav p\u00e4ikesekaitseseerum uue p\u00f5lvkonna fotostabiilsete keemiliste filtritega <\/span><b>MEDI-PEEL Aqua Mooltox Water-Fit p\u00e4ikeseseerum SPF50+\/P++++.<\/b><\/p>\n<p>&nbsp;<\/p>\n<p><span style=\"font-weight: 400;\">Mugava tekstuuriga toode asetseb kaalutu kihina nahal, ei j\u00e4ta j\u00e4lgi ja pakub t\u00e4ielikku p\u00e4evahooldust:<\/span><\/p>\n<p>&nbsp;<\/p>\n<ul>\n<li style=\"font-weight: 400;\" aria-level=\"1\"><span style=\"font-weight: 400;\">Tagab usaldusv\u00e4\u00e4rse kaitse m\u00f5lema spektri (UVA ja UVB) UV-kiirguse eest, mis linnakeskkonnas ei vaja uuendamist 8 tunniks;<\/span><\/li>\n<li style=\"font-weight: 400;\" aria-level=\"1\"><span style=\"font-weight: 400;\">T\u00e4idab naha koheselt niiskusega, k\u00f5rvaldab pinguloleku ja kuivuse;<\/span><\/li>\n<li style=\"font-weight: 400;\" aria-level=\"1\"><span style=\"font-weight: 400;\">Hoiab \u00e4ra deh\u00fcdratsiooni ja taastab veetasakaalu;<\/span><\/li>\n<li style=\"font-weight: 400;\" aria-level=\"1\"><span style=\"font-weight: 400;\">Hoiab \u00e4ra vanuselaikude teket, s\u00e4ilitab loodusliku kollageeni ja elastiini h\u00e4vimise eest;<\/span><\/li>\n<li style=\"font-weight: 400;\" aria-level=\"1\"><span style=\"font-weight: 400;\">Parandab toonust, s\u00e4ilitab naha elastsuse ja tugevuse, ennetab kortsude teket;<\/span><\/li>\n<li style=\"font-weight: 400;\" aria-level=\"1\"><span style=\"font-weight: 400;\">Kaitseb negatiivsete keskkonnam\u00f5jude eest;<\/span><\/li>\n<li style=\"font-weight: 400;\" aria-level=\"1\"><span style=\"font-weight: 400;\">Tugevdab loomulikku barj\u00e4\u00e4ri ja hoolitseb naha tervise s\u00e4ilitamise eest.<\/span><\/li>\n<\/ul>\n<p>&nbsp;<\/p>\n<h2><i>MEDI-PEEL Aqua Mooltox Water-Fit p\u00e4ikeseseerumi SPF50+\/P++++ peamised aktiivsed komponendid:\u00a0\u00a0<\/i><\/h2>\n<p><span style=\"font-weight: 400;\">P\u00e4ikesekaitsevalem p\u00f5hineb uue p\u00f5lvkonna keemilistel fotostabiilsetel filtritel. Nad ei j\u00e4ta valkjat j\u00e4\u00e4ki, on meeldivate sensoorsete omadustega ja linnatingimustes ei vaja v\u00e4rskendamist kuni 8 tundi:<\/span><\/p>\n<p>&nbsp;<\/p>\n<ul>\n<li style=\"font-weight: 400;\" aria-level=\"1\"><b>Uvinul T 150 (et\u00fc\u00fclheks\u00fc\u00fcltriasoon) <\/b><span style=\"font-weight: 400;\">tagab k\u00f5rgeima kaitsetaseme k\u00f5igi t\u00e4na saadaolevate UVB-filtrite seas;<\/span><\/li>\n<li style=\"font-weight: 400;\" aria-level=\"1\"><b>Mexoryl SX <\/b><span style=\"font-weight: 400;\">(Terephthalylidene Dicamphor Sulfonic Acid) kaitseb eelk\u00f5ige UVA-kiirte eest ja suurendab \u00fcldist kaitsefaktorit. Sellel on emulsioon ja vees lahustuv;<\/span><\/li>\n<li style=\"font-weight: 400;\" aria-level=\"1\"><b>Uvinul A Plus<\/b><span style=\"font-weight: 400;\"> (diet\u00fc\u00fclaminoh\u00fcdroks\u00fcbenso\u00fc\u00fclheks\u00fc\u00fclbensoaat) <\/span><span style=\"font-weight: 400;\">pakub kaitset UVA-vahemiku UV-kiirte eest;<\/span><\/li>\n<li style=\"font-weight: 400;\" aria-level=\"1\"><b>Parsol SLX<\/b><span style=\"font-weight: 400;\"> (Polysilicone-15) kaitseb UVB kiirte eest ja annab tootele mugava viimistluse;<\/span><\/li>\n<li style=\"font-weight: 400;\" aria-level=\"1\"><b>Tinosorb S<\/b><span style=\"font-weight: 400;\"> (Bis-Ethylhexyloxyphenol Methoxyphenyl Triazine) katab kogu UVA- ja UVB-kiirte vahemiku ning tagab k\u00f5rge SPF-indeksi. Samal ajal on sellel suurep\u00e4rane ohutusprofiil ja see on \u00e4\u00e4rmiselt fotostabiilne: ultraviolettkiirgusega kokkupuutel see praktiliselt ei kaota oma omadusi.<\/span><\/li>\n<\/ul>\n<p>&nbsp;<\/p>\n<p><span style=\"font-weight: 400;\">Hooldusvalemi aluseks on kompleks <\/span><b>Blue Waterlock (63.1%)<\/b><span style=\"font-weight: 400;\">. Toimeaine sisaldab 17 aminohapet, gaseeritud vett, 5 t\u00fc\u00fcpi h\u00fcaluroonhapet, akvaporiine ja ektoiini.\u00a0<\/span><\/p>\n<p>&nbsp;<\/p>\n<p><b>Blue Waterlocki kompleks:<\/b><\/p>\n<ul>\n<li style=\"font-weight: 400;\" aria-level=\"1\"><span style=\"font-weight: 400;\">Tagab kauakestva ja s\u00fcgava niisutuse;<\/span><\/li>\n<li style=\"font-weight: 400;\" aria-level=\"1\"><span style=\"font-weight: 400;\">Blokeerib niiskuse kadu ja hoiab \u00e4ra naha deh\u00fcdratsiooni;<\/span><\/li>\n<li style=\"font-weight: 400;\" aria-level=\"1\"><span style=\"font-weight: 400;\">Tagastab toonuse, muudab naha elastsemaks ja pingul;<\/span><\/li>\n<li style=\"font-weight: 400;\" aria-level=\"1\"><span style=\"font-weight: 400;\">Stimuleerib rakkude taastumist;<\/span><\/li>\n<li style=\"font-weight: 400;\" aria-level=\"1\"><span style=\"font-weight: 400;\">Toimib muu vara kanalina.\u00a0<\/span><\/li>\n<\/ul>\n<p>&nbsp;<\/p>\n<p><span style=\"font-weight: 400;\">Patenteeritud koostisosa <\/span><b>Aqualicia\u2122 <\/b><span style=\"font-weight: 400;\">s\u00fcgavniisutab, suurendab NMF-i ja taastab naha kaitsebarj\u00e4\u00e4ri. <\/span><\/p>\n<p>&nbsp;<\/p>\n<p><span style=\"font-weight: 400;\">See peptiidirikas toimeaine stimuleerib akvaporiinide tootmist \u2013 spetsiaalseid valke, mis toimivad veekanalitena ja aitavad niiskust naha s\u00fcgavamatesse kihtidesse transportida.\u00a0<\/span><\/p>\n<p>&nbsp;<\/p>\n<p><b>Keramiidid NP ja f\u00fctosfingosiin <\/b><span style=\"font-weight: 400;\">taastada ja tugevdada kaitsebarj\u00e4\u00e4ri, v\u00e4ltida liigset niiskuskadu, aidata hoida nahka h\u00fcdreeritud ja tervena.<\/span><\/p>\n<p>&nbsp;<\/p>\n<p><span style=\"font-weight: 400;\">Kompleksne<\/span> <b>Filmexel\u2122 <\/b><span style=\"font-weight: 400;\">on s\u00e4rava noorendava toimega ja kaitseb keskkonna kahjulike m\u00f5jude eest:<\/span><\/p>\n<ul>\n<li style=\"font-weight: 400;\" aria-level=\"1\"><span style=\"font-weight: 400;\">Toimeaine moodustab &quot;hingava&quot; kile, mis toimib nagu teine nahk ja pakub kaitset saaste, \u00e4rritajate ja allergeenide eest;<\/span><\/li>\n<li style=\"font-weight: 400;\" aria-level=\"1\"><span style=\"font-weight: 400;\">Pealegi,<\/span> <span style=\"font-weight: 400;\">Filmexel\u2122 silub, toniseerib ja pinguldab nahka, pakkudes silmatorkavat t\u00f5stvat efekti.\u00a0<\/span><\/li>\n<\/ul>\n<p>&nbsp;<\/p>\n<h2><em>MEDI-PEEL Aqua Mooltox Water-Fit p\u00e4ikeseseerumi SPF50+\/P++++ t\u00e4iendavad toimeained:<\/em><\/h2>\n<p><b>Kompleksne ULTRA-B KAITSE<\/b><span style=\"font-weight: 400;\"> on fotokaitsva toimega ja kaitseb nahka keskkonnam\u00f5jude eest.\u00a0<\/span><\/p>\n<p>&nbsp;<\/p>\n<p><b>Pantenool<\/b><span style=\"font-weight: 400;\"> t\u00e4iuslikult niisutab, rahustab ja pehmendab nahka. Leevendab \u00e4rritust ja v\u00e4hendab punetust, soodustab kahjustatud naha kiiret taastumist.\u00a0<\/span><\/p>\n<p>&nbsp;<\/p>\n<p><b>Niatsiinamiid <\/b><span style=\"font-weight: 400;\">on antioks\u00fcdantse toimega, takistab fotovananemist ja vanuselaikude teket. \u00dchtlustab tooni ja annab v\u00e4rske jume.\u00a0<\/span><\/p>\n<p>&nbsp;<\/p>\n<h2><i>MEDI-PEEL Aqua Mooltox Water-Fit p\u00e4ikeseseerumi SPF50+\/P++++ omadused:<\/i><\/h2>\n<p><span style=\"font-weight: 400;\">Seerum on kerge tekstuuri ja \u00f5rna meeldiva aroomiga. Toote konsistents meenutab kergelt kondenspiima. Imendub kiiresti, tundub nahal m\u00f5nus, ei j\u00e4ta kleepuvat ega valkjat j\u00e4\u00e4ki. Niisutab koheselt, j\u00e4tab kastese viimistluse ja annab nahale \u00f5rna s\u00e4ra.<\/span><\/p>\n<p><b>\u00a0<\/b><\/p>\n<p><b>Soovitame <\/b><b>MEDI-PEEL Aqua Mooltox Water-Fit p\u00e4ikeseseerum SPF50+\/P++++ <\/b><span style=\"font-weight: 400;\">kuivale, normaalsele ja kombineeritud, samuti deh\u00fcdreeritud nahale.<\/span><\/p>\n<p>&nbsp;<\/p>\n<p><span style=\"font-weight: 400;\">Kui teile meeldib see toode ja eelistate monobr\u00e4ndi hooldust, v\u00f5ib see koosneda Medi-Peel Mooltox sarja toodetest:<\/span><\/p>\n<ul>\n<li style=\"font-weight: 400;\" aria-level=\"1\"><span style=\"font-weight: 400;\">Puhastavad, niisutavad ja jahutavad toonerikettad <\/span><span style=\"color: #0000ff;\"><a style=\"color: #0000ff;\" href=\"https:\/\/liluilu.ee\/et\/medi-peel-aqua-mooltox-sparkling-pad\/\" target=\"_blank\" rel=\"noopener\"><span style=\"font-weight: 400;\">Aqua Mooltox s\u00e4delev padi<\/span><\/a><\/span><span style=\"font-weight: 400;\">;<\/span><\/li>\n<li style=\"font-weight: 400;\" aria-level=\"1\"><span style=\"font-weight: 400;\">Hapnikuessents intensiivraviks <\/span><a href=\"https:\/\/liluilu.ee\/et\/medi-peel-aqua-mooltox-sparkling-essence\/\" target=\"_blank\" rel=\"noopener\"><span style=\"font-weight: 400;\">\u00a0<span style=\"color: #0000ff;\">Aqua Mooltox s\u00e4delev essents<\/span><\/span><\/a><span style=\"font-weight: 400;\">;<\/span><\/li>\n<li style=\"font-weight: 400;\" aria-level=\"1\"><span style=\"font-weight: 400;\">Ultra-niisutav ja pinguldav t\u00e4itekreem <\/span><span style=\"color: #0000ff;\"><a style=\"color: #0000ff;\" href=\"https:\/\/liluilu.ee\/et\/medi-peel-aqua-mooltox-memory-cream\/\" target=\"_blank\" rel=\"noopener\"><span style=\"font-weight: 400;\">Aqua Mooltox m\u00e4lukreem<\/span><\/a><\/span><span style=\"font-weight: 400;\">.<\/span><\/li>\n<\/ul>\n<p>&nbsp;<\/p>\n<p><b>Toodete nahale kandmise protseduur: <\/b><span style=\"font-weight: 400;\">toonik - essents - n\u00e4okreem - p\u00e4ikesekaitseseerum.\u00a0<\/span><\/p>\n<p>&nbsp;<\/p>\n<p><span style=\"font-weight: 400;\">S\u00f5ltuvalt teie hetkevajadustest ja nahat\u00fc\u00fcbist v\u00f5ite hommikusest rutiinist n\u00e4okreemi vahele j\u00e4tta. Siis on hooldusplaan j\u00e4rgmine:<\/span><\/p>\n<ul>\n<li style=\"font-weight: 400;\" aria-level=\"1\"><b>Hommikul: <\/b><span style=\"font-weight: 400;\">tooner - essence - p\u00e4ikesekaitseseerum.<\/span><\/li>\n<li style=\"font-weight: 400;\" aria-level=\"1\"><b>\u00d5htul: <\/b><span style=\"font-weight: 400;\">toonik - essents - n\u00e4okreem.<\/span><\/li>\n<\/ul>\n<p>&nbsp;<\/p>\n<p><b>Kuidas kasutada MEDI-PEEL Aqua Mooltox Water-Fit p\u00e4ikeseseerumit SPF50+\/P++++:\u00a0<\/b><\/p>\n<p><span style=\"font-weight: 400;\">P\u00e4rast hommikuse hoolduse k\u00f5iki etappe ja enne meiki kandke umbes 1,2 ml. p\u00e4ikesekaitsekreem n\u00e4ole ja kaelale. Seerumit tuleks peale kanda 15-20 minutit enne \u00f5ue minekut. Linnakeskkonnas ei vaja toode p\u00e4evasel ajal v\u00e4rskendamist. Kui viibite otsese p\u00e4ikesevalguse k\u00e4es, n\u00e4iteks rannas, siis uuenda kaitsekihti iga 2 tunni j\u00e4rel.<\/span><\/p>\n<p>&nbsp;<\/p>\n<p class=\"translation-block\">Netokogus: 50 ml.<\/p>\n<p>&nbsp;<\/p>\n<p><span style=\"font-weight: 400;\">Kui teil on lisak\u00fcsimusi v\u00f5i vajate toote valimisel n\u00f5u, kirjutage meile. Vestlus asub ekraani paremas alanurgas.<\/span><\/p>\n<p>&nbsp;<\/p>\n<p><a title=\"TARNETINGIMUSED\" href=\"https:\/\/liluilu.ee\/et\/kohaletoimetamine\/\" target=\"_blank\" rel=\"noopener\">TARNETINGIMUSED<\/a><\/p>","protected":false},"excerpt":{"rendered":"<p>\u041b\u0435\u0433\u043a\u0430\u044f \u0438 \u0438\u043d\u0442\u0435\u043d\u0441\u0438\u0432\u043d\u043e \u0443\u0432\u043b\u0430\u0436\u043d\u044f\u044e\u0449\u0430\u044f \u0441\u043e\u043b\u043d\u0446\u0435\u0437\u0430\u0449\u0438\u0442\u043d\u0430\u044f \u0441\u044b\u0432\u043e\u0440\u043e\u0442\u043a\u0430 \u043d\u0430 \u0444\u043e\u0442\u043e\u0441\u0442\u0430\u0431\u0438\u043b\u044c\u043d\u044b\u0445 \u0445\u0438\u043c\u0438\u0447\u0435\u0441\u043a\u0438\u0445 \u0444\u0438\u043b\u044c\u0442\u0440\u0430\u0445 \u043d\u043e\u0432\u043e\u0433\u043e \u043f\u043e\u043a\u043e\u043b\u0435\u043d\u0438\u044f MEDI-PEEL Aqua Mooltox Water-Fit Sun Serum SPF50+\/P++++. &nbsp; \u0421\u0440\u0435\u0434\u0441\u0442\u0432\u043e \u0441 \u043a\u043e\u043c\u0444\u043e\u0440\u0442\u043d\u043e\u0439 \u0442\u0435\u043a\u0441\u0442\u0443\u0440\u043e\u0439 \u043b\u043e\u0436\u0438\u0442\u0441\u044f \u043d\u0430 \u043a\u043e\u0436\u0443 \u043d\u0435\u0432\u0435\u0441\u043e\u043c\u044b\u043c \u0441\u043b\u043e\u0435\u043c, \u043d\u0435 \u043e\u0441\u0442\u0430\u0432\u043b\u044f\u0435\u0442 \u043d\u0438\u043a\u0430\u043a\u0438\u0445 \u0441\u043b\u0435\u0434\u043e\u0432 \u0438 \u043e\u0431\u0435\u0441\u043f\u0435\u0447\u0438\u0432\u0430\u0435\u0442 \u043f\u043e\u043b\u043d\u043e\u0446\u0435\u043d\u043d\u044b\u0439 \u0434\u043d\u0435\u0432\u043d\u043e\u0439 \u0443\u0445\u043e\u0434: &nbsp; \u041e\u0431\u0435\u0441\u043f\u0435\u0447\u0438\u0432\u0430\u0435\u0442 \u043d\u0430\u0434\u0435\u0436\u043d\u0443\u044e \u0437\u0430\u0449\u0438\u0442\u0443 \u043e\u0442 \u0423\u0424-\u0438\u0437\u043b\u0443\u0447\u0435\u043d\u0438\u044f \u043e\u0431\u043e\u0438\u0445 \u0441\u043f\u0435\u043a\u0442\u0440\u043e\u0432 (UVA \u0438 UVB), \u043a\u043e\u0442\u043e\u0440\u0430\u044f \u0432 \u0433\u043e\u0440\u043e\u0434\u0441\u043a\u0438\u0445 \u0443\u0441\u043b\u043e\u0432\u0438\u044f\u0445 \u043d\u0435 \u0442\u0440\u0435\u0431\u0443\u0435\u0442 [&hellip;]<\/p>","protected":false},"featured_media":11551,"comment_status":"open","ping_status":"closed","template":"","meta":{"_eb_attr":"","jetpack_post_was_ever_published":false,"_joinchat":[]},"product_brand":[],"product_cat":[219,569],"product_tag":[698,699,697,666,591,589,590,692,387,665,586],"class_list":{"0":"post-11549","1":"product","2":"type-product","3":"status-publish","4":"has-post-thumbnail","6":"product_cat-medi-peel","7":"product_cat-solncezashhitnye-sredstva","8":"product_tag-aqualicia","9":"product_tag-filmexel","10":"product_tag-mexoryl-sx-terephthalylidene-dicamphor-sulfonic-acid","11":"product_tag-parsol-slx-polysilicone-15","12":"product_tag-tinosorb-s-bis-ethylhexyloxyphenol-methoxyphenyl-triazine","13":"product_tag-uvinul-a-plus-diethylamino-hydroxybenzoyl-hexyl-benzoate","14":"product_tag-uvinul-t-150-ethylhexyl-triazone","15":"product_tag-mooltox-line","16":"product_tag-solncezashhitnyj-krem-na-fotostabilnyh-filtrah","17":"product_tag-uvlazhnyajushhie-sanskriny","18":"product_tag-himicheskie-solncezashhitnye-filtry","20":"first","21":"instock","22":"shipping-taxable","23":"purchasable","24":"product-type-simple"},"jetpack_sharing_enabled":true,"_links":{"self":[{"href":"https:\/\/liluilu.ee\/et\/wp-json\/wp\/v2\/product\/11549","targetHints":{"allow":["GET"]}}],"collection":[{"href":"https:\/\/liluilu.ee\/et\/wp-json\/wp\/v2\/product"}],"about":[{"href":"https:\/\/liluilu.ee\/et\/wp-json\/wp\/v2\/types\/product"}],"replies":[{"embeddable":true,"href":"https:\/\/liluilu.ee\/et\/wp-json\/wp\/v2\/comments?post=11549"}],"version-history":[{"count":12,"href":"https:\/\/liluilu.ee\/et\/wp-json\/wp\/v2\/product\/11549\/revisions"}],"predecessor-version":[{"id":11569,"href":"https:\/\/liluilu.ee\/et\/wp-json\/wp\/v2\/product\/11549\/revisions\/11569"}],"wp:featuredmedia":[{"embeddable":true,"href":"https:\/\/liluilu.ee\/et\/wp-json\/wp\/v2\/media\/11551"}],"wp:attachment":[{"href":"https:\/\/liluilu.ee\/et\/wp-json\/wp\/v2\/media?parent=11549"}],"wp:term":[{"taxonomy":"product_brand","embeddable":true,"href":"https:\/\/liluilu.ee\/et\/wp-json\/wp\/v2\/product_brand?post=11549"},{"taxonomy":"product_cat","embeddable":true,"href":"https:\/\/liluilu.ee\/et\/wp-json\/wp\/v2\/product_cat?post=11549"},{"taxonomy":"product_tag","embeddable":true,"href":"https:\/\/liluilu.ee\/et\/wp-json\/wp\/v2\/product_tag?post=11549"}],"curies":[{"name":"t\u00f6\u00f6leht","href":"https:\/\/api.w.org\/{rel}","templated":true}]}}