{"id":11252,"date":"2024-04-24T15:37:40","date_gmt":"2024-04-24T12:37:40","guid":{"rendered":"https:\/\/liluilu.ee\/?post_type=product&#038;p=11252"},"modified":"2026-04-09T12:20:38","modified_gmt":"2026-04-09T09:20:38","slug":"medi-peel-peptide-9-aqua-essence-trial-kit","status":"publish","type":"product","link":"https:\/\/liluilu.ee\/et\/medi-peel-peptide-9-aqua-essence-trial-kit\/","title":{"rendered":"Peptiidide ja antioks\u00fcdantidega miniatuuride komplekt naha elastsuse ja s\u00fcgava niisutamise tagamiseks Medi-Peel Peptide 9 Aqua Essence Trial Kit"},"content":{"rendered":"<p><span style=\"font-weight: 400;\">N<\/span><span style=\"font-weight: 400;\">valik miniformaadis nahahooldustooteid,<\/span> <span style=\"font-weight: 400;\">suunatud<\/span><b> paranenud elastsus ja intensiivne, s\u00fcgav naha niisutus<\/b><span style=\"font-weight: 400;\">.<\/span><\/p>\n<p>&nbsp;<\/p>\n<p><span style=\"font-weight: 400;\"><strong>Medi-Peel Peptide 9 Aqua Essence proovikomplekt<\/strong> t\u00e4idab niiskusega, toidab, k\u00f5rvaldab tuhmuse, \u00fchtlustab toonust ja parandab jumet. Aktiveerib kudedes noorendavaid protsesse ja aeglustab vanusega seotud muutusi. Suurendab naha elastsust ja takistab kortsude teket.<\/span><\/p>\n<p>&nbsp;<\/p>\n<p><span style=\"font-weight: 400;\">Tagab v\u00f5imsa antioks\u00fcdantse kaitse ja kaitseb negatiivsete keskkonnam\u00f5jude eest. Blokeerib vabade radikaalide tegevuse, mis h\u00e4vitavad looduslikku kollageeni ja aeglustab naha fotovananemise protsessi.<\/span><\/p>\n<p>&nbsp;<\/p>\n<p><span style=\"font-weight: 400;\">Medi-Peel Peptide 9 Aqua Essence proovikomplekt on ideaalne tootesarja esimeseks tutvustuseks. Samuti on komplekti mugav kaasa v\u00f5tta: \u00e4rireisidele, puhkusele v\u00f5i j\u00f5usaali. Minimalistliku disainiga praktiline kosmeetikakott on lisa- ja meeldiv boonus.<\/span><\/p>\n<p>&nbsp;<\/p>\n<h2><i>Varustus <\/i><i>Medi-Peel Peptide 9 Aqua Essence proovikomplekt:<\/i><\/h2>\n<p><b>MEDI-PEEL Peptide 9 Aqua Essence n\u00e4opuhastusvahend, 15 ml. <\/b><span style=\"font-weight: 400;\">Vaht peseb nahalt ebapuhtused ja meigij\u00e4\u00e4gid, eemaldab liigse rasu ja puhastab poorid. S\u00fcnergias teiste sarja toodetega on sellel nahka noorendav toime.<\/span><\/p>\n<p>&nbsp;<\/p>\n<p><a href=\"https:\/\/liluilu.ee\/et\/medi-peel-peptide-9-aqua-essence-toner\/\" target=\"_blank\" rel=\"noopener\"><span style=\"font-weight: 400;\"><span style=\"color: #0000ff;\">Medi-Peel Peptide 9 Aqua Essence toonik<\/span><\/span><\/a><span style=\"font-weight: 400;\">, 20 ml.<\/span><b>\u00a0<\/b><\/p>\n<p><span style=\"font-weight: 400;\">K\u00f5rvaldab pesuj\u00e4rgse kuivuse ja pinguloleku tunde, toniseerib ja v\u00e4rskendab.\u00a0<\/span><\/p>\n<p><span style=\"font-weight: 400;\">Tagab s\u00fcgava ja kauakestva niisutuse, hoiab \u00e4ra deh\u00fcdratsiooni ja taastab veetasakaalu. Aeglustab kortsude ja peente joonte teket, tugevdab ja parandab elastsust. \u00dchtlustab naha tekstuuri ja parandab jumet.<\/span><\/p>\n<p>&nbsp;<\/p>\n<p><span style=\"color: #0000ff;\"><a style=\"color: #0000ff;\" href=\"https:\/\/liluilu.ee\/et\/medi-peel-peptide-9-aqua-essence-lifting-ampoule\/\" target=\"_blank\" rel=\"noopener\"><span style=\"font-weight: 400;\">Medi-Peel Peptide 9 Aqua Essence t\u00f5stev ampull<\/span><\/a><\/span><span style=\"font-weight: 400;\">, <\/span><span style=\"font-weight: 400;\">15 ml.<\/span><\/p>\n<p><span style=\"font-weight: 400;\">Sarja k\u00f5ige kontsentreeritum toode, millel on lai valik funktsioone:\u00a0<\/span><\/p>\n<ul>\n<li style=\"font-weight: 400;\" aria-level=\"1\"><span style=\"font-weight: 400;\">Parandab jumet, kergendab \u00f5rnalt soovimatut pigmentatsiooni ja \u00fchtlustab tooni;<\/span><\/li>\n<li style=\"font-weight: 400;\" aria-level=\"1\"><span style=\"font-weight: 400;\">Suurendab elastsust ja tugevust, muudab naha tihedamaks ja pringimaks;<\/span><\/li>\n<li style=\"font-weight: 400;\" aria-level=\"1\"><span style=\"font-weight: 400;\">Silub peeneid jooni ja kortse, v\u00e4hendab kortsude teket ja takistab nende teket.<\/span><\/li>\n<\/ul>\n<p><span style=\"font-weight: 400;\">\u00a0<\/span><\/p>\n<p><span style=\"font-weight: 400;\">T\u00e4nu koostises sisalduvatele tugevatele antioks\u00fcdantidele blokeerib ampull vabade radikaalide h\u00e4vitavat toimet ja parandab naha barj\u00e4\u00e4rifunktsioone. On rahustava toimega, v\u00f5itleb tuhmumisega, toniseerib ja taastab tervisliku s\u00e4ra. Niisutab intensiivselt, k\u00fcllastab vitamiinidega ja k\u00f5rvaldab ketenduse.<\/span><\/p>\n<p>&nbsp;<\/p>\n<p><a href=\"https:\/\/liluilu.ee\/et\/medi-peel-peptide-9-volume-tox-cream-pro-50gr\/\" target=\"_blank\" rel=\"noopener\"><span style=\"font-weight: 400;\"><span style=\"color: #0000ff;\">N\u00e4okreem MEDI-PEEL Peptide 9 Volume Tox Cream PRO<\/span><\/span><\/a><span style=\"font-weight: 400;\">, 15 gr.<\/span><\/p>\n<p><span style=\"font-weight: 400;\">Eesm\u00e4rk v\u00f5idelda aktiivselt vanusega seotud muutustega, nagu kortsud, l\u00f5tvumine, l\u00f5ualuud ja naha \u00f5henemine. Toode v\u00e4hendab kortsude n\u00e4htavust, t\u00f5stab nahatooni ja turgorit. Hoiab \u00e4ra kudede l\u00f5tvumise ja aitab s\u00e4ilitada selge ovaalse n\u00e4o.\u00a0<\/span><\/p>\n<p>&nbsp;<\/p>\n<h2><i>Aktiivsed koostisosad <\/i><i>Medi-Peel Peptide 9 Aqua Essence proovikomplekt:<\/i><\/h2>\n<p><b>9 peptiidi kompleks<\/b><span style=\"font-weight: 400;\"> aktiveerib noorendamisprotsesse ja oluliste valkude s\u00fcnteesi. Kompleks suurendab naha elastsust ja tugevust, muudab selle tugevamaks ja hoiab \u00e4ra kudede l\u00f5tvumise. V\u00e4hendab kortsude s\u00fcgavust ja pikkust. Hoolitseb loomuliku barj\u00e4\u00e4ri eest ja tugevdab naha immuunsust.\u00a0<\/span><\/p>\n<p>&nbsp;<\/p>\n<p><b>Astaksantiin <\/b><span style=\"font-weight: 400;\">v\u00e4hendab UV-kiirguse kahjustusi, kaitseb nahka negatiivsete keskkonnategurite ja vabade radikaalide toime eest. See on \u00fcks v\u00f5imsamaid antioks\u00fcdante, mida sageli nimetatakse &quot;nooruse antioks\u00fcdandiks&quot;.<\/span><\/p>\n<p>&nbsp;<\/p>\n<p><b>Voljufilin <\/b><span style=\"font-weight: 400;\">aitab taastada vanusega kadunud naha t\u00e4idlust ja<\/span><span style=\"font-weight: 400;\"> ridade maht. Stimuleerib lipiidide moodustumist rasvarakkudes, reguleerib nende ladestumise protsessi ja aktiveerib ka vere mikrotsirkulatsiooni.<\/span><\/p>\n<p>&nbsp;<\/p>\n<p><b>Glutatioon <\/b><span style=\"font-weight: 400;\">Helendab soovimatut pigmentatsiooni ja takistab selle teket. Eemaldab v\u00e4simuse m\u00e4rgid, \u00fchtlustab toonust ja parandab jumet. Sellel on v\u00e4ljendunud antioks\u00fcdantne toime ja see pidurdab naha fotovananemist.<\/span><\/p>\n<p>&nbsp;<\/p>\n<p><b>H\u00fcdrol\u00fc\u00fcsitud kollageen ja elastiin <\/b><span style=\"font-weight: 400;\">s\u00e4ilitada naha v\u00f5ime venitada ja naasta algsesse olekusse ilma tagaj\u00e4rgedeta. Hoiab \u00e4ra niiskuse liigse aurustumise, pinguldab ja tugevdab nahka.\u00a0<\/span><\/p>\n<p>&nbsp;<\/p>\n<p><b>Patenteeritud RiFerm\u2122 vara<\/b><span style=\"font-weight: 400;\"> mitte ainult ei pidurda fotovananemist, vaid p\u00e4rsib ka naha kronovananemise protsessi, mida nimetatakse ka hormonaalseks.\u00a0<\/span><\/p>\n<p>&nbsp;<\/p>\n<p><span style=\"font-weight: 400;\">Ri-Ferm\u2122 hoiab \u00e4ra rakkude oks\u00fcdatsiooni ja parandab naha immuunsust. Regulaarsel kuuri kasutamisel suurendab elastsust ja tugevust ning m\u00f5jub ka nahka siluvalt.<\/span><\/p>\n<p>&nbsp;<\/p>\n<p><b>Koens\u00fc\u00fcm Q10<\/b><span style=\"font-weight: 400;\">, h\u00e4sti uuritud antioks\u00fcdant, neutraliseerib vabade radikaalide m\u00f5ju ja v\u00e4hendab oks\u00fcdatiivset stressi. Kiirendab regeneratsiooni, stimuleerib naha enda kollageeni s\u00fcnteesi ja kaitseb seda h\u00e4vimise eest.\u00a0<\/span><\/p>\n<p><b>\u00a0<\/b><\/p>\n<p><b>Soovitame Medi-Peel Peptide 9 Aqua Essence proovikomplekti:<\/b><\/p>\n<ul>\n<li style=\"font-weight: 400;\" aria-level=\"1\"><span style=\"font-weight: 400;\">K\u00fcpse naha, kuiva, normaalse ja kombineeritud nahat\u00fc\u00fcpide hoolduseks;<\/span><\/li>\n<li style=\"font-weight: 400;\" aria-level=\"1\"><span style=\"font-weight: 400;\">Deh\u00fcdreeritud nahale;<\/span><\/li>\n<li style=\"font-weight: 400;\" aria-level=\"1\"><span style=\"font-weight: 400;\">K\u00fcpsele nahale, millel on vanusega seotud muutuste tunnused (langus toon, kortsud, eba\u00fchtlane v\u00f5i tuhm jume)<\/span><\/li>\n<li style=\"font-weight: 400;\" aria-level=\"1\"><span style=\"font-weight: 400;\">Naha antioks\u00fcdantseks kaitseks, eriti p\u00e4ikese aktiivsuse perioodidel.<\/span><\/li>\n<\/ul>\n<p>&nbsp;<\/p>\n<p><span style=\"font-weight: 400;\">K\u00f5ik komplekti kuuluvad tooted sobivad nii hommikuseks kui \u00f5htuseks kasutamiseks.<\/span><\/p>\n<p>&nbsp;<\/p>\n<p><b>Kuidas kasutada Medi-Peel Peptide 9 Aqua Essence proovikomplekti:<\/b><\/p>\n<p><span style=\"font-weight: 400;\">Kasutage vahtu, et puhastada nahk mustusest. Selleks klopi v\u00e4ike kogus toodet niisketesse peopesadesse, kuni moodustub vaht, ning kanna see niiskele n\u00e4o- ja kaelanahale. Masseerige veidi ja loputage hoolikalt rohke sooja veega.<\/span><\/p>\n<p>&nbsp;<\/p>\n<p><span style=\"font-weight: 400;\">Kanna toonik puhastatud nahale. Otse peopesadest v\u00f5i vatipadjaga. Aidake patsutavate liigutustega toonikul imenduda ja kandke paar tilka ampulli. Jaotage m\u00f6\u00f6da massaa\u017eijooni ja kandke viimase sammuna n\u00e4okreem.<\/span><\/p>\n<p>&nbsp;<\/p>\n<p><b>Medi-Peel Peptide 9 Aqua Essence proovikomplekt sisaldab:<\/b><\/p>\n<p><span style=\"font-weight: 400;\">\u2014 Vaht pesemiseks <\/span><span style=\"font-weight: 400;\">Peptide 9 Aqua Essence n\u00e4opuhastusvahend \u2013 15 ml.<\/span><\/p>\n<p><span style=\"font-weight: 400;\">\u2014 Peptide 9 Aqua Essence toonik \u2014 20 ml.<\/span><\/p>\n<p><span style=\"font-weight: 400;\">- Ampull <\/span><span style=\"font-weight: 400;\">Peptide 9 Aqua Essence Lifting Ampoule \u2013 15 ml.<\/span><\/p>\n<p><span style=\"font-weight: 400;\">\u2014 N\u00e4okreem Peptide 9 Volume Tox Cream PRO \u2014 15 g.<\/span><\/p>\n<p>- Kosmeetikakott.<\/p>\n<p>&nbsp;<\/p>\n<p><span style=\"font-weight: 400;\">Kui teil on lisak\u00fcsimusi v\u00f5i vajate toote valimisel n\u00f5u, kirjutage meile. Vestlus asub ekraani paremas alanurgas.<\/span><\/p>\n<p>&nbsp;<\/p>\n<p><a title=\"TARNETINGIMUSED\" href=\"https:\/\/liluilu.ee\/et\/kohaletoimetamine\/\" target=\"_blank\" rel=\"noopener\">TARNETINGIMUSED<\/a><\/p>","protected":false},"excerpt":{"rendered":"<p>\u041d\u0430\u0431\u043e\u0440 \u0443\u0445\u043e\u0434\u043e\u0432\u044b\u0445 \u0441\u0440\u0435\u0434\u0441\u0442\u0432 \u0432 \u043c\u0438\u043d\u0438-\u0444\u043e\u0440\u043c\u0430\u0442\u0435, \u043d\u0430\u043f\u0440\u0430\u0432\u043b\u0435\u043d\u043d\u044b\u0439 \u043d\u0430 \u0443\u043b\u0443\u0447\u0448\u0435\u043d\u0438\u0435 \u044d\u043b\u0430\u0441\u0442\u0438\u0447\u043d\u043e\u0441\u0442\u0438 \u0438 \u0438\u043d\u0442\u0435\u043d\u0441\u0438\u0432\u043d\u043e\u0435, \u0433\u043b\u0443\u0431\u043e\u043a\u043e\u0435 \u0443\u0432\u043b\u0430\u0436\u043d\u0435\u043d\u0438\u0435 \u043a\u043e\u0436\u0438. &nbsp; Medi-Peel Peptide 9 Aqua Essence Trial Kit \u043d\u0430\u043f\u043e\u043b\u043d\u044f\u0435\u0442 \u0432\u043b\u0430\u0433\u043e\u0439, \u043f\u0438\u0442\u0430\u0435\u0442, \u0438\u0437\u0431\u0430\u0432\u043b\u044f\u0435\u0442 \u043e\u0442 \u0442\u0443\u0441\u043a\u043b\u043e\u0441\u0442\u0438, \u0432\u044b\u0440\u0430\u0432\u043d\u0438\u0432\u0430\u0435\u0442 \u0442\u043e\u043d \u0438 \u0443\u043b\u0443\u0447\u0448\u0430\u0435\u0442 \u0446\u0432\u0435\u0442 \u043b\u0438\u0446\u0430. \u0410\u043a\u0442\u0438\u0432\u0438\u0437\u0438\u0440\u0443\u0435\u0442 \u043e\u043c\u043e\u043b\u0430\u0436\u0438\u0432\u0430\u044e\u0449\u0438\u0435 \u043f\u0440\u043e\u0446\u0435\u0441\u0441\u044b \u0432 \u0442\u043a\u0430\u043d\u044f\u0445 \u0438 \u0437\u0430\u043c\u0435\u0434\u043b\u044f\u0435\u0442 \u0432\u043e\u0437\u0440\u0430\u0441\u0442\u043d\u044b\u0435 \u0438\u0437\u043c\u0435\u043d\u0435\u043d\u0438\u044f. \u041f\u043e\u0432\u044b\u0448\u0430\u0435\u0442 \u044d\u043b\u0430\u0441\u0442\u0438\u0447\u043d\u043e\u0441\u0442\u044c \u043a\u043e\u0436\u0438 \u0438 \u043f\u0440\u0435\u043f\u044f\u0442\u0441\u0442\u0432\u0443\u0435\u0442 \u043e\u0431\u0440\u0430\u0437\u043e\u0432\u0430\u043d\u0438\u044e \u043c\u043e\u0440\u0449\u0438\u043d. &nbsp; \u041e\u0431\u0435\u0441\u043f\u0435\u0447\u0438\u0432\u0430\u0435\u0442 \u043c\u043e\u0449\u043d\u0443\u044e \u0430\u043d\u0442\u0438\u043e\u043a\u0441\u0438\u0434\u0430\u043d\u0442\u043d\u0443\u044e \u0437\u0430\u0449\u0438\u0442\u0443 [&hellip;]<\/p>","protected":false},"featured_media":11238,"comment_status":"open","ping_status":"closed","template":"","meta":{"_eb_attr":"","jetpack_post_was_ever_published":false,"_joinchat":[]},"product_brand":[],"product_cat":[219],"product_tag":[686,650,445,443,567,622,239,497,400,489],"class_list":{"0":"post-11252","1":"product","2":"type-product","3":"status-publish","4":"has-post-thumbnail","6":"product_cat-medi-peel","7":"product_tag-medi-peel-peptide-9-aqua-essence-line","8":"product_tag-riferm","9":"product_tag-antivozrastnoj-uhod","10":"product_tag-antioksidanty","11":"product_tag-voljufilin","12":"product_tag-kosmetika-s-peptidami","13":"product_tag-peptidy","14":"product_tag-probniki-i-miniatjury","15":"product_tag-uvlazhnenie","16":"product_tag-elastichnost-i-uprugost","18":"first","19":"instock","20":"sale","21":"shipping-taxable","22":"purchasable","23":"product-type-simple"},"jetpack_sharing_enabled":true,"_links":{"self":[{"href":"https:\/\/liluilu.ee\/et\/wp-json\/wp\/v2\/product\/11252","targetHints":{"allow":["GET"]}}],"collection":[{"href":"https:\/\/liluilu.ee\/et\/wp-json\/wp\/v2\/product"}],"about":[{"href":"https:\/\/liluilu.ee\/et\/wp-json\/wp\/v2\/types\/product"}],"replies":[{"embeddable":true,"href":"https:\/\/liluilu.ee\/et\/wp-json\/wp\/v2\/comments?post=11252"}],"version-history":[{"count":13,"href":"https:\/\/liluilu.ee\/et\/wp-json\/wp\/v2\/product\/11252\/revisions"}],"predecessor-version":[{"id":11266,"href":"https:\/\/liluilu.ee\/et\/wp-json\/wp\/v2\/product\/11252\/revisions\/11266"}],"wp:featuredmedia":[{"embeddable":true,"href":"https:\/\/liluilu.ee\/et\/wp-json\/wp\/v2\/media\/11238"}],"wp:attachment":[{"href":"https:\/\/liluilu.ee\/et\/wp-json\/wp\/v2\/media?parent=11252"}],"wp:term":[{"taxonomy":"product_brand","embeddable":true,"href":"https:\/\/liluilu.ee\/et\/wp-json\/wp\/v2\/product_brand?post=11252"},{"taxonomy":"product_cat","embeddable":true,"href":"https:\/\/liluilu.ee\/et\/wp-json\/wp\/v2\/product_cat?post=11252"},{"taxonomy":"product_tag","embeddable":true,"href":"https:\/\/liluilu.ee\/et\/wp-json\/wp\/v2\/product_tag?post=11252"}],"curies":[{"name":"t\u00f6\u00f6leht","href":"https:\/\/api.w.org\/{rel}","templated":true}]}}