{"id":11189,"date":"2024-04-21T18:30:36","date_gmt":"2024-04-21T15:30:36","guid":{"rendered":"https:\/\/liluilu.ee\/?post_type=product&#038;p=11189"},"modified":"2026-04-09T12:20:38","modified_gmt":"2026-04-09T09:20:38","slug":"medi-peel-peptide-9-bio-sun-stick-pro-spf50","status":"publish","type":"product","link":"https:\/\/liluilu.ee\/et\/medi-peel-peptide-9-bio-sun-stick-pro-spf50\/","title":{"rendered":"Peptiidide ja kollageeniga p\u00e4ikesekaitsepulk Medi-Peel Peptide 9 Bio Sun Stick PRO SPF50+\/PA++++ 20g."},"content":{"rendered":"<p><span style=\"font-weight: 400;\">Peptiidne p\u00e4ikesekaitsepulk <\/span><b>Medi-Peel Peptide 9 Bio Sun Stick PRO SPF50+\/PA++++ <\/b><span style=\"font-weight: 400;\">on moekas formaadis universaalne toode, millel on kahekordne toime: kaitseb UV-kiirguse eest ja noorendab nahka.<\/span><\/p>\n<p>&nbsp;<\/p>\n<p><span style=\"font-weight: 400;\">PRO versioon sisaldab kahekordses kontsentratsioonis vananemisvastaseid, niisutavaid ja rahustavaid aineid, mis annavad silmapaistvaid tulemusi.\u00a0<\/span><\/p>\n<p>&nbsp;<\/p>\n<p><strong>Medi-Peel Peptide 9 Bio p\u00e4ikesepulk PRO SPF50+\/PA++++:<\/strong><\/p>\n<ul>\n<li style=\"font-weight: 400;\" aria-level=\"1\"><span style=\"font-weight: 400;\">Saab t\u00f5husalt hakkama UVA- ja UVB-kiirte kahjulike m\u00f5judega, hoiab \u00e4ra vanuselaikude ja p\u00e4ikesep\u00f5letuse tekkimise;<\/span><\/li>\n<li style=\"font-weight: 400;\" aria-level=\"1\"><span style=\"font-weight: 400;\">Lamab nahale l\u00e4bipaistva kihina ega j\u00e4ta valkjat j\u00e4\u00e4ki;<\/span><\/li>\n<li style=\"font-weight: 400;\" aria-level=\"1\"><span style=\"font-weight: 400;\">Omab jahutavat toimet ja pidurdab termilise vananemise protsessi;<\/span><\/li>\n<li style=\"font-weight: 400;\" aria-level=\"1\"><span style=\"font-weight: 400;\">Rahustab, takistab \u00e4rrituse ja punetuse teket;<\/span><\/li>\n<li style=\"font-weight: 400;\" aria-level=\"1\"><span style=\"font-weight: 400;\">Suurendab elastsust ja tugevust, aitab tugevdada ja s\u00e4ilitada n\u00e4okontuure;<\/span><\/li>\n<li style=\"font-weight: 400;\" aria-level=\"1\"><span style=\"font-weight: 400;\">Pehmendab ja silub nahka, ennetab kortsude teket;<\/span><\/li>\n<li style=\"font-weight: 400;\" aria-level=\"1\"><span style=\"font-weight: 400;\">Pakub v\u00f5imsat antioks\u00fcdantset kaitset ja kaitseb nahka keskkonnakahjustuste eest.<\/span><\/li>\n<\/ul>\n<p>&nbsp;<\/p>\n<p><span style=\"font-weight: 400;\">Toode ei j\u00e4ta iseloomulikku valkjat katet t\u00e4nu uue p\u00f5lvkonna keemilistele fotostabiilsetele filtritele:<\/span><\/p>\n<ul>\n<li style=\"font-weight: 400;\" aria-level=\"1\"><b>Uvinul A Plus <\/b><span style=\"font-weight: 400;\">(Diethylamino Hydroxybenzoyl Hexyl Benzoate) kaitseb UVA kiirte eest.<\/span><\/li>\n<li style=\"font-weight: 400;\" aria-level=\"1\"><b>Tinosorb S<\/b><span style=\"font-weight: 400;\"> (Bis-Ethylhexyloxyphenol Methoxyphenyl Triazin) \u2013 laia spektriga filter, mis kaitseb UVA ja UVB kiirte eest.<\/span><\/li>\n<\/ul>\n<p>&nbsp;<\/p>\n<h2><i>Medi-Peel Peptide 9 Bio Sun Stick PRO SPF50+\/PA++++ peamised aktiivsed komponendid:<\/i><\/h2>\n<p>&nbsp;<\/p>\n<p><b>9 peptiidi kompleks<\/b><span style=\"font-weight: 400;\">, sealhulgas kuulus lihaseid l\u00f5dvestav peptiid <\/span><b>argireliin<\/b><span style=\"font-weight: 400;\"> on noorendava toimega, stimuleerib naha p\u00f5hikomponentide, sh elastiini, kollageeni ja h\u00fcaluroonhappe tootmist.\u00a0<\/span><\/p>\n<p>&nbsp;<\/p>\n<p><span style=\"font-weight: 400;\">Peptiidide kompleks suurendab naha tihedust, tugevust ja elastsust. V\u00e4hendab kortsude s\u00fcgavust ja takistab nende teket. Lisaks sisaldab koostis peptiide, mis takistavad vanuselaikude teket ja \u00fchtlustavad nahatooni.\u00a0<\/span><\/p>\n<p>&nbsp;<\/p>\n<p><span style=\"font-weight: 400;\">Kollageeni kompleks sisaldab <\/span><b>4 erineva molekulmassiga kollageeni t\u00fc\u00fcpi<\/b><span style=\"font-weight: 400;\">, aitab s\u00e4ilitada niiskust ja hoiab \u00e4ra deh\u00fcdratsiooni. Parandab naha tekstuuri, muudab selle siledaks, v\u00f5itleb kortsude tekkega.<\/span><\/p>\n<p>&nbsp;<\/p>\n<p><b>Ektoiin <\/b><span style=\"font-weight: 400;\">moodustab rakkude \u00fcmber membraani, mis hoiab \u00e4ra liigse niiskuskadu ja v\u00f5imaldab nahal p\u00fcsida pikka aega niisutatuna. Ektoiin kontrollib ka melaniini tootmist ja takistab vanuselaikude teket. Sellel on desinfitseeriv toime ja see kaitseb keskkonna kahjulike m\u00f5jude eest.<\/span><\/p>\n<p>&nbsp;<\/p>\n<p><b>Niisutav kompleks <\/b><span style=\"font-weight: 400;\">sisaldab 8 t\u00fc\u00fcpi h\u00fcaluroonhapet ja uuenduslikku, <\/span><b>Patenteeritud Oligo-HA\u2122 aktiivne<\/b><span style=\"font-weight: 400;\">, millel on \u00fcliv\u00e4ike (<\/span><span style=\"font-weight: 400;\">&lt;10 kDa) ja k\u00f5rge l\u00e4bitungimisv\u00f5ime.\u00a0<\/span><\/p>\n<p>&nbsp;<\/p>\n<p><span style=\"font-weight: 400;\">Kompleks t\u00e4idab rakud niiskusega ja taastab veetasakaalu, silub tekstuuri ja s\u00e4ilitab naha elastsuse.<\/span><\/p>\n<p>&nbsp;<\/p>\n<h2><i>\u00a0Medi-Peel Peptide 9 Bio Sun Stick PRO SPF50+\/PA++++ t\u00e4iendavad toimeained:<\/i><\/h2>\n<p>&nbsp;<\/p>\n<p><b>Patenteeritud jahutuskompleks <\/b><b>Rahustav Cooler\u2122 <\/b><span style=\"font-weight: 400;\">rahustab, alandab naha temperatuuri ja pidurdab termilise vananemise protsessi. Sisaldab 5 taimeekstrakti: aaloe, pruunvetikas, dioscorea, taaveti jalakas ja mand\u017euuria kannike.\u00a0<\/span><\/p>\n<p>&nbsp;<\/p>\n<p><b>Koens\u00fc\u00fcm Q10 <\/b><span style=\"font-weight: 400;\">- pakub antioks\u00fcdantset kaitset ja takistab teie enda kollageeni h\u00e4vimist. Stimuleerib struktuursete valkude s\u00fcnteesi ja tugevdab naha maatriksit, mis omakorda t\u00f5stab toonust ja parandab naha turgorit.<\/span><\/p>\n<p>&nbsp;<\/p>\n<p><b>Niatsiinamiid (vitamiin B3) <\/b><span style=\"font-weight: 400;\">aeglustab melaniini j\u00f5udmist epidermisesse, takistab vanuselaikude teket, \u00fchtlustab \u00fcldist toonust ja parandab jumet.\u00a0<\/span><\/p>\n<p>&nbsp;<\/p>\n<p><b>Aminohapped <\/b><span style=\"font-weight: 400;\">k\u00fcllastage nahka kasulike ainetega, suurendage NMF-i - looduslikku niisutusfaktorit, \u00fchtlustage toonust ja siluvad naha tekstuuri. Annab sellele terve s\u00e4ra ja elastsuse.<\/span><\/p>\n<p>&nbsp;<\/p>\n<h2><i>Medi-Peel Peptide 9 Bio Sun Stick PRO SPF50+\/PA++++ omadused:<\/i><\/h2>\n<p><span style=\"font-weight: 400;\">Pulk on anatoomilise kujuga, mis v\u00f5imaldab toodet lihtsalt jaotada ka raskesti ligip\u00e4\u00e4setavatele kohtadele, n\u00e4iteks ninatiibadele.\u00a0<\/span><\/p>\n<p>&nbsp;<\/p>\n<p><span style=\"font-weight: 400;\">Toode jahutab meeldivalt, j\u00e4tab sametise viimistluse, ilma kleepuvuse v\u00f5i rasvase kileta n\u00e4ole. \u00dchtlustab naha tekstuuri ja on suurep\u00e4rane alus meigiks.\u00a0<\/span><\/p>\n<p>&nbsp;<\/p>\n<p><span style=\"font-weight: 400;\">V\u00f5ib kasutada kui<\/span><b> eraldiseisva p\u00e4ikesekaitsekreemina<\/b><span style=\"font-weight: 400;\">, nii<\/span><b> kohapeal kasutamiseks<\/b><span style=\"font-weight: 400;\"> pigmentatsioonist m\u00f5jutatud kohalikel piirkondadel.\u00a0<\/span><\/p>\n<p>&nbsp;<\/p>\n<p><span style=\"font-weight: 400;\">Pulka on mugav kaasa v\u00f5tta<\/span><span style=\"font-weight: 400;\">oh, see ei v\u00f5ta palju ruumi, on h\u00fcgieeniline kasutada ja sobib ideaalselt <\/span><b>p\u00e4ikesekaitsekihi uuendamiseks<\/b><span style=\"font-weight: 400;\"> vajadusel p\u00e4eva jooksul.<\/span><\/p>\n<p>&nbsp;<\/p>\n<p><b>Soovitame <\/b><b>Medi-Peel Peptide 9 Bio Sun Stick PRO SPF50+\/PA++++ <\/b><span style=\"font-weight: 400;\">k\u00fcpsele normaalsele, kombineeritud ja kuivale nahat\u00fc\u00fcbile.\u00a0<\/span><\/p>\n<p>&nbsp;<\/p>\n<p><b>Kuidas kasutada:<\/b><\/p>\n<p><span style=\"font-weight: 400;\">P\u00e4ikesekaitsekreemi kantakse nahale p\u00e4rast k\u00f5iki nahahooldusetappe ja enne meigi pealekandmist. Keerake pulk lahti mitte rohkem kui 5 mm ja kandke 20 minutit enne \u00f5ue minekut \u00fchtlane kiht n\u00e4o-, kaela- ja muudele avatud kohtadele. Veenduge, et nahale ei j\u00e4\u00e4ks t\u00f6\u00f6tlemata piirkondi!\u00a0<\/span><\/p>\n<p>&nbsp;<\/p>\n<p><span style=\"font-weight: 400;\">Kandke vajalik kogus Medi-Peel Peptide 9 Bio Sun Stick PRO 20 minutit enne \u00f5ue minekut m\u00f6\u00f6da massaa\u017eijooni n\u00e4o keskosast kuni oimukohtadeni. Soovitatav on ka sihip\u00e4raseks kasutamiseks pigmentatsioonist m\u00f5jutatud piirkondades.<\/span><\/p>\n<p>&nbsp;<\/p>\n<p><span style=\"font-weight: 400;\">Kui viibite avatud p\u00e4ikese k\u00e4es (n\u00e4iteks rannas), uuendage p\u00e4ikesekaitsekreemi p\u00e4rast ujumist v\u00f5i iga 2 tunni j\u00e4rel.<\/span><\/p>\n<p>&nbsp;<\/p>\n<p><b>Netokogus:<\/b><span style=\"font-weight: 400;\"> 20 gr.<\/span><\/p>\n<p>&nbsp;<\/p>\n<p><span style=\"font-weight: 400;\">Kui teil on lisak\u00fcsimusi v\u00f5i vajate toote valimisel n\u00f5u, kirjutage meile. Vestlus asub ekraani paremas alanurgas.<\/span><\/p>\n<p>&nbsp;<\/p>\n<p><a title=\"TARNETINGIMUSED\" href=\"https:\/\/liluilu.ee\/et\/kohaletoimetamine\/\" target=\"_blank\" rel=\"noopener\">TARNETINGIMUSED<\/a><\/p>","protected":false},"excerpt":{"rendered":"<p>\u041f\u0435\u043f\u0442\u0438\u0434\u043d\u044b\u0439 \u0441\u043e\u043b\u043d\u0446\u0435\u0437\u0430\u0449\u0438\u0442\u043d\u044b\u0439 \u0441\u0442\u0438\u043a Medi-Peel Peptide 9 Bio Sun Stick PRO SPF50+\/PA++++ &#8212; \u044d\u0442\u043e \u0443\u043d\u0438\u0432\u0435\u0440\u0441\u0430\u043b\u044c\u043d\u043e\u0435 \u0441\u0440\u0435\u0434\u0441\u0442\u0432\u043e \u0432 \u043c\u043e\u0434\u043d\u043e\u043c \u0444\u043e\u0440\u043c\u0430\u0442\u0435, \u043a\u043e\u0442\u043e\u0440\u043e\u0435 \u043e\u043a\u0430\u0437\u044b\u0432\u0430\u0435\u0442 \u0434\u0432\u043e\u0439\u043d\u043e\u0435 \u0434\u0435\u0439\u0441\u0442\u0432\u0438\u0435: \u0437\u0430\u0449\u0438\u0449\u0430\u0435\u0442 \u043e\u0442 \u0423\u0424-\u0438\u0437\u043b\u0443\u0447\u0435\u043d\u0438\u044f \u0438 \u043e\u043c\u043e\u043b\u0430\u0436\u0438\u0432\u0430\u0435\u0442 \u043a\u043e\u0436\u0443. &nbsp; PRO-\u0432\u0435\u0440\u0441\u0438\u044f \u0441\u043e\u0434\u0435\u0440\u0436\u0438\u0442 \u0434\u0432\u043e\u0439\u043d\u0443\u044e \u043a\u043e\u043d\u0446\u0435\u043d\u0442\u0440\u0430\u0446\u0438\u044e \u0430\u043d\u0442\u0438\u0432\u043e\u0437\u0440\u0430\u0441\u0442\u043d\u044b\u0445, \u0443\u0432\u043b\u0430\u0436\u043d\u044f\u044e\u0449\u0438\u0445 \u0438 \u0443\u0441\u043f\u043e\u043a\u0430\u0438\u0432\u0430\u044e\u0449\u0438\u0445 \u0430\u043a\u0442\u0438\u0432\u043e\u0432, \u043a\u043e\u0442\u043e\u0440\u044b\u0435 \u043e\u0431\u0435\u0441\u043f\u0435\u0447\u0438\u0432\u0430\u044e\u0442 \u0432\u044b\u0440\u0430\u0436\u0435\u043d\u043d\u044b\u0439 \u0440\u0435\u0437\u0443\u043b\u044c\u0442\u0430\u0442.\u00a0 &nbsp; Medi-Peel Peptide 9 Bio Sun Stick PRO SPF50+\/PA++++: \u042d\u0444\u0444\u0435\u043a\u0442\u0438\u0432\u043d\u043e \u0441\u043f\u0440\u0430\u0432\u043b\u044f\u0435\u0442\u0441\u044f \u0441 \u0432\u0440\u0435\u0434\u043d\u044b\u043c [&hellip;]<\/p>","protected":false},"featured_media":11705,"comment_status":"open","ping_status":"closed","template":"","meta":{"_eb_attr":"","jetpack_post_was_ever_published":false,"_joinchat":[]},"product_brand":[],"product_cat":[219,569],"product_tag":[640,671,591,589,445,263,622,465,239,487,667,668,586,679,489],"class_list":{"0":"post-11189","1":"product","2":"type-product","3":"status-publish","4":"has-post-thumbnail","6":"product_cat-medi-peel","7":"product_cat-solncezashhitnye-sredstva","8":"product_tag-medi-peel-peptide-9-volume-lifting-line","9":"product_tag-soothing-cooler","10":"product_tag-tinosorb-s-bis-ethylhexyloxyphenol-methoxyphenyl-triazine","11":"product_tag-uvinul-a-plus-diethylamino-hydroxybenzoyl-hexyl-benzoate","12":"product_tag-antivozrastnoj-uhod","13":"product_tag-gidrolizovannyj-kollagen","14":"product_tag-kosmetika-s-peptidami","15":"product_tag-lifting","16":"product_tag-peptidy","17":"product_tag-protiv-morshhin","18":"product_tag-solncezashhitnyj-stik","19":"product_tag-solncezashhitnyj-stik-na-fotostabilnyh-filtrah","20":"product_tag-himicheskie-solncezashhitnye-filtry","21":"product_tag-ektoin","22":"product_tag-elastichnost-i-uprugost","24":"first","25":"instock","26":"sale","27":"shipping-taxable","28":"purchasable","29":"product-type-simple"},"jetpack_sharing_enabled":true,"_links":{"self":[{"href":"https:\/\/liluilu.ee\/et\/wp-json\/wp\/v2\/product\/11189","targetHints":{"allow":["GET"]}}],"collection":[{"href":"https:\/\/liluilu.ee\/et\/wp-json\/wp\/v2\/product"}],"about":[{"href":"https:\/\/liluilu.ee\/et\/wp-json\/wp\/v2\/types\/product"}],"replies":[{"embeddable":true,"href":"https:\/\/liluilu.ee\/et\/wp-json\/wp\/v2\/comments?post=11189"}],"version-history":[{"count":11,"href":"https:\/\/liluilu.ee\/et\/wp-json\/wp\/v2\/product\/11189\/revisions"}],"predecessor-version":[{"id":11206,"href":"https:\/\/liluilu.ee\/et\/wp-json\/wp\/v2\/product\/11189\/revisions\/11206"}],"wp:featuredmedia":[{"embeddable":true,"href":"https:\/\/liluilu.ee\/et\/wp-json\/wp\/v2\/media\/11705"}],"wp:attachment":[{"href":"https:\/\/liluilu.ee\/et\/wp-json\/wp\/v2\/media?parent=11189"}],"wp:term":[{"taxonomy":"product_brand","embeddable":true,"href":"https:\/\/liluilu.ee\/et\/wp-json\/wp\/v2\/product_brand?post=11189"},{"taxonomy":"product_cat","embeddable":true,"href":"https:\/\/liluilu.ee\/et\/wp-json\/wp\/v2\/product_cat?post=11189"},{"taxonomy":"product_tag","embeddable":true,"href":"https:\/\/liluilu.ee\/et\/wp-json\/wp\/v2\/product_tag?post=11189"}],"curies":[{"name":"t\u00f6\u00f6leht","href":"https:\/\/api.w.org\/{rel}","templated":true}]}}