{"id":11166,"date":"2024-04-19T20:17:14","date_gmt":"2024-04-19T17:17:14","guid":{"rendered":"https:\/\/liluilu.ee\/?post_type=product&#038;p=11166"},"modified":"2026-04-17T10:45:38","modified_gmt":"2026-04-17T07:45:38","slug":"medi-peel-peptide-9-volume-bio-tox-ampoule-pro","status":"publish","type":"product","link":"https:\/\/liluilu.ee\/et\/medi-peel-peptide-9-volume-bio-tox-ampoule-pro\/","title":{"rendered":"Pinguldav ja kortse siluv peptiidampull Matrixyl Medi-Peel Peptide 9 Volume Bio Tox Ampoule Pro 100ml-ga."},"content":{"rendered":"<p><span style=\"font-weight: 400;\">Peptiidi ampull n\u00e4ole <\/span><b>Medi-Peel Peptide 9 Volume Bio Tox Ampoule Pro <\/b><span style=\"font-weight: 400;\">on vananemisvastase ampullseerumi t\u00e4iustatud versioon, mis sisaldab suuremas kontsentratsioonis aktiivaineid, t\u00e4nu millele toimib kiiremini ja t\u00f5husamalt.<\/span><\/p>\n<p>&nbsp;<\/p>\n<p><span style=\"font-weight: 400;\">Toode v\u00e4hendab kortsude s\u00fcgavust, taastab naha elastsuse ja tiheduse, annab elastsuse ja sileda tekstuuri ning v\u00e4hendab oks\u00fcdatiivset stressi. T\u00e4iuslikult toniseerib, k\u00f5rvaldab tuhmuse, annab terve s\u00e4ra ja \u00fchtlase tooni.<\/span><\/p>\n<p>&nbsp;<\/p>\n<p><span style=\"font-weight: 400;\">Medi-Peel Peptide 9 Volume Bio Tox Ampoule Pro niisutab s\u00fcgavuti ja kauakestvalt nahka, k\u00f5rvaldab kiiresti kuivuse ja ketendamise, s\u00e4ilitab niiskuse rakkudes ja hoiab \u00e4ra deh\u00fcdratsiooni.<\/span><\/p>\n<p>&nbsp;<\/p>\n<p><span style=\"font-weight: 400;\">Rahustab, leevendab \u00e4rritust ja suurendab kohalikku immuunsust. Muudab naha tugevaks ja terveks.\u00a0<\/span><\/p>\n<p>&nbsp;<\/p>\n<h2><i>Medi-Peel Peptide 9 Volume Bio Tox Ampoule Pro koostis on rikas peptiidide poolest:<\/i><\/h2>\n<p>&nbsp;<\/p>\n<p><b>Matrixyl\u00ae 3000<\/b><span style=\"font-weight: 400;\"> on patenteeritud kompleks, mis sisaldab signaalpeptiide Palmitoyl Tetrapeptide-7 ja Palmitoyl Tripeptide-1.<\/span><\/p>\n<p>&nbsp;<\/p>\n<p><span style=\"font-weight: 400;\">Matrixyl\u00ae3000 stimuleerib rakkude aktiivsust ja tugevdab rakuv\u00e4list maatriksit, suurendab kollageeni ja h\u00fcaluroonhappe s\u00fcnteesi, pinguldab ja silub nahka, modelleerib n\u00e4oovaali ja taastab elastsuse.<\/span><\/p>\n<p>&nbsp;<\/p>\n<p><b>Argireliin ja atset\u00fc\u00fcloktapeptiid-3 <\/b><span style=\"font-weight: 400;\">(Acetyl Hexapeptide-8, Acetyl Octapeptide-3) l\u00f5dvestavad n\u00e4olihaseid, takistavad n\u00e4okortsude ja nahakurrude teket.<\/span><\/p>\n<p>&nbsp;<\/p>\n<p><b>Nonapeptiid-1<\/b><span style=\"font-weight: 400;\"> (Nonapeptiid-1), mis koosneb 7 aminohappest, takistab t\u00fcrosinaasi s\u00fcnteesi, ens\u00fc\u00fcmi, mis stimuleerib melaniini transporti rakkudesse, takistades seel\u00e4bi vanuselaikude teket.<\/span><\/p>\n<p>&nbsp;<\/p>\n<p><b>Vase tripeptiid<\/b><span style=\"font-weight: 400;\"> (Copper Tripeptide-1) lisab elastsust, on tugevdava, p\u00f5letikuvastase ja antioks\u00fcdantse toimega, v\u00e4hendab kortsude raskust ja kiirendab regeneratsiooni.<\/span><\/p>\n<p>&nbsp;<\/p>\n<p><b>Tripeptiid-1<\/b><span style=\"font-weight: 400;\"> (Tripeptiid-1) ennetab fotovananemise m\u00e4rke, suurendab teie enda kollageeni tootmist ja p\u00e4rsib kollageenikiudude lagunemist, v\u00f5itleb vabade radikaalidega.<\/span><\/p>\n<p>&nbsp;<\/p>\n<p><b>Heksapeptiid-9<\/b><span style=\"font-weight: 400;\"> (Heksapeptiid-9) stimuleerib fibroblaste ja parandab kollageeni tootmist, silub nahka ning v\u00e4hendab kortsude ja kortsude s\u00fcgavust.<\/span><\/p>\n<p>&nbsp;<\/p>\n<p><b>Palmito\u00fc\u00fclpentapeptiid-4<\/b><span style=\"font-weight: 400;\"> (Palmitoyl Pentapeptide-4) v\u00e4hendab kortsude ja kortsude s\u00fcgavust, parandab naha tekstuuri. See on sama t\u00f5hus kui retinool, kuid ei p\u00f5hjusta \u00e4rritust.\u00a0<\/span><\/p>\n<p>&nbsp;<\/p>\n<h2><i>Medi-Peel Peptide 9 Volume Bio Tox Ampoule Pro t\u00e4iendavad toimeained:<\/i><\/h2>\n<p>&nbsp;<\/p>\n<p><b>Voljufilin<\/b><span style=\"font-weight: 400;\"> (Anemarrhena Asphodeloides Root Extract) suurendab naha t\u00e4idlust ja tihedust, omab lipofillingule sarnast toimet.\u00a0<\/span><\/p>\n<p>&nbsp;<\/p>\n<p><b>Astaksantiin <\/b><span style=\"font-weight: 400;\">Pakub kaitset UV-kahjustuste eest, v\u00e4hendab kortse ja heledab vanuselaike.\u00a0<\/span><\/p>\n<p>&nbsp;<\/p>\n<p><b>Ektoiin <\/b><span style=\"font-weight: 400;\">\u2014 orgaaniline aminohape, kaitseb t\u00f5husalt v\u00e4listegurite ja UV-kiirte eest ning on desinfitseeriva toimega. Kontrollib melaniini tootmist ja aitab kergendada pigmentatsiooni.<\/span><\/p>\n<p>&nbsp;<\/p>\n<p><b>H\u00fcdrol\u00fc\u00fcsitud kollageen<\/b><span style=\"font-weight: 400;\"> niisutab intensiivselt, aitab nahal s\u00e4ilitada niiskust, parandab tekstuuri, stimuleerib taastumisprotsesse, v\u00f5itleb kortsude vastu.<\/span><\/p>\n<p>&nbsp;<\/p>\n<p><b>Multi Ex BSASM Plus\u2122 <\/b><span style=\"font-weight: 400;\">on patenteeritud taimne kompleks, mis koosneb rosmariinist, kummelist, kameeliast, tsentellast, lagritsast, tatrast ja Baikali koljupeast. P\u00e4rsib p\u00f5letikulist protsessi, omab antiseptilist toimet ja v\u00f5itleb bakterite vohamise vastu. Suurep\u00e4rane rosaatsea, laienenud pooride ja eba\u00fchtlase tooniga nahale.<\/span><\/p>\n<p>&nbsp;<\/p>\n<p><b>9 t\u00fc\u00fcpi h\u00fcaluroonhapet<\/b><span style=\"font-weight: 400;\"> tungivad epidermise s\u00fcgavatesse kihtidesse, niisutavad aktiivselt ja s\u00e4ilitavad optimaalse h\u00fcdratatsioonitaseme. Need moodustavad kaitsekihi, mis takistab niiskuse aurustumist.<\/span><\/p>\n<p>&nbsp;<\/p>\n<p><b>Niatsiinamiid (vitamiin B3)<\/b><span style=\"font-weight: 400;\"> \u00fchtlustab \u00fcldtooni, parandab jumet, stimuleerib kollageeni tootmist, helendab, aeglustab melaniini transporti epidermisesse, tugevdab h\u00fcdrolipiidset mantlit.<\/span><\/p>\n<p>&nbsp;<\/p>\n<p><b>H\u00fcdrol\u00fc\u00fcsitud gl\u00fckoosaminogl\u00fckaanid<\/b><span style=\"font-weight: 400;\"> - mukopol\u00fcsahhariidid, naha loomuliku kaitsebarj\u00e4\u00e4ri komponendid. Taastage kahjustused, v\u00f5itlege kuivuse ja \u00e4rrituse vastu.<\/span><\/p>\n<p>&nbsp;<\/p>\n<p><b>Soovitame<\/b><span style=\"font-weight: 400;\"> Medi-Peel Peptide 9 Volume Bio Tox Ampoule Pro normaalsele, kombineeritud ja kuivale nahale.<\/span><\/p>\n<p>&nbsp;<\/p>\n<p><b>Kuidas kasutada:<\/b><\/p>\n<p><span style=\"font-weight: 400;\">Kandke v\u00e4ike kogus Medi-Peel Peptide 9 Volume Bio Tox Ampoule Pro eelnevalt toonitud n\u00e4ole ja kaelale. Jaotage m\u00f6\u00f6da massaa\u017eijooni ja tehke kergeid patsutusliigutusi, et toode imenduks. J\u00e4rgmisena kandke losjoon, emulsioon v\u00f5i kreem.<\/span><\/p>\n<p>&nbsp;<\/p>\n<p><b>Netokogus:<\/b><span style=\"font-weight: 400;\"> 100 ml.<\/span><\/p>\n<p>&nbsp;<\/p>\n<p><span style=\"font-weight: 400;\">Kui teil on lisak\u00fcsimusi v\u00f5i vajate toote valimisel n\u00f5u, kirjutage meile. Vestlus asub ekraani paremas alanurgas.<\/span><\/p>\n<p>&nbsp;<\/p>\n<p>&nbsp;<\/p>\n<p><a title=\"TARNETINGIMUSED\" href=\"https:\/\/liluilu.ee\/et\/kohaletoimetamine\/\" target=\"_blank\" rel=\"noopener\">TARNETINGIMUSED<\/a><\/p>","protected":false},"excerpt":{"rendered":"<p>\u041f\u0435\u043f\u0442\u0438\u0434\u043d\u0430\u044f \u0430\u043c\u043f\u0443\u043b\u0430 \u0434\u043b\u044f \u043b\u0438\u0446\u0430 Medi-Peel Peptide 9 Volume Bio Tox Ampoule Pro \u2014 \u044d\u0442\u043e \u0443\u0441\u0438\u043b\u0435\u043d\u043d\u0430\u044f \u0432\u0435\u0440\u0441\u0438\u044f \u043e\u043c\u043e\u043b\u0430\u0436\u0438\u0432\u0430\u044e\u0449\u0435\u0439 \u0430\u043c\u043f\u0443\u043b\u044c\u043d\u043e\u0439 \u0441\u044b\u0432\u043e\u0440\u043e\u0442\u043a\u0438, \u043a\u043e\u0442\u043e\u0440\u0430\u044f \u0441\u043e\u0434\u0435\u0440\u0436\u0438\u0442 \u0431\u043e\u043b\u0435\u0435 \u0432\u044b\u0441\u043e\u043a\u0443\u044e \u043a\u043e\u043d\u0446\u0435\u043d\u0442\u0440\u0430\u0446\u0438\u044e \u0430\u043a\u0442\u0438\u0432\u043e\u0432, \u0437\u0430 \u0441\u0447\u0451\u0442 \u0447\u0435\u0433\u043e \u0440\u0430\u0431\u043e\u0442\u0430\u0435\u0442 \u0431\u044b\u0441\u0442\u0440\u0435\u0435 \u0438 \u044d\u0444\u0444\u0435\u043a\u0442\u0438\u0432\u043d\u0435\u0435. &nbsp; \u041f\u0440\u043e\u0434\u0443\u043a\u0442 \u0443\u043c\u0435\u043d\u044c\u0448\u0430\u0435\u0442 \u0433\u043b\u0443\u0431\u0438\u043d\u0443 \u043c\u043e\u0440\u0449\u0438\u043d, \u0432\u043e\u0441\u0441\u0442\u0430\u043d\u0430\u0432\u043b\u0438\u0432\u0430\u0435\u0442 \u0443\u043f\u0440\u0443\u0433\u043e\u0441\u0442\u044c \u0438 \u043f\u043b\u043e\u0442\u043d\u043e\u0441\u0442\u044c \u043a\u043e\u0436\u0438, \u043f\u0440\u0438\u0434\u0430\u0451\u0442 \u044d\u043b\u0430\u0441\u0442\u0438\u0447\u043d\u043e\u0441\u0442\u044c \u0438 \u0433\u043b\u0430\u0434\u043a\u0438\u0439 \u0440\u0435\u043b\u044c\u0435\u0444, \u0441\u043d\u0438\u0436\u0430\u0435\u0442 \u043e\u043a\u0441\u0438\u0434\u0430\u0442\u0438\u0432\u043d\u044b\u0439 \u0441\u0442\u0440\u0435\u0441\u0441. \u041e\u0442\u043b\u0438\u0447\u043d\u043e \u0442\u043e\u043d\u0438\u0437\u0438\u0440\u0443\u0435\u0442, \u0443\u0441\u0442\u0440\u0430\u043d\u044f\u0435\u0442 \u0442\u0443\u0441\u043a\u043b\u043e\u0441\u0442\u044c, \u0434\u0430\u0440\u0438\u0442 [&hellip;]<\/p>","protected":false},"featured_media":11173,"comment_status":"open","ping_status":"closed","template":"","meta":{"_eb_attr":"","jetpack_post_was_ever_published":false,"_joinchat":[]},"product_brand":[],"product_cat":[219,226],"product_tag":[597,640,361,329,445,731,641,567,622,465,239,487,519,680,681,679,489],"class_list":{"0":"post-11166","1":"product","2":"type-product","3":"status-publish","4":"has-post-thumbnail","6":"product_cat-medi-peel","7":"product_cat-serumy","8":"product_tag-matrixyl-3000","9":"product_tag-medi-peel-peptide-9-volume-lifting-line","10":"product_tag-multi-ex-bsasm-plus","11":"product_tag-volufiline","12":"product_tag-antivozrastnoj-uhod","13":"product_tag-antivozrastnye-syvorotki","14":"product_tag-argirelin","15":"product_tag-voljufilin","16":"product_tag-kosmetika-s-peptidami","17":"product_tag-lifting","18":"product_tag-peptidy","19":"product_tag-protiv-morshhin","20":"product_tag-tripeptid-medi","21":"product_tag-ekstrakt-ikry","22":"product_tag-ekstrakt-matochnogo-molochka","23":"product_tag-ektoin","24":"product_tag-elastichnost-i-uprugost","26":"first","27":"instock","28":"sale","29":"shipping-taxable","30":"purchasable","31":"product-type-simple"},"jetpack_sharing_enabled":true,"_links":{"self":[{"href":"https:\/\/liluilu.ee\/et\/wp-json\/wp\/v2\/product\/11166","targetHints":{"allow":["GET"]}}],"collection":[{"href":"https:\/\/liluilu.ee\/et\/wp-json\/wp\/v2\/product"}],"about":[{"href":"https:\/\/liluilu.ee\/et\/wp-json\/wp\/v2\/types\/product"}],"replies":[{"embeddable":true,"href":"https:\/\/liluilu.ee\/et\/wp-json\/wp\/v2\/comments?post=11166"}],"version-history":[{"count":2,"href":"https:\/\/liluilu.ee\/et\/wp-json\/wp\/v2\/product\/11166\/revisions"}],"predecessor-version":[{"id":11174,"href":"https:\/\/liluilu.ee\/et\/wp-json\/wp\/v2\/product\/11166\/revisions\/11174"}],"wp:featuredmedia":[{"embeddable":true,"href":"https:\/\/liluilu.ee\/et\/wp-json\/wp\/v2\/media\/11173"}],"wp:attachment":[{"href":"https:\/\/liluilu.ee\/et\/wp-json\/wp\/v2\/media?parent=11166"}],"wp:term":[{"taxonomy":"product_brand","embeddable":true,"href":"https:\/\/liluilu.ee\/et\/wp-json\/wp\/v2\/product_brand?post=11166"},{"taxonomy":"product_cat","embeddable":true,"href":"https:\/\/liluilu.ee\/et\/wp-json\/wp\/v2\/product_cat?post=11166"},{"taxonomy":"product_tag","embeddable":true,"href":"https:\/\/liluilu.ee\/et\/wp-json\/wp\/v2\/product_tag?post=11166"}],"curies":[{"name":"t\u00f6\u00f6leht","href":"https:\/\/api.w.org\/{rel}","templated":true}]}}