{"id":11157,"date":"2024-04-19T19:33:10","date_gmt":"2024-04-19T16:33:10","guid":{"rendered":"https:\/\/liluilu.ee\/?post_type=product&#038;p=11157"},"modified":"2026-04-17T11:42:39","modified_gmt":"2026-04-17T08:42:39","slug":"medi-peel-peptide-9-volume-bio-tox-toner-pro","status":"publish","type":"product","link":"https:\/\/liluilu.ee\/et\/medi-peel-peptide-9-volume-bio-tox-toner-pro\/","title":{"rendered":"Peptide toonik-booster koos Matrixyl Medi-Peel Peptide 9 Volume Bio Tox Tox Toner Pro 250 ml-ga."},"content":{"rendered":"<p><span style=\"font-weight: 400;\">Peptiidtooneri v\u00f5imendus koos Matrixyliga<\/span><b> Medi-Peel Peptide 9 Volume Bio Tox Toner Pro<\/b><span style=\"font-weight: 400;\"> tagab intensiivse niisutuse ja juhib niiskust epidermise s\u00fcgavamatesse kihtidesse. Tuleb kiiresti ja t\u00f5husalt toime kuivuse, tiheduse ja ketendusega. T\u00e4idab koheselt p\u00e4rast pesemist puuduvat niiskust ja stabiliseerib happe-aluse tasakaalu.<\/span><\/p>\n<p>&nbsp;<\/p>\n<p><span style=\"font-weight: 400;\">Hoiab \u00e4ra deh\u00fcdratsiooni ja k\u00fcllastab nahka aktiivselt toitainetega. Soodustab kudede tihenemist, tugevdab turgorit ja annab elastsuse. Stimuleerib teie enda kollageenikiudude s\u00fcnteesi, suurendab elastsust ja aitab siluda naha kortse.<\/span><\/p>\n<p>&nbsp;<\/p>\n<h2><i>Medi-Peel Peptide 9 Volume Bio Tox Tox Toner Pro koostis on rikas peptiidide poolest:<\/i><\/h2>\n<p><b>Matrixyl\u00ae 3000<\/b><span style=\"font-weight: 400;\"> (P) on patenteeritud kompleks, mis sisaldab signaalpeptiide Palmitoyl Tetrapeptide-7 ja Palmitoyl Tripeptide-1.<\/span><\/p>\n<p>&nbsp;<\/p>\n<p><span style=\"font-weight: 400;\">Kompleks stimuleerib rakkude aktiivsust ja tugevdab rakuv\u00e4list maatriksit, suurendab kollageeni ja h\u00fcaluroonhappe s\u00fcnteesi, pinguldab ja silub nahka, modelleerib n\u00e4oovaali ja taastab elastsuse.<\/span><\/p>\n<p>&nbsp;<\/p>\n<p><b>Argireliin ja atset\u00fc\u00fcloktapeptiid-3 <\/b><span style=\"font-weight: 400;\">(Acetyl Hexapeptide-8, Acetyl Octapeptide-3) - botuliinitaolise toimega peptiidid l\u00f5\u00f5gastavad n\u00e4olihaseid ning hoiavad \u00e4ra n\u00e4okortsude ja nahakurdude teket.<\/span><\/p>\n<p>&nbsp;<\/p>\n<p><b>Nonapeptiid-1<\/b><span style=\"font-weight: 400;\"> (Nonapeptiid-1), mis koosneb 7 aminohappest, takistab t\u00fcrosinaasi s\u00fcnteesi, ens\u00fc\u00fcmi, mis stimuleerib melaniini transporti rakkudesse, takistades seel\u00e4bi vanuselaikude teket.<\/span><\/p>\n<p>&nbsp;<\/p>\n<p><b>Vase tripeptiid<\/b><span style=\"font-weight: 400;\"> (Copper Tripeptide-1) suurendab kollageeni ja elastiini s\u00fcnteesi, lisab elastsust, on tugevdava, p\u00f5letikuvastase ja antioks\u00fcdantse toimega, v\u00e4hendab kortsude raskust ja kiirendab regeneratsiooni.<\/span><\/p>\n<p>&nbsp;<\/p>\n<p><b>Tripeptiid-1<\/b><span style=\"font-weight: 400;\"> (Tripeptiid-1) ennetab fotovananemise m\u00e4rke, suurendab teie enda kollageeni tootmist ja p\u00e4rsib kollageenikiudude lagunemist, v\u00f5itleb vabade radikaalidega.<\/span><\/p>\n<p>&nbsp;<\/p>\n<p><b>Heksapeptiid-9<\/b><span style=\"font-weight: 400;\"> (Heksapeptiid-9) stimuleerib fibroblaste ja parandab kollageeni tootmist, silub nahka ning v\u00e4hendab kortsude ja kortsude s\u00fcgavust.<\/span><\/p>\n<p>&nbsp;<\/p>\n<p><b>Palmito\u00fc\u00fclpentapeptiid-4<\/b><span style=\"font-weight: 400;\"> (Palmitoyl Pentapeptide-4) on h\u00e4sti uuritud vananemisvastane peptiid, mis koosneb 5 aminohappest. See on kollageenvalgu 1 alamfragment, v\u00e4hendab kortsude ja kortsude s\u00fcgavust, parandab naha tekstuuri. See on sama t\u00f5hus kui retinool, kuid ei p\u00f5hjusta \u00e4rritust.\u00a0<\/span><\/p>\n<p>&nbsp;<\/p>\n<h2><i>Medi-Peel Peptide 9 Volume Bio Tox Tox Pro t\u00e4iendavad toimeained:<\/i><\/h2>\n<p>&nbsp;<\/p>\n<p><b>Voljufilin<\/b><span style=\"font-weight: 400;\"> (Anemarrhena Asphodeloides Root Extract) - anemarrhenast ekstraheeritud aine, see suurendab naha tihedust ja mahtu, pakkudes lipofillingule sarnast efekti.\u00a0<\/span><\/p>\n<p>&nbsp;<\/p>\n<p><b>Kollageen <\/b><span style=\"font-weight: 400;\">intensiivselt<\/span><span style=\"font-weight: 400;\">niisutab, aitab nahal s\u00e4ilitada niiskust, parandab tekstuuri, stimuleerib taastumisprotsesse, v\u00f5itleb kortsude vastu.<\/span><\/p>\n<p>&nbsp;<\/p>\n<p><b>8 t\u00fc\u00fcpi h\u00fcaluroonhapet <\/b><span style=\"font-weight: 400;\">tungivad epidermise s\u00fcgavatesse kihtidesse, niisutavad aktiivselt ja s\u00e4ilitavad optimaalse h\u00fcdratatsioonitaseme. Need moodustavad kaitsekihi, mis takistab niiskuse aurustumist.<\/span><\/p>\n<p>&nbsp;<\/p>\n<p><b>Kaaviari ekstrakt<\/b><span style=\"font-weight: 400;\"> sisaldab oomega-3, vitamiine ja aminohappeid. Suurendab kollageeni tootmist ja takistab selle lagunemist, parandab naha tekstuuri, p\u00e4rsib p\u00f5letikku ja omab igak\u00fclgset vananemisvastast toimet.<\/span><\/p>\n<p>&nbsp;<\/p>\n<p><b>Mesilaspiima ekstrakt <\/b><span style=\"font-weight: 400;\">on bakteritsiidse, viirusevastase ja antitoksilise toimega, t\u00f5stab toonust ja omab regenereerivaid omadusi.<\/span><\/p>\n<p>&nbsp;<\/p>\n<p><b>24K kulda <\/b><span style=\"font-weight: 400;\">tugevdab, parandab teiste varade l\u00e4bitungimist, kiirendab mikrotsirkulatsiooni.<\/span><\/p>\n<p>&nbsp;<\/p>\n<p><b>Ektoiin <\/b><span style=\"font-weight: 400;\">\u2014 orgaaniline aminohape, kaitseb t\u00f5husalt v\u00e4listegurite ja UV-kiirte eest ning on desinfitseeriva toimega. Kontrollib melaniini tootmist ja aitab kergendada pigmentatsiooni.\u00a0<\/span><\/p>\n<p>&nbsp;<\/p>\n<p><b>Astaksantiin <\/b><span style=\"font-weight: 400;\">- v\u00f5imas antioks\u00fcdant, aktiivne k\u00f5igis epidermise kihtides. Pakub kaitset UV-kahjustuste eest, v\u00e4hendab kortse ja heledab vanuselaike.\u00a0<\/span><\/p>\n<p>&nbsp;<\/p>\n<p><b>H\u00fcdrol\u00fc\u00fcsitud elastiin<\/b><span style=\"font-weight: 400;\"> tugevdab ja toetab kollageenikiude, suurendab kudede elastsust, muudab naha elastseks ja siledaks.<\/span><\/p>\n<p>&nbsp;<\/p>\n<p><b>MultiEx BSASM\u00ae Plus<\/b><span style=\"font-weight: 400;\"> - patenteeritud \u00fcrdikompleks, mis koosneb rosmariinist, kummelist, kameeliast, tsentellast, lagritsast, tatrast ja Baikali koljupeast. V\u00e4hendab p\u00f5letikulist protsessi, omab antiseptilist toimet ja v\u00f5itleb bakterite vohamise vastu. Suurep\u00e4rane rosaatsea, laienenud pooride ja eba\u00fchtlase tooniga nahale.<\/span><\/p>\n<p>&nbsp;<\/p>\n<p><b>Neemipuu lehtede ekstrakt<\/b><span style=\"font-weight: 400;\"> ravib, on p\u00f5letikuvastase ja antiseptilise toimega, muudab naha siledaks ja siidiseks, reguleerib rasu tootmist.<\/span><\/p>\n<p>&nbsp;<\/p>\n<p><b>Soovitame<\/b> <b>Medi-Peel Peptide 9 Volume Bio Tox Toner Pro<\/b><span style=\"font-weight: 400;\"> normaalsele, kombineeritud ja kuivale nahale.<\/span><\/p>\n<p>&nbsp;<\/p>\n<p><b>Kuidas kasutada:<\/b><\/p>\n<p><span style=\"font-weight: 400;\">Kandke rikkalik kogus Medi-Peel Peptide 9 Volume Bio Tox Tox Toner Pro-d eelnevalt puhastatud n\u00e4ole ja kaelale. Toonerit v\u00f5ib peale kanda vatipadjakeste abil v\u00f5i otse peopesalt. Kergete patsutusliigutustega aita tootel t\u00e4ielikult imenduda.\u00a0<\/span><\/p>\n<p>&nbsp;<\/p>\n<p><b>Netokogus:<\/b><span style=\"font-weight: 400;\"> 250 ml.<\/span><\/p>\n<p>&nbsp;<\/p>\n<p><span style=\"font-weight: 400;\">Kui teil on lisak\u00fcsimusi v\u00f5i vajate toote valimisel n\u00f5u, kirjutage meile. Vestlus asub ekraani paremas alanurgas.<\/span><\/p>\n<p>&nbsp;<\/p>\n<p>&nbsp;<\/p>\n<p><a title=\"TARNETINGIMUSED\" href=\"https:\/\/liluilu.ee\/et\/kohaletoimetamine\/\" target=\"_blank\" rel=\"noopener\">TARNETINGIMUSED<\/a><\/p>","protected":false},"excerpt":{"rendered":"<p>\u041f\u0435\u043f\u0442\u0438\u0434\u043d\u044b\u0439 \u0442\u043e\u043d\u0435\u0440-\u0431\u0443\u0441\u0442\u0435\u0440 \u0441 \u043c\u0430\u0442\u0440\u0438\u043a\u0441\u0438\u043b\u043e\u043c Medi-Peel Peptide 9 Volume Bio Tox Toner Pro \u043e\u0431\u0435\u0441\u043f\u0435\u0447\u0438\u0432\u0430\u0435\u0442 \u0438\u043d\u0442\u0435\u043d\u0441\u0438\u0432\u043d\u043e\u0435 \u0443\u0432\u043b\u0430\u0436\u043d\u0435\u043d\u0438\u0435 \u0438 \u043f\u0440\u043e\u0432\u043e\u0434\u0438\u0442 \u0432\u043b\u0430\u0433\u0443 \u0432 \u0433\u043b\u0443\u0431\u043e\u043a\u0438\u0435 \u0441\u043b\u043e\u0438 \u044d\u043f\u0438\u0434\u0435\u0440\u043c\u0438\u0441\u0430. \u0411\u044b\u0441\u0442\u0440\u043e \u0438 \u044d\u0444\u0444\u0435\u043a\u0442\u0438\u0432\u043d\u043e \u0441\u043f\u0440\u0430\u0432\u043b\u044f\u0435\u0442\u0441\u044f \u0441 \u0441\u0443\u0445\u043e\u0441\u0442\u044c\u044e, \u0441\u0442\u044f\u043d\u0443\u0442\u043e\u0441\u0442\u044c\u044e \u0438 \u0448\u0435\u043b\u0443\u0448\u0435\u043d\u0438\u044f\u043c\u0438. \u041c\u043e\u043c\u0435\u043d\u0442\u0430\u043b\u044c\u043d\u043e \u0432\u043e\u0441\u043f\u043e\u043b\u043d\u044f\u0435\u0442 \u043d\u0435\u0434\u043e\u0441\u0442\u0430\u0442\u043e\u043a \u0443\u0432\u043b\u0430\u0436\u043d\u0435\u043d\u0438\u044f \u043f\u043e\u0441\u043b\u0435 \u0443\u043c\u044b\u0432\u0430\u043d\u0438\u044f \u0438 \u0441\u0442\u0430\u0431\u0438\u043b\u0438\u0437\u0438\u0440\u0443\u0435\u0442 \u043a\u0438\u0441\u043b\u043e\u0442\u043d\u043e-\u0449\u0435\u043b\u043e\u0447\u043d\u043e\u0439 \u0431\u0430\u043b\u0430\u043d\u0441. &nbsp; \u041f\u0440\u0435\u0434\u043e\u0442\u0432\u0440\u0430\u0449\u0430\u0435\u0442 \u043e\u0431\u0435\u0437\u0432\u043e\u0436\u0435\u043d\u043d\u043e\u0441\u0442\u044c \u0438 \u0430\u043a\u0442\u0438\u0432\u043d\u043e \u043d\u0430\u0441\u044b\u0449\u0430\u0435\u0442 \u043f\u0438\u0442\u0430\u0442\u0435\u043b\u044c\u043d\u044b\u043c\u0438 \u0432\u0435\u0449\u0435\u0441\u0442\u0432\u0430\u043c\u0438 \u043a\u043e\u0436\u0443. \u0421\u043f\u043e\u0441\u043e\u0431\u0441\u0442\u0432\u0443\u0435\u0442 \u0443\u043f\u043b\u043e\u0442\u043d\u0435\u043d\u0438\u044e \u0442\u043a\u0430\u043d\u0435\u0439, \u0443\u043a\u0440\u0435\u043f\u043b\u044f\u0435\u0442 \u0442\u0443\u0440\u0433\u043e\u0440 [&hellip;]<\/p>","protected":false},"featured_media":11700,"comment_status":"open","ping_status":"closed","template":"","meta":{"_eb_attr":"","jetpack_post_was_ever_published":false,"_joinchat":[]},"product_brand":[],"product_cat":[219,217],"product_tag":[597,640,361,329,445,571,641,567,622,465,239,487,519,680,681,679,489],"class_list":{"0":"post-11157","1":"product","2":"type-product","3":"status-publish","4":"has-post-thumbnail","6":"product_cat-medi-peel","7":"product_cat-tonery","8":"product_tag-matrixyl-3000","9":"product_tag-medi-peel-peptide-9-volume-lifting-line","10":"product_tag-multi-ex-bsasm-plus","11":"product_tag-volufiline","12":"product_tag-antivozrastnoj-uhod","13":"product_tag-antivozrastnye-tonery","14":"product_tag-argirelin","15":"product_tag-voljufilin","16":"product_tag-kosmetika-s-peptidami","17":"product_tag-lifting","18":"product_tag-peptidy","19":"product_tag-protiv-morshhin","20":"product_tag-tripeptid-medi","21":"product_tag-ekstrakt-ikry","22":"product_tag-ekstrakt-matochnogo-molochka","23":"product_tag-ektoin","24":"product_tag-elastichnost-i-uprugost","26":"first","27":"instock","28":"sale","29":"shipping-taxable","30":"purchasable","31":"product-type-simple"},"jetpack_sharing_enabled":true,"_links":{"self":[{"href":"https:\/\/liluilu.ee\/et\/wp-json\/wp\/v2\/product\/11157","targetHints":{"allow":["GET"]}}],"collection":[{"href":"https:\/\/liluilu.ee\/et\/wp-json\/wp\/v2\/product"}],"about":[{"href":"https:\/\/liluilu.ee\/et\/wp-json\/wp\/v2\/types\/product"}],"replies":[{"embeddable":true,"href":"https:\/\/liluilu.ee\/et\/wp-json\/wp\/v2\/comments?post=11157"}],"version-history":[{"count":6,"href":"https:\/\/liluilu.ee\/et\/wp-json\/wp\/v2\/product\/11157\/revisions"}],"predecessor-version":[{"id":11165,"href":"https:\/\/liluilu.ee\/et\/wp-json\/wp\/v2\/product\/11157\/revisions\/11165"}],"wp:featuredmedia":[{"embeddable":true,"href":"https:\/\/liluilu.ee\/et\/wp-json\/wp\/v2\/media\/11700"}],"wp:attachment":[{"href":"https:\/\/liluilu.ee\/et\/wp-json\/wp\/v2\/media?parent=11157"}],"wp:term":[{"taxonomy":"product_brand","embeddable":true,"href":"https:\/\/liluilu.ee\/et\/wp-json\/wp\/v2\/product_brand?post=11157"},{"taxonomy":"product_cat","embeddable":true,"href":"https:\/\/liluilu.ee\/et\/wp-json\/wp\/v2\/product_cat?post=11157"},{"taxonomy":"product_tag","embeddable":true,"href":"https:\/\/liluilu.ee\/et\/wp-json\/wp\/v2\/product_tag?post=11157"}],"curies":[{"name":"t\u00f6\u00f6leht","href":"https:\/\/api.w.org\/{rel}","templated":true}]}}