{"id":11112,"date":"2024-04-16T19:35:49","date_gmt":"2024-04-16T16:35:49","guid":{"rendered":"https:\/\/liluilu.ee\/?post_type=product&#038;p=11112"},"modified":"2026-04-23T20:48:52","modified_gmt":"2026-04-23T17:48:52","slug":"miniatyura-skin1004-madagascar-centella-cream-30ml","status":"publish","type":"product","link":"https:\/\/liluilu.ee\/et\/miniatyura-skin1004-madagascar-centella-cream-30ml\/","title":{"rendered":"Tsenellaga taastava kreemi miniatuur SKIN1004 Madagascar Centella Cream 30ml."},"content":{"rendered":"<p><b>Mini versioon<\/b><span style=\"font-weight: 400;\"> rahustav ja taastav n\u00e4okreem Madagaskari tsentellaga <\/span><b>SKIN1004 Madagascar Centella kreem<\/b><span style=\"font-weight: 400;\">.\u00a0<\/span><\/p>\n<p>&nbsp;<\/p>\n<p><span style=\"font-weight: 400;\">Toode on loodud spetsiaalselt tundlikule ja reaktiivsele nahale, mis vajab funktsionaalset, kuid \u00f5rna hooldust.<\/span><\/p>\n<p>&nbsp;<\/p>\n<p><span style=\"font-weight: 400;\">Kreem toidab, pehmendab ja silub nahka, muutes selle pehmeks ja sametiseks. Niisutab, eemaldab kuivuse ja ketenduse.\u00a0<\/span><\/p>\n<p>&nbsp;<\/p>\n<p><span style=\"font-weight: 400;\">T\u00f5husalt rahustab, ravib ja stimuleerib taastumist. Leevendab \u00e4rritust, v\u00e4hendab punetust ja \u00fcldiselt v\u00e4hendab naha reaktsiooniv\u00f5imet. Parandab jumet.<\/span><\/p>\n<p>&nbsp;<\/p>\n<p><span style=\"font-weight: 400;\">Kreemi regulaarne kasutamine ravib ja tugevdab nahka. S\u00e4ilitab selle elastsuse ja tugevuse, takistab kortsude teket.<\/span><\/p>\n<p>&nbsp;<\/p>\n<p><span style=\"font-weight: 400;\">Oil in Water tehnoloogia, mis v\u00f5imaldab \u00f5liosakesed vee mikrokapslitesse sulgeda, tagab siidise kreemja tekstuuri ja s\u00fcgava l\u00e4bitungimise.\u00a0<\/span><\/p>\n<p>&nbsp;<\/p>\n<p><b>Kreem sisaldab<\/b><span style=\"font-weight: 400;\"> centella ekstrakt ja 4 selle derivaati, niatsiinamiid, pantenool, adenosiin, skvalaan, trehaloos, keramiidid ja v\u00e4\u00e4rtuslikud \u00f5lid.<\/span><\/p>\n<p>&nbsp;<\/p>\n<p><b>Toode sobib<\/b><span style=\"font-weight: 400;\"> kombineeritud, normaalsele ja kuivale nahale. Samuti \u00f5hukestele, tundlikele ja reaktiivsetele.\u00a0<\/span><\/p>\n<p>&nbsp;<\/p>\n<p><span style=\"font-weight: 400;\">Loe kreemi kohta l\u00e4hemalt <\/span><span style=\"color: #0000ff;\"><a style=\"color: #0000ff;\" href=\"https:\/\/liluilu.ee\/et\/skin1004-madagascar-centella-cream\/\" target=\"_blank\" rel=\"noopener\"><span style=\"font-weight: 400;\">siit<\/span><\/a><\/span><span style=\"font-weight: 400;\">.<\/span><\/p>\n<p>&nbsp;<\/p>\n<p><span style=\"font-weight: 400;\">Toode on esitatud kahes mahus:<\/span><\/p>\n<ul>\n<li style=\"font-weight: 400;\" aria-level=\"1\"><span style=\"font-weight: 400;\">30 ml<\/span><\/li>\n<li style=\"font-weight: 400;\" aria-level=\"1\"><span style=\"color: #0000ff;\"><a style=\"color: #0000ff;\" href=\"https:\/\/liluilu.ee\/et\/skin1004-madagascar-centella-cream\/\" target=\"_blank\" rel=\"noopener\"><span style=\"font-weight: 400;\">75 ml.<\/span><\/a><\/span><\/li>\n<\/ul>\n<p>&nbsp;<\/p>\n<p><b>Kuidas kasutada:<\/b><\/p>\n<p><span style=\"font-weight: 400;\">Hoolduse viimasel etapil kandke n\u00e4o- ja kaelanahale vajalik kogus kreemi. Jaotage ja kasutage pehmeid massaa\u017eiliigutusi, et toode t\u00e4ielikult imenduks.<\/span><\/p>\n<p>&nbsp;<\/p>\n<p>&nbsp;<\/p>\n<p><a title=\"TARNETINGIMUSED\" href=\"https:\/\/liluilu.ee\/et\/kohaletoimetamine\/\" target=\"_blank\" rel=\"noopener\">TARNETINGIMUSED<\/a><\/p>","protected":false},"excerpt":{"rendered":"<p>\u041c\u0438\u043d\u0438-\u0432\u0435\u0440\u0441\u0438\u044f \u0443\u0441\u043f\u043e\u043a\u0430\u0438\u0432\u0430\u044e\u0449\u0435\u0433\u043e \u0438 \u0432\u043e\u0441\u0441\u0442\u0430\u043d\u0430\u0432\u043b\u0438\u0432\u0430\u044e\u0449\u0435\u0433\u043e \u043a\u0440\u0435\u043c\u0430 \u0434\u043b\u044f \u043b\u0438\u0446\u0430 \u0441 \u043c\u0430\u0434\u0430\u0433\u0430\u0441\u043a\u0430\u0440\u0441\u043a\u043e\u0439 \u0446\u0435\u043d\u0442\u0435\u043b\u043b\u043e\u0439 SKIN1004 Madagaskar Centella Cream.\u00a0 &nbsp; \u0421\u0440\u0435\u0434\u0441\u0442\u0432\u043e \u0440\u0430\u0437\u0440\u0430\u0431\u043e\u0442\u0430\u043d\u043e \u0441\u043f\u0435\u0446\u0438\u0430\u043b\u044c\u043d\u043e \u0434\u043b\u044f \u0447\u0443\u0432\u0441\u0442\u0432\u0438\u0442\u0435\u043b\u044c\u043d\u043e\u0439 \u0438 \u0440\u0435\u0430\u043a\u0442\u0438\u0432\u043d\u043e\u0439 \u043a\u043e\u0436\u0438, \u043a\u043e\u0442\u043e\u0440\u043e\u0439 \u043d\u0435\u043e\u0431\u0445\u043e\u0434\u0438\u043c \u0444\u0443\u043d\u043a\u0446\u0438\u043e\u043d\u0430\u043b\u044c\u043d\u044b\u0439, \u043d\u043e \u0431\u0435\u0440\u0435\u0436\u043d\u044b\u0439 \u0443\u0445\u043e\u0434. &nbsp; \u041a\u0440\u0435\u043c \u043f\u0438\u0442\u0430\u0435\u0442, \u0441\u043c\u044f\u0433\u0447\u0430\u0435\u0442 \u0438 \u0440\u0430\u0437\u0433\u043b\u0430\u0436\u0438\u0432\u0430\u0435\u0442 \u043a\u043e\u0436\u0443, \u0434\u0435\u043b\u0430\u0435\u0442 \u0435\u0435 \u043d\u0435\u0436\u043d\u043e\u0439 \u0438 \u0431\u0430\u0440\u0445\u0430\u0442\u0438\u0441\u0442\u043e\u0439. \u0423\u0432\u043b\u0430\u0436\u043d\u044f\u0435\u0442, \u0443\u0441\u0442\u0440\u0430\u043d\u044f\u0435\u0442 \u0441\u0443\u0445\u043e\u0441\u0442\u044c \u0438 \u0448\u0435\u043b\u0443\u0448\u0435\u043d\u0438\u044f.\u00a0 &nbsp; \u042d\u0444\u0444\u0435\u043a\u0442\u0438\u0432\u043d\u043e \u0443\u0441\u043f\u043e\u043a\u0430\u0438\u0432\u0430\u0435\u0442, \u0437\u0430\u0436\u0438\u0432\u043b\u044f\u0435\u0442 \u0438 \u0441\u0442\u0438\u043c\u0443\u043b\u0438\u0440\u0443\u0435\u0442 \u0432\u043e\u0441\u0441\u0442\u0430\u043d\u043e\u0432\u043b\u0435\u043d\u0438\u0435. \u0421\u043d\u0438\u043c\u0430\u0435\u0442 \u0440\u0430\u0437\u0434\u0440\u0430\u0436\u0435\u043d\u0438\u044f, [&hellip;]<\/p>","protected":false},"featured_media":11108,"comment_status":"open","ping_status":"closed","template":"","meta":{"_eb_attr":"","jetpack_post_was_ever_published":false,"_joinchat":[]},"product_brand":[],"product_cat":[449],"product_tag":[453,497,467,647,247,413],"class_list":{"0":"post-11112","1":"product","2":"type-product","3":"status-publish","4":"has-post-thumbnail","6":"product_cat-skin1004","7":"product_tag-skin1004-madagascar-centella-line","8":"product_tag-probniki-i-miniatjury","9":"product_tag-tonkaya-kozha","10":"product_tag-uspokaivajushhij-uhod-za-kozhej","11":"product_tag-centella","12":"product_tag-chuvstvitelnaya-kozha","14":"first","15":"instock","16":"sale","17":"shipping-taxable","18":"purchasable","19":"product-type-simple"},"jetpack_sharing_enabled":true,"_links":{"self":[{"href":"https:\/\/liluilu.ee\/et\/wp-json\/wp\/v2\/product\/11112","targetHints":{"allow":["GET"]}}],"collection":[{"href":"https:\/\/liluilu.ee\/et\/wp-json\/wp\/v2\/product"}],"about":[{"href":"https:\/\/liluilu.ee\/et\/wp-json\/wp\/v2\/types\/product"}],"replies":[{"embeddable":true,"href":"https:\/\/liluilu.ee\/et\/wp-json\/wp\/v2\/comments?post=11112"}],"version-history":[{"count":6,"href":"https:\/\/liluilu.ee\/et\/wp-json\/wp\/v2\/product\/11112\/revisions"}],"predecessor-version":[{"id":11120,"href":"https:\/\/liluilu.ee\/et\/wp-json\/wp\/v2\/product\/11112\/revisions\/11120"}],"wp:featuredmedia":[{"embeddable":true,"href":"https:\/\/liluilu.ee\/et\/wp-json\/wp\/v2\/media\/11108"}],"wp:attachment":[{"href":"https:\/\/liluilu.ee\/et\/wp-json\/wp\/v2\/media?parent=11112"}],"wp:term":[{"taxonomy":"product_brand","embeddable":true,"href":"https:\/\/liluilu.ee\/et\/wp-json\/wp\/v2\/product_brand?post=11112"},{"taxonomy":"product_cat","embeddable":true,"href":"https:\/\/liluilu.ee\/et\/wp-json\/wp\/v2\/product_cat?post=11112"},{"taxonomy":"product_tag","embeddable":true,"href":"https:\/\/liluilu.ee\/et\/wp-json\/wp\/v2\/product_tag?post=11112"}],"curies":[{"name":"t\u00f6\u00f6leht","href":"https:\/\/api.w.org\/{rel}","templated":true}]}}