{"id":11081,"date":"2024-04-16T13:07:16","date_gmt":"2024-04-16T10:07:16","guid":{"rendered":"https:\/\/liluilu.ee\/?post_type=product&#038;p=11081"},"modified":"2026-04-08T22:46:53","modified_gmt":"2026-04-08T19:46:53","slug":"miniatjura-skin1004-madagascar-centella-probio-cica-enrich-cream-15-ml","status":"publish","type":"product","link":"https:\/\/liluilu.ee\/et\/miniatjura-skin1004-madagascar-centella-probio-cica-enrich-cream-15-ml\/","title":{"rendered":"Probiootikumidega lamellkreem miniatuurne SKIN1004 Madagascar Centella Probio-Cica Enrich Cream 15ml."},"content":{"rendered":"<p><span style=\"font-weight: 400;\"><strong>Mini versioon<\/strong> toitev lamellne n\u00e4okreem<\/span><b> SKIN1004 Madagascar Centella Probio-Cica rikastav kreem.<\/b><\/p>\n<p>&nbsp;<\/p>\n<p><span style=\"font-weight: 400;\">Toode on efektiivne kuiva, deh\u00fcdreeritud, tundliku v\u00f5i kahjustatud naha taastamiseks. Pakub luksuslikku toitumist ja kauakestvat niisutust. Saab kiiresti hakkama deh\u00fcdratsiooni tunnustega, k\u00f5rvaldab kuivuse, ketenduse ja s\u00fcgeluse. V\u00e4hendab naha tundlikkust ja reaktsiooniv\u00f5imet. Rahustab ja v\u00e4hendab punetust. Leevendab \u00e4rritust, ravib ja soodustab taastumist.\u00a0<\/span><\/p>\n<p>&nbsp;<\/p>\n<p><span style=\"font-weight: 400;\">Kreemi regulaarne kasutamine ravib, tugevdab ja noorendab nahka. Muudab selle pehmeks, siledaks ja elastseks. Annab \u00f5rna s\u00e4ra ja parandab jumet.\u00a0<\/span><\/p>\n<p>&nbsp;<\/p>\n<p><span style=\"font-weight: 400;\">Toode on loodud lamelltehnoloogia abil. <\/span><b>Sisaldab <\/b><span style=\"font-weight: 400;\">probiootikumid, keramiidkompleks, Centella asiatica baasil rahustav kompleks ja v\u00e4\u00e4rtuslikud \u00f5lid.<\/span><\/p>\n<p>&nbsp;<\/p>\n<p><b>Sobib<\/b><span style=\"font-weight: 400;\"> kuivale, normaalsele v\u00f5i kombineeritud nahale. Samuti deh\u00fcdreeritud, atoopiliste, tundlike v\u00f5i kahjustatud inimestele, sealhulgas rosaatsea v\u00f5i rosaatseaga inimestele. Sobib naha tervise s\u00e4ilitamiseks p\u00e4rast agressiivseid kosmeetilisi protseduure. P\u00f5hiliseks vananemisvastaseks hoolduseks.\u00a0<\/span><\/p>\n<p>&nbsp;<\/p>\n<p><span style=\"font-weight: 400;\">Toode on esitatud kahes mahus: <\/span><\/p>\n<ul>\n<li>15 ml.<\/li>\n<li style=\"font-weight: 400;\" aria-level=\"1\"><span style=\"color: #0000ff;\"><a style=\"color: #0000ff;\" href=\"https:\/\/liluilu.ee\/et\/skin1004-madagascar-centella-probio-cica-enrich-cream\/\" target=\"_blank\" rel=\"noopener\"><span style=\"font-weight: 400;\">50 ml.<\/span><\/a><\/span><\/li>\n<\/ul>\n<p>&nbsp;<\/p>\n<p><span style=\"font-weight: 400;\">Loe l\u00e4hemalt\u00a0 <\/span><span style=\"color: #0000ff;\"><a style=\"color: #0000ff;\" href=\"https:\/\/liluilu.ee\/et\/skin1004-madagascar-centella-probio-cica-enrich-cream\/\" target=\"_blank\" rel=\"noopener\"><span style=\"font-weight: 400;\">siit<\/span><\/a><span style=\"font-weight: 400;\">.\u00a0<\/span><\/span><\/p>\n<p>&nbsp;<\/p>\n<p><b>Kuidas kasutada:<\/b><\/p>\n<p><span style=\"font-weight: 400;\">Hoolduse viimasel etapil kandke n\u00e4o- ja kaelanahale vajalik kogus kreemi. Jaotage toodet \u00f5rnalt ja patsutage kergelt nahka, et kreem imenduks paremini ja kiiremini.\u00a0<\/span><\/p>\n<p>&nbsp;<\/p>\n<p><b>Netokogus:<\/b><span style=\"font-weight: 400;\"> 15 ml.<\/span><\/p>\n<p>&nbsp;<\/p>\n<p>&nbsp;<\/p>\n<p><a title=\"TARNETINGIMUSED\" href=\"https:\/\/liluilu.ee\/et\/kohaletoimetamine\/\" target=\"_blank\" rel=\"noopener\">TARNETINGIMUSED<\/a><\/p>","protected":false},"excerpt":{"rendered":"<p>\u041c\u0438\u043d\u0438-\u0432\u0435\u0440\u0441\u0438\u044f \u043f\u0438\u0442\u0430\u0442\u0435\u043b\u044c\u043d\u043e\u0433\u043e \u043b\u0430\u043c\u0435\u043b\u043b\u044f\u0440\u043d\u043e\u0433\u043e \u043a\u0440\u0435\u043c\u0430 \u0434\u043b\u044f \u043b\u0438\u0446\u0430 SKIN1004 Madagascar Centella Probio-Cica Enrich Cream. &nbsp; \u0421\u0440\u0435\u0434\u0441\u0442\u0432\u043e \u044d\u0444\u0444\u0435\u043a\u0442\u0438\u0432\u043d\u043e \u0434\u043b\u044f \u0432\u043e\u0441\u0441\u0442\u0430\u043d\u043e\u0432\u043b\u0435\u043d\u0438\u044f \u0441\u0443\u0445\u043e\u0439, \u043e\u0431\u0435\u0437\u0432\u043e\u0436\u0435\u043d\u043d\u043e\u0439, \u0447\u0443\u0432\u0441\u0442\u0432\u0438\u0442\u0435\u043b\u044c\u043d\u043e\u0439 \u0438\u043b\u0438 \u043f\u043e\u0432\u0440\u0435\u0436\u0434\u0435\u043d\u043d\u043e\u0439 \u043a\u043e\u0436\u0438. \u041e\u0431\u0435\u0441\u043f\u0435\u0447\u0438\u0432\u0430\u0435\u0442 \u0440\u043e\u0441\u043a\u043e\u0448\u043d\u043e\u0435 \u043f\u0438\u0442\u0430\u043d\u0438\u0435 \u0438 \u0434\u043b\u0438\u0442\u0435\u043b\u044c\u043d\u043e\u0435 \u0443\u0432\u043b\u0430\u0436\u043d\u0435\u043d\u0438\u0435. \u0411\u044b\u0441\u0442\u0440\u043e \u0441\u043f\u0440\u0430\u0432\u043b\u044f\u0435\u0442\u0441\u044f \u0441 \u043f\u0440\u0438\u0437\u043d\u0430\u043a\u0430\u043c\u0438 \u043e\u0431\u0435\u0437\u0432\u043e\u0436\u0435\u043d\u043d\u043e\u0441\u0442\u0438, \u0443\u0441\u0442\u0440\u0430\u043d\u044f\u0435\u0442 \u0441\u0443\u0445\u043e\u0441\u0442\u044c, \u0448\u0435\u043b\u0443\u0448\u0435\u043d\u0438\u044f \u0438 \u0437\u0443\u0434. \u0421\u043d\u0438\u0436\u0430\u0435\u0442 \u0447\u0443\u0432\u0441\u0442\u0432\u0438\u0442\u0435\u043b\u044c\u043d\u043e\u0441\u0442\u044c \u0438 \u0440\u0435\u0430\u043a\u0442\u0438\u0432\u043d\u043e\u0441\u0442\u044c \u043a\u043e\u0436\u0438. \u0423\u0441\u043f\u043e\u043a\u0430\u0438\u0432\u0430\u0435\u0442 \u0438 \u0443\u043c\u0435\u043d\u044c\u0448\u0430\u0435\u0442 \u043f\u043e\u043a\u0440\u0430\u0441\u043d\u0435\u043d\u0438\u044f. \u0421\u043d\u0438\u043c\u0430\u0435\u0442 \u0440\u0430\u0437\u0434\u0440\u0430\u0436\u0435\u043d\u0438\u044f, \u0437\u0430\u0436\u0438\u0432\u043b\u044f\u0435\u0442 \u0438 \u0441\u043f\u043e\u0441\u043e\u0431\u0441\u0442\u0432\u0443\u0435\u0442 \u0440\u0435\u0433\u0435\u043d\u0435\u0440\u0430\u0446\u0438\u0438.\u00a0 &nbsp; [&hellip;]<\/p>","protected":false},"featured_media":11105,"comment_status":"open","ping_status":"closed","template":"","meta":{"_eb_attr":"","jetpack_post_was_ever_published":false,"_joinchat":[]},"product_brand":[],"product_cat":[449,95],"product_tag":[611,607,445,439,583,584,608,441,423,297,497,605,493,421,467,400,247,317,413],"class_list":{"0":"post-11081","1":"product","2":"type-product","3":"status-publish","4":"has-post-thumbnail","6":"product_cat-skin1004","7":"product_cat-kremy-emulsii-i-losony-dlya-lica","8":"product_tag-mle","9":"product_tag-skin1004-madagascar-centella-probio-cica","10":"product_tag-antivozrastnoj-uhod","11":"product_tag-vosstanovlenie-barera","12":"product_tag-kozha-s-kuperozom","13":"product_tag-kozha-s-rozacea","14":"product_tag-kosmetika-s-probiotikami","15":"product_tag-kuperoz","16":"product_tag-obezvozhennaya-kozha","17":"product_tag-probiotiki","18":"product_tag-probniki-i-miniatjury","19":"product_tag-sklonnaya-k-atopii-kozha","20":"product_tag-sklonnaya-k-suhosti-kozha","21":"product_tag-suhaya-kozha","22":"product_tag-tonkaya-kozha","23":"product_tag-uvlazhnenie","24":"product_tag-centella","25":"product_tag-ceramidy","26":"product_tag-chuvstvitelnaya-kozha","28":"first","29":"instock","30":"sale","31":"shipping-taxable","32":"purchasable","33":"product-type-simple"},"jetpack_sharing_enabled":true,"_links":{"self":[{"href":"https:\/\/liluilu.ee\/et\/wp-json\/wp\/v2\/product\/11081","targetHints":{"allow":["GET"]}}],"collection":[{"href":"https:\/\/liluilu.ee\/et\/wp-json\/wp\/v2\/product"}],"about":[{"href":"https:\/\/liluilu.ee\/et\/wp-json\/wp\/v2\/types\/product"}],"replies":[{"embeddable":true,"href":"https:\/\/liluilu.ee\/et\/wp-json\/wp\/v2\/comments?post=11081"}],"version-history":[{"count":9,"href":"https:\/\/liluilu.ee\/et\/wp-json\/wp\/v2\/product\/11081\/revisions"}],"predecessor-version":[{"id":11103,"href":"https:\/\/liluilu.ee\/et\/wp-json\/wp\/v2\/product\/11081\/revisions\/11103"}],"wp:featuredmedia":[{"embeddable":true,"href":"https:\/\/liluilu.ee\/et\/wp-json\/wp\/v2\/media\/11105"}],"wp:attachment":[{"href":"https:\/\/liluilu.ee\/et\/wp-json\/wp\/v2\/media?parent=11081"}],"wp:term":[{"taxonomy":"product_brand","embeddable":true,"href":"https:\/\/liluilu.ee\/et\/wp-json\/wp\/v2\/product_brand?post=11081"},{"taxonomy":"product_cat","embeddable":true,"href":"https:\/\/liluilu.ee\/et\/wp-json\/wp\/v2\/product_cat?post=11081"},{"taxonomy":"product_tag","embeddable":true,"href":"https:\/\/liluilu.ee\/et\/wp-json\/wp\/v2\/product_tag?post=11081"}],"curies":[{"name":"t\u00f6\u00f6leht","href":"https:\/\/api.w.org\/{rel}","templated":true}]}}