{"id":11027,"date":"2024-04-10T16:48:47","date_gmt":"2024-04-10T13:48:47","guid":{"rendered":"https:\/\/liluilu.ee\/?post_type=product&#038;p=11027"},"modified":"2026-04-09T15:35:30","modified_gmt":"2026-04-09T12:35:30","slug":"round-lab-birch-juice-moisturizing-sun-stick-spf50","status":"publish","type":"product","link":"https:\/\/liluilu.ee\/et\/round-lab-birch-juice-moisturizing-sun-stick-spf50\/","title":{"rendered":"Jahutav p\u00e4ikesepulk kasemahla ja peptiididega Round Lab Birch Juice Niisutav p\u00e4ikesepulk SPF50+\/PA++++ 19g."},"content":{"rendered":"<p><span style=\"font-weight: 400;\">Niisutav ja noorendav jahutava toimega p\u00e4ikesepulk <strong>Round Lab kasemahla niisutav p\u00e4ikesepulk SPF50+\/PA++++<\/strong>.<\/span><\/p>\n<p>&nbsp;<\/p>\n<p><span style=\"font-weight: 400;\">Uskumatult mugav toode, mis tagab maksimaalse UV-kaitse ja j\u00e4tab nahale absoluutselt kaalutu katte.<\/span><\/p>\n<p>&nbsp;<\/p>\n<p><span style=\"font-weight: 400;\">Toode pakub laia spektri kaitset UVA ja UVB kiirte eest, hoiab \u00e4ra p\u00e4ikesep\u00f5letuse ja vanuselaikude tekke. M\u00f5nusalt jahutab, v\u00e4rskendab ja rahustab nahka. V\u00e4hendab pinnatemperatuuri ja pidurdab naha termilise vananemise protsessi.<\/span><\/p>\n<p>&nbsp;<\/p>\n<p><span style=\"font-weight: 400;\">Kaitsefaktor SPF50+\/PA++++<\/span><b> kliiniliselt t\u00f5estatud<\/b><span style=\"font-weight: 400;\">.<\/span><\/p>\n<p>&nbsp;<\/p>\n<p><span style=\"font-weight: 400;\">Lisaks niisutab, toidab ja on noorendava toimega pulk: stimuleerib regeneratsiooni, s\u00e4ilitab naha elastsuse ja tugevuse.<\/span><\/p>\n<p>&nbsp;<\/p>\n<p><span style=\"font-weight: 400;\">Toode sobib ideaalselt terve p\u00e4eva uuendamiseks. Kompaktne pulk ei v\u00f5ta palju ruumi ja seda on mugav kaasa v\u00f5tta.\u00a0<\/span><\/p>\n<p>&nbsp;<\/p>\n<p><span style=\"font-weight: 400;\">Kus iganes te ka poleks, Round Labi kasemahla niisutav p\u00e4ikesepulk pakub usaldusv\u00e4\u00e4rset ja kauakestvat kaitset, intensiivset toitumist ja v\u00e4rskendavat toimet.\u00a0<\/span><\/p>\n<p>&nbsp;<\/p>\n<h2><i>Peamised koostisosad Round Labi kasemahla niisutav p\u00e4ikesepulk SPF50+\/PA++++<\/i><\/h2>\n<p>&nbsp;<\/p>\n<p><span style=\"font-weight: 400;\">Valemi aluseks on <\/span><b>4 uue p\u00f5lvkonna UV-filtrit<\/b><span style=\"font-weight: 400;\">. Need on fotostabiilsed isegi linnakeskkonnas <\/span><b>ei n\u00f5ua v\u00e4rskendamist kuni 8 tundi<\/b><span style=\"font-weight: 400;\">:<\/span><\/p>\n<p>&nbsp;<\/p>\n<ol>\n<li style=\"font-weight: 400;\" aria-level=\"1\"><b>Uvinul A Plus<\/b><span style=\"font-weight: 400;\"> (Diethylamino Hydroxybenzoyl Hexyl Benzoate) kaitseb UVA kiirte eest.<\/span><\/li>\n<li style=\"font-weight: 400;\" aria-level=\"1\"><b>Uvinul T 150<\/b><span style=\"font-weight: 400;\"> (Ethylhexyl Triasone) kaitseb UVB-kiirte eest.\u00a0<\/span><\/li>\n<li style=\"font-weight: 400;\" aria-level=\"1\"><b>Tinosorb M<\/b><span style=\"font-weight: 400;\"> (Methylene Bis-Benzotriazolyl Tetramethylbutylphenol) on universaalne segatoimega filter, mis neelab ja peegeldab ultraviolettkiirgust. Kaitseb nahka UVA ja UVB kiirte eest.<\/span><\/li>\n<li style=\"font-weight: 400;\" aria-level=\"1\"><b>Parsol SLX <\/b><span style=\"font-weight: 400;\">(Polysilicone-15) pakub kaitset UVB-kiirte eest ja annab tootele kauni viimistluse, ilma rasvase l\u00e4iketa.<\/span><\/li>\n<\/ol>\n<p>&nbsp;<\/p>\n<p><span style=\"font-weight: 400;\">Lisaks p\u00e4ikesekaitsekomponendile on koostis rikastatud hoolduskomponentidega:<\/span><\/p>\n<p>&nbsp;<\/p>\n<p><b>Kasemahl <\/b><span style=\"font-weight: 400;\">k\u00fcllastab nahka antioks\u00fcdantide, vitamiinide, mineraalide ja 17 aminohappega. Toidab, niisutab ja ravib nahka rikkalikult.<\/span><\/p>\n<p>&nbsp;<\/p>\n<p><span style=\"font-weight: 400;\">Patenteeritud kompleks <\/span><b>Rahustav Cooler\u2122 <\/b><span style=\"font-weight: 400;\">meeldivalt jahutab, rahustab ja niisutab. Leevendab koheselt ebamugavust ja annab leevendust. V\u00e4hendab naha temperatuuri ja pidurdab termilist vananemist. Sisaldab 5 taimeekstrakti (pruunvetikas, jamsijuur, aaloe, kannike ja jalakajuur).<\/span><\/p>\n<p>&nbsp;<\/p>\n<p><b>12 peptiidi kompleks<\/b><span style=\"font-weight: 400;\">, sisaldab nii signaalpeptiide kui ka lihasl\u00f5\u00f5gastavaid peptiide. Kompleks stimuleerib taastumisprotsesse kudedes ja omab nahka noorendavat toimet:<\/span><\/p>\n<ul>\n<li style=\"font-weight: 400;\" aria-level=\"1\"><span style=\"font-weight: 400;\">Suurendab elastsust ja tugevust;<\/span><\/li>\n<li style=\"font-weight: 400;\" aria-level=\"1\"><span style=\"font-weight: 400;\">Silub peeneid joonekesi ja nahakortse;<\/span><\/li>\n<li style=\"font-weight: 400;\" aria-level=\"1\"><span style=\"font-weight: 400;\">Hoiab \u00e4ra kortsude teket;<\/span><\/li>\n<li style=\"font-weight: 400;\" aria-level=\"1\"><span style=\"font-weight: 400;\">Parandab \u00fcldist naha seisundit.<\/span><\/li>\n<\/ul>\n<p>&nbsp;<\/p>\n<p><b>Niatsiinamiid ja askorbiinhape<\/b><span style=\"font-weight: 400;\"> v\u00e4ltida vanuselaikude teket, heledamaks laike ja aknej\u00e4rgseid j\u00e4lgi. \u00dchtlustab tooni, k\u00f5rvaldab tuhmuse ja parandab jumet. Neil on ka antioks\u00fcdantne toime ja nad v\u00e4hendavad oks\u00fcdatiivset stressi<\/span><\/p>\n<p><span style=\"font-weight: 400;\">\u00a0<\/span><\/p>\n<p><b>Gl\u00fctser\u00fc\u00fclgl\u00fckosiid<\/b><span style=\"font-weight: 400;\">\u00a0 <\/span><b>ja h\u00fcaluroonhapet <\/b><span style=\"font-weight: 400;\">suurendada naha v\u00f5imet imada ja hoida sees niiskust. K\u00f5rvaldage kuivus ja deh\u00fcdratsioon, taastage vee tasakaal.<\/span><\/p>\n<p>&nbsp;<\/p>\n<h2><i>Omadused Round Lab kasemahla niisutav p\u00e4ikesepulk SPF50+\/PA++++<\/i><\/h2>\n<p>&nbsp;<\/p>\n<p><span style=\"font-weight: 400;\">P\u00e4ikesekaitsepulk on loodud planeedi \u00f6koloogiat silmas pidades ega sisalda koralle h\u00e4vitavaid komponente.<\/span><\/p>\n<p>&nbsp;<\/p>\n<p><span style=\"font-weight: 400;\">Toote valem on h\u00fcpoallergeenne, ei p\u00f5hjusta \u00e4rritust ja sobib tundlikule nahale.<\/span><\/p>\n<p>&nbsp;<\/p>\n<p><span style=\"font-weight: 400;\">Pulgal puudub aroom ja tihe kokkusurutud tekstuur. See sulab koheselt nahal ja loob jahutava, niisutava ja v\u00e4rskendava kaitsekihi. Kus <\/span><b>j\u00e4tab kaalutu katte<\/b><span style=\"font-weight: 400;\">, ilma kleepuvuseta, valkja j\u00e4\u00e4gi ja rasvase kile tundeta n\u00e4ol.\u00a0<\/span><\/p>\n<p>&nbsp;<\/p>\n<p><span style=\"font-weight: 400;\">Sobib meigip\u00f5hjaks.<\/span><\/p>\n<p>&nbsp;<\/p>\n<p><b>Soovitame Round Labi kasemahla niisutavat p\u00e4ikesepulka SPF50+\/PA++++:<\/b><\/p>\n<ul>\n<li style=\"font-weight: 400;\" aria-level=\"1\"><span style=\"font-weight: 400;\">Normaalsele, kuivale ja kuivale nahale;<\/span><\/li>\n<li style=\"font-weight: 400;\" aria-level=\"1\"><span style=\"font-weight: 400;\">Tundlikule ja reaktiivsele nahale, sh rosaatsea ja rosaatseaga nahale;<\/span><\/li>\n<li style=\"font-weight: 400;\" aria-level=\"1\"><span style=\"font-weight: 400;\">V\u00e4ga heledale nahale, samuti p\u00e4ikesele allergilise reaktsiooniga nahale;<\/span><\/li>\n<li style=\"font-weight: 400;\" aria-level=\"1\"><span style=\"font-weight: 400;\">Kui otsite lihtsalt kasutatavat p\u00e4ikesekaitsekreemi v\u00e4litegevuseks;<\/span><\/li>\n<li style=\"font-weight: 400;\" aria-level=\"1\"><span style=\"font-weight: 400;\">Kui eelistate kerget katvust, kuid k\u00f5rge UV-kaitsega;<\/span><\/li>\n<li style=\"font-weight: 400;\" aria-level=\"1\"><span style=\"font-weight: 400;\">Kui teile meeldib jahutav efekt;<\/span><\/li>\n<li style=\"font-weight: 400;\" aria-level=\"1\"><span style=\"font-weight: 400;\">Kui soovite, et teie Sanskrin sisaldaks vananemisvastaseid komponente.<\/span><\/li>\n<\/ul>\n<p>&nbsp;<\/p>\n<p><b>Kuidas kasutada:<\/b><\/p>\n<p><span style=\"font-weight: 400;\">P\u00e4rast k\u00f5iki hommikuse hoolduse etappe ja enne meiki kandke n\u00e4o- ja kaelanahale Round Labi kasemahla niisutavat p\u00e4ikesepulka 20-30 minutiks. enne \u00f5ue minekut.<\/span><\/p>\n<p><span style=\"font-weight: 400;\">Otsese p\u00e4ikesevalguse k\u00e4es (n\u00e4iteks rannas) uuendage kaitsekihti iga 2-3 tunni j\u00e4rel. \u00c4rge keerake pulka lahti rohkem kui 5 mm, et v\u00e4ltida toote kahjustamist ja selle mahakukkumist.\u00a0<\/span><\/p>\n<p>&nbsp;<\/p>\n<p><b>Netokogus:<\/b><span style=\"font-weight: 400;\"> 19 gr.<\/span><\/p>\n<p>&nbsp;<\/p>\n<p><span style=\"font-weight: 400;\">Kui teil on lisak\u00fcsimusi v\u00f5i vajate toote valimisel n\u00f5u, kirjutage meile. Vestlus asub ekraani paremas alanurgas.<\/span><\/p>\n<p>&nbsp;<\/p>\n<p>&nbsp;<\/p>\n<p><a title=\"TARNETINGIMUSED\" href=\"https:\/\/liluilu.ee\/et\/kohaletoimetamine\/\" target=\"_blank\" rel=\"noopener\">TARNETINGIMUSED<\/a><\/p>","protected":false},"excerpt":{"rendered":"<p>\u0423\u0432\u043b\u0430\u0436\u043d\u044f\u044e\u0449\u0438\u0439 \u0438 \u043e\u043c\u043e\u043b\u0430\u0436\u0438\u0432\u0430\u044e\u0449\u0438\u0439 \u0441\u043e\u043b\u043d\u0446\u0435\u0437\u0430\u0449\u0438\u0442\u043d\u044b\u0439 \u0441\u0442\u0438\u043a \u0441 \u044d\u0444\u0444\u0435\u043a\u0442\u043e\u043c \u043e\u0445\u043b\u0430\u0436\u0434\u0435\u043d\u0438\u044f Round Lab Birch Juice Moisturizing Sun Stick SPF50+\/PA++++. &nbsp; \u041d\u0435\u0432\u0435\u0440\u043e\u044f\u0442\u043d\u043e \u043a\u043e\u043c\u0444\u043e\u0440\u0442\u043d\u044b\u0439 \u0432 \u0438\u0441\u043f\u043e\u043b\u044c\u0437\u043e\u0432\u0430\u043d\u0438\u0438 \u043f\u0440\u043e\u0434\u0443\u043a\u0442, \u043a\u043e\u0442\u043e\u0440\u044b\u0439 \u043e\u0431\u0435\u0441\u043f\u0435\u0447\u0438\u0432\u0430\u0435\u0442 \u043c\u0430\u043a\u0441\u0438\u043c\u0430\u043b\u044c\u043d\u0443\u044e \u0437\u0430\u0449\u0438\u0442\u0443 \u043e\u0442 \u0443\u043b\u044c\u0442\u0440\u0430\u0444\u0438\u043e\u043b\u0435\u0442\u0430 \u0438 \u043e\u0441\u0442\u0430\u0432\u043b\u044f\u0435\u0442 \u0430\u0431\u0441\u043e\u043b\u044e\u0442\u043d\u043e \u043d\u0435\u0432\u0435\u0441\u043e\u043c\u043e\u0435 \u043f\u043e\u043a\u0440\u044b\u0442\u0438\u0435 \u043d\u0430 \u043a\u043e\u0436\u0435. &nbsp; \u0421\u0440\u0435\u0434\u0441\u0442\u0432\u043e \u043f\u0440\u0435\u0434\u043e\u0441\u0442\u0430\u0432\u043b\u044f\u0435\u0442 \u0448\u0438\u0440\u043e\u043a\u0438\u0439 \u0441\u043f\u0435\u043a\u0442\u0440 \u0437\u0430\u0449\u0438\u0442\u044b \u043e\u0442 UVA \u0438 UVB-\u043b\u0443\u0447\u0435\u0439, \u043f\u0440\u0435\u043f\u044f\u0442\u0441\u0442\u0432\u0443\u0435\u0442 \u043f\u043e\u044f\u0432\u043b\u0435\u043d\u0438\u044e \u0441\u043e\u043b\u043d\u0435\u0447\u043d\u044b\u0445 \u043e\u0436\u043e\u0433\u043e\u0432 \u0438 \u043f\u0438\u0433\u043c\u0435\u043d\u0442\u043d\u044b\u0445 \u043f\u044f\u0442\u0435\u043d. \u041f\u0440\u0438\u044f\u0442\u043d\u043e \u043e\u0445\u043b\u0430\u0436\u0434\u0430\u0435\u0442, \u043e\u0441\u0432\u0435\u0436\u0430\u0435\u0442 [&hellip;]<\/p>","protected":false},"featured_media":14915,"comment_status":"open","ping_status":"closed","template":"","meta":{"_eb_attr":"","jetpack_post_was_ever_published":false,"_joinchat":[]},"product_brand":[],"product_cat":[659,657,569],"product_tag":[666,660,671,591,589,590,669,663,670,622,253,239,672,667,668,665,586],"class_list":{"0":"post-11027","1":"product","2":"type-product","3":"status-publish","4":"has-post-thumbnail","6":"product_cat-round-lab","7":"product_cat-akcii-i-skidki","8":"product_cat-solncezashhitnye-sredstva","9":"product_tag-parsol-slx-polysilicone-15","10":"product_tag-round-lab-birch-juice-line","11":"product_tag-soothing-cooler","12":"product_tag-tinosorb-s-bis-ethylhexyloxyphenol-methoxyphenyl-triazine","13":"product_tag-uvinul-a-plus-diethylamino-hydroxybenzoyl-hexyl-benzoate","14":"product_tag-uvinul-t-150-ethylhexyl-triazone","15":"product_tag-antivozrastnye-sanskriny","16":"product_tag-berezovyj-sok","17":"product_tag-gliceril-gljukozid","18":"product_tag-kosmetika-s-peptidami","19":"product_tag-niacinamid","20":"product_tag-peptidy","21":"product_tag-sanskriny-s-peptidami","22":"product_tag-solncezashhitnyj-stik","23":"product_tag-solncezashhitnyj-stik-na-fotostabilnyh-filtrah","24":"product_tag-uvlazhnyajushhie-sanskriny","25":"product_tag-himicheskie-solncezashhitnye-filtry","27":"first","28":"instock","29":"sale","30":"shipping-taxable","31":"purchasable","32":"product-type-simple"},"jetpack_sharing_enabled":true,"_links":{"self":[{"href":"https:\/\/liluilu.ee\/et\/wp-json\/wp\/v2\/product\/11027","targetHints":{"allow":["GET"]}}],"collection":[{"href":"https:\/\/liluilu.ee\/et\/wp-json\/wp\/v2\/product"}],"about":[{"href":"https:\/\/liluilu.ee\/et\/wp-json\/wp\/v2\/types\/product"}],"replies":[{"embeddable":true,"href":"https:\/\/liluilu.ee\/et\/wp-json\/wp\/v2\/comments?post=11027"}],"version-history":[{"count":8,"href":"https:\/\/liluilu.ee\/et\/wp-json\/wp\/v2\/product\/11027\/revisions"}],"predecessor-version":[{"id":11038,"href":"https:\/\/liluilu.ee\/et\/wp-json\/wp\/v2\/product\/11027\/revisions\/11038"}],"wp:featuredmedia":[{"embeddable":true,"href":"https:\/\/liluilu.ee\/et\/wp-json\/wp\/v2\/media\/14915"}],"wp:attachment":[{"href":"https:\/\/liluilu.ee\/et\/wp-json\/wp\/v2\/media?parent=11027"}],"wp:term":[{"taxonomy":"product_brand","embeddable":true,"href":"https:\/\/liluilu.ee\/et\/wp-json\/wp\/v2\/product_brand?post=11027"},{"taxonomy":"product_cat","embeddable":true,"href":"https:\/\/liluilu.ee\/et\/wp-json\/wp\/v2\/product_cat?post=11027"},{"taxonomy":"product_tag","embeddable":true,"href":"https:\/\/liluilu.ee\/et\/wp-json\/wp\/v2\/product_tag?post=11027"}],"curies":[{"name":"t\u00f6\u00f6leht","href":"https:\/\/api.w.org\/{rel}","templated":true}]}}