{"id":10998,"date":"2024-04-08T16:28:25","date_gmt":"2024-04-08T13:28:25","guid":{"rendered":"https:\/\/liluilu.ee\/?post_type=product&#038;p=10998"},"modified":"2026-05-12T20:22:05","modified_gmt":"2026-05-12T17:22:05","slug":"round-lab-birch-juice-moisturizing-sunscreen","status":"publish","type":"product","link":"https:\/\/liluilu.ee\/et\/round-lab-birch-juice-moisturizing-sunscreen\/","title":{"rendered":"Niisutav p\u00e4ikesekaitsekreem kasemahlaga Round Lab Birch Juice Moisturizing Sunscreen SPF50+\/PA++++ 50ml."},"content":{"rendered":"<p><span style=\"font-weight: 400;\">Niisutav p\u00e4ikesekaitsekreem, mis p\u00f5hineb uue p\u00f5lvkonna fotostabiilsetel filtritel <\/span><b>Round Lab kasemahla niisutav p\u00e4ikesekaitsekreem SPF50+\/PA++++<\/b><span style=\"font-weight: 400;\">.<\/span><\/p>\n<p>&nbsp;<\/p>\n<p><span style=\"font-weight: 400;\">See p\u00e4ikesekaitsekreem aitab hoida nahka terve, ilusa ja noorena, kuna pakub maksimaalset kaitset nii v\u00e4hip\u00f5letust tekitavate UVB-kiirte kui ka fotovananemise s\u00fc\u00fcdlaste UVA-kiirte eest.\u00a0\u00a0<\/span><\/p>\n<p>&nbsp;<\/p>\n<p><span style=\"font-weight: 400;\">Kreem s\u00e4ilitab k\u00f5rge kaitsetaseme ja <\/span><b>ei vaja v\u00e4rskendamist 10 tunni jooksul<\/b><span style=\"font-weight: 400;\">. See hajub m\u00f5nusalt, ei j\u00e4ta valkjat j\u00e4\u00e4ki ning on isegi rikkaliku pealekandmise korral nahal t\u00e4iesti m\u00e4rkamatu. Ei p\u00f5hjusta \u00e4rritust, seega sobib tundlikule ja reaktiivsele nahale.<\/span><\/p>\n<p>&nbsp;<\/p>\n<p><span style=\"font-weight: 400;\">Lisaks UV-kaitsele toimib Round Lab Birch Juice Moisturizing Sunscreen nahahoolduskreemina:<\/span><\/p>\n<ul>\n<li style=\"font-weight: 400;\" aria-level=\"1\"><span style=\"font-weight: 400;\">Niisutab, toidab ja taastab nahka rikkalikult;<\/span><\/li>\n<li style=\"font-weight: 400;\" aria-level=\"1\"><span style=\"font-weight: 400;\">K\u00f5rvaldab deh\u00fcdratsiooni, ketenduse ja kuivuse;<\/span><\/li>\n<li style=\"font-weight: 400;\" aria-level=\"1\"><span style=\"font-weight: 400;\">Rahustab, v\u00e4hendab punetust ja ravib;<\/span><\/li>\n<li style=\"font-weight: 400;\" aria-level=\"1\"><span style=\"font-weight: 400;\">Hoiab \u00e4ra vanuselaikude teket ja \u00fchtlustab tooni.\u00a0<\/span><\/li>\n<\/ul>\n<p>&nbsp;<\/p>\n<p><span style=\"font-weight: 400;\">Looduslike koostisosade ja k\u00f5rge kaitsetaseme kombinatsioon muudab selle p\u00e4ikesekaitsekreemi ideaalseks valikuks neile, kes soovivad hoida oma nahka terve ja noorena.\u00a0<\/span><\/p>\n<p>&nbsp;<\/p>\n<h2><i>Round Labi kasemahla niisutava p\u00e4ikesekaitsekreemi peamised toimeained.<\/i><\/h2>\n<p><span style=\"font-weight: 400;\">4 uue p\u00f5lvkonna fotostabiilset filtrit pakuvad kauakestvat ja usaldusv\u00e4\u00e4rset UV-kaitset:<\/span><\/p>\n<ol>\n<li style=\"font-weight: 400;\" aria-level=\"1\"><b>Uvinul A Plus<\/b><span style=\"font-weight: 400;\"> (Diethylamino Hydroxybenzoyl Hexyl Benzoate) kaitseb UVA kiirte eest.<\/span><\/li>\n<li style=\"font-weight: 400;\" aria-level=\"1\"><b>Uvinul T 150<\/b><span style=\"font-weight: 400;\"> (Ethylhexyl Triasone) kaitseb UVB-kiirte eest.\u00a0<\/span><\/li>\n<li style=\"font-weight: 400;\" aria-level=\"1\"><b>Tinosorb M<\/b><span style=\"font-weight: 400;\"> (Methylene Bis-Benzotriazolyl Tetramethylbutylphenol) on universaalne segatoimega filter, mis neelab ja peegeldab ultraviolettkiirgust. Kaitseb nahka UVA ja UVB kiirte eest.<\/span><\/li>\n<li style=\"font-weight: 400;\" aria-level=\"1\"><b>Iskotrizinool\/Uvasorb HEB<\/b><span style=\"font-weight: 400;\"> (Diet\u00fc\u00fclheks\u00fc\u00fclbutamidotriasoon) on \u00fclifotostabiilne filter, mis isegi 25 tunni p\u00e4rast kaotab oma omadustest vaid 10%. Kaitseb UVA ja UVB kiirte eest.<\/span><\/li>\n<\/ol>\n<p>&nbsp;<\/p>\n<p><b>Kasemahl <\/b><span style=\"font-weight: 400;\">k\u00fcllastab nahka antioks\u00fcdantide, vitamiinide, mineraalide ja 17 aminohappega. Toidab, niisutab ja ravib nahka rikkalikult.<\/span><\/p>\n<p>&nbsp;<\/p>\n<p><b>Niatsiinamiid <\/b><span style=\"font-weight: 400;\">ennetab vanuselaikude teket, heledab laike ja aknej\u00e4rgseid j\u00e4lgi. \u00dchtlustab tooni, k\u00f5rvaldab tuhmuse ja parandab jumet.\u00a0<\/span><\/p>\n<p>&nbsp;<\/p>\n<p><b>Gl\u00fctser\u00fc\u00fclgl\u00fckosiid <\/b><span style=\"font-weight: 400;\">suurendab naha v\u00f5imet niiskust imada ja s\u00e4ilitada. K\u00f5rvaldab kuivuse ja deh\u00fcdratsiooni, taastab veetasakaalu.<\/span><\/p>\n<p>&nbsp;<\/p>\n<p>&nbsp;<\/p>\n<h2><i>Round Labi kasemahla niisutava p\u00e4ikesekaitsekreemi t\u00e4iendavad toimeained.<\/i><\/h2>\n<p><b>Allantoiin <\/b><span style=\"font-weight: 400;\">rahustab, v\u00e4hendab reaktiivsust, stimuleerib regeneratsiooni ja aeglustab rakkude vananemist.<\/span><\/p>\n<p>&nbsp;<\/p>\n<p><b>Kummeli lille\u00f5li <\/b><span style=\"font-weight: 400;\">pehmendab, leevendab \u00e4rritust ja v\u00e4hendab punetust.\u00a0<\/span><\/p>\n<p>&nbsp;<\/p>\n<p><b>M\u00e4nni\u00f5li <\/b><span style=\"font-weight: 400;\">ennetab p\u00f5letikku ja omab nahale antioks\u00fcdantset toimet.<\/span><\/p>\n<p>&nbsp;<\/p>\n<p><b>Portulak ekstrakt <\/b><span style=\"font-weight: 400;\">ahendab poore, v\u00e4hendab rasu tootmist ja stimuleerib kahjustatud naha taastumist.<\/span><\/p>\n<p>&nbsp;<\/p>\n<h2><i>Round Labi kasemahla niisutava p\u00e4ikesekaitsekreemi omadused.<\/i><\/h2>\n<p><span style=\"font-weight: 400;\">P\u00e4ikesekaitsekreem on loodud planeedi \u00f6koloogiat silmas pidades ega sisalda koralle h\u00e4vitavaid komponente.<\/span><\/p>\n<p>&nbsp;<\/p>\n<p><span style=\"font-weight: 400;\">Tootel puudub aroom ja \u00f5rna piima meenutav kerge tekstuur. Kreem jaotub kergesti \u00fcle naha ja imendub kiiresti. Ei j\u00e4ta valgeid j\u00e4lgi, kleepuvust ega rasvast kilet. Sellel on satiinviimistlus ja see annab nahale pehme s\u00e4ra.<\/span><\/p>\n<p>&nbsp;<\/p>\n<p><b>Soovitame <\/b><b>Round Labi kasemahla niisutav p\u00e4ikesekaitsekreem:<\/b><\/p>\n<ul>\n<li style=\"font-weight: 400;\" aria-level=\"1\"><span style=\"font-weight: 400;\">Normaalsele, kuivale ja kuivale nahale;<\/span><\/li>\n<li style=\"font-weight: 400;\" aria-level=\"1\"><span style=\"font-weight: 400;\">Kombineeritud nahale, kui sellel puudub niisutus;<\/span><\/li>\n<li style=\"font-weight: 400;\" aria-level=\"1\"><span style=\"font-weight: 400;\">Deh\u00fcdreeritud nahale;<\/span><\/li>\n<li style=\"font-weight: 400;\" aria-level=\"1\"><span style=\"font-weight: 400;\">Tundlikule ja reaktiivsele nahale.<\/span><\/li>\n<\/ul>\n<p>&nbsp;<\/p>\n<p><span style=\"font-weight: 400;\">Proovige Round Labi kasemahla niisutavat p\u00e4ikesekreemi SPF50+\/PA++++ ja nautige iga p\u00e4ev siledat, s\u00e4ravat ja tervet nahka.<\/span><\/p>\n<p>&nbsp;<\/p>\n<p><b>Kuidas kasutada:<\/b><\/p>\n<p><span style=\"font-weight: 400;\">P\u00e4rast k\u00f5iki hommikurutiini toiminguid ja enne meigi pealekandmist kandke n\u00e4ole ja kaelale ohtralt p\u00e4ikesekaitsekreemi. Kreem tuleks peale kanda 15-20 minutit enne \u00f5ue minekut.<\/span><\/p>\n<p>&nbsp;<\/p>\n<p class=\"translation-block\">Netokogus: 50 ml.<\/p>\n<p>&nbsp;<\/p>\n<p><span style=\"font-weight: 400;\">Kui teil on lisak\u00fcsimusi v\u00f5i vajate toote valimisel n\u00f5u, kirjutage meile. Vestlus asub ekraani paremas alanurgas.<\/span><\/p>\n<p>&nbsp;<\/p>\n<p>&nbsp;<\/p>\n<p><a title=\"TARNETINGIMUSED\" href=\"https:\/\/liluilu.ee\/et\/kohaletoimetamine\/\" target=\"_blank\" rel=\"noopener\">TARNETINGIMUSED<\/a><\/p>","protected":false},"excerpt":{"rendered":"<p>\u0423\u0432\u043b\u0430\u0436\u043d\u044f\u044e\u0449\u0438\u0439 \u0441\u043e\u043b\u043d\u0446\u0435\u0437\u0430\u0449\u0438\u0442\u043d\u044b\u0439 \u043a\u0440\u0435\u043c \u043d\u0430 \u043e\u0441\u043d\u043e\u0432\u0435 \u0444\u043e\u0442\u043e\u0441\u0442\u0430\u0431\u0438\u043b\u044c\u043d\u044b\u0445 \u0444\u0438\u043b\u044c\u0442\u0440\u043e\u0432 \u043d\u043e\u0432\u043e\u0433\u043e \u043f\u043e\u043a\u043e\u043b\u0435\u043d\u0438\u044f Round Lab Birch Juice Moisturizing Sunscreen SPF50+\/PA++++. &nbsp; \u042d\u0442\u043e\u0442 \u0441\u0430\u043d\u0441\u043a\u0440\u0438\u043d \u043f\u043e\u043c\u043e\u0433\u0430\u0435\u0442 \u0441\u043e\u0445\u0440\u0430\u043d\u0438\u0442\u044c \u043a\u043e\u0436\u0443 \u0437\u0434\u043e\u0440\u043e\u0432\u043e\u0439, \u043a\u0440\u0430\u0441\u0438\u0432\u043e\u0439 \u0438 \u043c\u043e\u043b\u043e\u0434\u043e\u0439, \u0442\u0430\u043a \u043a\u0430\u043a \u043e\u0431\u0435\u0441\u043f\u0435\u0447\u0438\u0432\u0430\u0435\u0442 \u043c\u0430\u043a\u0441\u0438\u043c\u0430\u043b\u044c\u043d\u0443\u044e \u0437\u0430\u0449\u0438\u0442\u0443 \u043a\u0430\u043a \u043e\u0442 UVB-\u043b\u0443\u0447\u0435\u0439, \u043f\u0440\u043e\u0432\u043e\u0446\u0438\u0440\u0443\u044e\u0449\u0438\u0445 \u0440\u0430\u043a\u043e\u0432\u044b\u0435 \u043e\u0436\u043e\u0433\u0438, \u0442\u0430\u043a \u0438 \u043e\u0442 UVA-\u043b\u0443\u0447\u0435\u0439, \u0432\u0438\u043d\u043e\u0432\u043d\u0438\u043a\u043e\u0432 \u0444\u043e\u0442\u043e\u0441\u0442\u0430\u0440\u0435\u043d\u0438\u044f.\u00a0\u00a0 &nbsp; \u041a\u0440\u0435\u043c \u0441\u043e\u0445\u0440\u0430\u043d\u044f\u0435\u0442 \u0432\u044b\u0441\u043e\u043a\u0443\u044e \u0441\u0442\u0435\u043f\u0435\u043d\u044c \u0437\u0430\u0449\u0438\u0442\u044b \u0438 \u043d\u0435 \u0442\u0440\u0435\u0431\u0443\u0435\u0442 \u043e\u0431\u043d\u043e\u0432\u043b\u0435\u043d\u0438\u044f \u0432 \u0442\u0435\u0447\u0435\u043d\u0438\u0435 [&hellip;]<\/p>","protected":false},"featured_media":14914,"comment_status":"open","ping_status":"closed","template":"","meta":{"_eb_attr":"","jetpack_post_was_ever_published":false,"_joinchat":[]},"product_brand":[],"product_cat":[659,657,569],"product_tag":[662,660,591,589,590,663,670,253,387,665,586],"class_list":{"0":"post-10998","1":"product","2":"type-product","3":"status-publish","4":"has-post-thumbnail","6":"product_cat-round-lab","7":"product_cat-akcii-i-skidki","8":"product_cat-solncezashhitnye-sredstva","9":"product_tag-iscotrizinol-uvasorb-heb-diethylhexyl-butamido-triazone","10":"product_tag-round-lab-birch-juice-line","11":"product_tag-tinosorb-s-bis-ethylhexyloxyphenol-methoxyphenyl-triazine","12":"product_tag-uvinul-a-plus-diethylamino-hydroxybenzoyl-hexyl-benzoate","13":"product_tag-uvinul-t-150-ethylhexyl-triazone","14":"product_tag-berezovyj-sok","15":"product_tag-gliceril-gljukozid","16":"product_tag-niacinamid","17":"product_tag-solncezashhitnyj-krem-na-fotostabilnyh-filtrah","18":"product_tag-uvlazhnyajushhie-sanskriny","19":"product_tag-himicheskie-solncezashhitnye-filtry","21":"first","22":"instock","23":"sale","24":"shipping-taxable","25":"purchasable","26":"product-type-simple"},"jetpack_sharing_enabled":true,"_links":{"self":[{"href":"https:\/\/liluilu.ee\/et\/wp-json\/wp\/v2\/product\/10998","targetHints":{"allow":["GET"]}}],"collection":[{"href":"https:\/\/liluilu.ee\/et\/wp-json\/wp\/v2\/product"}],"about":[{"href":"https:\/\/liluilu.ee\/et\/wp-json\/wp\/v2\/types\/product"}],"replies":[{"embeddable":true,"href":"https:\/\/liluilu.ee\/et\/wp-json\/wp\/v2\/comments?post=10998"}],"version-history":[{"count":13,"href":"https:\/\/liluilu.ee\/et\/wp-json\/wp\/v2\/product\/10998\/revisions"}],"predecessor-version":[{"id":11017,"href":"https:\/\/liluilu.ee\/et\/wp-json\/wp\/v2\/product\/10998\/revisions\/11017"}],"wp:featuredmedia":[{"embeddable":true,"href":"https:\/\/liluilu.ee\/et\/wp-json\/wp\/v2\/media\/14914"}],"wp:attachment":[{"href":"https:\/\/liluilu.ee\/et\/wp-json\/wp\/v2\/media?parent=10998"}],"wp:term":[{"taxonomy":"product_brand","embeddable":true,"href":"https:\/\/liluilu.ee\/et\/wp-json\/wp\/v2\/product_brand?post=10998"},{"taxonomy":"product_cat","embeddable":true,"href":"https:\/\/liluilu.ee\/et\/wp-json\/wp\/v2\/product_cat?post=10998"},{"taxonomy":"product_tag","embeddable":true,"href":"https:\/\/liluilu.ee\/et\/wp-json\/wp\/v2\/product_tag?post=10998"}],"curies":[{"name":"t\u00f6\u00f6leht","href":"https:\/\/api.w.org\/{rel}","templated":true}]}}