{"id":10910,"date":"2024-04-01T15:55:19","date_gmt":"2024-04-01T12:55:19","guid":{"rendered":"https:\/\/liluilu.ee\/?post_type=product&#038;p=10910"},"modified":"2025-11-08T13:00:54","modified_gmt":"2025-11-08T10:00:54","slug":"torriden-balanceful-cica-toner-pad","status":"publish","type":"product","link":"https:\/\/liluilu.ee\/et\/torriden-balanceful-cica-toner-pad\/","title":{"rendered":"H\u00fcpoallergeensed toonerikettad Centella ja LHA-ga, PHA-hapetega Torriden\ufeff Balanceful Cica Toner Pad 60 tk."},"content":{"rendered":"<p><span style=\"font-weight: 400;\">Kahepoolsed h\u00fcpoallergeensed toonerikettad, mis on loodud tundliku ja probleemse naha hooldamiseks.<\/span><\/p>\n<p>&nbsp;<\/p>\n<p><strong>Torrideni Balanceful Cica tooneripadjad:\u00a0<\/strong><\/p>\n<ul>\n<li style=\"font-weight: 400;\" aria-level=\"1\"><span style=\"font-weight: 400;\">Toniseerib, v\u00e4rskendab ja rikkalikult niisutab nahka;<\/span><\/li>\n<li style=\"font-weight: 400;\" aria-level=\"1\"><span style=\"font-weight: 400;\">Neil on s\u00e4rav rahustav toime: leevendab \u00e4rritust, v\u00e4hendab punetust, ebamugavustunnet ja s\u00fcgelust;<\/span><\/li>\n<li style=\"font-weight: 400;\" aria-level=\"1\"><span style=\"font-weight: 400;\">Koorige, pehmendage karedaid kohti ja poleerige nahka \u00f5rnalt, muutes selle siledaks ja siidiseks;<\/span><\/li>\n<\/ul>\n<ul>\n<li style=\"font-weight: 400;\" aria-level=\"1\"><span style=\"font-weight: 400;\">Eemaldage liigne rasu ja puhastage poorid;<\/span><\/li>\n<li style=\"font-weight: 400;\" aria-level=\"1\"><span style=\"font-weight: 400;\">Kontrollib rasu tootmist ja v\u00e4hendab l\u00e4iget;<\/span><\/li>\n<li style=\"font-weight: 400;\" aria-level=\"1\"><span style=\"font-weight: 400;\">Hoiab \u00e4ra pooride ummistumise, p\u00f5letike tekke, komedoonide ja akne teket;<\/span><\/li>\n<li style=\"font-weight: 400;\" aria-level=\"1\"><span style=\"font-weight: 400;\">K\u00f5rvaldage tuhm, hallikas nahatoon, \u00fchtlustage tooni ja parandage jumet.<\/span><\/li>\n<\/ul>\n<p>&nbsp;<\/p>\n<p><b>N\u00f5rga happe valem (pH ~ 5,0\u20136,0) <\/b><span style=\"font-weight: 400;\">s\u00e4ilitab naha tervise ja minimeerib liiga happelisest v\u00f5i aluselisest keskkonnast p\u00f5hjustatud p\u00f5letikuriski.\u00a0<\/span><\/p>\n<p>&nbsp;<\/p>\n<p><b>Tooneri sisu sisaldab<\/b><span style=\"font-weight: 400;\">\u00a0patenteeritud kompleks, mis p\u00f5hineb Centella Asiatica T-Parcent\u2122, PHA ja LHA hapetel, pantenoolil, allantoiinil, n\u00f5iapuu ekstraktil, laktobatsillide ens\u00fc\u00fcmil, h\u00fcaluroonhappel ja taimeekstraktidel.<\/span><\/p>\n<p>&nbsp;<\/p>\n<h2><i>Torriden Balanceful Cica Toner Padi peamised toimeained.<\/i><\/h2>\n<p><b>Patenteeritud T-Percent\u2122 kompleks<\/b><span style=\"font-weight: 400;\">, mis sisaldab centella asiaticat ja selle 4 derivaati \u2013 asiatikosiid, madekassosiidi, asiatic ja madecassic acid.<\/span><\/p>\n<p>&nbsp;<\/p>\n<p><b>T-Percent\u2122 <\/b><span style=\"font-weight: 400;\">omab nahka tugevalt rahustavat, taastavat ja antioks\u00fcdantset toimet:<\/span><\/p>\n<ul>\n<li style=\"font-weight: 400;\" aria-level=\"1\"><span style=\"font-weight: 400;\">V\u00e4hendab punetust, leevendab \u00e4rritust ja s\u00fcgelust;<\/span><\/li>\n<li style=\"font-weight: 400;\" aria-level=\"1\"><span style=\"font-weight: 400;\">Soodustab akne ja p\u00f5letike paranemist;\u00a0<\/span><\/li>\n<li style=\"font-weight: 400;\" aria-level=\"1\"><span style=\"font-weight: 400;\">avaldab kasulikku m\u00f5ju rosaatseaga nahale;<\/span><\/li>\n<li style=\"font-weight: 400;\" aria-level=\"1\"><span style=\"font-weight: 400;\">Stimuleerib kollageeni ja h\u00fcaluroonhappe tootmist;<\/span><\/li>\n<li style=\"font-weight: 400;\" aria-level=\"1\"><span style=\"font-weight: 400;\">Parandab jumet ja kaitseb nahka ultraviolettkiirte ja agressiivse keskkonna eest.<\/span><\/li>\n<\/ul>\n<p>&nbsp;<\/p>\n<p><b>Gl\u00fckonolaktoon (PHA hape) <\/b><span style=\"font-weight: 400;\">toimib \u00f5rnalt koorivana, poleerib \u00f5rnalt ja uuendab nahka. T\u00e4nu sellele n\u00e4eb n\u00e4gu hoolitsetud ja v\u00e4rske v\u00e4lja ning nahapind on sile. Lisaks s\u00e4ilitab gl\u00fckonolaktoon niiskust, silub peeneid kortse ja kaitseb vabade radikaalide eest.<\/span><\/p>\n<p>&nbsp;<\/p>\n<p><b>LHA hape<\/b><span style=\"font-weight: 400;\"> tungib pooridesse ja puhastab need rasust ja mustusest. Hoiab \u00e4ra mustpeade teket, aitab v\u00f5idelda p\u00f5letike ja aknega. Koorib surnud nahka, stimuleerib rakkude vahetust ja v\u00e4hendab pooride v\u00e4ljan\u00e4gemist, luues sileda ja s\u00e4rava nahatekstuuri.<\/span><\/p>\n<p>&nbsp;<\/p>\n<p><b>Pantenool ja allantoiin <\/b><span style=\"font-weight: 400;\">v\u00e4hendavad reaktiivsust, rahustavad, pehmendavad ja niisutavad nahka. K\u00f5rvaldage kuivus, ketendus ja ebamugavustunne. Soodustada mikrotraumade ja kahjustuste paranemist, leevendada \u00e4rritust ja punetust.\u00a0<\/span><\/p>\n<p>&nbsp;<\/p>\n<h2><i>Torriden Balanceful Cica Toner Pad t\u00e4iendavad aktiivsed koostisosad.<\/i><\/h2>\n<p><b>Lactobacillus ens\u00fc\u00fcm <\/b><span style=\"font-weight: 400;\">harmoniseerib mikrobioomi, suurendab kaitsefunktsioone ja \u00fcldiselt tervendab nahka. Parandab jumet ja naha tekstuuri, muutes selle pehmeks ja s\u00e4ravaks.<\/span><\/p>\n<p>&nbsp;<\/p>\n<p><b>N\u00f5iapuu ekstrakt <\/b><span style=\"font-weight: 400;\">v\u00e4hendab pooride n\u00e4htavust, aitab v\u00f5idelda l\u00f6\u00f6be ja aknega.\u00a0<\/span><\/p>\n<p>&nbsp;<\/p>\n<p><b>H\u00fcaluroonhape <\/b><span style=\"font-weight: 400;\">rikkalikult niisutab ja taastab h\u00fcdrotasakaalu. Hoiab \u00e4ra liigse niiskuskadu ja hoiab \u00e4ra deh\u00fcdratsiooni.<\/span><\/p>\n<p>&nbsp;<\/p>\n<h2><i>Torriden Balanceful Cica toonerpadja omadused.<\/i><\/h2>\n<p><span style=\"font-weight: 400;\">Kettad on valmistatud sertifitseeritud 3D reljeefkangast ja neil on kaks k\u00fclge, mida saab kasutada olenevalt teie vajadustest ja praegusest nahaseisundist:<\/span><\/p>\n<ul>\n<li style=\"font-weight: 400;\" aria-level=\"1\"><span style=\"font-weight: 400;\">Reljeefne - koorimiseks ja tekstuuri silumiseks;<\/span><\/li>\n<li style=\"font-weight: 400;\" aria-level=\"1\"><span style=\"font-weight: 400;\">Sile \u2013 kui on vaja niisutavat hooldust.<\/span><\/li>\n<\/ul>\n<p>&nbsp;<\/p>\n<p><span style=\"font-weight: 400;\">Kettad on rikkalikult immutatud (purgis on 180 ml toonikut) ja suurendatud suurusega (l\u00e4bim\u00f5\u00f5t 6,5 cm), mist\u00f5ttu saab neid kasutada ka lokaalsete maskidena, j\u00e4ttes nahale mitmeks minutiks.<\/span><\/p>\n<p>&nbsp;<\/p>\n<p><span style=\"font-weight: 400;\">Komplekt sisaldab pintsetid, mis muudab ketaste eemaldamise protseduuri lihtsaks ja h\u00fcgieeniliseks.\u00a0<\/span><\/p>\n<p>&nbsp;<\/p>\n<p><span style=\"font-weight: 400;\">Torriden Balanceful Cica Toner Pad on 100% vegantoode, mis ei sisalda loomseid saadusi ega ole loomade peal testitud.\u00a0<\/span><\/p>\n<p>&nbsp;<\/p>\n<p><span style=\"font-weight: 400;\">Toode ei sisalda ka kunstlikke v\u00e4rv- ega maitseaineid.\u00a0<\/span><\/p>\n<p>&nbsp;<\/p>\n<p><b>Soovitame Torriden Balanceful Cica Toonerit<\/b><span style=\"font-weight: 400;\"> tundlikule, probleemsele, rasusele v\u00f5i kombineeritud nahale. Toode sobib igap\u00e4evaseks hommikuseks ja\/v\u00f5i \u00f5htuseks hoolduseks ning seda saab kasutada igal aastaajal.<\/span><\/p>\n<p>&nbsp;<\/p>\n<p><span style=\"font-weight: 400;\"><strong>Maksimaalse efekti saavutamiseks<\/strong> Soovitame koostada terviklik hooldusre\u017eiim, kasutades tundlikule ja probleemsele nahale m\u00f5eldud sarja tooteid <\/span><span style=\"color: #0000ff;\"><a style=\"color: #0000ff;\" href=\"https:\/\/liluilu.ee\/et\/tootesilt\/torriden-balanceful-line\/\" target=\"_blank\" rel=\"noopener\"><span style=\"font-weight: 400;\">Torriden Tasakaalukas joon<\/span><\/a><\/span><span style=\"font-weight: 400;\">:<\/span><\/p>\n<p>&nbsp;<\/p>\n<ol>\n<li style=\"font-weight: 400;\" aria-level=\"1\"><span style=\"color: #0000ff;\"><a style=\"color: #0000ff;\" href=\"https:\/\/liluilu.ee\/et\/torriden-balanceful-cica-cleansing-gel-200ml\/\" target=\"_blank\" rel=\"noopener\"><span style=\"font-weight: 400;\">Torriden Balanceful Cica puhastusgeel<\/span><\/a><\/span><\/li>\n<li style=\"font-weight: 400;\" aria-level=\"1\"><span style=\"color: #000000;\"><span style=\"font-weight: 400;\">Toonerplaadid <\/span><span style=\"font-weight: 400;\">Torriden Balanceful Cica toonerpadi<\/span><\/span><\/li>\n<li style=\"font-weight: 400;\" aria-level=\"1\"><span style=\"color: #0000ff;\"><a style=\"color: #0000ff;\" href=\"https:\/\/liluilu.ee\/et\/torriden-balanceful-cica-serum-50ml\/\" target=\"_blank\" rel=\"noopener\"><span style=\"font-weight: 400;\">Seerum Torriden Balanceful Cica Serum<\/span><\/a><\/span><\/li>\n<li style=\"font-weight: 400;\" aria-level=\"1\"><span style=\"color: #0000ff;\"><a style=\"color: #0000ff;\" href=\"https:\/\/liluilu.ee\/et\/torriden-balanceful-cica-cream-80-ml\/\" target=\"_blank\" rel=\"noopener\"><span style=\"font-weight: 400;\">Torrideni tasakaalustav Cica kreem<\/span><\/a><\/span><\/li>\n<\/ol>\n<p><span style=\"font-weight: 400; color: #0000ff;\">\u00a0<\/span><\/p>\n<p><em><span style=\"font-weight: 400;\"><strong>Nahale kandmise protseduur<\/strong>: pesugeel, toonikettad, seerum, n\u00e4okreem.<\/span><\/em><\/p>\n<p>&nbsp;<\/p>\n<p><b>Kuidas kasutada:<\/b><\/p>\n<p><span style=\"font-weight: 400;\">P\u00e4rast n\u00e4o pesemist p\u00fchkige n\u00e4gu \u00f5rnalt (v\u00e4ltides silma\u00fcmbrust), esmalt padjakese reljeefse poolega ja seej\u00e4rel sileda poolega. V\u00f5i lihtsalt sile. p\u00fchkima.\u00a0<\/span><\/p>\n<p>&nbsp;<\/p>\n<p><b>Netokogus:<\/b><span style=\"font-weight: 400;\"> 60 tk. \/ 180 ml.<\/span><\/p>\n<p>&nbsp;<\/p>\n<p><span style=\"font-weight: 400;\">Kui teil on lisak\u00fcsimusi v\u00f5i vajate toote valimisel n\u00f5u, kirjutage meile. Vestlus asub ekraani paremas alanurgas.<\/span><\/p>\n<p>&nbsp;<\/p>\n<p><a title=\"TARNETINGIMUSED\" href=\"https:\/\/liluilu.ee\/et\/kohaletoimetamine\/\" target=\"_blank\" rel=\"noopener\">TARNETINGIMUSED<\/a><\/p>","protected":false},"excerpt":{"rendered":"<p>\u0414\u0432\u0443\u0441\u0442\u043e\u0440\u043e\u043d\u043d\u0438\u0435 \u0433\u0438\u043f\u043e\u0430\u043b\u043b\u0435\u0440\u0433\u0435\u043d\u043d\u044b\u0435 \u0442\u043e\u043d\u0435\u0440-\u0434\u0438\u0441\u043a\u0438, \u0440\u0430\u0437\u0440\u0430\u0431\u043e\u0442\u0430\u043d\u043d\u044b\u0435 \u0434\u043b\u044f \u0443\u0445\u043e\u0434\u0430 \u0437\u0430 \u0447\u0443\u0432\u0441\u0442\u0432\u0438\u0442\u0435\u043b\u044c\u043d\u043e\u0439 \u0438 \u043f\u0440\u043e\u0431\u043b\u0435\u043c\u043d\u043e\u0439 \u043a\u043e\u0436\u0435\u0439. &nbsp; \u0414\u0438\u0441\u043a\u0438 Torriden Balanceful Cica Toner Pad:\u00a0 \u0422\u043e\u043d\u0438\u0437\u0438\u0440\u0443\u044e\u0442, \u043e\u0441\u0432\u0435\u0436\u0430\u044e\u0442 \u0438 \u0449\u0435\u0434\u0440\u043e \u0443\u0432\u043b\u0430\u0436\u043d\u044f\u044e\u0442 \u043a\u043e\u0436\u0443; \u041e\u0431\u043b\u0430\u0434\u0430\u044e\u0442 \u044f\u0440\u043a\u0438\u043c \u0443\u0441\u043f\u043e\u043a\u0430\u0438\u0432\u0430\u044e\u0449\u0438\u043c \u044d\u0444\u0444\u0435\u043a\u0442\u043e\u043c: \u0441\u043d\u0438\u043c\u0430\u044e\u0442 \u0440\u0430\u0437\u0434\u0440\u0430\u0436\u0435\u043d\u0438\u044f, \u0443\u043c\u0435\u043d\u044c\u0448\u0430\u044e\u0442 \u043f\u043e\u043a\u0440\u0430\u0441\u043d\u0435\u043d\u0438\u044f, \u0434\u0438\u0441\u043a\u043e\u043c\u0444\u043e\u0440\u0442 \u0438 \u0437\u0443\u0434; \u041e\u0442\u0448\u0435\u043b\u0443\u0448\u0438\u0432\u0430\u044e\u0442, \u0441\u043c\u044f\u0433\u0447\u0430\u044e\u0442 \u043e\u0433\u0440\u0443\u0431\u0435\u0432\u0448\u0438\u0435 \u0443\u0447\u0430\u0441\u0442\u043a\u0438 \u0438 \u0434\u0435\u043b\u0438\u043a\u0430\u0442\u043d\u043e \u043f\u043e\u043b\u0438\u0440\u0443\u044e\u0442 \u043a\u043e\u0436\u0443, \u0434\u0435\u043b\u0430\u044e\u0442 \u0435\u0435 \u0433\u043b\u0430\u0434\u043a\u043e\u0439 \u0438 \u0448\u0435\u043b\u043a\u043e\u0432\u0438\u0441\u0442\u043e\u0439; \u0423\u0434\u0430\u043b\u044f\u044e\u0442 \u0438\u0437\u043b\u0438\u0448\u043a\u0438 \u0441\u0435\u0431\u0443\u043c\u0430 \u0438 \u043e\u0447\u0438\u0449\u0430\u044e\u0442 \u043f\u043e\u0440\u044b; \u041a\u043e\u043d\u0442\u0440\u043e\u043b\u0438\u0440\u0443\u044e\u0442 [&hellip;]<\/p>","protected":false},"featured_media":10877,"comment_status":"open","ping_status":"closed","template":"","meta":{"_eb_attr":"","jetpack_post_was_ever_published":false,"_joinchat":[]},"product_brand":[],"product_cat":[394,217],"product_tag":[654,455,655,656,633,477,525,415,473,417,593,479,303,451,523,247,413],"class_list":{"0":"post-10910","1":"product","2":"type-product","3":"status-publish","4":"has-post-thumbnail","6":"product_cat-torriden","7":"product_cat-tonery","8":"product_tag-lha","9":"product_tag-pha","10":"product_tag-t-percent","11":"product_tag-torriden-balanceful-line","12":"product_tag-veganskaya-kosmetika","13":"product_tag-vysypaniya-i-akne","14":"product_tag-gljukonolakton","15":"product_tag-zhirnaya-kozha","16":"product_tag-zabitye-pory","17":"product_tag-kombinirovannaya-kozha","18":"product_tag-kosmetika-s-kislotami","19":"product_tag-otshelushivanie","20":"product_tag-pantenol-vitamin-b5","21":"product_tag-problemnaya-kozha","22":"product_tag-tonery-s-kislotami","23":"product_tag-centella","24":"product_tag-chuvstvitelnaya-kozha","26":"first","27":"outofstock","28":"shipping-taxable","29":"purchasable","30":"product-type-simple"},"jetpack_sharing_enabled":true,"_links":{"self":[{"href":"https:\/\/liluilu.ee\/et\/wp-json\/wp\/v2\/product\/10910","targetHints":{"allow":["GET"]}}],"collection":[{"href":"https:\/\/liluilu.ee\/et\/wp-json\/wp\/v2\/product"}],"about":[{"href":"https:\/\/liluilu.ee\/et\/wp-json\/wp\/v2\/types\/product"}],"replies":[{"embeddable":true,"href":"https:\/\/liluilu.ee\/et\/wp-json\/wp\/v2\/comments?post=10910"}],"version-history":[{"count":13,"href":"https:\/\/liluilu.ee\/et\/wp-json\/wp\/v2\/product\/10910\/revisions"}],"predecessor-version":[{"id":10926,"href":"https:\/\/liluilu.ee\/et\/wp-json\/wp\/v2\/product\/10910\/revisions\/10926"}],"wp:featuredmedia":[{"embeddable":true,"href":"https:\/\/liluilu.ee\/et\/wp-json\/wp\/v2\/media\/10877"}],"wp:attachment":[{"href":"https:\/\/liluilu.ee\/et\/wp-json\/wp\/v2\/media?parent=10910"}],"wp:term":[{"taxonomy":"product_brand","embeddable":true,"href":"https:\/\/liluilu.ee\/et\/wp-json\/wp\/v2\/product_brand?post=10910"},{"taxonomy":"product_cat","embeddable":true,"href":"https:\/\/liluilu.ee\/et\/wp-json\/wp\/v2\/product_cat?post=10910"},{"taxonomy":"product_tag","embeddable":true,"href":"https:\/\/liluilu.ee\/et\/wp-json\/wp\/v2\/product_tag?post=10910"}],"curies":[{"name":"t\u00f6\u00f6leht","href":"https:\/\/api.w.org\/{rel}","templated":true}]}}