{"id":10838,"date":"2024-03-21T16:26:49","date_gmt":"2024-03-21T13:26:49","guid":{"rendered":"https:\/\/liluilu.ee\/?post_type=product&#038;p=10838"},"modified":"2025-11-08T13:00:54","modified_gmt":"2025-11-08T10:00:54","slug":"torriden-balanceful-cica-serum-50ml","status":"publish","type":"product","link":"https:\/\/liluilu.ee\/et\/torriden-balanceful-cica-serum-50ml\/","title":{"rendered":"Intensiivselt rahustav ja niisutav seerum tundlikule ja probleemsele nahale Torriden Balanceful Cica Serum 50ml."},"content":{"rendered":"<h2><i>Torriden Balanceful Cica seerumi peamised toimeained.<\/i><\/h2>\n<p><b>Patenteeritud kompleks <\/b><b>T-Percent\u2122<\/b><span style=\"font-weight: 400;\">, mis koosneb centella asiatica ekstraktist ja selle derivaatidest (asiatikosiid, madekassosiid, asiatic ja madecassic hape).\u00a0<\/span><\/p>\n<p>&nbsp;<\/p>\n<p><b>T-Percent\u2122 <\/b><span style=\"font-weight: 400;\">Sellel on v\u00f5imas rahustav, taastav ja antioks\u00fcdantne toime nahale:<\/span><\/p>\n<ul>\n<li style=\"font-weight: 400;\" aria-level=\"1\"><span style=\"font-weight: 400;\">V\u00e4hendab punetust, leevendab \u00e4rritust ja s\u00fcgelust;<\/span><\/li>\n<li style=\"font-weight: 400;\" aria-level=\"1\"><span style=\"font-weight: 400;\">Ravib aknet, p\u00f5letikku ja haavu;<\/span><\/li>\n<li style=\"font-weight: 400;\" aria-level=\"1\"><span style=\"font-weight: 400;\">avaldab kasulikku m\u00f5ju rosaatseaga nahale;<\/span><\/li>\n<li style=\"font-weight: 400;\" aria-level=\"1\"><span style=\"font-weight: 400;\">Stimuleerib kollageeni ja h\u00fcaluroonhappe tootmist;<\/span><\/li>\n<li style=\"font-weight: 400;\" aria-level=\"1\"><span style=\"font-weight: 400;\">Parandab jumet;<\/span><\/li>\n<li style=\"font-weight: 400;\" aria-level=\"1\"><span style=\"font-weight: 400;\">Kaitseb kahjulike UV-kiirte ja keskkonna eest;<\/span><\/li>\n<\/ul>\n<p>&nbsp;<\/p>\n<p><b>Pantenool <\/b><span style=\"font-weight: 400;\">niisutab, rahustab ja tervendab nahka. S\u00e4ilitab loomuliku barj\u00e4\u00e4ri ja tugevdab kohalikku immuunsust. T\u00e4iuslikult pehmendab ja parandab naha tekstuuri, muutes selle pehmeks, siledaks ja elastsemaks.<\/span><\/p>\n<p>&nbsp;<\/p>\n<p><b>7 t\u00fc\u00fcpi h\u00fcaluroonhapet <\/b><span style=\"font-weight: 400;\">erineva molekulmassiga t\u00e4itke nahk niiskusega mitte ainult pealispinnal, vaid ka s\u00fcgaval sees.\u00a0<\/span><\/p>\n<p><span style=\"font-weight: 400;\">H\u00fcaluroonhapete kombinatsioon k\u00f5rvaldab koheselt deh\u00fcdratsiooni, taastab veetasakaalu ja hoiab \u00e4ra niiskuse liigse aurustumise. Silub kuivusest tingitud kortse, muudab naha pringiks, elastseks ja pingul.\u00a0<\/span><\/p>\n<p>&nbsp;<\/p>\n<h2><i>Torriden Balanceful Cica seerumi t\u00e4iendavad toimeained.<\/i><\/h2>\n<p><b>Lactobacillus ens\u00fc\u00fcm <\/b><span style=\"font-weight: 400;\">s\u00e4ilitab mikrobioomi harmoonia ja tugevdab loomulikku barj\u00e4\u00e4ri. Stimuleerib regenereerimisprotsessi, omab p\u00f5letikuvastast toimet ja parandab naha \u00fcldist seisundit.<\/span><\/p>\n<p>&nbsp;<\/p>\n<p><b>Dipeptiid-2 <\/b><span style=\"font-weight: 400;\">parandab l\u00fcmfiringet ja aitab eemaldada turset.\u00a0<\/span><\/p>\n<p>&nbsp;<\/p>\n<p><b>LHA hape <\/b><span style=\"font-weight: 400;\">koorib surnud nahaosakesed, \u00fchtlustab mikroreljeefi ja kaotab tuhmi nahatooni. Puhastab poorid ja takistab komedoonide teket. J\u00e4tab naha siledaks ja s\u00e4ravaks.\u00a0<\/span><\/p>\n<p>&nbsp;<\/p>\n<p><b>Allantoiin <\/b><span style=\"font-weight: 400;\">niisutab, ravib, rahustab ja v\u00e4hendab reaktsiooniv\u00f5imet.<\/span><\/p>\n<p>&nbsp;<\/p>\n<p><b>Betaiin <\/b><span style=\"font-weight: 400;\">hoiab \u00e4ra niiskuse liigse aurustumise, hoiab \u00e4ra deh\u00fcdratsiooni, hoiab naha pehme ja siledana.<\/span><\/p>\n<p>&nbsp;<\/p>\n<p><b>Dikaaliumgl\u00fcts\u00fcrrisaat <\/b><span style=\"font-weight: 400;\">(lagritsajuuresool) on p\u00f5letikuvastase toimega, leevendab \u00e4rritust, v\u00e4hendab rasu tootmist ja v\u00e4hendab \u00f5list l\u00e4iget.<\/span><\/p>\n<p>&nbsp;<\/p>\n<h2><i>Torriden Balanceful Cica seerumi omadused.<\/i><\/h2>\n<p><span style=\"font-weight: 400;\">Toote loomisel kasutatakse seda <\/span><b>T-Teca liposomaalsete varade kohaletoimetamise tehnoloogia<\/b><span style=\"font-weight: 400;\">. Selleks paigutatakse seerumi aktiivsed komponendid liposoomidesse, mis t\u00e4idavad transportijate rolli. Liposoomide suurus on nii v\u00e4ike, et need tungivad kergesti naha s\u00fcgavamatesse kihtidesse. See tehnoloogia suurendab oluliselt toote biosaadavust ja efektiivsust.\u00a0<\/span><\/p>\n<p>&nbsp;<\/p>\n<p><span style=\"font-weight: 400;\">Seerumil on v\u00e4rskendav geelitaoline tekstuur, mis koheselt niisutab ja rahustab nahka. Ei j\u00e4ta kleepuvat ega rasvast kilet. Sellel on loomulik viimistlus, mis annab v\u00e4rskuse ja mugavuse tunde.\u00a0<\/span><\/p>\n<p>&nbsp;<\/p>\n<p><b>Soovitame Torriden Balanceful Cica seerumit<\/b><span style=\"font-weight: 400;\"> igat t\u00fc\u00fcpi tundlikule ja probleemsele nahale. Eriti kombineeritud ja rasusele nahale, kalduvus l\u00f6\u00f6bele, p\u00f5letikele ja aknele.<\/span><\/p>\n<p>&nbsp;<\/p>\n<p><span style=\"font-weight: 400;\">Toode sobib igap\u00e4evaseks hommiku- ja\/v\u00f5i \u00f5htuseks kasutamiseks, ei t\u00f5sta valgustundlikkust ja on kasutatav igal aastaajal.<\/span><\/p>\n<p>&nbsp;<\/p>\n<p><b>Maksimaalse efekti saavutamiseks<\/b><span style=\"font-weight: 400;\"> Soovitame koostada terviklik hooldusre\u017eiim, kasutades tundlikule ja probleemsele nahale m\u00f5eldud sarja tooteid <\/span><span style=\"color: #0000ff;\"><a style=\"color: #0000ff;\" href=\"https:\/\/liluilu.ee\/et\/tootesilt\/torriden-balanceful-line\/\" target=\"_blank\" rel=\"noopener\"><span style=\"font-weight: 400;\">Torriden Tasakaalukas joon<\/span><\/a><\/span><span style=\"font-weight: 400;\">:<\/span><\/p>\n<p>&nbsp;<\/p>\n<ol>\n<li style=\"font-weight: 400;\" aria-level=\"1\"><span style=\"color: #0000ff;\"><a style=\"color: #0000ff;\" href=\"https:\/\/liluilu.ee\/et\/torriden-balanceful-cica-cleansing-gel-200ml\/\" target=\"_blank\" rel=\"noopener\"><span style=\"font-weight: 400;\">Torriden Balanceful Cica puhastusgeel<\/span><\/a><\/span><\/li>\n<li style=\"font-weight: 400;\" aria-level=\"1\"><span style=\"color: #0000ff;\"><a style=\"color: #0000ff;\" href=\"https:\/\/liluilu.ee\/et\/torriden-balanceful-cica-toner-pad\/\" target=\"_blank\" rel=\"noopener\"><span style=\"font-weight: 400;\">Torriden Balanceful Cica toonerpadi<\/span><\/a><\/span><\/li>\n<li style=\"font-weight: 400;\" aria-level=\"1\"><span style=\"color: #0000ff;\"><a style=\"color: #0000ff;\" href=\"https:\/\/liluilu.ee\/et\/torriden-balanceful-cica-cream-80-ml\/\" target=\"_blank\" rel=\"noopener\"><span style=\"font-weight: 400;\">Torrideni tasakaalustav Cica kreem<\/span><\/a><\/span><\/li>\n<\/ol>\n<p><span style=\"font-weight: 400;\">\u00a0<\/span><\/p>\n<p><b><i>Nahale kandmise protseduur<\/i><\/b><span style=\"font-weight: 400;\">: pesugeel, toonikettad, seerum, n\u00e4okreem.<\/span><\/p>\n<p>&nbsp;<\/p>\n<p><b>Kuidas kasutada:<\/b><\/p>\n<p><span style=\"font-weight: 400;\">Kanna v\u00e4ike kogus seerumit eelnevalt puhastatud ja toonikuga t\u00f6\u00f6deldud n\u00e4onahale. Jaotage ja tehke patsutavaid liigutusi, et aidata seerumil imenduda. J\u00e4rgmisena kandke peale emulsioon, losjoon v\u00f5i kreem.\u00a0<\/span><\/p>\n<p>&nbsp;<\/p>\n<p class=\"translation-block\">Netokogus: 50 ml.<\/p>\n<p>&nbsp;<\/p>\n<p><span style=\"font-weight: 400;\">Kui teil on lisak\u00fcsimusi v\u00f5i vajate toote valimisel n\u00f5u, kirjutage meile. Vestlus asub ekraani paremas alanurgas.<\/span><\/p>\n<p>&nbsp;<\/p>\n<p><a title=\"TARNETINGIMUSED\" href=\"https:\/\/liluilu.ee\/et\/kohaletoimetamine\/\" target=\"_blank\" rel=\"noopener\">TARNETINGIMUSED<\/a><\/p>","protected":false},"excerpt":{"rendered":"<p><span style=\"font-weight: 400;\">H\u00fcpoallergeenne, rahustav, niisutav ja tasakaalustav n\u00e4oseerum <\/span><b>Torrideni tasakaalustav Cica seerum<\/b><span style=\"font-weight: 400;\">.<\/span><\/p>\n<p>&nbsp;<\/p>\n<p><span style=\"font-weight: 400;\">Toode t\u00e4idab rikkalikult niiskust, pehmendab, rahustab ja tervendab nahka:<\/span><\/p>\n<ul>\n<li style=\"font-weight: 400;\" aria-level=\"1\"><span style=\"font-weight: 400;\">V\u00e4hendab punetust, leevendab \u00e4rritust, k\u00f5rvaldab s\u00fcgeluse ja ebamugavustunde;<\/span><\/li>\n<li style=\"font-weight: 400;\" aria-level=\"1\"><span style=\"font-weight: 400;\">Ravib p\u00f5letikke ja haavu, soodustab kahjustatud naha kiiret taastumist;<\/span><\/li>\n<li style=\"font-weight: 400;\" aria-level=\"1\"><span style=\"font-weight: 400;\">Koorib \u00f5rnalt surnud naharakkude kihti, puhastab ja ahendab poore;<\/span><\/li>\n<li style=\"font-weight: 400;\" aria-level=\"1\"><span style=\"font-weight: 400;\">\u00dchtlustab mikroreljeefi, muudab naha siledaks ja siidiseks;<\/span><\/li>\n<li style=\"font-weight: 400;\" aria-level=\"1\"><span style=\"font-weight: 400;\">K\u00f5rvaldab tuhmuse ja parandab jumet;<\/span><\/li>\n<li style=\"font-weight: 400;\" aria-level=\"1\"><span style=\"font-weight: 400;\">Parandab aknele kalduva naha seisundit;<\/span><\/li>\n<li style=\"font-weight: 400;\" aria-level=\"1\"><span style=\"font-weight: 400;\">V\u00e4hendab rasu tootmist, hoiab \u00e4ra pooride ummistumise ja v\u00e4hendab \u00f5list l\u00e4iget.\u00a0<\/span><\/li>\n<\/ul>\n<p>&nbsp;<\/p>\n<p><span style=\"font-weight: 400;\">N\u00f5rga happevalem (pH~5,0 - 6,0) hoolitseb nahabarj\u00e4\u00e4ri tervise eest ja s\u00e4ilitab optimaalse happe-aluse tasakaalu. Hoiab \u00e4ra liiga happelisest v\u00f5i aluselisest keskkonnast p\u00f5hjustatud p\u00f5letikku ja \u00e4rritust.<\/span><\/p>\n<p>&nbsp;<\/p>\n<p><span style=\"font-weight: 400;\">Torriden Balanceful Cica Serum on 100% vegantoode, mis ei sisalda loomseid saadusi ega ole loomade peal testitud.<\/span><\/p>\n<p>&nbsp;<\/p>\n<p><span style=\"font-weight: 400;\">Seerum ei sisalda v\u00e4rvaineid, l\u00f5hnaaineid, mineraal\u00f5lisid, parabeene ja muid nahale potentsiaalselt kahjulikke komponente. Toodet on testitud ja leitud, et see on h\u00fcpoallergeenne.\u00a0<\/span><\/p>\n<p>&nbsp;<\/p>","protected":false},"featured_media":10824,"comment_status":"open","ping_status":"closed","template":"","meta":{"_eb_attr":"","jetpack_post_was_ever_published":false,"_joinchat":[]},"product_brand":[],"product_cat":[394,226],"product_tag":[654,655,656,633,477,415,473,417,658,303,451,247,413],"class_list":{"0":"post-10838","1":"product","2":"type-product","3":"status-publish","4":"has-post-thumbnail","6":"product_cat-torriden","7":"product_cat-serumy","8":"product_tag-lha","9":"product_tag-t-percent","10":"product_tag-torriden-balanceful-line","11":"product_tag-veganskaya-kosmetika","12":"product_tag-vysypaniya-i-akne","13":"product_tag-zhirnaya-kozha","14":"product_tag-zabitye-pory","15":"product_tag-kombinirovannaya-kozha","16":"product_tag-liposomalnaya-tehnologiya-dostavki-aktivov","17":"product_tag-pantenol-vitamin-b5","18":"product_tag-problemnaya-kozha","19":"product_tag-centella","20":"product_tag-chuvstvitelnaya-kozha","22":"first","23":"outofstock","24":"shipping-taxable","25":"purchasable","26":"product-type-simple"},"jetpack_sharing_enabled":true,"_links":{"self":[{"href":"https:\/\/liluilu.ee\/et\/wp-json\/wp\/v2\/product\/10838","targetHints":{"allow":["GET"]}}],"collection":[{"href":"https:\/\/liluilu.ee\/et\/wp-json\/wp\/v2\/product"}],"about":[{"href":"https:\/\/liluilu.ee\/et\/wp-json\/wp\/v2\/types\/product"}],"replies":[{"embeddable":true,"href":"https:\/\/liluilu.ee\/et\/wp-json\/wp\/v2\/comments?post=10838"}],"version-history":[{"count":23,"href":"https:\/\/liluilu.ee\/et\/wp-json\/wp\/v2\/product\/10838\/revisions"}],"predecessor-version":[{"id":10932,"href":"https:\/\/liluilu.ee\/et\/wp-json\/wp\/v2\/product\/10838\/revisions\/10932"}],"wp:featuredmedia":[{"embeddable":true,"href":"https:\/\/liluilu.ee\/et\/wp-json\/wp\/v2\/media\/10824"}],"wp:attachment":[{"href":"https:\/\/liluilu.ee\/et\/wp-json\/wp\/v2\/media?parent=10838"}],"wp:term":[{"taxonomy":"product_brand","embeddable":true,"href":"https:\/\/liluilu.ee\/et\/wp-json\/wp\/v2\/product_brand?post=10838"},{"taxonomy":"product_cat","embeddable":true,"href":"https:\/\/liluilu.ee\/et\/wp-json\/wp\/v2\/product_cat?post=10838"},{"taxonomy":"product_tag","embeddable":true,"href":"https:\/\/liluilu.ee\/et\/wp-json\/wp\/v2\/product_tag?post=10838"}],"curies":[{"name":"t\u00f6\u00f6leht","href":"https:\/\/api.w.org\/{rel}","templated":true}]}}