{"id":10801,"date":"2024-03-16T15:19:24","date_gmt":"2024-03-16T12:19:24","guid":{"rendered":"https:\/\/liluilu.ee\/?post_type=product&#038;p=10801"},"modified":"2025-11-08T13:00:54","modified_gmt":"2025-11-08T10:00:54","slug":"torriden-balanceful-cica-cream-80-ml","status":"publish","type":"product","link":"https:\/\/liluilu.ee\/et\/torriden-balanceful-cica-cream-80-ml\/","title":{"rendered":"Rahustav ja tasakaalustav h\u00fcpoallergeenne kreem Torriden Balanceful Cica Cream 80ml."},"content":{"rendered":"<h2><i><span style=\"font-weight: 400;\">Torriden Balanceful Cica Cream peamised toimeained:<\/span><\/i><\/h2>\n<p><b>Patenteeritud kompleks <\/b><b>T-Percent\u2122 (10 000 ppm)<\/b><span style=\"font-weight: 400;\">, sealhulgas Aasia tsentella ekstrakt ja selle derivaadid (asiatikosiid, madekassosiid, aasia- ja madekassiidhape).\u00a0<\/span><\/p>\n<p>&nbsp;<\/p>\n<p><span style=\"font-weight: 400;\">Kompleksil on v\u00f5imas rahustav, taastav ja antioks\u00fcdantne toime nahale:<\/span><\/p>\n<ul>\n<li style=\"font-weight: 400;\" aria-level=\"1\"><span style=\"font-weight: 400;\">V\u00e4hendab punetust, leevendab \u00e4rritust ja s\u00fcgelust;<\/span><\/li>\n<li style=\"font-weight: 400;\" aria-level=\"1\"><span style=\"font-weight: 400;\">Ravib aknet, p\u00f5letikku ja haavu;<\/span><\/li>\n<li style=\"font-weight: 400;\" aria-level=\"1\"><span style=\"font-weight: 400;\">avaldab kasulikku m\u00f5ju rosaatseaga nahale;<\/span><\/li>\n<li style=\"font-weight: 400;\" aria-level=\"1\"><span style=\"font-weight: 400;\">Stimuleerib kollageeni ja h\u00fcaluroonhappe tootmist;<\/span><\/li>\n<li style=\"font-weight: 400;\" aria-level=\"1\"><span style=\"font-weight: 400;\">Parandab jumet;<\/span><\/li>\n<li style=\"font-weight: 400;\" aria-level=\"1\"><span style=\"font-weight: 400;\">Kaitseb kahjulike UV-kiirte ja keskkonna eest;<\/span><\/li>\n<\/ul>\n<p>&nbsp;<\/p>\n<p><b>Pantenool <\/b><span style=\"font-weight: 400;\">niisutab, rahustab ja pehmendab nahka. Sellel on p\u00f5letikuvastased ja tervendavad omadused. Parandab naha tekstuuri, muutes selle pehmeks, siledaks ja elastseks.<\/span><\/p>\n<p>&nbsp;<\/p>\n<p><b>H\u00fcdrol\u00fc\u00fcsitud h\u00fcaluroonhape <\/b><span style=\"font-weight: 400;\">tagab k\u00fcllusliku niisutuse, taastab veetasakaalu ja hoiab \u00e4ra deh\u00fcdratsiooni. Stimuleerib regenereerimisprotsessi, silub kuivusest tingitud kortse, muudab naha pringiks ja elastseks.<\/span><\/p>\n<p>&nbsp;<\/p>\n<h2><i><span style=\"font-weight: 400;\">T\u00e4iendavad toimeained:<\/span><\/i><\/h2>\n<p><b>LHA hape <\/b><span style=\"font-weight: 400;\">\u00d5rnalt, ilma \u00e4rrituseta, koorib surnud nahaosakesed, puhastab poorid ja takistab mustade laikude teket.<\/span><\/p>\n<p>&nbsp;<\/p>\n<p><b>Dipeptiid-2 <\/b><span style=\"font-weight: 400;\">parandab l\u00fcmfiringet ja aitab eemaldada turset.\u00a0<\/span><\/p>\n<p>&nbsp;<\/p>\n<p><b>Allantoiin <\/b><span style=\"font-weight: 400;\">niisutab, ravib, rahustab ja v\u00e4hendab reaktsiooniv\u00f5imet.<\/span><\/p>\n<p>&nbsp;<\/p>\n<p><b>Betaiin <\/b><span style=\"font-weight: 400;\">hoiab \u00e4ra niiskuse liigse aurustumise, hoiab \u00e4ra deh\u00fcdratsiooni, hoiab naha pehme ja siledana.<\/span><\/p>\n<p>&nbsp;<\/p>\n<h2><i><span style=\"font-weight: 400;\">Torriden Balanceful Cica kreemi omadused:<\/span><\/i><\/h2>\n<p><span style=\"font-weight: 400;\">Toode on loodud kasutades <\/span><b>liposomaalsete varade kohaletoimetamise tehnoloogia T-Tesa<\/b><span style=\"font-weight: 400;\">. Selleks asetatakse kreemi aktiivsed komponendid liposoomidesse, mis toimivad transpordikonteineritena. Liposoomid on suure l\u00e4bitungimisv\u00f5imega ja viivad oma sisu s\u00fcgavamatesse nahakihtidesse, mis suurendab oluliselt kreemi efektiivsust.<\/span><\/p>\n<p>&nbsp;<\/p>\n<p><span style=\"font-weight: 400;\">Tootel on peen aroom (unixex) ja kaalutu pudingu tekstuur. Pealekandmisel niisutab ja rahustab kreem koheselt nahka. Annab jaheduse, v\u00e4rskuse ja mugavuse tunde. Ei j\u00e4ta l\u00e4iget ega rasvast kilet. On sametise viimistlusega.<\/span><\/p>\n<p>&nbsp;<\/p>\n<p><b>Soovitame Torriden Balanceful Cica kreemi<\/b><span style=\"font-weight: 400;\"> normaalsele, kombineeritud ja rasusele nahat\u00fc\u00fcbile. Samuti tundlikele, probleemsetele, l\u00f6\u00f6bele ja aknele kalduvatele.<\/span><\/p>\n<p>&nbsp;<\/p>\n<p><span style=\"font-weight: 400;\">Kreem sobib kasutamiseks igal aastaajal, hommikul ja\/v\u00f5i \u00f5htul.<\/span><\/p>\n<p>&nbsp;<\/p>\n<p><b>Maksimaalse efekti saavutamiseks<\/b><span style=\"font-weight: 400;\"> Soovitame koostada terviklik hooldusre\u017eiim, kasutades tundlikule ja probleemsele nahale m\u00f5eldud sarja tooteid <\/span><span style=\"color: #0000ff;\"><a style=\"color: #0000ff;\" href=\"https:\/\/liluilu.ee\/et\/tootesilt\/torriden-balanceful-line\/\" target=\"_blank\" rel=\"noopener\"><span style=\"font-weight: 400;\">Torriden Tasakaalukas joon<\/span><\/a><\/span><span style=\"font-weight: 400;\">:<\/span><\/p>\n<p>&nbsp;<\/p>\n<ol>\n<li style=\"font-weight: 400;\" aria-level=\"1\"><span style=\"color: #0000ff;\"><a style=\"color: #0000ff;\" href=\"https:\/\/liluilu.ee\/et\/torriden-balanceful-cica-cleansing-gel-200ml\/\" target=\"_blank\" rel=\"noopener\"><span style=\"font-weight: 400;\">Torriden Balanceful Cica puhastusgeel<\/span><\/a><\/span><\/li>\n<li style=\"font-weight: 400;\" aria-level=\"1\"><span style=\"color: #0000ff;\"><a style=\"color: #0000ff;\" href=\"https:\/\/liluilu.ee\/et\/torriden-balanceful-cica-toner-pad\/\" target=\"_blank\" rel=\"noopener\"><span style=\"font-weight: 400;\">Torriden Balanceful Cica toonerpadi<\/span><\/a><\/span><\/li>\n<li style=\"font-weight: 400;\" aria-level=\"1\"><span style=\"color: #0000ff;\"><a style=\"color: #0000ff;\" href=\"https:\/\/liluilu.ee\/et\/torriden-balanceful-cica-serum-50ml\/\" target=\"_blank\" rel=\"noopener\"><span style=\"font-weight: 400;\">Seerum Torriden Balanceful Cica Serum<\/span><\/a><\/span><\/li>\n<\/ol>\n<p><span style=\"font-weight: 400;\">\u00a0<\/span><\/p>\n<p><b><i>Nahale kandmise protseduur<\/i><\/b><span style=\"font-weight: 400;\">: pesugeel, toonikettad, seerum, n\u00e4okreem.<\/span><\/p>\n<p>&nbsp;<\/p>\n<p><b>Kuidas kasutada:<\/b><\/p>\n<p><span style=\"font-weight: 400;\">Hoolduse viimasel etapil kandke n\u00e4onahale vajalik kogus kreemi ja jagage laiali.<\/span><\/p>\n<p>&nbsp;<\/p>\n<p><b>Netokogus:<\/b><span style=\"font-weight: 400;\"> 80 ml.<\/span><\/p>\n<p>&nbsp;<\/p>\n<p><span style=\"font-weight: 400;\">Kui teil on lisak\u00fcsimusi v\u00f5i vajate toote valimisel n\u00f5u, kirjutage meile. Vestlus asub ekraani paremas alanurgas.<\/span><\/p>\n<p>&nbsp;<\/p>\n<p><a title=\"TARNETINGIMUSED\" href=\"https:\/\/liluilu.ee\/et\/kohaletoimetamine\/\" target=\"_blank\" rel=\"noopener\">TARNETINGIMUSED<\/a><\/p>","protected":false},"excerpt":{"rendered":"<p><span style=\"font-weight: 400;\">Rahustav ja tasakaalustav n\u00e4okreem<\/span><b> Torrideni tasakaalustav Cica kreem<\/b><span style=\"font-weight: 400;\"> loodud hoolikalt tundlikule ja probleemsele nahale.\u00a0<\/span><\/p>\n<p>&nbsp;<\/p>\n<p><span style=\"font-weight: 400;\">Toode on v\u00e4ljendunud rahustava ja taastava toimega, niisutab ja pehmendab nahka suurep\u00e4raselt, taastab selle vee-rasva tasakaalu.<\/span><\/p>\n<p>&nbsp;<\/p>\n<p><span style=\"font-weight: 400;\">Torrideni tasakaalustav Cica kreem:<\/span><\/p>\n<ul>\n<li style=\"font-weight: 400;\" aria-level=\"1\"><span style=\"font-weight: 400;\">V\u00e4rskendab nahka ja t\u00e4idab selle niiskusega;<\/span><\/li>\n<li style=\"font-weight: 400;\" aria-level=\"1\"><span style=\"font-weight: 400;\">V\u00e4hendab rasu tootmist ja v\u00e4hendab rasust l\u00e4iget n\u00e4ol;<\/span><\/li>\n<li style=\"font-weight: 400;\" aria-level=\"1\"><span style=\"font-weight: 400;\">Ei ummista poore;<\/span><\/li>\n<li style=\"font-weight: 400;\" aria-level=\"1\"><span style=\"font-weight: 400;\">M\u00f5jub soodsalt aknele kalduvale nahale;<\/span><\/li>\n<li style=\"font-weight: 400;\" aria-level=\"1\"><span style=\"font-weight: 400;\">V\u00e4hendab punetust, leevendab \u00e4rritust ja soodustab v\u00e4iksemate p\u00f5letike kiiret paranemist;<\/span><\/li>\n<li style=\"font-weight: 400;\" aria-level=\"1\"><span style=\"font-weight: 400;\">Muudab naha siledaks ja sametiseks, annab \u00fchtlase tooni ja terve jume.<\/span><\/li>\n<\/ul>\n<p>&nbsp;<\/p>\n<p><b>N\u00f5rga happe valem (pH ~ 5,0\u20136,0) <\/b><span style=\"font-weight: 400;\">hoolitseb nahabarj\u00e4\u00e4ri tervise eest ja hoiab \u00e4ra liiga aluselise v\u00f5i happelise keskkonna p\u00f5hjustatud \u00e4rrituse.<\/span><\/p>\n<p>&nbsp;<\/p>\n<p><span style=\"font-weight: 400;\">Kreem loodi kasutades <\/span><b>liposomaalsete varade kohaletoimetamise tehnoloogia T-Tesa<\/b><span style=\"font-weight: 400;\">. Sisaldab patenteeritud T-Percent\u2122 kompleksi, pantenooli, allantoiini, h\u00fcdrol\u00fc\u00fcsitud h\u00fcaluroonhapet, LHA hapet, dipeptiid-2 ja mitmeid taimeekstrakte.<\/span><\/p>\n<p>&nbsp;<\/p>\n<p><span style=\"font-weight: 400;\">Torriden Balanceful Cica Cream on <\/span><b>100% vegan toode<\/b><span style=\"font-weight: 400;\">, mis ei sisalda loomseid saadusi ega ole loomade peal testitud.<\/span><\/p>\n<p>&nbsp;<\/p>\n<p>&nbsp;<\/p>","protected":false},"featured_media":10788,"comment_status":"open","ping_status":"closed","template":"","meta":{"_eb_attr":"","jetpack_post_was_ever_published":false,"_joinchat":[]},"product_brand":[],"product_cat":[394,95],"product_tag":[654,655,656,633,477,415,473,417,658,303,451,247,413],"class_list":{"0":"post-10801","1":"product","2":"type-product","3":"status-publish","4":"has-post-thumbnail","6":"product_cat-torriden","7":"product_cat-kremy-emulsii-i-losony-dlya-lica","8":"product_tag-lha","9":"product_tag-t-percent","10":"product_tag-torriden-balanceful-line","11":"product_tag-veganskaya-kosmetika","12":"product_tag-vysypaniya-i-akne","13":"product_tag-zhirnaya-kozha","14":"product_tag-zabitye-pory","15":"product_tag-kombinirovannaya-kozha","16":"product_tag-liposomalnaya-tehnologiya-dostavki-aktivov","17":"product_tag-pantenol-vitamin-b5","18":"product_tag-problemnaya-kozha","19":"product_tag-centella","20":"product_tag-chuvstvitelnaya-kozha","22":"first","23":"outofstock","24":"shipping-taxable","25":"purchasable","26":"product-type-simple"},"jetpack_sharing_enabled":true,"_links":{"self":[{"href":"https:\/\/liluilu.ee\/et\/wp-json\/wp\/v2\/product\/10801","targetHints":{"allow":["GET"]}}],"collection":[{"href":"https:\/\/liluilu.ee\/et\/wp-json\/wp\/v2\/product"}],"about":[{"href":"https:\/\/liluilu.ee\/et\/wp-json\/wp\/v2\/types\/product"}],"replies":[{"embeddable":true,"href":"https:\/\/liluilu.ee\/et\/wp-json\/wp\/v2\/comments?post=10801"}],"version-history":[{"count":12,"href":"https:\/\/liluilu.ee\/et\/wp-json\/wp\/v2\/product\/10801\/revisions"}],"predecessor-version":[{"id":10934,"href":"https:\/\/liluilu.ee\/et\/wp-json\/wp\/v2\/product\/10801\/revisions\/10934"}],"wp:featuredmedia":[{"embeddable":true,"href":"https:\/\/liluilu.ee\/et\/wp-json\/wp\/v2\/media\/10788"}],"wp:attachment":[{"href":"https:\/\/liluilu.ee\/et\/wp-json\/wp\/v2\/media?parent=10801"}],"wp:term":[{"taxonomy":"product_brand","embeddable":true,"href":"https:\/\/liluilu.ee\/et\/wp-json\/wp\/v2\/product_brand?post=10801"},{"taxonomy":"product_cat","embeddable":true,"href":"https:\/\/liluilu.ee\/et\/wp-json\/wp\/v2\/product_cat?post=10801"},{"taxonomy":"product_tag","embeddable":true,"href":"https:\/\/liluilu.ee\/et\/wp-json\/wp\/v2\/product_tag?post=10801"}],"curies":[{"name":"t\u00f6\u00f6leht","href":"https:\/\/api.w.org\/{rel}","templated":true}]}}