{"id":10772,"date":"2024-03-14T19:51:12","date_gmt":"2024-03-14T16:51:12","guid":{"rendered":"https:\/\/liluilu.ee\/?post_type=product&#038;p=10772"},"modified":"2025-11-08T13:00:54","modified_gmt":"2025-11-08T10:00:54","slug":"torriden-balanceful-cica-cleansing-gel-200ml","status":"publish","type":"product","link":"https:\/\/liluilu.ee\/et\/torriden-balanceful-cica-cleansing-gel-200ml\/","title":{"rendered":"H\u00fcpoallergeenne puhastusgeel tundlikule probleemsele nahale Torriden Balanceful Cica Cleansing Gel 200ml."},"content":{"rendered":"<h2><i><span style=\"font-weight: 400;\">Torriden Balanceful Cica puhastusgeeli peamised toimeained:<\/span><\/i><\/h2>\n<p><b>Kompleks 5D Cica-kompleks<\/b><span style=\"font-weight: 400;\"> sisaldab 5 Centella asiatica derivaati ning sellel on v\u00f5imas rahustav, taastav ja antioks\u00fcdantne toime nahale:<\/span><\/p>\n<p>&nbsp;<\/p>\n<ul>\n<li style=\"font-weight: 400;\" aria-level=\"1\"><span style=\"font-weight: 400;\">Leevendab \u00e4rritust ja v\u00e4hendab punetust;<\/span><\/li>\n<li style=\"font-weight: 400;\" aria-level=\"1\"><span style=\"font-weight: 400;\">T\u00e4idab rakud niiskusega;<\/span><\/li>\n<li style=\"font-weight: 400;\" aria-level=\"1\"><span style=\"font-weight: 400;\">Soodustab p\u00f5letike ja naha mikrokahjustuste kiiret paranemist;<\/span><\/li>\n<li style=\"font-weight: 400;\" aria-level=\"1\"><span style=\"font-weight: 400;\">S\u00e4ilitab elastsuse ja tugevuse;<\/span><\/li>\n<li style=\"font-weight: 400;\" aria-level=\"1\"><span style=\"font-weight: 400;\">V\u00e4hendab oks\u00fcdatiivset stressi ja kaitseb nahka ultraviolettkiirguse ja keskkonna agressiivse m\u00f5ju eest.<\/span><\/li>\n<\/ul>\n<p>&nbsp;<\/p>\n<p><b>LHA hape <\/b><span style=\"font-weight: 400;\">koorib \u00f5rnalt surnud nahaosakesed, puhastab p\u00f5hjalikult ja ahendab poore, hoiab \u00e4ra p\u00f5letike ja aknet. Reguleerib rasu tootmist ja v\u00e4hendab naha rasust. Helendab aknej\u00e4rgseid laike, k\u00f5rvaldab tuhmuse ja parandab jumet.<\/span><\/p>\n<p>&nbsp;<\/p>\n<p><b>Pantenool ja allantoiin <\/b><span style=\"font-weight: 400;\">t\u00e4iuslikult niisutab ja pehmendab nahka, muutes selle pehmeks ja elastseks. V\u00e4hendada \u00e4rritust ja punetust. Soodustada rakkude uuenemist ja paranemist, sealhulgas p\u00e4rast p\u00e4ikesep\u00f5letust ja erinevaid vigastusi.<\/span><\/p>\n<p>&nbsp;<\/p>\n<p><b>N\u00f5iapuu ekstrakt<\/b><span style=\"font-weight: 400;\"> k\u00f5rvaldab p\u00f5letikud ja akne, ahendab poore, annab niisutava ja rahustava toime.\u00a0<\/span><\/p>\n<p>&nbsp;<\/p>\n<p><b>Ceramiid NP <\/b><span style=\"font-weight: 400;\">tugevdab loomulikku nahabarj\u00e4\u00e4ri, hoiab \u00e4ra liigse niiskuskadu ning taastab vee-rasva tasakaalu.<\/span><\/p>\n<p>&nbsp;<\/p>\n<h2><i><span style=\"font-weight: 400;\">Torriden Balanceful Cica puhastusgeeli omadused:<\/span><\/i><\/h2>\n<ul>\n<li style=\"font-weight: 400;\" aria-level=\"1\"><b>Ei sisalda<\/b><span style=\"font-weight: 400;\"> kunstlikud l\u00f5hnaained, v\u00e4rvained, parabeenid, mineraal\u00f5lid, isoprop\u00fc\u00fclalkohol ja muud nahale potentsiaalselt kahjulikud koostisained;<\/span><\/li>\n<li style=\"font-weight: 400;\" aria-level=\"1\"><span style=\"font-weight: 400;\">Testimise tulemusena <\/span><b>tunnistatud h\u00fcpoallergeenseks<\/b><span style=\"font-weight: 400;\">. Toode ei p\u00f5hjusta \u00e4rritust ja sobib igale nahat\u00fc\u00fcbile, sh tundlikule, probleemsele ja aknele.<\/span><\/li>\n<li style=\"font-weight: 400;\" aria-level=\"1\"><span style=\"font-weight: 400;\">Sellel on kerge rosmariini aroom (<\/span><b>unisex<\/b><span style=\"font-weight: 400;\">).<\/span><\/li>\n<li style=\"font-weight: 400;\" aria-level=\"1\"><span style=\"font-weight: 400;\">Sobib igap\u00e4evaseks hommikuseks ja\/v\u00f5i \u00f5htuseks kasutamiseks.<\/span><\/li>\n<\/ul>\n<p>&nbsp;<\/p>\n<p><b>\u00a0<\/b><\/p>\n<p><b>Soovitame Torriden Balanceful Cica puhastusgeeli:<\/b><\/p>\n<p>&nbsp;<\/p>\n<ul>\n<li style=\"font-weight: 400;\" aria-level=\"1\"><span style=\"font-weight: 400;\">Normaalsele, kombineeritud ja rasusele nahale;<\/span><\/li>\n<li style=\"font-weight: 400;\" aria-level=\"1\"><span style=\"font-weight: 400;\">Aknele kalduvale nahale;<\/span><\/li>\n<li style=\"font-weight: 400;\" aria-level=\"1\"><span style=\"font-weight: 400;\">Probleemsele nahale;<\/span><\/li>\n<li style=\"font-weight: 400;\" aria-level=\"1\"><span style=\"font-weight: 400;\">Tundlikule nahale.<\/span><\/li>\n<\/ul>\n<p>&nbsp;<\/p>\n<p><b>Maksimaalse efekti saavutamiseks<\/b><span style=\"font-weight: 400;\"> Soovitame koostada terviklik hooldusre\u017eiim, kasutades tundlikule ja probleemsele nahale m\u00f5eldud sarja tooteid <\/span><span style=\"color: #0000ff;\"><a style=\"color: #0000ff;\" href=\"https:\/\/liluilu.ee\/et\/tootesilt\/torriden-balanceful-line\/\" target=\"_blank\" rel=\"noopener\"><span style=\"font-weight: 400;\">Torriden Tasakaalukas joon<\/span><\/a><\/span><span style=\"font-weight: 400;\">:<\/span><\/p>\n<p>&nbsp;<\/p>\n<ol>\n<li style=\"font-weight: 400;\" aria-level=\"1\"><a href=\"https:\/\/liluilu.ee\/et\/torriden-balanceful-cica-toner-pad\/\" target=\"_blank\" rel=\"noopener\"><span style=\"font-weight: 400;\"><span style=\"color: #0000ff;\">Torriden Balanceful Cica toonerpadi<\/span><\/span><\/a><\/li>\n<li style=\"font-weight: 400;\" aria-level=\"1\"><span style=\"color: #0000ff;\"><a style=\"color: #0000ff;\" href=\"https:\/\/liluilu.ee\/et\/torriden-balanceful-cica-serum-50ml\/\" target=\"_blank\" rel=\"noopener\"><span style=\"font-weight: 400;\">Seerum Torriden Balanceful Cica Serum<\/span><\/a><\/span><\/li>\n<li style=\"font-weight: 400;\" aria-level=\"1\"><span style=\"color: #0000ff;\"><a style=\"color: #0000ff;\" href=\"https:\/\/liluilu.ee\/et\/torriden-balanceful-cica-cream-80-ml\/\" target=\"_blank\" rel=\"noopener\"><span style=\"font-weight: 400;\">Torrideni tasakaalustav Cica kreem<\/span><\/a><\/span><\/li>\n<\/ol>\n<p><span style=\"font-weight: 400;\">\u00a0<\/span><\/p>\n<p><b><i>Nahale kandmise protseduur<\/i><\/b><span style=\"font-weight: 400;\">: pesugeel, toonikettad, seerum, n\u00e4okreem.<\/span><\/p>\n<p>&nbsp;<\/p>\n<p><b>Kuidas kasutada:<\/b><\/p>\n<ol>\n<li style=\"font-weight: 400;\" aria-level=\"1\"><span style=\"font-weight: 400;\">Pigista vajalik kogus geeli m\u00e4rgadele peopesadele ja aja korralikult vahule. Jaotage saadud vaht n\u00e4ole, masseerige ja loputage rohke sooja veega.<\/span><\/li>\n<li style=\"font-weight: 400;\" aria-level=\"1\">Torriden Balanceful Cica puhastusgeeli saab kasutada ka esimese puhastusvahendina kerge meigi v\u00f5i p\u00e4ikesekaitsekreemiga nahale. Selleks kanna kuivale n\u00e4ole vajalik kogus geeli, seej\u00e4rel niisuta seda kergelt veega ja masseeri \u00f5rnalt. P\u00e4rast seda loputage k\u00f5ik sooja veega maha.<\/li>\n<\/ol>\n<p>&nbsp;<\/p>\n<p><b>Netokogus:<\/b><span style=\"font-weight: 400;\"> 200 ml.<\/span><\/p>\n<p>&nbsp;<\/p>\n<p><span style=\"font-weight: 400;\">Kui teil on lisak\u00fcsimusi v\u00f5i vajate toote valimisel n\u00f5u, kirjutage meile. Vestlus asub ekraani paremas alanurgas.<\/span><\/p>\n<p>&nbsp;<\/p>\n<p>&nbsp;<\/p>\n<p><a title=\"TARNETINGIMUSED\" href=\"https:\/\/liluilu.ee\/et\/kohaletoimetamine\/\" target=\"_blank\" rel=\"noopener\">TARNETINGIMUSED<\/a><\/p>","protected":false},"excerpt":{"rendered":"<p><span style=\"font-weight: 400;\">Pehme h\u00fcpoallergeenne geel pesemiseks<\/span><b> Torriden Balanceful Cica puhastusgeel<\/b><span style=\"font-weight: 400;\"> - see on ideaalne lahendus tundlikule probleemsele nahale, mis intensiivsel puhastamisel kaotab loomuliku niiskuse ja kuivab ning pehmemal puhastamisel j\u00e4tab rasvase j\u00e4lje.<\/span><\/p>\n<p>&nbsp;<\/p>\n<p><span style=\"font-weight: 400;\">Toode puhastab naha p\u00f5hjalikult mustusest, meigij\u00e4\u00e4kidest ja p\u00e4ikesekaitsekreemidest. Samas ei kuivata, vaid hoiab naha p\u00e4rast pesu pehme ja niisutatuna. J\u00e4tab v\u00e4rskuse, niisutuse ja puhtuse tunde.<\/span><\/p>\n<p><span style=\"font-weight: 400;\">\u00a0<\/span><\/p>\n<p><span style=\"font-weight: 400;\">Geel koorib \u00f5rnalt surnud naharakud, eemaldab liigse rasu ja puhastab poorid. Kontrollib rasueritust ja aitab v\u00e4hendada l\u00e4iget.<\/span><\/p>\n<p>&nbsp;<\/p>\n<p><span style=\"font-weight: 400;\">Sellel on s\u00e4rav rahustav toime ja see soodustab v\u00e4iksemate p\u00f5letike paranemist. V\u00e4hendab punetust, leevendab \u00e4rritust ja s\u00fcgelust.\u00a0\u00a0<\/span><\/p>\n<p><span style=\"font-weight: 400;\">\u00a0<\/span><\/p>\n<p><span style=\"font-weight: 400;\">V\u00f5rdlus pH v\u00e4\u00e4rtus (~5,0-6,0) s\u00e4ilitab optimaalse happe-aluse tasakaalu ja minimeerib liiga happelisest v\u00f5i aluselisest keskkonnast tingitud naha\u00e4rritust.<\/span><\/p>\n<p>&nbsp;<\/p>\n<p><span style=\"font-weight: 400;\">Torriden Balanceful Cica puhastusgeel on 100% vegantoode, mis ei sisalda loomseid saadusi ega ole loomade peal testitud.\u00a0<\/span><\/p>\n<p>&nbsp;<\/p>\n<p><span style=\"font-weight: 400;\">Valem on h\u00fcpoallergeenne ja sisaldab 5D-Cica kompleksi, LHA hapet, pantenooli, NP keramiidi, allantoiini, n\u00f5iap\u00e4hklit ja mitmeid taimeekstrakte.<\/span><\/p>\n<p>&nbsp;<\/p>","protected":false},"featured_media":10766,"comment_status":"open","ping_status":"closed","template":"","meta":{"_eb_attr":"","jetpack_post_was_ever_published":false,"_joinchat":[]},"product_brand":[],"product_cat":[394,211],"product_tag":[654,655,656,633,477,415,473,417,627,628,615,451,247,413],"class_list":{"0":"post-10772","1":"product","2":"type-product","3":"status-publish","4":"has-post-thumbnail","6":"product_cat-torriden","7":"product_cat-penki-i-geli-dlya-umyvaniya","8":"product_tag-lha","9":"product_tag-t-percent","10":"product_tag-torriden-balanceful-line","11":"product_tag-veganskaya-kosmetika","12":"product_tag-vysypaniya-i-akne","13":"product_tag-zhirnaya-kozha","14":"product_tag-zabitye-pory","15":"product_tag-kombinirovannaya-kozha","16":"product_tag-ochishhajushhie-geli-dlya-lica","17":"product_tag-ochishhajushhie-geli-dlya-umyvaniya","18":"product_tag-ochishhenie-kozhi","19":"product_tag-problemnaya-kozha","20":"product_tag-centella","21":"product_tag-chuvstvitelnaya-kozha","23":"first","24":"outofstock","25":"shipping-taxable","26":"purchasable","27":"product-type-simple"},"jetpack_sharing_enabled":true,"_links":{"self":[{"href":"https:\/\/liluilu.ee\/et\/wp-json\/wp\/v2\/product\/10772","targetHints":{"allow":["GET"]}}],"collection":[{"href":"https:\/\/liluilu.ee\/et\/wp-json\/wp\/v2\/product"}],"about":[{"href":"https:\/\/liluilu.ee\/et\/wp-json\/wp\/v2\/types\/product"}],"replies":[{"embeddable":true,"href":"https:\/\/liluilu.ee\/et\/wp-json\/wp\/v2\/comments?post=10772"}],"version-history":[{"count":13,"href":"https:\/\/liluilu.ee\/et\/wp-json\/wp\/v2\/product\/10772\/revisions"}],"predecessor-version":[{"id":13247,"href":"https:\/\/liluilu.ee\/et\/wp-json\/wp\/v2\/product\/10772\/revisions\/13247"}],"wp:featuredmedia":[{"embeddable":true,"href":"https:\/\/liluilu.ee\/et\/wp-json\/wp\/v2\/media\/10766"}],"wp:attachment":[{"href":"https:\/\/liluilu.ee\/et\/wp-json\/wp\/v2\/media?parent=10772"}],"wp:term":[{"taxonomy":"product_brand","embeddable":true,"href":"https:\/\/liluilu.ee\/et\/wp-json\/wp\/v2\/product_brand?post=10772"},{"taxonomy":"product_cat","embeddable":true,"href":"https:\/\/liluilu.ee\/et\/wp-json\/wp\/v2\/product_cat?post=10772"},{"taxonomy":"product_tag","embeddable":true,"href":"https:\/\/liluilu.ee\/et\/wp-json\/wp\/v2\/product_tag?post=10772"}],"curies":[{"name":"t\u00f6\u00f6leht","href":"https:\/\/api.w.org\/{rel}","templated":true}]}}