{"id":10688,"date":"2024-03-05T14:01:30","date_gmt":"2024-03-05T11:01:30","guid":{"rendered":"https:\/\/liluilu.ee\/?post_type=product&#038;p=10688"},"modified":"2026-04-13T19:12:06","modified_gmt":"2026-04-13T16:12:06","slug":"medi-peel-peptide-9-volume-tox-cream-pro-50gr","status":"publish","type":"product","link":"https:\/\/liluilu.ee\/et\/medi-peel-peptide-9-volume-tox-cream-pro-50gr\/","title":{"rendered":"Vananemisvastane kreem naha tugevuse ja elastsuse suurendamiseks MEDI-PEEL Peptide 9 Volume Tox Cream PRO 50g."},"content":{"rendered":"<p><b>Uuendatud, PRO versioon<\/b><span style=\"font-weight: 400;\"> vananemisvastane n\u00e4okreem, mille eesm\u00e4rk on suurendada naha pinguldatust ja elastsust MEDI-PEEL Peptide 9 Volume Tox Cream PRO.<\/span><\/p>\n<p>&nbsp;<\/p>\n<p><span style=\"font-weight: 400;\">Valem on t\u00e4iustatud v\u00f5imsate vananemisvastaste komponentidega ja aitab v\u00f5idelda vanusega seotud muutustega: kortsud ja nahakurrud, l\u00f5tvumine, l\u00f5ualuud ja naha \u00f5henemine.<\/span><\/p>\n<p>&nbsp;<\/p>\n<p><span style=\"font-weight: 400;\">Toode v\u00e4hendab kortsude n\u00e4htavust, t\u00f5stab naha turgorit ja toonust. Tugevdab ja ennetab kudede l\u00f5tvumist. Aitab s\u00e4ilitada selgeid jooni ja ovaalset n\u00e4gu.<\/span><\/p>\n<p>&nbsp;<\/p>\n<p><span style=\"font-weight: 400;\">MEDI-PEEL Peptide 9 Volume Tox Cream PRO sisaldab patenteeritud RiFerm\u2122 ja Volufiline\u2122 komplekse, 9-peptiidi kompleksi, ektoiini, astaksantiini, adenosiini, h\u00fcdrol\u00fc\u00fcsitud kollageeni ja elastiini, samuti 9 t\u00fc\u00fcpi h\u00fcaluroonhappe kompleksi.<\/span><\/p>\n<p>&nbsp;<\/p>\n<p>&nbsp;<\/p>\n<h2><i><span style=\"font-weight: 400;\">MEDI-PEEL Peptide 9 Volume Tox Cream PRO peamised koostisosad ja omadused<\/span><\/i><\/h2>\n<p>&nbsp;<\/p>\n<p><span style=\"font-weight: 400;\">T\u00e4iustatud valem sisaldab <\/span><b>9-peptiidi kompleks topeltkontsentratsioonis. <\/b><span style=\"font-weight: 400;\">Kompleks sisaldab nii lihasrelaksante kui ka signaalpeptiide:<\/span><\/p>\n<p>&nbsp;<\/p>\n<ul>\n<li style=\"font-weight: 400;\" aria-level=\"1\"><span style=\"font-weight: 400;\">Lihasrelaksandid peptiidid l\u00f5\u00f5gastavad lihaseid, siluvad n\u00e4okortse ja takistavad nende teket;<\/span><\/li>\n<li style=\"font-weight: 400;\" aria-level=\"1\"><span style=\"font-weight: 400;\">Signaalpeptiidid stimuleerivad kudedes oluliste valkude s\u00fcnteesi, mis muudab naha toonusemaks ja tugevdab n\u00e4oovaali.<\/span><\/li>\n<\/ul>\n<p>&nbsp;<\/p>\n<p><span style=\"font-weight: 400;\">Patenteeritud vara<\/span><b> Volufiline\u2122<\/b><span style=\"font-weight: 400;\"> s\u00fcnergias <\/span><b>adenosiin <\/b><span style=\"font-weight: 400;\">parandada naha tekstuuri, suurendada selle elastsust, v\u00e4hendada kortsude teket, anda n\u00e4ole v\u00e4rske ja \u00f5itsev v\u00e4limus:<\/span><\/p>\n<p>&nbsp;<\/p>\n<ul>\n<li style=\"font-weight: 400;\" aria-level=\"1\"><span style=\"font-weight: 400;\">Volufiliin aitab rakkudel toota rohkem lipiide, muudab naha tihedamaks ja elastsemaks ning taastab noorele nahale iseloomuliku t\u00e4idluse ja vol\u00fc\u00fcmi;<\/span><\/li>\n<li style=\"font-weight: 400;\" aria-level=\"1\"><span style=\"font-weight: 400;\">Adenosiin v\u00f5itleb t\u00f5husalt kortsude vastu, v\u00e4hendab nende pindala ja s\u00fcgavust. Adenosiin stimuleerib ka<\/span><span style=\"font-weight: 400;\"> prokollageeni tootmine, mis on kollageeni eelk\u00e4ija ning m\u00e4ngib olulist rolli naha elastsuse ja toonuse tagamisel.<\/span><\/li>\n<\/ul>\n<p>&nbsp;<\/p>\n<p><span style=\"font-weight: 400;\">Patenteeritud koostisosa <\/span><b>RiFerm\u2122<\/b><span style=\"font-weight: 400;\"> takistab rakkude oks\u00fcdatsiooni ja tugevdab naha immuunsust. Parandab jumet ja aeglustab <\/span><span style=\"font-weight: 400;\">vanusega seotud muutused, mis on p\u00f5hjustatud keskkonnateguritest ja UV-kiirte m\u00f5just.<\/span><\/p>\n<p>&nbsp;<\/p>\n<p><b>H\u00fcdrol\u00fc\u00fcsitud kollageen ja elastiin <\/b><span style=\"font-weight: 400;\">on k\u00f5rge l\u00e4bitungimisv\u00f5imega, taastavad ja s\u00e4ilitavad elastsuse ja tugevuse. Need v\u00f5imaldavad nahal venitada ja naasta algsesse olekusse ilma kahjustamata. Lisaks aitavad need tugevdada n\u00e4okontuure, siluda kortse ning v\u00e4ltida deh\u00fcdratsiooni ja niiskuse kadu.<\/span><\/p>\n<p>&nbsp;<\/p>\n<p><b>9 t\u00fc\u00fcpi h\u00fcaluroonhappe ja ektoiini kompleks<\/b><span style=\"font-weight: 400;\"> t\u00e4itke nahk rikkalikult niiskusega ja taastage veetasakaalu. Silub kuivusest tingitud kortse, j\u00e4ttes naha pringimaks, sirgemaks ja siledaks.\u00a0<\/span><\/p>\n<p>&nbsp;<\/p>\n<p><b>Astaksantiin<\/b> <span style=\"font-weight: 400;\">p\u00e4rineb mikrovetikatest ja selle peamine \u00fclesanne on niisutada ja s\u00e4ilitada niiskust nahas. Olles v\u00f5imsam antioks\u00fcdant kui C- ja E-vitamiinid, ei neutraliseeri see mitte ainult vabade radikaalide h\u00e4vitavat m\u00f5ju, hoides \u00e4ra fotovananemise, vaid aitab ka v\u00e4hendada vanuselaike.<\/span><\/p>\n<p>&nbsp;<\/p>\n<p><span style=\"font-weight: 400;\">Toode sobib igap\u00e4evaseks, nii hommikuseks kui \u00f5htuseks hoolduseks.<\/span><\/p>\n<p>&nbsp;<\/p>\n<p><b>Soovitame MEDI-PEEL Peptide 9 Volume Tox Cream PRO<\/b><span style=\"font-weight: 400;\"> kombineeritud, normaalsele ja kuivale nahale.\u00a0<\/span><\/p>\n<p>&nbsp;<\/p>\n<p><span style=\"font-weight: 400;\">Maksimaalse efekti saavutamiseks soovitame sarja tooteid kasutades koostada terviklik hooldusre\u017eiim <\/span><span style=\"color: #0000ff;\"><a style=\"color: #0000ff;\" href=\"https:\/\/liluilu.ee\/et\/tootesilt\/medi-peel-peptide-9-aqua-essence-line\/\" target=\"_blank\" rel=\"noopener\"><span style=\"font-weight: 400;\">Medi-Peel Peptide 9 Aqua Essence Line<\/span><\/a><span style=\"font-weight: 400;\">:\u00a0<\/span><\/span><\/p>\n<p>&nbsp;<\/p>\n<ul>\n<li style=\"font-weight: 400;\" aria-level=\"1\"><span style=\"color: #0000ff;\"><a style=\"color: #0000ff;\" href=\"https:\/\/liluilu.ee\/et\/medi-peel-peptide-9-aqua-essence-toner\/\" target=\"_blank\" rel=\"noopener\"><span style=\"font-weight: 400;\">Peptide 9 Aqua Essence toonik<\/span><\/a><\/span><\/li>\n<li style=\"font-weight: 400;\" aria-level=\"1\"><span style=\"color: #0000ff;\"><a style=\"color: #0000ff;\" href=\"https:\/\/liluilu.ee\/et\/medi-peel-peptide-9-aqua-essence-lifting-ampoule\/\" target=\"_blank\" rel=\"noopener\"><span style=\"font-weight: 400;\">Peptide 9 Aqua Essence t\u00f5stev ampull<\/span><\/a><\/span><\/li>\n<li style=\"font-weight: 400;\" aria-level=\"1\"><span style=\"color: #0000ff;\"><a style=\"color: #0000ff;\" href=\"https:\/\/liluilu.ee\/et\/medi-peel-peptide-9-aqua-essence-lifting-eye-cream\/\" target=\"_blank\" rel=\"noopener\"><span style=\"font-weight: 400;\">Peptide 9 Aqua Essence Lifting Eye Cream<\/span><\/a><\/span><\/li>\n<li style=\"font-weight: 400;\" aria-level=\"1\"><span style=\"color: #0000ff;\"><a style=\"color: #0000ff;\" href=\"https:\/\/liluilu.ee\/et\/medi-peel-peptide-9-volume-tox-cream-pro-50gr\/\" target=\"_blank\" rel=\"noopener\"><span style=\"font-weight: 400;\">N\u00e4okreem Peptide 9 Volume Tox Cream PRO<\/span><\/a><\/span><\/li>\n<\/ul>\n<p>&nbsp;<\/p>\n<p><span style=\"font-weight: 400;\">Ja oma esmaseks tutvumiseks liini v\u00f5i reisiga, proovige <\/span><span style=\"color: #0000ff;\"><a style=\"color: #0000ff;\" href=\"https:\/\/liluilu.ee\/et\/medi-peel-peptide-9-aqua-essence-trial-kit\/\" target=\"_blank\" rel=\"noopener\"><span style=\"font-weight: 400;\">miniatuuride n\u00e4idiskomplekt<\/span><\/a><\/span><span style=\"font-weight: 400;\">.<\/span><\/p>\n<p><span style=\"font-weight: 400; color: #0000ff;\">\u00a0<\/span><\/p>\n<p><b>Toodete nahale kandmise protseduur:<\/b><span style=\"font-weight: 400;\"> toonik - ampull - silmakreem - n\u00e4okreem.<\/span><\/p>\n<p>&nbsp;<\/p>\n<p><b>Kuidas kasutada:<\/b><\/p>\n<p><span style=\"font-weight: 400;\">Hoolduse viimases etapis kanna n\u00e4o- ja kaelanahale vajalik kogus MEDI-PEEL Peptide 9 Volume Tox Cream PRO.\u00a0<\/span><\/p>\n<p>&nbsp;<\/p>\n<p><span style=\"font-weight: 400;\">Kui teil on lisak\u00fcsimusi v\u00f5i vajate toote valimisel n\u00f5u, kirjutage meile. Vestlus asub ekraani paremas alanurgas.<\/span><\/p>\n<p>&nbsp;<\/p>\n<p><b>Netokogus: <\/b><span style=\"font-weight: 400;\">50 gr.<\/span><\/p>\n<p>&nbsp;<\/p>\n<p><a title=\"TARNETINGIMUSED\" href=\"https:\/\/liluilu.ee\/et\/kohaletoimetamine\/\" target=\"_blank\" rel=\"noopener\">TARNETINGIMUSED<\/a><\/p>","protected":false},"excerpt":{"rendered":"<p>\u041e\u0431\u043d\u043e\u0432\u043b\u0435\u043d\u043d\u0430\u044f, PRO-\u0432\u0435\u0440\u0441\u0438\u044f \u0430\u043d\u0442\u0438\u0432\u043e\u0437\u0440\u0430\u0441\u0442\u043d\u043e\u0433\u043e \u043a\u0440\u0435\u043c\u0430 \u0434\u043b\u044f \u043b\u0438\u0446\u0430, \u043d\u0430\u043f\u0440\u0430\u0432\u043b\u0435\u043d\u043d\u043e\u0433\u043e \u043d\u0430 \u043f\u043e\u0432\u044b\u0448\u0435\u043d\u0438\u0435 \u0443\u043f\u0440\u0443\u0433\u043e\u0441\u0442\u0438 \u0438 \u044d\u043b\u0430\u0441\u0442\u0438\u0447\u043d\u043e\u0441\u0442\u0438 \u043a\u043e\u0436\u0438 MEDI-PEEL Peptide 9 Volume Tox Cream PRO. &nbsp; \u0424\u043e\u0440\u043c\u0443\u043b\u0430 \u0443\u0441\u0438\u043b\u0435\u043d\u0430 \u043c\u043e\u0449\u043d\u044b\u043c\u0438 \u043e\u043c\u043e\u043b\u0430\u0436\u0438\u0432\u0430\u044e\u0449\u0438\u043c\u0438 \u043a\u043e\u043c\u043f\u043e\u043d\u0435\u043d\u0442\u0430\u043c\u0438 \u0438 \u043f\u043e\u043c\u043e\u0433\u0430\u0435\u0442 \u0431\u043e\u0440\u043e\u0442\u044c\u0441\u044f \u0441 \u0432\u043e\u0437\u0440\u0430\u0441\u0442\u043d\u044b\u043c\u0438 \u0438\u0437\u043c\u0435\u043d\u0435\u043d\u0438\u044f\u043c\u0438: \u043c\u043e\u0440\u0449\u0438\u043d\u0430\u043c\u0438 \u0438 \u043a\u043e\u0436\u043d\u044b\u043c\u0438 \u0437\u0430\u043b\u043e\u043c\u0430\u043c\u0438, \u0434\u0440\u044f\u0431\u043b\u043e\u0441\u0442\u044c\u044e, \u0431\u0440\u044b\u043b\u044f\u043c\u0438 \u0438 \u0438\u0441\u0442\u043e\u043d\u0447\u0435\u043d\u0438\u0435\u043c \u043a\u043e\u0436\u0438. &nbsp; \u0421\u0440\u0435\u0434\u0441\u0442\u0432\u043e \u0443\u043c\u0435\u043d\u044c\u0448\u0430\u0435\u0442 \u0432\u0438\u0434\u0438\u043c\u043e\u0441\u0442\u044c \u043c\u043e\u0440\u0449\u0438\u043d, \u043f\u043e\u0432\u044b\u0448\u0430\u0435\u0442 \u0442\u0443\u0440\u0433\u043e\u0440 \u0438 \u0442\u043e\u043d\u0443\u0441 \u043a\u043e\u0436\u0438. \u0423\u043a\u0440\u0435\u043f\u043b\u044f\u0435\u0442 \u0438 \u043f\u0440\u0435\u0434\u043e\u0442\u0432\u0440\u0430\u0449\u0430\u0435\u0442 \u043f\u0440\u043e\u0432\u0438\u0441\u0430\u043d\u0438\u0435 [&hellip;]<\/p>","protected":false},"featured_media":11233,"comment_status":"open","ping_status":"closed","template":"","meta":{"_eb_attr":"","jetpack_post_was_ever_published":false,"_joinchat":[]},"product_brand":[],"product_cat":[219,95],"product_tag":[686,650,329,267,620,363,567,269,263,265,622,465,239,489],"class_list":{"0":"post-10688","1":"product","2":"type-product","3":"status-publish","4":"has-post-thumbnail","6":"product_cat-medi-peel","7":"product_cat-kremy-emulsii-i-losony-dlya-lica","8":"product_tag-medi-peel-peptide-9-aqua-essence-line","9":"product_tag-riferm","10":"product_tag-volufiline","11":"product_tag-adenozin","12":"product_tag-antivozrastnye-kremy-dlya-lica","13":"product_tag-astaksantin","14":"product_tag-voljufilin","15":"product_tag-gialuronovaya-kislota","16":"product_tag-gidrolizovannyj-kollagen","17":"product_tag-gidrolizovannyj-elastin","18":"product_tag-kosmetika-s-peptidami","19":"product_tag-lifting","20":"product_tag-peptidy","21":"product_tag-elastichnost-i-uprugost","23":"first","24":"instock","25":"shipping-taxable","26":"purchasable","27":"product-type-simple"},"jetpack_sharing_enabled":true,"_links":{"self":[{"href":"https:\/\/liluilu.ee\/et\/wp-json\/wp\/v2\/product\/10688","targetHints":{"allow":["GET"]}}],"collection":[{"href":"https:\/\/liluilu.ee\/et\/wp-json\/wp\/v2\/product"}],"about":[{"href":"https:\/\/liluilu.ee\/et\/wp-json\/wp\/v2\/types\/product"}],"replies":[{"embeddable":true,"href":"https:\/\/liluilu.ee\/et\/wp-json\/wp\/v2\/comments?post=10688"}],"version-history":[{"count":17,"href":"https:\/\/liluilu.ee\/et\/wp-json\/wp\/v2\/product\/10688\/revisions"}],"predecessor-version":[{"id":14549,"href":"https:\/\/liluilu.ee\/et\/wp-json\/wp\/v2\/product\/10688\/revisions\/14549"}],"wp:featuredmedia":[{"embeddable":true,"href":"https:\/\/liluilu.ee\/et\/wp-json\/wp\/v2\/media\/11233"}],"wp:attachment":[{"href":"https:\/\/liluilu.ee\/et\/wp-json\/wp\/v2\/media?parent=10688"}],"wp:term":[{"taxonomy":"product_brand","embeddable":true,"href":"https:\/\/liluilu.ee\/et\/wp-json\/wp\/v2\/product_brand?post=10688"},{"taxonomy":"product_cat","embeddable":true,"href":"https:\/\/liluilu.ee\/et\/wp-json\/wp\/v2\/product_cat?post=10688"},{"taxonomy":"product_tag","embeddable":true,"href":"https:\/\/liluilu.ee\/et\/wp-json\/wp\/v2\/product_tag?post=10688"}],"curies":[{"name":"t\u00f6\u00f6leht","href":"https:\/\/api.w.org\/{rel}","templated":true}]}}