{"id":10668,"date":"2024-03-01T16:09:08","date_gmt":"2024-03-01T13:09:08","guid":{"rendered":"https:\/\/liluilu.ee\/?post_type=product&#038;p=10668"},"modified":"2026-04-09T12:20:38","modified_gmt":"2026-04-09T09:20:38","slug":"medi-peel-premium-collagen-naite-thread-neck-cream","status":"publish","type":"product","link":"https:\/\/liluilu.ee\/et\/medi-peel-premium-collagen-naite-thread-neck-cream\/","title":{"rendered":"Kaela ja dekolteepiirkonna modelleeriv kreem  \u2014 MEDI-PEEL Premium Collagen Naite Thread Neck Cream 3.0 (100 ml)"},"content":{"rendered":"<p><span style=\"font-weight: 400;\">K\u00f5igi aegade populaarse kreemi uuendatud versioon \u2013 kaela- ja dekolteepiirkonna pinguldava kreemi <\/span><b>MEDI-PEEL Premium Collagen Naite Thread Neck Cream 3.0<\/b><span style=\"font-weight: 400;\">.<\/span><\/p>\n<p>&nbsp;<\/p>\n<p><span style=\"font-weight: 400;\">See toode v\u00f5itleb naha l\u00f5tvumise vastu ja v\u00e4hendab kortsude n\u00e4htavust, tugevdab ja pinguldab nahka, muutes selle elastsemaks ja pringimaks. Kreemi efektiivsust peente joonte, Veenuse r\u00f5ngaste ja unekortsude silumisel on dermatoloogiliselt testitud.\u00a0<\/span><\/p>\n<p>&nbsp;<\/p>\n<p><b>MEDI-PEEL Premium Collagen Naite Thread Neck Cream 3.0<\/b><span style=\"font-weight: 400;\"> aktiivselt toidab, niisutab, parandab tekstuuri ja pikendab naha noorust. Muudab selle pehmeks, siledaks ja elastseks.<\/span><\/p>\n<p>&nbsp;<\/p>\n<p><span style=\"font-weight: 400;\">Toode on valmistatud spetsiaalse tehnoloogia abil nimega Derma Technology, mis annab sellele veniva ja kergelt \u00fcmbritseva tekstuuriga ja toimib sarnaselt niidit\u00f5stmisele, pinguldades nahka.<\/span><\/p>\n<p>&nbsp;<\/p>\n<p><span style=\"font-weight: 400;\">Sisaldab h\u00fcdrol\u00fc\u00fcsitud kollageeni, neuropeptiidi lihasrelaksanti SYN-AKE, peptiidi SYN-COLL, h\u00fcdrol\u00fc\u00fcsitud elastiini, keramiide, looduslike \u00f5lide kompleksi, linnaseekstrakte ja Aasia tsentellat.<\/span><\/p>\n<p>&nbsp;<\/p>\n<p><span style=\"font-weight: 400;\">Sobib igale nahat\u00fc\u00fcbile.<\/span><\/p>\n<p>&nbsp;<\/p>\n<p>&nbsp;<\/p>\n<h2><i>MEDI-PEEL Premium Collagen Naite Thread Neck Cream 3.0 peamised koostisosad ja omadused.<\/i><\/h2>\n<p><span style=\"font-weight: 400;\">Valem p\u00f5hineb h\u00fcdrol\u00fc\u00fcsitud kollageeni, elastiini ja peptiidide kombinatsioonil.<\/span><\/p>\n<p>&nbsp;<\/p>\n<p><b>H\u00fcdrol\u00fc\u00fcsitud kollageen k\u00f5rge kontsentratsiooniga (97 500 ppm) <\/b><span style=\"font-weight: 400;\">\u2014 S\u00e4ilitab naha v\u00f5ime deformeeruda, venitada ja taastada oma algne kuju ilma tagaj\u00e4rgedeta. Toidab, niisutab ja parandab nahatooni. Muudab naha elastsemaks, tihedamaks ja pringimaks.\u00a0<\/span><\/p>\n<p>&nbsp;<\/p>\n<p><b>H\u00fcdrol\u00fc\u00fcsitud elastiin<\/b><span style=\"font-weight: 400;\"> \u2014 toimib koos kollageeniga, aidates nahal vastu panna l\u00f5tvumisele ja taastada selle elastse struktuuri. See on eriti oluline vananemisilmingute ja toonuse kadumise korral.<\/span><\/p>\n<p>&nbsp;<\/p>\n<p><b>SYN-COLL peptiid <\/b><span style=\"font-weight: 400;\">\u2014 Sisaldab loodusliku kollageeni moodustamiseks vajalikke aminohappeid ja stimuleerib aktiivselt selle s\u00fcnteesi. SYN-COLL parandab naha tekstuuri, suurendab elastsust ning v\u00e4hendab kortsude n\u00e4htavust ja s\u00fcgavust.<\/span><\/p>\n<p>&nbsp;<\/p>\n<p><b>Neuropeptiid SYN-AKE<\/b><span style=\"font-weight: 400;\"> \u2014 toimib lihasl\u00f5\u00f5gastajana ja l\u00f5dvestab lihaseid. V\u00e4hendab kortsude ja voltide n\u00e4htavust kaelapiirkonnas ning ennetab uute teket.\u00a0\u00a0\u00a0<\/span><\/p>\n<p>&nbsp;<\/p>\n<p><b>Kahe t\u00fc\u00fcpi looduslike \u00f5lide (magusa mandli ja oliivi\u00f5li) kompleks <\/b><span style=\"font-weight: 400;\">kombinatsioonis <\/span><b>keramiidide, linnase- ja Centella Asiatica ekstraktidega<\/b><span style=\"font-weight: 400;\"> omab nahale multifunktsionaalset toimet:<\/span><\/p>\n<ul>\n<li style=\"font-weight: 400;\" aria-level=\"1\"><span style=\"font-weight: 400;\">Niisutab ja hoiab \u00e4ra deh\u00fcdratsiooni;<\/span><\/li>\n<li style=\"font-weight: 400;\" aria-level=\"1\"><span style=\"font-weight: 400;\">Pakub rikkalikku toitumist, pehmendab ja muudab naha sametiseks;<\/span><\/li>\n<li style=\"font-weight: 400;\" aria-level=\"1\"><span style=\"font-weight: 400;\">Rahustab, ravib ja v\u00e4hendab reaktsiooniv\u00f5imet;<\/span><\/li>\n<li style=\"font-weight: 400;\" aria-level=\"1\"><span style=\"font-weight: 400;\">Pakub antioks\u00fcdantset kaitset, tugevdab loomulikku barj\u00e4\u00e4ri ja immuunsust.<\/span><\/li>\n<\/ul>\n<p>&nbsp;<\/p>\n<p><b>Adenosiin<\/b><span style=\"font-weight: 400;\"> \u2014 v\u00f5imas vananemisvastane koostisosa, mis aitab siluda kortse ning parandada naha pinguldust ja elastsust. See stimuleerib rakkude uuenemist ja s\u00e4ilitab kaelanaha loomuliku toonuse, muutes selle siledamaks ja pringimaks.<\/span><\/p>\n<p>&nbsp;<\/p>\n<p><span style=\"font-weight: 400;\">Sobib igale nahat\u00fc\u00fcbile.<\/span><\/p>\n<p>&nbsp;<\/p>\n<p><b>Kuidas kasutada:<\/b><\/p>\n<p><span style=\"font-weight: 400;\">Kandke vajalik kogus kreemi kaela ja dekolteepiirkonna puhtale nahale. Kanna kreemi \u00f5rnalt masseerivate liigutustega laiali, liikudes alt \u00fcles. Patsutage kergelt, et toode oleks t\u00e4ielikult imendunud.<\/span><\/p>\n<p>&nbsp;<\/p>\n<p><span style=\"font-weight: 400;\">Kui teil on lisak\u00fcsimusi v\u00f5i vajate toote valimisel n\u00f5u, kirjutage meile. Vestlus asub ekraani paremas alanurgas.<\/span><\/p>\n<p>&nbsp;<\/p>\n<p><b>Netokogus: <\/b><span style=\"font-weight: 400;\">100 ml.<\/span><\/p>\n<p>&nbsp;<\/p>\n<p>&nbsp;<\/p>\n<p><a title=\"TARNETINGIMUSED\" href=\"https:\/\/liluilu.ee\/et\/kohaletoimetamine\/\" target=\"_blank\" rel=\"noopener\">TARNETINGIMUSED<\/a><\/p>","protected":false},"excerpt":{"rendered":"<p><span style=\"color: #ff0000;\"><strong>V\u00e4rskendus. Versioon 3.0<\/strong><\/span><\/p>","protected":false},"featured_media":17085,"comment_status":"open","ping_status":"closed","template":"","meta":{"_eb_attr":"","jetpack_post_was_ever_published":false,"_joinchat":[]},"product_brand":[886],"product_cat":[219,648],"product_tag":[505,527,445,263,622,465,239,487,489],"class_list":{"0":"post-10668","1":"product","2":"type-product","3":"status-publish","4":"has-post-thumbnail","6":"product_brand-medi-peel","7":"product_cat-medi-peel","8":"product_cat-kremy-dlya-shei-i-oblasti-dekolte","9":"product_tag-syn-ake","10":"product_tag-syn-col","11":"product_tag-antivozrastnoj-uhod","12":"product_tag-gidrolizovannyj-kollagen","13":"product_tag-kosmetika-s-peptidami","14":"product_tag-lifting","15":"product_tag-peptidy","16":"product_tag-protiv-morshhin","17":"product_tag-elastichnost-i-uprugost","19":"first","20":"instock","21":"shipping-taxable","22":"purchasable","23":"product-type-simple"},"jetpack_sharing_enabled":true,"_links":{"self":[{"href":"https:\/\/liluilu.ee\/et\/wp-json\/wp\/v2\/product\/10668","targetHints":{"allow":["GET"]}}],"collection":[{"href":"https:\/\/liluilu.ee\/et\/wp-json\/wp\/v2\/product"}],"about":[{"href":"https:\/\/liluilu.ee\/et\/wp-json\/wp\/v2\/types\/product"}],"replies":[{"embeddable":true,"href":"https:\/\/liluilu.ee\/et\/wp-json\/wp\/v2\/comments?post=10668"}],"version-history":[{"count":9,"href":"https:\/\/liluilu.ee\/et\/wp-json\/wp\/v2\/product\/10668\/revisions"}],"predecessor-version":[{"id":10673,"href":"https:\/\/liluilu.ee\/et\/wp-json\/wp\/v2\/product\/10668\/revisions\/10673"}],"wp:featuredmedia":[{"embeddable":true,"href":"https:\/\/liluilu.ee\/et\/wp-json\/wp\/v2\/media\/17085"}],"wp:attachment":[{"href":"https:\/\/liluilu.ee\/et\/wp-json\/wp\/v2\/media?parent=10668"}],"wp:term":[{"taxonomy":"product_brand","embeddable":true,"href":"https:\/\/liluilu.ee\/et\/wp-json\/wp\/v2\/product_brand?post=10668"},{"taxonomy":"product_cat","embeddable":true,"href":"https:\/\/liluilu.ee\/et\/wp-json\/wp\/v2\/product_cat?post=10668"},{"taxonomy":"product_tag","embeddable":true,"href":"https:\/\/liluilu.ee\/et\/wp-json\/wp\/v2\/product_tag?post=10668"}],"curies":[{"name":"t\u00f6\u00f6leht","href":"https:\/\/api.w.org\/{rel}","templated":true}]}}