{"id":10654,"date":"2024-02-29T17:40:14","date_gmt":"2024-02-29T14:40:14","guid":{"rendered":"https:\/\/liluilu.ee\/?post_type=product&#038;p=10654"},"modified":"2026-04-17T12:25:48","modified_gmt":"2026-04-17T09:25:48","slug":"miniature-vegan-blackberry-complex-cream-essence-30ml","status":"publish","type":"product","link":"https:\/\/liluilu.ee\/et\/miniature-vegan-blackberry-complex-cream-essence-30ml\/","title":{"rendered":"Niisutava kreemiessentsi miniatuur murakatega Mary&amp;May Vegan Blackberry Complex Cream Essence 30ml."},"content":{"rendered":"<p><span style=\"font-weight: 400;\">Mary&amp;May murakakompleksiga toitva ja \u00fcliniisutava kreemiessentsi miniversioon.<\/span><\/p>\n<p>&nbsp;<\/p>\n<ul>\n<li style=\"font-weight: 400;\" aria-level=\"1\"><span style=\"font-weight: 400;\">Toode niisutab, k\u00f5rvaldab kuivuse ja pehmendab nahka;<\/span><\/li>\n<li style=\"font-weight: 400;\" aria-level=\"1\"><span style=\"font-weight: 400;\">Koorib surnud nahaosakesed ja silub mikroreljeefi;<\/span><\/li>\n<li style=\"font-weight: 400;\" aria-level=\"1\"><span style=\"font-weight: 400;\">Hoolitseb tundliku naha eest, rahustab ja parandab jumet;<\/span><\/li>\n<li style=\"font-weight: 400;\" aria-level=\"1\"><span style=\"font-weight: 400;\">Pakub v\u00f5imsat antioks\u00fcdantset kaitset ja aeglustab vanusega seotud muutusi.<\/span><\/li>\n<\/ul>\n<p>&nbsp;<\/p>\n<p><span style=\"font-weight: 400;\">Toode on v\u00e4rskendava tooniku tekstuuriga, kuid toimib nagu toitev kreem. Seet\u00f5ttu saab essentsi kasutada nii toonikuna kui ka k\u00f5ik-\u00fches tootena, asendades sellega \u00fche v\u00f5i k\u00f5ik igap\u00e4evase hoolduse etapid.\u00a0<\/span><\/p>\n<p>&nbsp;<\/p>\n<p><span style=\"font-weight: 400;\">Vegan valem ilma l\u00f5hnaainete v\u00f5i loomsete saadusteta sisaldab:\u00a0\u00a0<\/span><\/p>\n<p>&nbsp;<\/p>\n<ul>\n<li style=\"font-weight: 400;\" aria-level=\"1\"><span style=\"font-weight: 400;\">muraka ekstrakt (50 000 ppm);<\/span><\/li>\n<li style=\"font-weight: 400;\" aria-level=\"1\"><span style=\"font-weight: 400;\">sinise lootose h\u00fcdrosool (100 000 ppm);<\/span><\/li>\n<li style=\"font-weight: 400;\" aria-level=\"1\"><span style=\"font-weight: 400;\">jojoba\u00f5li (80 000 ppm);<\/span><\/li>\n<li style=\"font-weight: 400;\" aria-level=\"1\"><span style=\"font-weight: 400;\">\u00a0keramiid NP;<\/span><\/li>\n<li style=\"font-weight: 400;\" aria-level=\"1\"><span style=\"font-weight: 400;\">viigimarja ja tsentella ekstraktid.<\/span><\/li>\n<\/ul>\n<p>&nbsp;<\/p>\n<p><b>Toode on esitatud kahes mahus:<\/b><\/p>\n<ul>\n<li style=\"font-weight: 400;\" aria-level=\"1\"><span style=\"font-weight: 400;\">30 ml<\/span><\/li>\n<li style=\"font-weight: 400;\" aria-level=\"1\"><a href=\"https:\/\/liluilu.ee\/et\/mary-may-vegan-blackberry-complex-cream-essence\/\" target=\"_blank\" rel=\"noopener\"><span style=\"font-weight: 400;\"><span style=\"color: #0000ff;\">140 ml<\/span>.<\/span><\/a><\/li>\n<\/ul>\n<p>&nbsp;<\/p>\n<p><span style=\"font-weight: 400;\">Loe l\u00e4hemalt <\/span><span style=\"color: #0000ff;\"><a style=\"color: #0000ff;\" href=\"https:\/\/liluilu.ee\/et\/mary-may-vegan-blackberry-complex-cream-essence\/\" target=\"_blank\" rel=\"noopener\"><span style=\"font-weight: 400;\">siit<\/span><\/a><\/span><span style=\"font-weight: 400;\">.<\/span><\/p>\n<p>&nbsp;<\/p>\n<p><b>Kuidas kasutada:<\/b><\/p>\n<p><span style=\"font-weight: 400;\">Raputage pudelit, et essentsi ja koorekihid seguneksid.\u00a0<\/span><\/p>\n<p><span style=\"font-weight: 400;\">Kandke vajalik kogus toodet puhastatud n\u00e4o- ja kaelanahale. Jaotage ja tehke kergeid patsutusliigutusi, et essents t\u00e4ielikult imenduks.<\/span><\/p>\n<p>&nbsp;<\/p>\n<p><b>Netokogus:<\/b><span style=\"font-weight: 400;\"> 30 ml<\/span><\/p>\n<p>&nbsp;<\/p>\n<p>&nbsp;<\/p>\n<p><a title=\"TARNETINGIMUSED\" href=\"https:\/\/liluilu.ee\/et\/kohaletoimetamine\/\" target=\"_blank\" rel=\"noopener\">TARNETINGIMUSED<\/a><\/p>","protected":false},"excerpt":{"rendered":"<p>\u041c\u0438\u043d\u0438-\u0432\u0435\u0440\u0441\u0438\u044f \u043f\u0438\u0442\u0430\u0442\u0435\u043b\u044c\u043d\u043e\u0439 \u0438 \u0441\u0443\u043f\u0435\u0440\u0443\u0432\u043b\u0430\u0436\u043d\u044f\u044e\u0449\u0435\u0439 \u043a\u0440\u0435\u043c\u043e\u0432\u043e\u0439 \u044d\u0441\u0441\u0435\u043d\u0446\u0438\u0438 \u0441 \u043a\u043e\u043c\u043f\u043b\u0435\u043a\u0441\u043e\u043c \u0435\u0436\u0435\u0432\u0438\u043a\u0438 \u043e\u0442 Mary&amp;May. &nbsp; \u0421\u0440\u0435\u0434\u0441\u0442\u0432\u043e \u0443\u0432\u043b\u0430\u0436\u043d\u044f\u0435\u0442, \u0443\u0441\u0442\u0440\u0430\u043d\u044f\u0435\u0442 \u0441\u0443\u0445\u043e\u0441\u0442\u044c \u0438 \u0441\u043c\u044f\u0433\u0447\u0430\u0435\u0442 \u043a\u043e\u0436\u0443; \u041e\u0442\u0448\u0435\u043b\u0443\u0448\u0438\u0432\u0430\u0435\u0442 \u043e\u0440\u043e\u0433\u043e\u0432\u0435\u0432\u0448\u0438\u0435 \u0447\u0430\u0441\u0442\u0438\u0447\u043a\u0438 \u0438 \u0440\u0430\u0437\u0433\u043b\u0430\u0436\u0438\u0432\u0430\u0435\u0442 \u043c\u0438\u043a\u0440\u043e\u0440\u0435\u043b\u044c\u0435\u0444; \u0417\u0430\u0431\u043e\u0442\u0438\u0442\u0441\u044f \u043e \u0447\u0443\u0432\u0441\u0442\u0432\u0438\u0442\u0435\u043b\u044c\u043d\u043e\u0439 \u043a\u043e\u0436\u0435, \u0443\u0441\u043f\u043e\u043a\u0430\u0438\u0432\u0430\u0435\u0442 \u0438 \u0443\u043b\u0443\u0447\u0448\u0430\u0435\u0442 \u0446\u0432\u0435\u0442 \u043b\u0438\u0446\u0430; \u041e\u0431\u0435\u0441\u043f\u0435\u0447\u0438\u0432\u0430\u0435\u0442 \u043c\u043e\u0449\u043d\u0443\u044e \u0430\u043d\u0442\u0438\u043e\u043a\u0441\u0438\u0434\u0430\u043d\u0442\u043d\u0443\u044e \u0437\u0430\u0449\u0438\u0442\u0443 \u0438 \u0437\u0430\u043c\u0435\u0434\u043b\u044f\u0435\u0442 \u0432\u043e\u0437\u0440\u0430\u0441\u0442\u043d\u044b\u0435 \u0438\u0437\u043c\u0435\u043d\u0435\u043d\u0438\u044f. &nbsp; \u041f\u0440\u043e\u0434\u0443\u043a\u0442 \u043e\u0431\u043b\u0430\u0434\u0430\u0435\u0442 \u0442\u0435\u043a\u0441\u0442\u0443\u0440\u043e\u0439 \u043e\u0441\u0432\u0435\u0436\u0430\u044e\u0449\u0435\u0433\u043e \u0442\u043e\u043d\u0435\u0440\u0430, \u043d\u043e \u0434\u0435\u0439\u0441\u0442\u0432\u0443\u0435\u0442 \u043a\u0430\u043a \u043f\u0438\u0442\u0430\u0442\u0435\u043b\u044c\u043d\u044b\u0439 \u043a\u0440\u0435\u043c. \u041f\u043e\u044d\u0442\u043e\u043c\u0443 \u044d\u0441\u0441\u0435\u043d\u0446\u0438\u044e [&hellip;]<\/p>","protected":false},"featured_media":10656,"comment_status":"open","ping_status":"closed","template":"","meta":{"_eb_attr":"","jetpack_post_was_ever_published":false,"_joinchat":[]},"product_brand":[],"product_cat":[232],"product_tag":[619,633,543,533,631,541,537,423,497,493,421,400,535,539],"class_list":{"0":"post-10654","1":"product","2":"type-product","3":"status-publish","4":"has-post-thumbnail","6":"product_cat-mary-may","7":"product_tag-mary-amp-may-idebenone-blackberry-line","8":"product_tag-veganskaya-kosmetika","9":"product_tag-vse-v-odnom","10":"product_tag-gidrolat-golubogo-lotosa","11":"product_tag-dvuhfaznyj-toner","12":"product_tag-keramid-np","13":"product_tag-maslo-zhozhoba","14":"product_tag-obezvozhennaya-kozha","15":"product_tag-probniki-i-miniatjury","16":"product_tag-sklonnaya-k-suhosti-kozha","17":"product_tag-suhaya-kozha","18":"product_tag-uvlazhnenie","19":"product_tag-ekstrakt-ezheviki","20":"product_tag-ekstrakt-inzhira","22":"first","23":"outofstock","24":"shipping-taxable","25":"purchasable","26":"product-type-simple"},"jetpack_sharing_enabled":true,"_links":{"self":[{"href":"https:\/\/liluilu.ee\/et\/wp-json\/wp\/v2\/product\/10654","targetHints":{"allow":["GET"]}}],"collection":[{"href":"https:\/\/liluilu.ee\/et\/wp-json\/wp\/v2\/product"}],"about":[{"href":"https:\/\/liluilu.ee\/et\/wp-json\/wp\/v2\/types\/product"}],"replies":[{"embeddable":true,"href":"https:\/\/liluilu.ee\/et\/wp-json\/wp\/v2\/comments?post=10654"}],"version-history":[{"count":2,"href":"https:\/\/liluilu.ee\/et\/wp-json\/wp\/v2\/product\/10654\/revisions"}],"predecessor-version":[{"id":10659,"href":"https:\/\/liluilu.ee\/et\/wp-json\/wp\/v2\/product\/10654\/revisions\/10659"}],"wp:featuredmedia":[{"embeddable":true,"href":"https:\/\/liluilu.ee\/et\/wp-json\/wp\/v2\/media\/10656"}],"wp:attachment":[{"href":"https:\/\/liluilu.ee\/et\/wp-json\/wp\/v2\/media?parent=10654"}],"wp:term":[{"taxonomy":"product_brand","embeddable":true,"href":"https:\/\/liluilu.ee\/et\/wp-json\/wp\/v2\/product_brand?post=10654"},{"taxonomy":"product_cat","embeddable":true,"href":"https:\/\/liluilu.ee\/et\/wp-json\/wp\/v2\/product_cat?post=10654"},{"taxonomy":"product_tag","embeddable":true,"href":"https:\/\/liluilu.ee\/et\/wp-json\/wp\/v2\/product_tag?post=10654"}],"curies":[{"name":"t\u00f6\u00f6leht","href":"https:\/\/api.w.org\/{rel}","templated":true}]}}