{"id":10629,"date":"2024-02-28T21:00:10","date_gmt":"2024-02-28T18:00:10","guid":{"rendered":"https:\/\/liluilu.ee\/?post_type=product&#038;p=10629"},"modified":"2026-04-22T17:50:53","modified_gmt":"2026-04-22T14:50:53","slug":"miniature-anua-heartleaf-77-soothing-toner-40-ml","status":"publish","type":"product","link":"https:\/\/liluilu.ee\/et\/miniature-anua-heartleaf-77-soothing-toner-40-ml\/","title":{"rendered":"Miniatuurne rahustav toonik hauttuynia ekstraktiga Anua Heartleaf 77% rahustav tooner 40ml."},"content":{"rendered":"<p><span style=\"font-weight: 400;\">Korea kaubam\u00e4rgi Anua 77% hauttuynia ekstraktiga rahustava ja niisutava h\u00fcpoallergeense tooniku miniversioon.<\/span><\/p>\n<p>&nbsp;<\/p>\n<p><span style=\"font-weight: 400;\">Toonik taastab p\u00e4rast pesu happe-aluse tasakaalu, niisutab rikkalikult ja k\u00f5rvaldab koheselt kuivuse, pingul tunde ja ebamugavustunde.<\/span><\/p>\n<p>&nbsp;<\/p>\n<p><span style=\"font-weight: 400;\">Rahustab nahka, v\u00e4hendab s\u00fcgelust ja punetust, v\u00e4hendab liigset tundlikkust ja reaktsiooniv\u00f5imet.<\/span><\/p>\n<p>&nbsp;<\/p>\n<p><span style=\"font-weight: 400;\">Sellel on v\u00e4ljendunud tervendavad ja p\u00f5letikuvastased omadused: leevendab \u00e4rritust, peatab p\u00f5letikku, soodustab paranemist ja takistab akne teket.\u00a0<\/span><\/p>\n<p>&nbsp;<\/p>\n<p><span style=\"font-weight: 400;\">Pakub antioks\u00fcdantset kaitset ja tugevdab loomulikku<\/span><span style=\"font-weight: 400;\">naalne barj\u00e4\u00e4r.<\/span><\/p>\n<p>&nbsp;<\/p>\n<p><span style=\"font-weight: 400;\">Ravib ja parandab tundliku ja probleemse naha seisundit. Annab v\u00e4rske ja kauni jume.<\/span><\/p>\n<p>&nbsp;<\/p>\n<p><span style=\"font-weight: 400;\">Toonik on h\u00fcpoallergeenne (\u00e4rrituse test l\u00f5petatud), ei ummista poore (komedogeensuse test l\u00f5petatud) ja neutraalse pH tasemega (~5,0 - 7,0).\u00a0<\/span><\/p>\n<p>&nbsp;<\/p>\n<p><span style=\"font-weight: 400;\">Sisaldab 77% hauttuynia ekstrakti, betaiini, pantenooli, tsentella, suhkruroo, kastemarja, takja ja portulak ekstrakti.<\/span><\/p>\n<p>&nbsp;<\/p>\n<p><span style=\"font-weight: 400;\">Loe l\u00e4hemalt <\/span><span style=\"color: #0000ff;\"><a style=\"color: #0000ff;\" href=\"https:\/\/liluilu.ee\/et\/anua-heartleaf-77-soothing-toner\/\" target=\"_blank\" rel=\"noopener\"><span style=\"font-weight: 400;\">siit<\/span><\/a><\/span><span style=\"font-weight: 400;\">.<\/span><\/p>\n<p>&nbsp;<\/p>\n<p><b>Kuidas kasutada:<\/b><\/p>\n<p><span style=\"font-weight: 400;\">Kandke vajalik kogus toonikut eelnevalt puhastatud n\u00e4o- ja kaelanahale peopesadest v\u00f5i vatipadjakeste abil. Toonerit saab kihistada ja kasutada ka kohalike maskide jaoks.\u00a0<\/span><\/p>\n<p>&nbsp;<\/p>\n<p><span style=\"font-weight: 400;\">Kui teil on lisak\u00fcsimusi v\u00f5i vajate toote valimisel n\u00f5u, kirjutage meile. Vestlus asub ekraani paremas alanurgas.<\/span><\/p>\n<p>&nbsp;<\/p>\n<p><b>Netokogus: <\/b><span style=\"font-weight: 400;\">40 ml.<\/span><\/p>\n<p>&nbsp;<\/p>\n<p><a title=\"TARNETINGIMUSED\" href=\"https:\/\/liluilu.ee\/et\/kohaletoimetamine\/\" target=\"_blank\" rel=\"noopener\">TARNETINGIMUSED<\/a><\/p>","protected":false},"excerpt":{"rendered":"<p>\u041c\u0438\u043d\u0438-\u0432\u0435\u0440\u0441\u0438\u044f \u0443\u0441\u043f\u043e\u043a\u0430\u0438\u0432\u0430\u044e\u0449\u0435\u0433\u043e \u0438 \u0443\u0432\u043b\u0430\u0436\u043d\u044f\u044e\u0449\u0435\u0433\u043e \u0433\u0438\u043f\u043e\u0430\u043b\u043b\u0435\u0440\u0433\u0435\u043d\u043d\u043e\u0433\u043e \u0442\u043e\u043d\u0435\u0440\u0430 \u0441 77% \u044d\u043a\u0441\u0442\u0440\u0430\u043a\u0442\u0430 \u0445\u0430\u0443\u0442\u0442\u044e\u0439\u043d\u0438\u0438 \u043e\u0442 \u043a\u043e\u0440\u0435\u0439\u0441\u043a\u043e\u0433\u043e \u0431\u0440\u0435\u043d\u0434\u0430 Anua. &nbsp; \u0422\u043e\u043d\u0435\u0440 \u0432\u043e\u0441\u0441\u0442\u0430\u043d\u0430\u0432\u043b\u0438\u0432\u0430\u0435\u0442 \u043a\u0438\u0441\u043b\u043e\u0442\u043d\u043e-\u0449\u0435\u043b\u043e\u0447\u043d\u043e\u0439 \u0431\u0430\u043b\u0430\u043d\u0441 \u043f\u043e\u0441\u043b\u0435 \u0443\u043c\u044b\u0432\u0430\u043d\u0438\u044f, \u043e\u0431\u0438\u043b\u044c\u043d\u043e \u0443\u0432\u043b\u0430\u0436\u043d\u044f\u0435\u0442 \u0438 \u043c\u043e\u043c\u0435\u043d\u0442\u0430\u043b\u044c\u043d\u043e \u0443\u0441\u0442\u0440\u0430\u043d\u044f\u0435\u0442 \u0441\u0443\u0445\u043e\u0441\u0442\u044c, \u0447\u0443\u0432\u0441\u0442\u0432\u043e \u0441\u0442\u044f\u043d\u0443\u0442\u043e\u0441\u0442\u0438 \u0438 \u0434\u0438\u0441\u043a\u043e\u043c\u0444\u043e\u0440\u0442. &nbsp; \u0423\u0441\u043f\u043e\u043a\u0430\u0438\u0432\u0430\u0435\u0442 \u043a\u043e\u0436\u0443, \u0443\u043c\u0435\u043d\u044c\u0448\u0430\u0435\u0442 \u0437\u0443\u0434 \u0438 \u043f\u043e\u043a\u0440\u0430\u0441\u043d\u0435\u043d\u0438\u044f, \u0441\u043d\u0438\u0436\u0430\u0435\u0442 \u0447\u0440\u0435\u0437\u043c\u0435\u0440\u043d\u0443\u044e \u0447\u0443\u0432\u0441\u0442\u0432\u0438\u0442\u0435\u043b\u044c\u043d\u043e\u0441\u0442\u044c \u0438 \u0440\u0435\u0430\u043a\u0442\u0438\u0432\u043d\u043e\u0441\u0442\u044c. &nbsp; \u041e\u0431\u043b\u0430\u0434\u0430\u0435\u0442 \u044f\u0440\u043a\u043e \u0432\u044b\u0440\u0430\u0436\u0435\u043d\u043d\u044b\u043c\u0438 \u0437\u0430\u0436\u0438\u0432\u043b\u044f\u044e\u0449\u0438\u043c\u0438 \u0438 \u043f\u0440\u043e\u0442\u0438\u0432\u043e\u0432\u043e\u0441\u043f\u0430\u043b\u0438\u0442\u0435\u043b\u044c\u043d\u044b\u043c\u0438 \u0441\u0432\u043e\u0439\u0441\u0442\u0432\u0430\u043c\u0438: \u0441\u043d\u0438\u043c\u0430\u0435\u0442 \u0440\u0430\u0437\u0434\u0440\u0430\u0436\u0435\u043d\u0438\u044f, \u043a\u0443\u043f\u0438\u0440\u0443\u0435\u0442 \u043e\u0447\u0430\u0433\u0438 [&hellip;]<\/p>","protected":false},"featured_media":10630,"comment_status":"open","ping_status":"closed","template":"","meta":{"_eb_attr":"","jetpack_post_was_ever_published":false,"_joinchat":[]},"product_brand":[],"product_cat":[646],"product_tag":[427,451,497,647,295,413],"class_list":{"0":"post-10629","1":"product","2":"type-product","3":"status-publish","4":"has-post-thumbnail","6":"product_cat-anua","7":"product_tag-houttuynia-cordata","8":"product_tag-problemnaya-kozha","9":"product_tag-probniki-i-miniatjury","10":"product_tag-uspokaivajushhij-uhod-za-kozhej","11":"product_tag-hauttjujniya","12":"product_tag-chuvstvitelnaya-kozha","14":"first","15":"instock","16":"sale","17":"shipping-taxable","18":"purchasable","19":"product-type-simple"},"jetpack_sharing_enabled":true,"_links":{"self":[{"href":"https:\/\/liluilu.ee\/et\/wp-json\/wp\/v2\/product\/10629","targetHints":{"allow":["GET"]}}],"collection":[{"href":"https:\/\/liluilu.ee\/et\/wp-json\/wp\/v2\/product"}],"about":[{"href":"https:\/\/liluilu.ee\/et\/wp-json\/wp\/v2\/types\/product"}],"replies":[{"embeddable":true,"href":"https:\/\/liluilu.ee\/et\/wp-json\/wp\/v2\/comments?post=10629"}],"version-history":[{"count":2,"href":"https:\/\/liluilu.ee\/et\/wp-json\/wp\/v2\/product\/10629\/revisions"}],"predecessor-version":[{"id":10632,"href":"https:\/\/liluilu.ee\/et\/wp-json\/wp\/v2\/product\/10629\/revisions\/10632"}],"wp:featuredmedia":[{"embeddable":true,"href":"https:\/\/liluilu.ee\/et\/wp-json\/wp\/v2\/media\/10630"}],"wp:attachment":[{"href":"https:\/\/liluilu.ee\/et\/wp-json\/wp\/v2\/media?parent=10629"}],"wp:term":[{"taxonomy":"product_brand","embeddable":true,"href":"https:\/\/liluilu.ee\/et\/wp-json\/wp\/v2\/product_brand?post=10629"},{"taxonomy":"product_cat","embeddable":true,"href":"https:\/\/liluilu.ee\/et\/wp-json\/wp\/v2\/product_cat?post=10629"},{"taxonomy":"product_tag","embeddable":true,"href":"https:\/\/liluilu.ee\/et\/wp-json\/wp\/v2\/product_tag?post=10629"}],"curies":[{"name":"t\u00f6\u00f6leht","href":"https:\/\/api.w.org\/{rel}","templated":true}]}}