{"id":10618,"date":"2024-02-28T15:00:02","date_gmt":"2024-02-28T12:00:02","guid":{"rendered":"https:\/\/liluilu.ee\/?post_type=product&#038;p=10618"},"modified":"2026-04-07T19:09:45","modified_gmt":"2026-04-07T16:09:45","slug":"anua-heartleaf-77-soothing-toner","status":"publish","type":"product","link":"https:\/\/liluilu.ee\/et\/anua-heartleaf-77-soothing-toner\/","title":{"rendered":"Rahustav toonik huttuynia ekstraktiga Anua Heartleaf 77 Soothing Toner 250ml."},"content":{"rendered":"<p><span style=\"font-weight: 400;\">Rahustav ja niisutav h\u00fcpoallergeenne n\u00e4otoonik <strong>Anua Heartleaf 77 Soothing Toner<\/strong><\/span><span style=\"font-weight: 400;\">.<\/span><\/p>\n<p>&nbsp;<\/p>\n<p><span style=\"font-weight: 400;\">K\u00f5rge v\u00e4\u00e4rtusliku hauttuynia ekstrakti (77%) sisaldusega toonikul on s\u00e4rav tervendav, p\u00f5letikuvastane ja niisutav toime.\u00a0<\/span><\/p>\n<p>&nbsp;<\/p>\n<p><span style=\"font-weight: 400;\">Anua Heartleaf 77 Soothing Toner:<\/span><\/p>\n<ul>\n<li style=\"font-weight: 400;\" aria-level=\"1\"><span style=\"font-weight: 400;\">Taastab happe-aluse tasakaalu p\u00e4rast pesemist;<\/span><\/li>\n<li style=\"font-weight: 400;\" aria-level=\"1\"><span style=\"font-weight: 400;\">Niisutab rikkalikult, hoiab \u00e4ra deh\u00fcdratsiooni, k\u00f5rvaldab pingul ja kuivustunde;<\/span><\/li>\n<li style=\"font-weight: 400;\" aria-level=\"1\"><span style=\"font-weight: 400;\">Rahustab nahka ja v\u00e4hendab punetust;<\/span><\/li>\n<li style=\"font-weight: 400;\" aria-level=\"1\"><span style=\"font-weight: 400;\">Tugevdab immuuns\u00fcsteemi, v\u00e4hendab liigset tundlikkust ja reaktsiooniv\u00f5imet;<\/span><\/li>\n<li style=\"font-weight: 400;\" aria-level=\"1\"><span style=\"font-weight: 400;\">Leevendab \u00e4rritust, v\u00f5itleb p\u00f5letikuga ja takistab akne teket;\u00a0<\/span><\/li>\n<li style=\"font-weight: 400;\" aria-level=\"1\"><span style=\"font-weight: 400;\">Reguleerib rasu tootmist;<\/span><\/li>\n<li style=\"font-weight: 400;\" aria-level=\"1\"><span style=\"font-weight: 400;\">Pakub antioks\u00fcdantset kaitset ja tugevdab loomulikku barj\u00e4\u00e4ri.<\/span><\/li>\n<\/ul>\n<p>&nbsp;<\/p>\n<p><span style=\"font-weight: 400;\">Lisaks 77% hauttuynia ekstraktile sisaldab toonik betaiini, pantenooli, tsentella, suhkruroo, kastemarja, takja ja portulak ekstrakte.<\/span><\/p>\n<p>&nbsp;<\/p>\n<p><span style=\"font-weight: 400;\">Toode on l\u00e4binud komedogeensuse testi ega ummista poore.<\/span><\/p>\n<p>&nbsp;<\/p>\n<p><span style=\"font-weight: 400;\">Sellel on neutraalne pH tase (~5,0 - 7,0).\u00a0<\/span><\/p>\n<h2><\/h2>\n<h2><\/h2>\n<p>&nbsp;<\/p>\n<h2><i>Peamised toimeained Anua Heartleaf 77 Soothing Toner<\/i><i>:<\/i><\/h2>\n<p><span style=\"font-weight: 400;\">Valem p\u00f5hineb - <\/span><b>Houttuynia ekstrakt k\u00f5rge kontsentratsiooniga (77%)<\/b><span style=\"font-weight: 400;\">, mis on v\u00e4ga t\u00f5hus mitmete dermatoloogiliste probleemide k\u00f5rvaldamisel.\u00a0<\/span><\/p>\n<p>&nbsp;<\/p>\n<p><span style=\"font-weight: 400;\">Houttuynia leevendab ebamugavustunnet ja rahustab tundlikku nahka. Niisutab rikkalikult, eemaldab koheselt p\u00e4rast pesu kuivuse ja pinguloleku.<\/span><\/p>\n<p>&nbsp;<\/p>\n<p><span style=\"font-weight: 400;\">Ekstraktis sisalduvad flavonoidid ja kvertsetiin aitavad v\u00e4hendada nahap\u00f5letikku, leevendada \u00e4rritust ja v\u00e4hendada punetust.\u00a0<\/span><\/p>\n<p>&nbsp;<\/p>\n<p><span style=\"font-weight: 400;\">Lisaks on hauttuynial v\u00e4ljendunud bakteritsiidsed omadused, see kiirendab paranemist ja aitab ennetada aknet.\u00a0<\/span><\/p>\n<p>&nbsp;<\/p>\n<p><b>Centella asiatica ekstrakt <\/b><span style=\"font-weight: 400;\">on ka v\u00e4ljendunud rahustavate omadustega. Kiirendab paranemist, leevendab p\u00f5letikku ja omab nahale antibakteriaalset toimet. Leevendab suurep\u00e4raselt s\u00fcgelust, turset ja punetust. <\/span><\/p>\n<p>&nbsp;<\/p>\n<p><span style=\"font-weight: 400;\">Centella ekstrakt stimuleerib aktiivselt kollageeni ja h\u00fcaluroonhappe tootmist. Selle tulemusena on nahk h\u00fcdreeritud ja s\u00e4ilitab niiskuse, muutudes siledamaks ja elastsemaks.\u00a0<\/span><\/p>\n<p>&nbsp;<\/p>\n<p><b>Pantenool <\/b><span style=\"font-weight: 400;\">rahustab, niisutab ja t\u00e4iuslikult pehmendab nahka. Stimuleerib paranemisprotsesse, taastab loomuliku barj\u00e4\u00e4ri ja tugevdab naha kaitsefunktsioone.<\/span><\/p>\n<p>&nbsp;<\/p>\n<p><b>Suhkruroo ekstrakt <\/b><span style=\"font-weight: 400;\">on \u00f5rna kooriva omadusega, puhastab ja poleerib nahka \u00f5rnalt.<\/span><\/p>\n<p>&nbsp;<\/p>\n<p><b>Portulak ekstrakt <\/b><span style=\"font-weight: 400;\">stimuleerib regeneratsiooni, kiirendab kudede paranemist, t\u00f5stab toonust ja s\u00e4ilitab kudede elastsuse.<\/span><\/p>\n<p>&nbsp;<\/p>\n<p><b>Vitexi ekstrakt\u00a0 <\/b><span style=\"font-weight: 400;\">muudab naha tihedamaks ja elastsemaks.<\/span><\/p>\n<p>&nbsp;<\/p>\n<p><b>Takjas ekstrakt <\/b><span style=\"font-weight: 400;\">toniseerib ja parandab rakkude ainevahetust.<\/span><\/p>\n<p>&nbsp;<\/p>\n<p><span style=\"font-weight: 400;\">Anua Heartleaf 77 Soothing Toner on l\u00f5hnatu ja v\u00e4ga kerge, vesise tekstuuriga. Vajadusel saab toonikut kihiti peale kanda, mis ainult suurendab selle efektiivsust, kuid ei muuda hooldust raskemaks. Toonik sobib ideaalselt ka lokaalsete maskide jaoks, kui teatud nahapiirkonnad vajavad erilist hoolt.<\/span><\/p>\n<p>&nbsp;<\/p>\n<p><span style=\"font-weight: 400;\">Toonerit v\u00f5ib kasutada hommikul ja\/v\u00f5i \u00f5htul, igal aastaajal.\u00a0<\/span><\/p>\n<p>&nbsp;<\/p>\n<p><b>Soovitame Anua Heartleaf 77 Soothing Toner <\/b><span style=\"font-weight: 400;\">igale nahat\u00fc\u00fcbile, mis vajab rahustavat ja niisutavat hooldust. Kuid toonik on eriti kasulik \u00f5rnale, tundlikule, probleemsele nahale, samuti p\u00f5letikele ja aknele kalduvale nahale.<\/span><\/p>\n<p>&nbsp;<\/p>\n<p><b>Kuidas kasutada:<\/b><\/p>\n<p><span style=\"font-weight: 400;\">Kandke vajalik kogus toonikut eelnevalt puhastatud n\u00e4o- ja kaelanahale vatipadjakeste abil v\u00f5i otse peopesalt. Patsutage \u00f5rnalt nahka, et tooner paremini imenduks.\u00a0<\/span><\/p>\n<p>&nbsp;<\/p>\n<p><span style=\"font-weight: 400;\">Kui teil on lisak\u00fcsimusi v\u00f5i vajate toote valimisel n\u00f5u, kirjutage meile. Vestlus asub ekraani paremas alanurgas.<\/span><\/p>\n<p>&nbsp;<\/p>\n<p><b>Netokogus: <\/b><span style=\"font-weight: 400;\">250 ml.<\/span><\/p>\n<p>&nbsp;<\/p>\n<p><a title=\"TARNETINGIMUSED\" href=\"https:\/\/liluilu.ee\/et\/kohaletoimetamine\/\" target=\"_blank\" rel=\"noopener\">TARNETINGIMUSED<\/a><\/p>","protected":false},"excerpt":{"rendered":"<p>\u0423\u0441\u043f\u043e\u043a\u0430\u0438\u0432\u0430\u044e\u0449\u0438\u0439 \u0438 \u0443\u0432\u043b\u0430\u0436\u043d\u044f\u044e\u0449\u0438\u0439 \u0433\u0438\u043f\u043e\u0430\u043b\u043b\u0435\u0440\u0433\u0435\u043d\u043d\u044b\u0439 \u0442\u043e\u043d\u0435\u0440 \u0434\u043b\u044f \u043b\u0438\u0446\u0430 Anua Heartleaf 77 Soothing Toner. &nbsp; \u0422\u043e\u043d\u0435\u0440 \u0441 \u0432\u044b\u0441\u043e\u043a\u0438\u043c \u0441\u043e\u0434\u0435\u0440\u0436\u0430\u043d\u0438\u0435\u043c \u0446\u0435\u043d\u043d\u043e\u0433\u043e \u044d\u043a\u0441\u0442\u0440\u0430\u043a\u0442\u0430 \u0445\u0430\u0443\u0442\u0442\u044e\u0439\u043d\u0438\u0438 (77%) \u043e\u0431\u043b\u0430\u0434\u0430\u0435\u0442 \u044f\u0440\u043a\u0438\u043c \u0437\u0430\u0436\u0438\u0432\u043b\u044f\u044e\u0449\u0438\u043c, \u043f\u0440\u043e\u0442\u0438\u0432\u043e\u0432\u043e\u0441\u043f\u0430\u043b\u0438\u0442\u0435\u043b\u044c\u043d\u044b\u043c \u0438 \u0443\u0432\u043b\u0430\u0436\u043d\u044f\u044e\u0449\u0438\u043c \u044d\u0444\u0444\u0435\u043a\u0442\u043e\u043c.\u00a0 &nbsp; Anua Heartleaf 77 Soothing Toner: \u0412\u043e\u0441\u0441\u0442\u0430\u043d\u0430\u0432\u043b\u0438\u0432\u0430\u0435\u0442 \u043a\u0438\u0441\u043b\u043e\u0442\u043d\u043e-\u0449\u0435\u043b\u043e\u0447\u043d\u043e\u0439 \u0431\u0430\u043b\u0430\u043d\u0441 \u043f\u043e\u0441\u043b\u0435 \u0443\u043c\u044b\u0432\u0430\u043d\u0438\u044f; \u041e\u0431\u0438\u043b\u044c\u043d\u043e \u0443\u0432\u043b\u0430\u0436\u043d\u044f\u0435\u0442, \u043f\u0440\u0435\u0434\u043e\u0442\u0432\u0440\u0430\u0449\u0430\u0435\u0442 \u043e\u0431\u0435\u0437\u0432\u043e\u0436\u0438\u0432\u0430\u043d\u0438\u0435, \u0443\u0441\u0442\u0440\u0430\u043d\u044f\u0435\u0442 \u0447\u0443\u0432\u0441\u0442\u0432\u043e \u0441\u0442\u044f\u043d\u0443\u0442\u043e\u0441\u0442\u0438 \u0438 \u0441\u0443\u0445\u043e\u0441\u0442\u044c; \u0423\u0441\u043f\u043e\u043a\u0430\u0438\u0432\u0430\u0435\u0442 \u043a\u043e\u0436\u0443 \u0438 \u0443\u043c\u0435\u043d\u044c\u0448\u0430\u0435\u0442 \u043f\u043e\u043a\u0440\u0430\u0441\u043d\u0435\u043d\u0438\u044f; \u0423\u043a\u0440\u0435\u043f\u043b\u044f\u0435\u0442 \u0438\u043c\u043c\u0443\u043d\u0438\u0442\u0435\u0442, [&hellip;]<\/p>","protected":false},"featured_media":15220,"comment_status":"open","ping_status":"closed","template":"","meta":{"_eb_attr":"","jetpack_post_was_ever_published":false,"_joinchat":[]},"product_brand":[],"product_cat":[646,217],"product_tag":[427,477,437,451,647,295,413],"class_list":{"0":"post-10618","1":"product","2":"type-product","3":"status-publish","4":"has-post-thumbnail","6":"product_cat-anua","7":"product_cat-tonery","8":"product_tag-houttuynia-cordata","9":"product_tag-vysypaniya-i-akne","10":"product_tag-postakne","11":"product_tag-problemnaya-kozha","12":"product_tag-uspokaivajushhij-uhod-za-kozhej","13":"product_tag-hauttjujniya","14":"product_tag-chuvstvitelnaya-kozha","16":"first","17":"instock","18":"sale","19":"shipping-taxable","20":"purchasable","21":"product-type-simple"},"jetpack_sharing_enabled":true,"_links":{"self":[{"href":"https:\/\/liluilu.ee\/et\/wp-json\/wp\/v2\/product\/10618","targetHints":{"allow":["GET"]}}],"collection":[{"href":"https:\/\/liluilu.ee\/et\/wp-json\/wp\/v2\/product"}],"about":[{"href":"https:\/\/liluilu.ee\/et\/wp-json\/wp\/v2\/types\/product"}],"replies":[{"embeddable":true,"href":"https:\/\/liluilu.ee\/et\/wp-json\/wp\/v2\/comments?post=10618"}],"version-history":[{"count":23,"href":"https:\/\/liluilu.ee\/et\/wp-json\/wp\/v2\/product\/10618\/revisions"}],"predecessor-version":[{"id":16796,"href":"https:\/\/liluilu.ee\/et\/wp-json\/wp\/v2\/product\/10618\/revisions\/16796"}],"wp:featuredmedia":[{"embeddable":true,"href":"https:\/\/liluilu.ee\/et\/wp-json\/wp\/v2\/media\/15220"}],"wp:attachment":[{"href":"https:\/\/liluilu.ee\/et\/wp-json\/wp\/v2\/media?parent=10618"}],"wp:term":[{"taxonomy":"product_brand","embeddable":true,"href":"https:\/\/liluilu.ee\/et\/wp-json\/wp\/v2\/product_brand?post=10618"},{"taxonomy":"product_cat","embeddable":true,"href":"https:\/\/liluilu.ee\/et\/wp-json\/wp\/v2\/product_cat?post=10618"},{"taxonomy":"product_tag","embeddable":true,"href":"https:\/\/liluilu.ee\/et\/wp-json\/wp\/v2\/product_tag?post=10618"}],"curies":[{"name":"t\u00f6\u00f6leht","href":"https:\/\/api.w.org\/{rel}","templated":true}]}}