{"id":10596,"date":"2024-02-23T15:04:52","date_gmt":"2024-02-23T12:04:52","guid":{"rendered":"https:\/\/liluilu.ee\/?post_type=product&#038;p=10596"},"modified":"2026-04-22T20:25:15","modified_gmt":"2026-04-22T17:25:15","slug":"medi-peel-peptide-9-volume-lifting-all-in-one-essence-pro","status":"publish","type":"product","link":"https:\/\/liluilu.ee\/et\/medi-peel-peptide-9-volume-lifting-all-in-one-essence-pro\/","title":{"rendered":"Oxygen lifting essents peptiididega MEDI-PEEL Peptide 9 Volume Lifting All In One Essence PRO 100ml."},"content":{"rendered":"<h2><i><span style=\"font-weight: 400;\">MEDI-PEEL Peptide 9 Volume Lifting All In One Essence PRO peamised koostisosad ja omadused:<\/span><\/i><\/h2>\n<p><span style=\"font-weight: 400;\">Toode sisaldab <\/span><b>v\u00f5imas peptiidikompleks<\/b><span style=\"font-weight: 400;\">, sealhulgas nii signaal- kui ka lihasrelaksandid:<\/span><\/p>\n<p>&nbsp;<\/p>\n<ul>\n<li aria-level=\"1\"><b>SYN-AKE ja Argireline <\/b><span style=\"font-weight: 400;\">l\u00f5dvestab n\u00e4olihaseid, silub n\u00e4okortse ja takistab uute teket;<\/span><\/li>\n<\/ul>\n<ul>\n<li aria-level=\"1\"><b>Nonapeptiid-1 <\/b><span style=\"font-weight: 400;\">takistab vanuselaikude tekkimist ja \u00fchtlustab tooni;<\/span><\/li>\n<\/ul>\n<ul>\n<li aria-level=\"1\"><b>Vase tripeptiid <\/b><span style=\"font-weight: 400;\">stimuleerib regeneratsiooni ja suurendab naha elastsust;<\/span><\/li>\n<\/ul>\n<ul>\n<li aria-level=\"1\"><b>Tripeptiid-1 <\/b><span style=\"font-weight: 400;\">v\u00f5itleb fotovananemise vastu ja p\u00e4rsib kollageenikiudude h\u00e4vimist;<\/span><\/li>\n<\/ul>\n<ul>\n<li aria-level=\"1\"><b>Heksapeptiid-9 ja heksapeptiid-11 <\/b><span style=\"font-weight: 400;\">aktiveerige oma kollageeni s\u00fcntees, v\u00e4hendage kortsude pindala ja s\u00fcgavust;<\/span><\/li>\n<\/ul>\n<ul>\n<li aria-level=\"1\"><b>Palmito\u00fc\u00fclpentapeptiid-4 <\/b><span style=\"font-weight: 400;\">parandab naha tekstuuri ja on sama t\u00f5hus kui retinool, olles samas ohutu ja mitte\u00e4rritav.<\/span><\/li>\n<\/ul>\n<p>&nbsp;<\/p>\n<p><b>Pol\u00fcpiimhape kombineerituna kollageeniga <\/b><span style=\"font-weight: 400;\">pinguldab, tugevdab ja pinguldab nahka. Hoiab \u00e4ra deh\u00fcdratsiooni ja aitab s\u00e4ilitada veetasakaalu.\u00a0<\/span><\/p>\n<p>&nbsp;<\/p>\n<p><span style=\"font-weight: 400;\">Essence sisaldab<\/span><b> 1% patenteeritud BL Fill UP\u2122 kompleks<\/b><span style=\"font-weight: 400;\">, mis <\/span><span style=\"font-weight: 400;\">on nahka noorendava, antioks\u00fcdantse, p\u00f5letikuvastase ja toitva toimega. Tagab kollageeni s\u00fcnteesi ja naha elastsuse, \u00fchtlustab mikroreljeefi ja pinguldab n\u00e4oovaali.<\/span><\/p>\n<p>&nbsp;<\/p>\n<p><b>Voljufilin <\/b><span style=\"font-weight: 400;\">on lipofillinguga sarnase toimega. Komponent stimuleerib lipiidide kogunemist nahas, taastab loomuliku t\u00e4idluse ja vol\u00fc\u00fcmi ning silub naha kortse, \u201csurudes\u201d need seestpoolt v\u00e4lja.<\/span><\/p>\n<p>&nbsp;<\/p>\n<p><b>Lactobacillus ens\u00fc\u00fcmid <\/b><span style=\"font-weight: 400;\">toetada tervet mikrobioomi, stimuleerida uuenemist ja parandada naha tekstuuri.<\/span><\/p>\n<p>&nbsp;<\/p>\n<p><b>Multi Ex BSASM Plus\u2122 <\/b><span style=\"font-weight: 400;\">on tugeva rahustava, p\u00f5letikuvastase ja immunomoduleeriva toimega. <\/span><span style=\"font-weight: 400;\">See sisaldab 7 t\u00fc\u00fcpi taimeekstrakte: Aasia tsentella, roheline tee, Baikali koljupea, pol\u00fcgonum, lagrits, kummel, rosmariin. Multi Ex BSASM Plus\u2122-i kasutatakse t\u00f5husalt dermatoloogiliste probleemide lahendamiseks, sealhulgas atoopilise dermatiidi, psoriaasi ja akne raviks.<\/span><\/p>\n<p>&nbsp;<\/p>\n<p><b>Ektoiini ja h\u00fcaluroonhappe kompleks<\/b><span style=\"font-weight: 400;\"> erineva molekulmassiga s\u00fcgavniisutavad ja taastavad veetasakaalu rakus\u00fcsteemides. Ektoiin on v\u00f5imas antioks\u00fcdant, mis lisaks niiskust s\u00e4ilitavatele omadustele kaitseb nahka fotovananemise eest ning omab ka kerget kirgastavat toimet, ennetab vanuselaikude teket ja \u00fchtlustab tooni.<\/span><\/p>\n<p>&nbsp;<\/p>\n<p><span style=\"font-weight: 400;\">\u0423 <\/span><span style=\"font-weight: 400;\">MEDI-PEEL Peptide 9 Volume Lifting All In One Essence PRO kerge lillearoom ja ebatavaline tekstuur. Hapnikuga suheldes muutub toote kreemjas tekstuur v\u00e4ikesteks mullideks, mis parandavad mikrotsirkulatsiooni, k\u00fcllastavad nahka hapnikuga ja suurendavad varade l\u00e4bilaskvust.\u00a0<\/span><\/p>\n<p>&nbsp;<\/p>\n<p><span style=\"font-weight: 400;\">Essents sobib igap\u00e4evaseks hoolduseks, hommikul ja\/v\u00f5i \u00f5htul. V\u00f5ib asendada \u00fcht v\u00f5i mitut nahahooldusetappi v\u00f5i kasutada k\u00f5ikeh\u00f5lmava tootena.\u00a0<\/span><\/p>\n<p>&nbsp;<\/p>\n<p><b>Soovitame MEDI-PEEL Peptide 9 Volume Lifting All In One Essence PRO:<\/b><\/p>\n<ul>\n<li style=\"font-weight: 400;\" aria-level=\"1\"><span style=\"font-weight: 400;\">Kuivale, kuivale kalduvale, normaalsele v\u00f5i kombineeritud nahale;<\/span><\/li>\n<li style=\"font-weight: 400;\" aria-level=\"1\"><span style=\"font-weight: 400;\">Aktiivsele t\u00f5stmisele suunatud vananemisvastase hoolduse jaoks.<\/span><\/li>\n<\/ul>\n<p>&nbsp;<\/p>\n<p><b>Kuidas kasutada:<\/b><\/p>\n<p><span style=\"font-weight: 400;\">Kandke v\u00e4ike kogus MEDI-PEEL Peptide 9 Volume Lifting All In One Essence PRO-d n\u00e4o- ja kaelanahale (1-2 pumpa) ja jaotage \u00f5rnalt. Oodake, kuni tekivad mullid, ja tehke kergeid patsutusliigutusi, et essents imenduks. Liigutused peaksid olema patsutavad, mitte venitavad.\u00a0<\/span><\/p>\n<p>&nbsp;<\/p>\n<p><span style=\"font-weight: 400;\">Kui teil on lisak\u00fcsimusi v\u00f5i vajate toote valimisel n\u00f5u, kirjutage meile. Vestlus asub ekraani paremas alanurgas.<\/span><\/p>\n<p>&nbsp;<\/p>\n<p><b>Netokogus: <\/b><span style=\"font-weight: 400;\">100 ml.<\/span><\/p>\n<p>&nbsp;<\/p>\n<p><a title=\"TARNETINGIMUSED\" href=\"https:\/\/liluilu.ee\/et\/kohaletoimetamine\/\" target=\"_blank\" rel=\"noopener\">TARNETINGIMUSED<\/a><\/p>","protected":false},"excerpt":{"rendered":"<p><span style=\"font-weight: 400;\">Peptiididega hapnikuessentsi PRO versioon intensiivseks t\u00f5stmiseks <\/span><span style=\"font-weight: 400;\">MEDI-PEEL Peptide 9 Volume Lifting All In One Essence PRO.<\/span><\/p>\n<p>&nbsp;<\/p>\n<p><span style=\"font-weight: 400;\">Toode on loodud silmatorkavate vanusega seotud muutustega nahale, nagu kortsud, l\u00f5tvumine, l\u00f5ualuud ja h\u00f5ljuv ovaalne n\u00e4gu.<\/span><\/p>\n<p>&nbsp;<\/p>\n<p><span style=\"font-weight: 400;\">V\u00f5imsad patenteeritud toimeained s\u00fcnergias taastavate komponentidega tugevdavad ja pinguldavad nahka, siluvad miimikajooni ja v\u00e4hendavad staatiliste kortsude s\u00fcgavust.<\/span><\/p>\n<p>&nbsp;<\/p>\n<p><span style=\"font-weight: 400;\">Toode t\u00e4idab eba\u00fchtlase mikroreljeefi ning tagastab nahale selle loomuliku t\u00e4idluse, elastsuse ja vol\u00fc\u00fcmi.\u00a0<\/span><\/p>\n<p>&nbsp;<\/p>\n<p><span style=\"font-weight: 400;\">Stimuleerib kollageenikiudude s\u00fcnteesi ja suurendab naha elastsust. Aitab s\u00e4ilitada selged n\u00e4okontuurid ja ovaali.<\/span><\/p>\n<p>&nbsp;<\/p>\n<p><span style=\"font-weight: 400;\">Essentsi regulaarsel kasutamisel muutub nahk siledaks, toidetuks, elastseks ja s\u00e4ravaks.<\/span><\/p>\n<p>&nbsp;<\/p>\n<p><span style=\"font-weight: 400;\">MEDI-PEEL Peptide 9 Volume Lifting All In One Essence PRO sisaldab peptiidide kompleksi, pol\u00fcpiimhapet, volufiliini, mitmeid patenteeritud koostisosi, looduslikke ekstrakte, laktobatsillide ens\u00fc\u00fcmi, h\u00fcdrol\u00fc\u00fcsitud kollageeni ja elastiini.\u00a0<\/span><\/p>\n<p>&nbsp;<\/p>\n<p>&nbsp;<\/p>\n<p>&nbsp;<\/p>","protected":false},"featured_media":10592,"comment_status":"open","ping_status":"closed","template":"","meta":{"_eb_attr":"","jetpack_post_was_ever_published":false,"_joinchat":[]},"product_brand":[],"product_cat":[219,226],"product_tag":[639,640,361,505,329,445,641,567,543,263,265,746,417,622,465,419,239,645,487,493,421,400,489],"class_list":{"0":"post-10596","1":"product","2":"type-product","3":"status-publish","4":"has-post-thumbnail","6":"product_cat-medi-peel","7":"product_cat-serumy","8":"product_tag-bl-fill-up-tm","9":"product_tag-medi-peel-peptide-9-volume-lifting-line","10":"product_tag-multi-ex-bsasm-plus","11":"product_tag-syn-ake","12":"product_tag-volufiline","13":"product_tag-antivozrastnoj-uhod","14":"product_tag-argirelin","15":"product_tag-voljufilin","16":"product_tag-vse-v-odnom","17":"product_tag-gidrolizovannyj-kollagen","18":"product_tag-gidrolizovannyj-elastin","19":"product_tag-kislorodnaya-essenciya","20":"product_tag-kombinirovannaya-kozha","21":"product_tag-kosmetika-s-peptidami","22":"product_tag-lifting","23":"product_tag-normalnaya-kozha","24":"product_tag-peptidy","25":"product_tag-polimolochnaya-kislota","26":"product_tag-protiv-morshhin","27":"product_tag-sklonnaya-k-suhosti-kozha","28":"product_tag-suhaya-kozha","29":"product_tag-uvlazhnenie","30":"product_tag-elastichnost-i-uprugost","32":"first","33":"instock","34":"sale","35":"shipping-taxable","36":"purchasable","37":"product-type-simple"},"jetpack_sharing_enabled":true,"_links":{"self":[{"href":"https:\/\/liluilu.ee\/et\/wp-json\/wp\/v2\/product\/10596","targetHints":{"allow":["GET"]}}],"collection":[{"href":"https:\/\/liluilu.ee\/et\/wp-json\/wp\/v2\/product"}],"about":[{"href":"https:\/\/liluilu.ee\/et\/wp-json\/wp\/v2\/types\/product"}],"replies":[{"embeddable":true,"href":"https:\/\/liluilu.ee\/et\/wp-json\/wp\/v2\/comments?post=10596"}],"version-history":[{"count":8,"href":"https:\/\/liluilu.ee\/et\/wp-json\/wp\/v2\/product\/10596\/revisions"}],"predecessor-version":[{"id":12451,"href":"https:\/\/liluilu.ee\/et\/wp-json\/wp\/v2\/product\/10596\/revisions\/12451"}],"wp:featuredmedia":[{"embeddable":true,"href":"https:\/\/liluilu.ee\/et\/wp-json\/wp\/v2\/media\/10592"}],"wp:attachment":[{"href":"https:\/\/liluilu.ee\/et\/wp-json\/wp\/v2\/media?parent=10596"}],"wp:term":[{"taxonomy":"product_brand","embeddable":true,"href":"https:\/\/liluilu.ee\/et\/wp-json\/wp\/v2\/product_brand?post=10596"},{"taxonomy":"product_cat","embeddable":true,"href":"https:\/\/liluilu.ee\/et\/wp-json\/wp\/v2\/product_cat?post=10596"},{"taxonomy":"product_tag","embeddable":true,"href":"https:\/\/liluilu.ee\/et\/wp-json\/wp\/v2\/product_tag?post=10596"}],"curies":[{"name":"t\u00f6\u00f6leht","href":"https:\/\/api.w.org\/{rel}","templated":true}]}}