{"id":10519,"date":"2024-02-15T15:56:40","date_gmt":"2024-02-15T12:56:40","guid":{"rendered":"https:\/\/liluilu.ee\/?post_type=product&#038;p=10519"},"modified":"2026-04-09T12:20:38","modified_gmt":"2026-04-09T09:20:38","slug":"medi-peel-hyal-kombucha-tea-tox-cream","status":"publish","type":"product","link":"https:\/\/liluilu.ee\/et\/medi-peel-hyal-kombucha-tea-tox-cream\/","title":{"rendered":"Elastsust taastav kreem kombucha ja keramiididega MEDI-PEEL Hyal Kombucha Tea-Tox Cream 50ml."},"content":{"rendered":"<h2><i><span style=\"font-weight: 400;\">MEDI-PEEL Hyal Kombucha Tea-Tox kreemi peamised koostisosad ja omadused:<\/span><\/i><\/h2>\n<p>&nbsp;<\/p>\n<p><span style=\"font-weight: 400;\">Kreemi loomisel kasutatakse seda <\/span><b>liposomaalne kohaletoimetamise tehnoloogia<\/b><span style=\"font-weight: 400;\">. Selleks asetatakse toimeained liposoomide transpordimahutitesse, mis suudavad tungida s\u00fcgavale nahka. See meetod parandab neeldumist ja v\u00f5imaldab varadel t\u00f6\u00f6tada v\u00f5imalikult t\u00f5husalt.<\/span><\/p>\n<p>&nbsp;<\/p>\n<p><span style=\"font-weight: 400;\">Kreemi p\u00f5hikoostisosa on rikas antioks\u00fcdantide, vitamiinide, pol\u00fcfenoolide ja aminohapete poolest <\/span><b>50% Kombucha ekstrakt<\/b><span style=\"font-weight: 400;\">. Selle saamiseks kasutatakse Select English Amhad teed, mis l\u00e4bib k\u00e4\u00e4ritamise madalal temperatuuril (29C) 336 tundi.\u00a0<\/span><\/p>\n<p>&nbsp;<\/p>\n<p><span style=\"font-weight: 400;\">Kombucha ekstraktil on 8 korda rohkem antioks\u00fcdantseid omadusi kui rohelisel teel. Kombucha taastab, kaitseb ja tervendab nahka. K\u00fcllastab toitainete ja elut\u00e4htsa energiaga, taastab elastsuse ja tugevuse. Toniseerib, k\u00f5rvaldab tuhmuse ja parandab jumet.\u00a0<\/span><\/p>\n<p>&nbsp;<\/p>\n<p><span style=\"font-weight: 400;\">Kompositsiooni tugevdab v\u00f5imas kompleks, sealhulgas<\/span><b> 8 t\u00fc\u00fcpi h\u00fcaluroonhapet ja 5 t\u00fc\u00fcpi liposomaalseid keramiide<\/b><span style=\"font-weight: 400;\">.<\/span><\/p>\n<p>&nbsp;<\/p>\n<p><b>H\u00fcaluroonhape <\/b><span style=\"font-weight: 400;\">erineva molekulmassiga, niisutab rikkalikult nahka s\u00fcgavatest kuni pindmiste kihtideni, k\u00f5rvaldab deh\u00fcdratsiooni ja taastab veetasakaalu. T\u00e4idab ja silub nahka, silub kuivusest tekkinud kortse.\u00a0<\/span><\/p>\n<p>&nbsp;<\/p>\n<p><b>Liposomaalsed keramiidid <\/b><span style=\"font-weight: 400;\">on kinnitunud naha sarvkihti, taastavad loomuliku barj\u00e4\u00e4ri ja takistavad niiskuse liigset aurustumist, nii et nahk p\u00fcsib kaua niisutatud.\u00a0<\/span><\/p>\n<p><span style=\"font-weight: 400;\">Lisaks leevendavad keramiidid t\u00f5husalt kuivust, pingulolekut ja ketendamist, andes nahale pehme ja siidise tekstuuri.\u00a0<\/span><\/p>\n<p>&nbsp;<\/p>\n<p><b>MadeWhite\u2122<\/b><span style=\"font-weight: 400;\"> on madekassosiidist saadud patenteeritud koostisosa. \u00dchtlustab tooni, heledab tumedaid laike ja aknem\u00e4rke ning on ka v\u00e4ljendunud rahustava ja \u00e4rritusvastase toimega. Hoiab \u00e4ra p\u00f5letikku ja aknet.\u00a0<\/span><\/p>\n<p>&nbsp;<\/p>\n<p><b>Eosidin\u2122 <\/b><span style=\"font-weight: 400;\">- rohelisest unshiu mandariinist ekstraheeritud komponent. Toimib immunomodulaatorina, v\u00e4hendab tundlikkust ja toetab naha barj\u00e4\u00e4ri tervist.<\/span><\/p>\n<p>&nbsp;<\/p>\n<p><b>Redsnow\u2122 <\/b><span style=\"font-weight: 400;\">- Jaapani kameeliaekstrakti baasil loodud noorendav koostisosa. Hoiab \u00e4ra rakkude oks\u00fcdatsiooni, loodusliku kollageeni h\u00e4vimise ja aeglustab fotovananemise protsessi. Hoiab naha elastse ja pingul.\u00a0<\/span><\/p>\n<p>&nbsp;<\/p>\n<p><span style=\"font-weight: 400;\">MEDI-PEEL Hyal Kombucha Tea-Tox kreemil on peen, v\u00e4rske aroom ja ebatavaline tekstuur. See on kahefaasiline kreem, mis koosneb kreemist ja geelist, mis segatakse vahetult enne nahale kandmist.\u00a0<\/span><\/p>\n<p><span style=\"font-weight: 400;\">Vastavalt oma hetkevajadustele v\u00f5ite v\u00f5tta rohkem kreemi- v\u00f5i geelifraktsioone v\u00f5i erijuhtudel kasutada ainult \u00fchte.\u00a0<\/span><\/p>\n<p>&nbsp;<\/p>\n<p><span style=\"font-weight: 400;\">Kreem on l\u00e4ikiva viimistlusega ja annab nahale terve s\u00e4ra, mis kuival ja n\u00f5rgenenud nahal nii puudu j\u00e4\u00e4b.<\/span><\/p>\n<p>&nbsp;<\/p>\n<p><b>Soovitame MEDI-PEEL Hyal Kombucha Tea-Tox kreemi:<\/b><\/p>\n<p>&nbsp;<\/p>\n<ul>\n<li style=\"font-weight: 400;\" aria-level=\"1\"><span style=\"font-weight: 400;\">Kuivusele kalduvale, kuivale ja \u00f5hukesele nahale;<\/span><\/li>\n<li style=\"font-weight: 400;\" aria-level=\"1\"><span style=\"font-weight: 400;\">Deh\u00fcdreeritud nahale;<\/span><\/li>\n<li style=\"font-weight: 400;\" aria-level=\"1\"><span style=\"font-weight: 400;\">N\u00f5rgenenud tooniga nahale;<\/span><\/li>\n<li style=\"font-weight: 400;\" aria-level=\"1\"><span style=\"font-weight: 400;\">V\u00e4sinud ja tuhmile nahale.<\/span><\/li>\n<\/ul>\n<p>&nbsp;<\/p>\n<p><span style=\"font-weight: 400;\">MEDI-PEEL Hyal Kombucha Tea-Tox kreem<\/span><span style=\"font-weight: 400;\"> Sobib igap\u00e4evaseks kasutamiseks, hommikul ja\/v\u00f5i \u00f5htul.\u00a0<\/span><\/p>\n<p>&nbsp;<\/p>\n<p><b>Kuidas kasutada:<\/b><\/p>\n<p><span style=\"font-weight: 400;\">K\u00fchvelda spaatliga v\u00e4lja vajalik kogus kreemi ja geeli vajalikus vahekorras. Segage ja kandke n\u00e4ole ja kaelale. Kreem kantakse peale hoolduse viimasel etapil. P\u00e4rast toonikut ja ampulli.<\/span><\/p>\n<p>&nbsp;<\/p>\n<p><span style=\"font-weight: 400;\">Kui teil on lisak\u00fcsimusi v\u00f5i vajate toote valimisel n\u00f5u, kirjutage meile. Vestlus asub ekraani paremas alanurgas.<\/span><\/p>\n<p>&nbsp;<\/p>\n<p class=\"translation-block\">Netokogus: 50 ml.<\/p>\n<p>&nbsp;<\/p>\n<p>&nbsp;<\/p>\n<p><a title=\"TARNETINGIMUSED\" href=\"https:\/\/liluilu.ee\/et\/kohaletoimetamine\/\" target=\"_blank\" rel=\"noopener\">TARNETINGIMUSED<\/a><\/p>","protected":false},"excerpt":{"rendered":"<p><span style=\"font-weight: 400;\">Uuenduslik kahefaasiline kreem MEDI-PEEL Hyal Kombucha Tea-Tox Cream on midagi, mis kustutab n\u00e4olt v\u00e4simuse j\u00e4ljed ning taastab naha v\u00e4rskuse ja eluj\u00f5u.<\/span><\/p>\n<p>&nbsp;<\/p>\n<p><span style=\"font-weight: 400;\">Toode on s\u00e4rava noorendava toimega ning on suunatud elastsuse taastamisele, intensiivsele niisutusele ja naha kaitsefunktsioonide tugevdamisele.<\/span><\/p>\n<p>&nbsp;<\/p>\n<p><span style=\"font-weight: 400;\">MEDI-PEEL Hyal Kombucha Tea-Tox kreem:<\/span><\/p>\n<ul>\n<li style=\"font-weight: 400;\" aria-level=\"1\"><span style=\"font-weight: 400;\">Toidab rikkalikult ja t\u00e4idab niiskusega;<\/span><\/li>\n<li style=\"font-weight: 400;\" aria-level=\"1\"><span style=\"font-weight: 400;\">Pehmendab, k\u00f5rvaldab ketenduse ja kuivuse;<\/span><\/li>\n<li style=\"font-weight: 400;\" aria-level=\"1\"><span style=\"font-weight: 400;\">V\u00e4hendab kortsude n\u00e4htavust, lisab tihedust ja elastsust;<\/span><\/li>\n<li style=\"font-weight: 400;\" aria-level=\"1\"><span style=\"font-weight: 400;\">Toniseerib ja k\u00f5rvaldab tuhmi, elutu nahatooni;<\/span><\/li>\n<li style=\"font-weight: 400;\" aria-level=\"1\"><span style=\"font-weight: 400;\">Taastab loodusliku barj\u00e4\u00e4ri ja suurendab kohalikku immuunsust;<\/span><\/li>\n<\/ul>\n<p>&nbsp;<\/p>\n<p><span style=\"font-weight: 400;\">Ebatavaline kahefaasiline tekstuur v\u00f5imaldab vastavalt naha hetkevajadustele reguleerida kreemi tihedust ja leida oma ideaalse kombinatsiooni.<\/span><\/p>\n<p>&nbsp;<\/p>\n<p><span style=\"font-weight: 400;\">Kreem sisaldab 50% kombuchat, liposomaalseid keramiide, h\u00fcaluroonhapet, vitamiine ja mitmeid patenteeritud koostisosi: MadeWhite\u2122, Redsnow\u2122, Eosidin\u2122<\/span><\/p>\n<p>&nbsp;<\/p>\n<p><span style=\"font-weight: 400;\">MEDI-PEEL Hyal Kombucha Tea-Tox Cream on 100% vegan toode, millel on rahvusvaheline V-Label\u00ae sertifikaat.<\/span><\/p>\n<p>&nbsp;<\/p>\n<p>&nbsp;<\/p>","protected":false},"featured_media":10514,"comment_status":"open","ping_status":"closed","template":"","meta":{"_eb_attr":"","jetpack_post_was_ever_published":false,"_joinchat":[]},"product_brand":[],"product_cat":[219,95],"product_tag":[705,495,630,635,633,269,339,400,632,568,317,489],"class_list":{"0":"post-10519","1":"product","2":"type-product","3":"status-publish","4":"has-post-thumbnail","6":"product_cat-medi-peel","7":"product_cat-kremy-emulsii-i-losony-dlya-lica","8":"product_tag-eosidin-2","9":"product_tag-madewhite","10":"product_tag-medi-peel-kombucha","11":"product_tag-redsnow","12":"product_tag-veganskaya-kosmetika","13":"product_tag-gialuronovaya-kislota","14":"product_tag-kombucha","15":"product_tag-uvlazhnenie","16":"product_tag-fermentirovannaya-kosmetika","17":"product_tag-fermentirovannye-ingredienty","18":"product_tag-ceramidy","19":"product_tag-elastichnost-i-uprugost","21":"first","22":"instock","23":"shipping-taxable","24":"purchasable","25":"product-type-simple"},"jetpack_sharing_enabled":true,"_links":{"self":[{"href":"https:\/\/liluilu.ee\/et\/wp-json\/wp\/v2\/product\/10519","targetHints":{"allow":["GET"]}}],"collection":[{"href":"https:\/\/liluilu.ee\/et\/wp-json\/wp\/v2\/product"}],"about":[{"href":"https:\/\/liluilu.ee\/et\/wp-json\/wp\/v2\/types\/product"}],"replies":[{"embeddable":true,"href":"https:\/\/liluilu.ee\/et\/wp-json\/wp\/v2\/comments?post=10519"}],"version-history":[{"count":7,"href":"https:\/\/liluilu.ee\/et\/wp-json\/wp\/v2\/product\/10519\/revisions"}],"predecessor-version":[{"id":10528,"href":"https:\/\/liluilu.ee\/et\/wp-json\/wp\/v2\/product\/10519\/revisions\/10528"}],"wp:featuredmedia":[{"embeddable":true,"href":"https:\/\/liluilu.ee\/et\/wp-json\/wp\/v2\/media\/10514"}],"wp:attachment":[{"href":"https:\/\/liluilu.ee\/et\/wp-json\/wp\/v2\/media?parent=10519"}],"wp:term":[{"taxonomy":"product_brand","embeddable":true,"href":"https:\/\/liluilu.ee\/et\/wp-json\/wp\/v2\/product_brand?post=10519"},{"taxonomy":"product_cat","embeddable":true,"href":"https:\/\/liluilu.ee\/et\/wp-json\/wp\/v2\/product_cat?post=10519"},{"taxonomy":"product_tag","embeddable":true,"href":"https:\/\/liluilu.ee\/et\/wp-json\/wp\/v2\/product_tag?post=10519"}],"curies":[{"name":"t\u00f6\u00f6leht","href":"https:\/\/api.w.org\/{rel}","templated":true}]}}