{"id":10501,"date":"2024-02-14T16:23:03","date_gmt":"2024-02-14T13:23:03","guid":{"rendered":"https:\/\/liluilu.ee\/?post_type=product&#038;p=10501"},"modified":"2026-04-09T12:20:38","modified_gmt":"2026-04-09T09:20:38","slug":"medi-peel-hyal-kombucha-tea-tox-ampoule-50ml","status":"publish","type":"product","link":"https:\/\/liluilu.ee\/et\/medi-peel-hyal-kombucha-tea-tox-ampoule-50ml\/","title":{"rendered":"Intensiivne ampull elastsuse suurendamiseks kombucha ja keramiididega MEDI-PEEL Hyal Kombucha Tea-Tox Ampoule 50ml."},"content":{"rendered":"<h2><i><span style=\"font-weight: 400;\">MEDI-PEEL Hyal Kombucha Tea-Tox Ampulli peamised koostisosad ja omadused:<\/span><\/i><\/h2>\n<p>&nbsp;<\/p>\n<p><span style=\"font-weight: 400;\">Ampulli loomisel kasutatakse seda <\/span><b>liposomaalne kohaletoimetamise tehnoloogia<\/b><span style=\"font-weight: 400;\"> varasid. Selleks asetatakse toimeained liposoomide transpordimahutitesse, mis v\u00f5ivad tungida naha s\u00fcgavamatesse kihtidesse. See tehnoloogia parandab imendumist ja suurendab oluliselt toote efektiivsust.\u00a0<\/span><\/p>\n<p>&nbsp;<\/p>\n<p><span style=\"font-weight: 400;\">Valem p\u00f5hineb<\/span><b> 70% Kombucha ekstrakt<\/b><span style=\"font-weight: 400;\">, mis on rikas antioks\u00fcdantide, vitamiinide, aminohapete ja pol\u00fcfenoolide poolest. Selle koostisosa saamiseks kasutatakse valitud Inglise Amhad teed, mis l\u00e4bib k\u00e4\u00e4ritamise madalal temperatuuril (29C) 336 tundi. Nii s\u00fcnnib koostisaine, mis on oma antioks\u00fcdantsete omaduste poolest 8 korda aktiivsem kui roheline tee.<\/span><\/p>\n<p>&nbsp;<\/p>\n<p><span style=\"font-weight: 400;\">Kombucha ekstrakt taastab, kaitseb ja elustab nahka. K\u00fcllastub toitainete ja eluj\u00f5uga, taastab elastsuse ja tugevuse. Toniseerib ja taastab v\u00e4rvide heleduse. K\u00f5rvaldab tuhmuse ja v\u00e4rskendab jumet.<\/span><\/p>\n<p>&nbsp;<\/p>\n<p><span style=\"font-weight: 400;\">Kompleks, mis sisaldab 8 t\u00fc\u00fcpi h\u00fcaluroonhapet ja 5 t\u00fc\u00fcpi liposomaalseid keramiide, vastutab s\u00fcgava ja kauakestva niisutuse eest.<\/span><\/p>\n<p>&nbsp;<\/p>\n<p><b>H\u00fcaluroonhape <\/b><span style=\"font-weight: 400;\">erineva molekulmassiga, t\u00e4idab intensiivselt nahka niiskusega s\u00fcgavatest pindmiste kihtideni ja k\u00f5rvaldab deh\u00fcdratsiooni. Silub kuivusest tekkinud kortse, muutes naha t\u00e4idlasemaks ja tihedamaks.\u00a0<\/span><\/p>\n<p>&nbsp;<\/p>\n<p><b>Liposomaalsed keramiidid <\/b><span style=\"font-weight: 400;\">on kinnitunud naha sarvkihti, taastavad loomuliku barj\u00e4\u00e4ri ja takistavad niiskuse liigset aurustumist, nii et nahk p\u00fcsib kaua niisutatud.\u00a0<\/span><\/p>\n<p><span style=\"font-weight: 400;\">Lisaks leevendavad keramiidid t\u00f5husalt kuivust, pingulolekut ja ketendamist, andes nahale pehme ja siidise tekstuuri.\u00a0<\/span><\/p>\n<p>&nbsp;<\/p>\n<p><b>MadeWhite\u2122<\/b><span style=\"font-weight: 400;\"> on madekassosiidist saadud patenteeritud koostisosa. \u00dchtlustab tooni, heledab tumedaid laike ja aknem\u00e4rke ning on ka v\u00e4ljendunud rahustava ja \u00e4rritusvastase toimega. Hoiab \u00e4ra p\u00f5letikku ja aknet.\u00a0<\/span><\/p>\n<p>&nbsp;<\/p>\n<p><b>Eosidin\u2122 <\/b><span style=\"font-weight: 400;\">- rohelisest unshiu mandariinist ekstraheeritud komponent. Toimib immunomodulaatorina, v\u00e4hendab tundlikkust ja toetab naha barj\u00e4\u00e4ri tervist.<\/span><\/p>\n<p>&nbsp;<\/p>\n<p><b>Redsnow\u2122 <\/b><span style=\"font-weight: 400;\">- Jaapani kameeliaekstrakti baasil loodud noorendav koostisosa. Hoiab \u00e4ra rakkude oks\u00fcdatsiooni, loodusliku kollageeni h\u00e4vimise ja aeglustab fotovananemise protsessi. Hoiab naha elastse ja pingul.\u00a0<\/span><\/p>\n<p>&nbsp;<\/p>\n<p><b>K\u00e4\u00e4ritatud riisi ekstrakt <\/b><span style=\"font-weight: 400;\">aktiveerib ainevahetusprotsesse ja silub peeneid kortse. Pehmendab ja \u00fchtlustab mikroreljeefi, muutes naha siidiseks ja siledaks.\u00a0<\/span><\/p>\n<p>&nbsp;<\/p>\n<p><span style=\"font-weight: 400;\">MEDI-PEEL Hyal Kombucha Tea-Tox ampullil on peen, v\u00e4rske aroom ja piimjas tekstuur. Toode jaotub kergesti \u00f5hukese kihina nahale ja imendub kleepuvust j\u00e4tmata. Sellel on l\u00e4ikiv viimistlus, mis annab nahale terve s\u00e4ra.\u00a0<\/span><\/p>\n<p>&nbsp;<\/p>\n<p><b>Soovitame MEDI-PEEL Hyal Kombucha Tea-Tox ampulli:<\/b><\/p>\n<p>&nbsp;<\/p>\n<ul>\n<li style=\"font-weight: 400;\" aria-level=\"1\"><span style=\"font-weight: 400;\">Kuivusele kalduvale, kuivale ja \u00f5hukesele nahale;<\/span><\/li>\n<li style=\"font-weight: 400;\" aria-level=\"1\"><span style=\"font-weight: 400;\">Igat t\u00fc\u00fcpi deh\u00fcdreeritud nahale;<\/span><\/li>\n<li style=\"font-weight: 400;\" aria-level=\"1\"><span style=\"font-weight: 400;\">N\u00f5rgenenud tooniga nahale;<\/span><\/li>\n<li style=\"font-weight: 400;\" aria-level=\"1\"><span style=\"font-weight: 400;\">V\u00e4sinud ja tuhmile nahale.<\/span><\/li>\n<\/ul>\n<p>&nbsp;<\/p>\n<p><span style=\"font-weight: 400;\">MEDI-PEEL Hyal Kombucha Tea-Tox ampull<\/span><span style=\"font-weight: 400;\"> Sobib igap\u00e4evaseks kasutamiseks, hommikul ja\/v\u00f5i \u00f5htul.\u00a0<\/span><\/p>\n<p>&nbsp;<\/p>\n<p><b>Kuidas kasutada:<\/b><\/p>\n<p><span style=\"font-weight: 400;\">Kandke m\u00f5ni tilk ampulli eelnevalt puhastatud ja toniseeritud n\u00e4o- ja kaelanahale. Jaotage ja patsutage \u00f5rnalt nahale, aidates tootel t\u00e4ielikult imenduda. J\u00e4rgmisena j\u00e4tkake j\u00e4rgmise hooldusetapiga (emulsioon v\u00f5i kreem).<\/span><\/p>\n<p>&nbsp;<\/p>\n<p><span style=\"font-weight: 400;\">Kui teil on lisak\u00fcsimusi v\u00f5i vajate toote valimisel n\u00f5u, kirjutage meile. Vestlus asub ekraani paremas alanurgas.<\/span><\/p>\n<p>&nbsp;<\/p>\n<p class=\"translation-block\">Netokogus: 50 ml.<\/p>\n<p>&nbsp;<\/p>\n<p><a title=\"TARNETINGIMUSED\" href=\"https:\/\/liluilu.ee\/et\/kohaletoimetamine\/\" target=\"_blank\" rel=\"noopener\">TARNETINGIMUSED<\/a><\/p>","protected":false},"excerpt":{"rendered":"<p>&nbsp;<\/p>\n<p><span style=\"font-weight: 400;\">Intensiivselt niisutav ja elastsust taastav ampull M<\/span><span style=\"font-weight: 400;\">EDI-PEEL Hyal Kombucha Tea-Tox ampull.<\/span><\/p>\n<p>&nbsp;<\/p>\n<p><span style=\"font-weight: 400;\">T\u00e4hendab <\/span><span style=\"font-weight: 400;\">rikkalikult toidab, niisutab ja pehmendab. Aeglustab vanusega seotud muutusi ja parandab naha elastsust. Muudab selle siledaks, t\u00e4idlaseks ja elastseks. Tagab s\u00fcgava ja kauakestva niisutuse, hoiab \u00e4ra deh\u00fcdratsiooni ja kuivuse. Toniseerib ja k\u00f5rvaldab v\u00e4sinud nahale iseloomuliku tuhmuse. V\u00e4rskendab ja parandab jumet.<\/span><\/p>\n<p>&nbsp;<\/p>\n<p><span style=\"font-weight: 400;\">Lisaks taastab ampull loomuliku nahabarj\u00e4\u00e4ri, tugevdab immuuns\u00fcsteemi ja pakub v\u00f5imsat antioks\u00fcdantset kaitset.\u00a0<\/span><\/p>\n<p>&nbsp;<\/p>\n<p><span style=\"font-weight: 400;\">Sisaldab 70% kombucha ekstrakti, liposomaalseid keramiide, h\u00fcaluroonhapet, fermenteeritud riisi ekstrakti, samuti patenteeritud MadeWhite\u2122, Redsnow\u2122, Eosidin\u2122 komplekse.<\/span><\/p>\n<p>&nbsp;<\/p>\n<p><span style=\"font-weight: 400;\">M<\/span><span style=\"font-weight: 400;\">EDI-PEEL Hyal Kombucha Tea-Tox Ampoule on 100% vegan toode, mis ei sisalda loomseid saadusi. Omab rahvusvahelist vegansertifikaati <\/span><span style=\"font-weight: 400;\">V-Label\u00ae.<\/span><\/p>\n<p>&nbsp;<\/p>\n<p>&nbsp;<\/p>","protected":false},"featured_media":10494,"comment_status":"open","ping_status":"closed","template":"","meta":{"_eb_attr":"","jetpack_post_was_ever_published":false,"_joinchat":[]},"product_brand":[],"product_cat":[219,226],"product_tag":[705,495,630,635,633,269,339,400,632,568,317,489],"class_list":{"0":"post-10501","1":"product","2":"type-product","3":"status-publish","4":"has-post-thumbnail","6":"product_cat-medi-peel","7":"product_cat-serumy","8":"product_tag-eosidin-2","9":"product_tag-madewhite","10":"product_tag-medi-peel-kombucha","11":"product_tag-redsnow","12":"product_tag-veganskaya-kosmetika","13":"product_tag-gialuronovaya-kislota","14":"product_tag-kombucha","15":"product_tag-uvlazhnenie","16":"product_tag-fermentirovannaya-kosmetika","17":"product_tag-fermentirovannye-ingredienty","18":"product_tag-ceramidy","19":"product_tag-elastichnost-i-uprugost","21":"first","22":"instock","23":"sale","24":"shipping-taxable","25":"purchasable","26":"product-type-simple"},"jetpack_sharing_enabled":true,"_links":{"self":[{"href":"https:\/\/liluilu.ee\/et\/wp-json\/wp\/v2\/product\/10501","targetHints":{"allow":["GET"]}}],"collection":[{"href":"https:\/\/liluilu.ee\/et\/wp-json\/wp\/v2\/product"}],"about":[{"href":"https:\/\/liluilu.ee\/et\/wp-json\/wp\/v2\/types\/product"}],"replies":[{"embeddable":true,"href":"https:\/\/liluilu.ee\/et\/wp-json\/wp\/v2\/comments?post=10501"}],"version-history":[{"count":8,"href":"https:\/\/liluilu.ee\/et\/wp-json\/wp\/v2\/product\/10501\/revisions"}],"predecessor-version":[{"id":10518,"href":"https:\/\/liluilu.ee\/et\/wp-json\/wp\/v2\/product\/10501\/revisions\/10518"}],"wp:featuredmedia":[{"embeddable":true,"href":"https:\/\/liluilu.ee\/et\/wp-json\/wp\/v2\/media\/10494"}],"wp:attachment":[{"href":"https:\/\/liluilu.ee\/et\/wp-json\/wp\/v2\/media?parent=10501"}],"wp:term":[{"taxonomy":"product_brand","embeddable":true,"href":"https:\/\/liluilu.ee\/et\/wp-json\/wp\/v2\/product_brand?post=10501"},{"taxonomy":"product_cat","embeddable":true,"href":"https:\/\/liluilu.ee\/et\/wp-json\/wp\/v2\/product_cat?post=10501"},{"taxonomy":"product_tag","embeddable":true,"href":"https:\/\/liluilu.ee\/et\/wp-json\/wp\/v2\/product_tag?post=10501"}],"curies":[{"name":"t\u00f6\u00f6leht","href":"https:\/\/api.w.org\/{rel}","templated":true}]}}