{"id":10458,"date":"2024-02-06T19:50:20","date_gmt":"2024-02-06T16:50:20","guid":{"rendered":"https:\/\/liluilu.ee\/?post_type=product&#038;p=10458"},"modified":"2026-04-11T21:10:34","modified_gmt":"2026-04-11T18:10:34","slug":"medi-peel-hyal-kombucha-tea-tox-toner-150ml","status":"publish","type":"product","link":"https:\/\/liluilu.ee\/et\/medi-peel-hyal-kombucha-tea-tox-toner-150ml\/","title":{"rendered":"Kahefaasiline toonik kombucha ja liposomaalsete keramiididega MEDI-PEEL Hyal Kombucha Tea-Tox Toner 150ml."},"content":{"rendered":"<h2><i><span style=\"font-weight: 400;\">MEDI-PEEL Hyal Kombucha Tea-Tox tooniku peamised koostisosad ja omadused:\u00a0<\/span><\/i><\/h2>\n<p>&nbsp;<\/p>\n<p><b>70% tooner on valmistatud kombucha ekstraktist<\/b><span style=\"font-weight: 400;\">.\u00a0<\/span><\/p>\n<p><span style=\"font-weight: 400;\">Valitud Inglise tee sorti Ahmad k\u00e4\u00e4ritatakse temperatuuril 29C 336 tundi. Nii s\u00fcnnib kombucha ekstrakt,<\/span><b> mida kasutatakse tooneris vee asemel<\/b><span style=\"font-weight: 400;\">.\u00a0<\/span><\/p>\n<p>&nbsp;<\/p>\n<p><span style=\"font-weight: 400;\">Kombucha ekstrakt on v\u00f5imas antioks\u00fcdant, mis on rikas vitamiinide, mineraalide, pol\u00fcfenoolide ja aminohapete poolest.<\/span><\/p>\n<p>&nbsp;<\/p>\n<ul>\n<li style=\"font-weight: 400;\" aria-level=\"1\"><span style=\"font-weight: 400;\">Kombucha kaitseb, ravib nahka ja parandab selle immuunsust;<\/span><\/li>\n<li style=\"font-weight: 400;\" aria-level=\"1\"><span style=\"font-weight: 400;\">K\u00fcllastub toitainete ja elut\u00e4htsa energiaga;<\/span><\/li>\n<li style=\"font-weight: 400;\" aria-level=\"1\"><span style=\"font-weight: 400;\">Tagastab naha s\u00e4ra, toonuse ja elastsuse.\u00a0<\/span><\/li>\n<\/ul>\n<p>&nbsp;<\/p>\n<p><b>8 t\u00fc\u00fcpi h\u00fcaluroonhapet <\/b><span style=\"font-weight: 400;\">leevendab deh\u00fcdratsiooni ja t\u00e4idab nahka rikkalikult niiskusega s\u00fcgavatest kuni pindmiste kihtideni.\u00a0<\/span><\/p>\n<p>&nbsp;<\/p>\n<p><b>5 t\u00fc\u00fcpi liposomaalseid keramiide <\/b><span style=\"font-weight: 400;\">v\u00e4ltida liigset niiskuse aurustumist ja hoida nahka pikka aega niisutatuna. Leevendab ebamugavustunnet, kuivust ja ketendust. Pehmenda karedad kohad ja anna nahale siidine tekstuur.\u00a0<\/span><\/p>\n<p>&nbsp;<\/p>\n<p><span style=\"font-weight: 400;\">Lisaks kasutatakse transportijatena liposoomseid keramiide. Nad viivad aktiivsed komponendid naha s\u00fcgavamatesse kihtidesse, mis v\u00f5imaldab neil paremini imenduda ja t\u00f5husamalt t\u00f6\u00f6tada.<\/span><\/p>\n<p>&nbsp;<\/p>\n<p><b>MadeWhite\u2122<\/b><span style=\"font-weight: 400;\"> on madekassosiidist saadud patenteeritud koostisosa. \u00dchtlustab tooni, heledab tumedaid laike ja aknem\u00e4rke ning on ka v\u00e4ljendunud rahustava ja \u00e4rritusvastase toimega. Hoiab \u00e4ra p\u00f5letikku ja aknet.\u00a0<\/span><\/p>\n<p>&nbsp;<\/p>\n<p><b>Eosidin\u2122 <\/b><span style=\"font-weight: 400;\">- rohelisest mandariinist ekstraheeritud komponent. Toimib immunomodulaatorina, v\u00e4hendab tundlikkust ja toetab naha barj\u00e4\u00e4ri tervist.<\/span><\/p>\n<p>&nbsp;<\/p>\n<p><b>Redsnow\u2122 <\/b><span style=\"font-weight: 400;\">- Jaapani kameeliaekstrakti baasil loodud noorendav koostisosa. Hoiab \u00e4ra rakkude oks\u00fcdatsiooni, loodusliku kollageeni h\u00e4vimise ja aeglustab fotovananemise protsessi. Hoiab naha elastse ja pingul.\u00a0<\/span><\/p>\n<p>&nbsp;<\/p>\n<p><span style=\"font-weight: 400;\">MEDI-PEEL Hyal Kombucha Tea-Tox tooner on Itaalia vegan sertifikaadiga <\/span><span style=\"font-weight: 400;\">V-Label\u00ae,<\/span> <span style=\"font-weight: 400;\">kinnitades, et valem ei sisalda loomset p\u00e4ritolu komponente.<\/span><\/p>\n<p>&nbsp;<\/p>\n<p><span style=\"font-weight: 400;\">Toode koosneb kahest osast: toonikust (70%) ja kreemist (30%). Segatuna moodustavad need kerge, kuid toitva ja \u00fcliniisutava pehme kreemja tekstuuriga toote.\u00a0<\/span><\/p>\n<p>&nbsp;<\/p>\n<p><span style=\"font-weight: 400;\">Pealekandmisel eemaldab toonik koheselt kuivuse, pehmendab ja t\u00e4idab naha eluj\u00f5uga. P\u00e4rast kasutamist omandab terve s\u00e4ra ja kauni \u00fchtlase tooni. \u00c4rritus ja koorumine kaovad. Nahk muutub toidetuks, siledaks ja elastseks.<\/span><\/p>\n<p>&nbsp;<\/p>\n<p><span style=\"font-weight: 400;\">Vajadusel v\u00f5ib toonikut kihistada. See meetod sobib n\u00f5rgestatud ja v\u00e4ga kuiva naha intensiivhoolduseks, samuti kui kasutate toonikut k\u00f5ik-\u00fches tootena.<\/span><\/p>\n<p>&nbsp;<\/p>\n<p><b>Soovitame MEDI-PEEL Hyal Kombucha Tea-Tox toonikut:<\/b><\/p>\n<p>&nbsp;<\/p>\n<ul>\n<li style=\"font-weight: 400;\" aria-level=\"1\"><span style=\"font-weight: 400;\">Kuivale, kuivale v\u00f5i normaalsele nahale;<\/span><\/li>\n<li style=\"font-weight: 400;\" aria-level=\"1\"><span style=\"font-weight: 400;\">\u00d5hukesele nahale;<\/span><\/li>\n<li style=\"font-weight: 400;\" aria-level=\"1\"><span style=\"font-weight: 400;\">Deh\u00fcdreeritud nahale;<\/span><\/li>\n<li style=\"font-weight: 400;\" aria-level=\"1\"><span style=\"font-weight: 400;\">Kombineeritud nahale k\u00f5ik-\u00fches tootena;<\/span><\/li>\n<li style=\"font-weight: 400;\" aria-level=\"1\"><span style=\"font-weight: 400;\">N\u00f5rgenenud tooniga nahale;<\/span><\/li>\n<li style=\"font-weight: 400;\" aria-level=\"1\"><span style=\"font-weight: 400;\">V\u00e4sinud ja tuhmi jumega nahale.<\/span><\/li>\n<\/ul>\n<p>&nbsp;<\/p>\n<p><span style=\"font-weight: 400;\">MEDI-PEEL Hyal Kombucha Tea-Tox toonik<\/span><span style=\"font-weight: 400;\"> M\u00f5eldud igap\u00e4evaseks kasutamiseks, hommikul ja\/v\u00f5i \u00f5htul.\u00a0<\/span><\/p>\n<p>&nbsp;<\/p>\n<p><b>Kuidas kasutada:<\/b><\/p>\n<ol>\n<li style=\"font-weight: 400;\" aria-level=\"1\"><span style=\"font-weight: 400;\">Enne kasutamist loksutage pudelit tugevalt, kuni kihid on t\u00e4ielikult segunenud.\u00a0<\/span><\/li>\n<li style=\"font-weight: 400;\" aria-level=\"1\"><span style=\"font-weight: 400;\">J\u00e4rgmisena kanna vajalik kogus toonikut puhastatud n\u00e4o- ja kaelanahale. Jaotage ja tehke kergeid patsutusliigutusi, et tooner imenduks.<\/span><\/li>\n<\/ol>\n<p>&nbsp;<\/p>\n<p><span style=\"font-weight: 400;\">S\u00fcgava ja intensiivse toitumise efekti saavutamiseks kandke toonikut kuni 3 korda ja laske t\u00e4ielikult imenduda.\u00a0<\/span><\/p>\n<p>&nbsp;<\/p>\n<p><span style=\"font-weight: 400;\">Samuti v\u00f5ite leotada vatipadjakesi toonikuga ja kanda n\u00e4ole 2-3 minutiks kohaliku maskina.<\/span><\/p>\n<p>&nbsp;<\/p>\n<p><span style=\"font-weight: 400;\">Kui teil on lisak\u00fcsimusi v\u00f5i vajate toote valimisel n\u00f5u, kirjutage meile. Vestlus asub ekraani paremas alanurgas.<\/span><\/p>\n<p>&nbsp;<\/p>\n<p><b>Netokogus:<\/b><span style=\"font-weight: 400;\"> 150 ml.<\/span><\/p>\n<p>&nbsp;<\/p>\n<p><a title=\"TARNETINGIMUSED\" href=\"https:\/\/liluilu.ee\/et\/kohaletoimetamine\/\" target=\"_blank\" rel=\"noopener\">TARNETINGIMUSED<\/a><\/p>","protected":false},"excerpt":{"rendered":"<p><span style=\"font-weight: 400;\">Toitev ja intensiivselt niisutav kahefaasiline n\u00e4otoonik MEDI-PEEL Hyal Kombucha Tea-Tox Toner.\u00a0<\/span><\/p>\n<p>&nbsp;<\/p>\n<p><span style=\"font-weight: 400;\">Toode on osa sarjast, mille eesm\u00e4rk on <\/span><b>naha elastsuse taastamine ja s\u00fcgav niisutamine<\/b><span style=\"font-weight: 400;\">. Toonikul on v\u00e4ljendunud taastav toime, see v\u00f5itleb deh\u00fcdratsiooniga ja parandab toonust. S\u00e4ilitab kaitsebarj\u00e4\u00e4ri terviklikkuse, rahustab ja elustab nahka.<\/span><\/p>\n<p>&nbsp;<\/p>\n<p><span style=\"font-weight: 400;\">MEDI-PEEL Hyal Kombucha Tea-Tox tooner:<\/span><\/p>\n<ul>\n<li style=\"font-weight: 400;\" aria-level=\"1\"><span style=\"font-weight: 400;\">Toidab intensiivselt ja t\u00e4idab niiskusega;<\/span><\/li>\n<li style=\"font-weight: 400;\" aria-level=\"1\"><span style=\"font-weight: 400;\">Leevendab kuivust, pingulolekut ja ketendust;<\/span><\/li>\n<li style=\"font-weight: 400;\" aria-level=\"1\"><span style=\"font-weight: 400;\">K\u00f5rvaldab tuhmuse ja v\u00e4rskendab jumet;<\/span><\/li>\n<li style=\"font-weight: 400;\" aria-level=\"1\"><span style=\"font-weight: 400;\">Pehmendab ja \u00fchtlustab mikroreljeefi;<\/span><\/li>\n<li style=\"font-weight: 400;\" aria-level=\"1\"><span style=\"font-weight: 400;\">Muudab naha siidiseks, siledaks ja pingul;<\/span><\/li>\n<li style=\"font-weight: 400;\" aria-level=\"1\"><span style=\"font-weight: 400;\">V\u00e4hendab oks\u00fcdatiivset stressi ja aeglustab naha fotovananemise protsessi.<\/span><\/li>\n<\/ul>\n<p>&nbsp;<\/p>\n<p><span style=\"font-weight: 400;\">Tooner 70% sisaldab kombuchat, liposomaalseid keramiide, multimolekulaarset h\u00fcaluroonhapet ja patenteeritud MadeWhite\u2122, Redsnow\u2122, Eosidin\u2122 komplekse.<\/span><\/p>\n<p>&nbsp;<\/p>\n<p><b>pH v\u00e4\u00e4rtus ~6,0.<\/b><\/p>\n<p>&nbsp;<\/p>\n<p>&nbsp;<\/p>","protected":false},"featured_media":11697,"comment_status":"open","ping_status":"closed","template":"","meta":{"_eb_attr":"","jetpack_post_was_ever_published":false,"_joinchat":[]},"product_brand":[],"product_cat":[219,217],"product_tag":[705,495,630,635,633,269,631,339,400,632,568,317,489],"class_list":{"0":"post-10458","1":"product","2":"type-product","3":"status-publish","4":"has-post-thumbnail","6":"product_cat-medi-peel","7":"product_cat-tonery","8":"product_tag-eosidin-2","9":"product_tag-madewhite","10":"product_tag-medi-peel-kombucha","11":"product_tag-redsnow","12":"product_tag-veganskaya-kosmetika","13":"product_tag-gialuronovaya-kislota","14":"product_tag-dvuhfaznyj-toner","15":"product_tag-kombucha","16":"product_tag-uvlazhnenie","17":"product_tag-fermentirovannaya-kosmetika","18":"product_tag-fermentirovannye-ingredienty","19":"product_tag-ceramidy","20":"product_tag-elastichnost-i-uprugost","22":"first","23":"instock","24":"sale","25":"shipping-taxable","26":"purchasable","27":"product-type-simple"},"jetpack_sharing_enabled":true,"_links":{"self":[{"href":"https:\/\/liluilu.ee\/et\/wp-json\/wp\/v2\/product\/10458","targetHints":{"allow":["GET"]}}],"collection":[{"href":"https:\/\/liluilu.ee\/et\/wp-json\/wp\/v2\/product"}],"about":[{"href":"https:\/\/liluilu.ee\/et\/wp-json\/wp\/v2\/types\/product"}],"replies":[{"embeddable":true,"href":"https:\/\/liluilu.ee\/et\/wp-json\/wp\/v2\/comments?post=10458"}],"version-history":[{"count":7,"href":"https:\/\/liluilu.ee\/et\/wp-json\/wp\/v2\/product\/10458\/revisions"}],"predecessor-version":[{"id":10585,"href":"https:\/\/liluilu.ee\/et\/wp-json\/wp\/v2\/product\/10458\/revisions\/10585"}],"wp:featuredmedia":[{"embeddable":true,"href":"https:\/\/liluilu.ee\/et\/wp-json\/wp\/v2\/media\/11697"}],"wp:attachment":[{"href":"https:\/\/liluilu.ee\/et\/wp-json\/wp\/v2\/media?parent=10458"}],"wp:term":[{"taxonomy":"product_brand","embeddable":true,"href":"https:\/\/liluilu.ee\/et\/wp-json\/wp\/v2\/product_brand?post=10458"},{"taxonomy":"product_cat","embeddable":true,"href":"https:\/\/liluilu.ee\/et\/wp-json\/wp\/v2\/product_cat?post=10458"},{"taxonomy":"product_tag","embeddable":true,"href":"https:\/\/liluilu.ee\/et\/wp-json\/wp\/v2\/product_tag?post=10458"}],"curies":[{"name":"t\u00f6\u00f6leht","href":"https:\/\/api.w.org\/{rel}","templated":true}]}}