{"id":10420,"date":"2024-02-02T00:46:38","date_gmt":"2024-02-01T21:46:38","guid":{"rendered":"https:\/\/liluilu.ee\/?post_type=product&#038;p=10420"},"modified":"2026-03-20T16:57:51","modified_gmt":"2026-03-20T13:57:51","slug":"miniature-mary-may-blackberry-wash-off-pack-30-gr","status":"publish","type":"product","link":"https:\/\/liluilu.ee\/et\/miniature-mary-may-blackberry-wash-off-pack-30-gr\/","title":{"rendered":"Miniatuurne antioks\u00fcdantne savimask murakatega Mary&amp;May Blackberry Complex Glow Wash Off Pakend 30g."},"content":{"rendered":"<p><span style=\"font-weight: 400;\">Muraka mahapestava savimaski miniversioon, mis tagab spaalaadsed tulemused otse kodus.<\/span><\/p>\n<p>&nbsp;<\/p>\n<p><span style=\"font-weight: 400;\">15 minutiga muudab toode v\u00e4sinud, elutu naha pringiks, v\u00e4rskeks ja s\u00e4ravaks nahaks.<\/span><\/p>\n<p>&nbsp;<\/p>\n<p><span style=\"font-weight: 400;\">Mask puhastab poorid liigsest rasust ja mustusest. Kontrollib rasu tootmist ja v\u00e4hendab rasusust. Sellel on koorivad omadused ja see poleerib nahka \u00f5rnalt. Eemaldab koheselt tuhmuse ja parandab jumet.<\/span><\/p>\n<p>&nbsp;<\/p>\n<p><span style=\"font-weight: 400;\">T\u00e4nu k\u00f5rgele antioks\u00fcdantide sisaldusele on toode noorendava toimega ning aitab hoida naha sileda ja elastsena.<\/span><\/p>\n<p>&nbsp;<\/p>\n<p><span style=\"font-weight: 400;\">Mask sisaldab muraka ekstrakti, 4 t\u00fc\u00fcpi savi, pruunvetikate, nasturtiumi, musta tee ja h\u00fcaluroonhappe ekstrakte. Nende komponentide tasakaalustatud harmoonia tagab nahale funktsionaalse ja \u00f5rna hoolduse.<\/span><\/p>\n<p>&nbsp;<\/p>\n<p><span style=\"font-weight: 400;\">Toode sobib normaalsele, kombineeritud ja rasusele nahale.\u00a0<\/span><\/p>\n<p>&nbsp;<\/p>\n<p><span style=\"font-weight: 400;\">Loe t\u00e4psemat infot ja toodet <\/span><span style=\"color: #0000ff;\"><a style=\"color: #0000ff;\" href=\"https:\/\/liluilu.ee\/et\/mary-may-blackberry-complex-glow-wash-off-pack-125gr\/\" target=\"_blank\" rel=\"noopener\"><span style=\"font-weight: 400;\">siit<\/span><\/a><\/span><span style=\"font-weight: 400;\">.<\/span><\/p>\n<p>&nbsp;<\/p>\n<p><b>Kuidas kasutada:<\/b><\/p>\n<ol>\n<li style=\"font-weight: 400;\" aria-level=\"1\"><span style=\"font-weight: 400;\">Kanna mask eelnevalt puhastatud ja kuivale n\u00e4onahale, hajuta, v\u00e4ltides silma- ja suu\u00fcmbrust. <\/span><b>Oluline selgitus:<\/b> <b>mask tuleb kanda paksu kihina<\/b><span style=\"font-weight: 400;\">et nahk saaks protseduuri k\u00e4igus piisavas koguses niiskust ja aktiivsed komponendid toimiksid t\u00f5husalt.\u00a0<\/span><\/li>\n<li style=\"font-weight: 400;\" aria-level=\"1\"><span style=\"font-weight: 400;\">J\u00e4tke mask 10-15 minutiks, seej\u00e4rel loputage see sooja veega maha.\u00a0<\/span><\/li>\n<\/ol>\n<p>&nbsp;<\/p>\n<p><span style=\"font-weight: 400;\">Kui teil on lisak\u00fcsimusi v\u00f5i vajate toote valimisel n\u00f5u, kirjutage meile. Vestlus asub ekraani paremas alanurgas.<\/span><\/p>\n<p>&nbsp;<\/p>\n<p><a title=\"TARNETINGIMUSED\" href=\"https:\/\/liluilu.ee\/et\/kohaletoimetamine\/\" target=\"_blank\" rel=\"noopener\">TARNETINGIMUSED<\/a><\/p>","protected":false},"excerpt":{"rendered":"<p>\u041c\u0438\u043d\u0438-\u0432\u0435\u0440\u0441\u0438\u044f \u0441\u043c\u044b\u0432\u0430\u0435\u043c\u043e\u0439 \u0433\u043b\u0438\u043d\u044f\u043d\u043e\u0439 \u043c\u0430\u0441\u043a\u0438 \u0441 \u0435\u0436\u0435\u0432\u0438\u043a\u043e\u0439, \u043a\u043e\u0442\u043e\u0440\u0430\u044f \u043e\u0431\u0435\u0441\u043f\u0435\u0447\u0438\u0432\u0430\u0435\u0442 \u0421\u041f\u0410-\u0440\u0435\u0437\u0443\u043b\u044c\u0442\u0430\u0442 \u043f\u0440\u044f\u043c\u043e \u043d\u0430 \u0434\u043e\u043c\u0443. &nbsp; \u0421\u0440\u0435\u0434\u0441\u0442\u0432\u043e \u0437\u0430 15 \u043c\u0438\u043d\u0443\u0442 \u043f\u0440\u0435\u0432\u0440\u0430\u0449\u0430\u0435\u0442 \u0443\u0441\u0442\u0430\u0432\u0448\u0443\u044e, \u0431\u0435\u0437\u0436\u0438\u0437\u043d\u0435\u043d\u043d\u0443\u044e \u043a\u043e\u0436\u0443 \u0432 \u043d\u0430\u043f\u043e\u043b\u043d\u0435\u043d\u043d\u0443\u044e, \u0441\u0432\u0435\u0436\u0443\u044e \u0438 \u0441\u0438\u044f\u044e\u0449\u0443\u044e. &nbsp; \u041c\u0430\u0441\u043a\u0430 \u043e\u0447\u0438\u0449\u0430\u0435\u0442 \u043f\u043e\u0440\u044b \u043e\u0442 \u0438\u0437\u043b\u0438\u0448\u043a\u043e\u0432 \u0441\u0435\u0431\u0443\u043c\u0430 \u0438 \u0437\u0430\u0433\u0440\u044f\u0437\u043d\u0435\u043d\u0438\u0439. \u041a\u043e\u043d\u0442\u0440\u043e\u043b\u0438\u0440\u0443\u0435\u0442 \u0432\u044b\u0440\u0430\u0431\u043e\u0442\u043a\u0443 \u043a\u043e\u0436\u043d\u043e\u0433\u043e \u0441\u0430\u043b\u0430 \u0438 \u0443\u043c\u0435\u043d\u044c\u0448\u0430\u0435\u0442 \u0436\u0438\u0440\u043d\u043e\u0441\u0442\u044c. \u041e\u0431\u043b\u0430\u0434\u0430\u0435\u0442 \u043e\u0442\u0448\u0435\u043b\u0443\u0448\u0438\u0432\u0430\u044e\u0449\u0438\u043c \u0441\u0432\u043e\u0439\u0441\u0442\u0432\u043e\u043c \u0438 \u043c\u044f\u0433\u043a\u043e \u043f\u043e\u043b\u0438\u0440\u0443\u0435\u0442 \u043a\u043e\u0436\u0443. \u041c\u043e\u043c\u0435\u043d\u0442\u0430\u043b\u044c\u043d\u043e \u0443\u0441\u0442\u0440\u0430\u043d\u044f\u0435\u0442 \u0442\u0443\u0441\u043a\u043b\u043e\u0441\u0442\u044c \u0438 \u0443\u043b\u0443\u0447\u0448\u0430\u0435\u0442 \u0446\u0432\u0435\u0442 [&hellip;]<\/p>","protected":false},"featured_media":10416,"comment_status":"open","ping_status":"closed","template":"","meta":{"_eb_attr":"","jetpack_post_was_ever_published":false,"_joinchat":[]},"product_brand":[],"product_cat":[232,103],"product_tag":[619,445,572,443,623,415,417,419,625,497,624,459,535],"class_list":{"0":"post-10420","1":"product","2":"type-product","3":"status-publish","4":"has-post-thumbnail","6":"product_cat-mary-may","7":"product_cat-maski-dlya-lica","8":"product_tag-mary-amp-may-idebenone-blackberry-line","9":"product_tag-antivozrastnoj-uhod","10":"product_tag-antivozrastnye-maski-dlya-lica","11":"product_tag-antioksidanty","12":"product_tag-glinyanye-maski-dlya-lica","13":"product_tag-zhirnaya-kozha","14":"product_tag-kombinirovannaya-kozha","15":"product_tag-normalnaya-kozha","16":"product_tag-ochishhajushhie-maski-dlya-lica","17":"product_tag-probniki-i-miniatjury","18":"product_tag-smyvaemye-maski-dlya-lica","19":"product_tag-tusklyj-cvet-lica","20":"product_tag-ekstrakt-ezheviki","22":"first","23":"instock","24":"sale","25":"shipping-taxable","26":"purchasable","27":"product-type-simple"},"jetpack_sharing_enabled":true,"_links":{"self":[{"href":"https:\/\/liluilu.ee\/et\/wp-json\/wp\/v2\/product\/10420","targetHints":{"allow":["GET"]}}],"collection":[{"href":"https:\/\/liluilu.ee\/et\/wp-json\/wp\/v2\/product"}],"about":[{"href":"https:\/\/liluilu.ee\/et\/wp-json\/wp\/v2\/types\/product"}],"replies":[{"embeddable":true,"href":"https:\/\/liluilu.ee\/et\/wp-json\/wp\/v2\/comments?post=10420"}],"version-history":[{"count":6,"href":"https:\/\/liluilu.ee\/et\/wp-json\/wp\/v2\/product\/10420\/revisions"}],"predecessor-version":[{"id":10426,"href":"https:\/\/liluilu.ee\/et\/wp-json\/wp\/v2\/product\/10420\/revisions\/10426"}],"wp:featuredmedia":[{"embeddable":true,"href":"https:\/\/liluilu.ee\/et\/wp-json\/wp\/v2\/media\/10416"}],"wp:attachment":[{"href":"https:\/\/liluilu.ee\/et\/wp-json\/wp\/v2\/media?parent=10420"}],"wp:term":[{"taxonomy":"product_brand","embeddable":true,"href":"https:\/\/liluilu.ee\/et\/wp-json\/wp\/v2\/product_brand?post=10420"},{"taxonomy":"product_cat","embeddable":true,"href":"https:\/\/liluilu.ee\/et\/wp-json\/wp\/v2\/product_cat?post=10420"},{"taxonomy":"product_tag","embeddable":true,"href":"https:\/\/liluilu.ee\/et\/wp-json\/wp\/v2\/product_tag?post=10420"}],"curies":[{"name":"t\u00f6\u00f6leht","href":"https:\/\/api.w.org\/{rel}","templated":true}]}}