{"id":10408,"date":"2024-02-01T20:20:03","date_gmt":"2024-02-01T17:20:03","guid":{"rendered":"https:\/\/liluilu.ee\/?post_type=product&#038;p=10408"},"modified":"2026-04-17T12:25:48","modified_gmt":"2026-04-17T09:25:48","slug":"mary-may-blackberry-complex-glow-wash-off-pack-125gr","status":"publish","type":"product","link":"https:\/\/liluilu.ee\/et\/mary-may-blackberry-complex-glow-wash-off-pack-125gr\/","title":{"rendered":"Antioks\u00fcdantne savimask murakakompleksiga Mary&amp;May Blackberry Complex Glow Wash Off Pakend 125g."},"content":{"rendered":"<h2><i><span style=\"font-weight: 400;\">Mary&amp;May Blackberry Complex Glow Wash Off Packi peamised t\u00f6\u00f6komponendid ja omadused:<\/span><\/i><\/h2>\n<p>&nbsp;<\/p>\n<p><span style=\"font-weight: 400;\">Sisaldab maski<\/span><b> k\u00f5rge pulbrisisaldus ja murakaekstrakt (7050 ppm)<\/b><\/p>\n<p>&nbsp;<\/p>\n<p><span style=\"font-weight: 400;\">Murakad on suurep\u00e4rane toode nooruse ja ilu s\u00e4ilitamiseks. Selle tumesinised marjad on rikkad 150 flavonoidi seas v\u00f5imsaima antioks\u00fcdandi \u2013 antots\u00fcaniini \u2013 poolest. Antots\u00fcaniin takistab vananemist, eemaldades aktiivse hapniku, eemaldab toksiine ja puhastab poore.\u00a0<\/span><\/p>\n<p>&nbsp;<\/p>\n<p><span style=\"font-weight: 400;\">Lisaks stimuleerib muraka ekstrakt kollageeni s\u00fcnteesi ja pinguldab kudesid. V\u00e4hendab kapillaaride l\u00e4bilaskvust ja suurendab veresoonte elastsust, mis m\u00f5jub soodsalt rosaatsea tekkele kalduvale nahale.\u00a0<\/span><\/p>\n<p>&nbsp;<\/p>\n<p><b>4 t\u00fc\u00fcpi savi <\/b><span style=\"font-weight: 400;\">puhastada, imada liigset rasu ja avada poorid. \u00dchtlustab rasun\u00e4\u00e4rmete t\u00f6\u00f6d ja v\u00e4hendab n\u00e4o rasust l\u00e4iget.<\/span><\/p>\n<p>&nbsp;<\/p>\n<p><b>Pruunvetika ekstrakt <\/b><span style=\"font-weight: 400;\">s\u00e4ilitab nooruse ning taastab naha elastsuse ja tugevuse. Aktiveerib taastumisprotsessid kudedes, k\u00fcllastab rakud hapnikuga.\u00a0<\/span><\/p>\n<p>&nbsp;<\/p>\n<p><b>Musta tee ekstrakt <\/b><span style=\"font-weight: 400;\">toniseerib, k\u00f5rvaldab tuhmuse ja parandab jumet, muutes selle v\u00e4rskeks ja s\u00e4ravaks. Sellel on v\u00f5imendusomadus, t\u00e4nu millele tungivad k\u00f5ik maski komponendid s\u00fcgavamale nahka ja imenduvad paremini, suurendades toote efektiivsust.\u00a0<\/span><\/p>\n<p>&nbsp;<\/p>\n<p><b>Nasturtiumi ekstrakt <\/b><span style=\"font-weight: 400;\">rahustab ja leevendab \u00e4rritust. Stimuleerib regenereerimisprotsessi ja aitab taastada kahjustatud nahka.<\/span><\/p>\n<p>&nbsp;<\/p>\n<p><b>H\u00fcaluroonhape <\/b><span style=\"font-weight: 400;\">k\u00f5rvaldab niiskuse puudumisest tingitud tiheduse ja ebamugavustunde. Hoiab \u00e4ra deh\u00fcdratsiooni ja s\u00e4ilitab veetasakaalu.<\/span><\/p>\n<p>&nbsp;<\/p>\n<p><span style=\"font-weight: 400;\">Mary&amp;May Blackberry Complex Glow Wash Off Pack sisaldab muraka graanuleid, mis aitavad koorida surnud nahaosakesi ja eemaldada mustust. Lisaks k\u00fcllastavad nad nahka toitainetega, muutes selle<\/span><b> muutub siledaks nagu lapsel<\/b><span style=\"font-weight: 400;\">.\u00a0<\/span><\/p>\n<p>&nbsp;<\/p>\n<p><span style=\"font-weight: 400;\">Maskil on n\u00f5rk l\u00f5hn <\/span><b>(unisex)<\/b><span style=\"font-weight: 400;\">. Tekstuur on kreemjas ja niisutav, mis annab pehme efekti ega kuivata nahka.<\/span><\/p>\n<p>&nbsp;<\/p>\n<p><b>Soovitame Mary&amp;May Blackberry Complex Glow Wash Off Packi <\/b><span style=\"font-weight: 400;\">normaalsele, kombineeritud ja rasusele nahale.<\/span><\/p>\n<p>&nbsp;<\/p>\n<p><span style=\"font-weight: 400;\">S\u00fcgavamaks toitumiseks ja niisutamiseks <\/span><b>proovige seda p\u00e4rast maski nahale kanda <\/b><span style=\"color: #0000ff;\"><a style=\"color: #0000ff;\" href=\"https:\/\/liluilu.ee\/et\/mary-may-vegan-blackberry-complex-cream-essence\/\" target=\"_blank\" rel=\"noopener\">kreemi essents<\/a><\/span><span style=\"font-weight: 400;\">. See annab nahale kerge kreemi toitev\u00e4\u00e4rtuse koos essentsi v\u00e4rskendava toimega.\u00a0<\/span><\/p>\n<p>&nbsp;<\/p>\n<p><b>Kuidas kasutada:<\/b><\/p>\n<ol>\n<li style=\"font-weight: 400;\" aria-level=\"1\"><span style=\"font-weight: 400;\">Kanna mask eelnevalt puhastatud ja kuivale n\u00e4onahale, hajuta, v\u00e4ltides silma- ja suu\u00fcmbrust. <\/span><b>Oluline selgitus:<\/b> <b>mask tuleb kanda paksu kihina<\/b><span style=\"font-weight: 400;\">et nahk saaks protseduuri k\u00e4igus piisavas koguses niiskust ja aktiivsed komponendid toimiksid t\u00f5husalt.\u00a0<\/span><\/li>\n<li style=\"font-weight: 400;\" aria-level=\"1\"><span style=\"font-weight: 400;\">J\u00e4tke mask 10-15 minutiks, seej\u00e4rel loputage see sooja veega maha.\u00a0<\/span><\/li>\n<\/ol>\n<p>&nbsp;<\/p>\n<p><span style=\"font-weight: 400;\">Kui teil on lisak\u00fcsimusi v\u00f5i vajate toote valimisel n\u00f5u, kirjutage meile. Vestlus asub ekraani paremas alanurgas.<\/span><\/p>\n<p>&nbsp;<\/p>\n<p><a title=\"TARNETINGIMUSED\" href=\"https:\/\/liluilu.ee\/et\/kohaletoimetamine\/\" target=\"_blank\" rel=\"noopener\">TARNETINGIMUSED<\/a><\/p>","protected":false},"excerpt":{"rendered":"<p>&nbsp;<\/p>\n<p><span style=\"font-weight: 400;\">Luksuslik mahapestav savimask murakaekstraktiga Mary&amp;May Blackberry Complex Glow Wash Off Pack.\u00a0<\/span><\/p>\n<p>&nbsp;<\/p>\n<p><span style=\"font-weight: 400;\">Toode on rikas antioks\u00fcdantide poolest ja aitab aeglustada vanusega seotud muutusi. Blokeerib vabade radikaalide tegevuse, mis h\u00e4vitavad looduslikku kollageeni ja elastiini, kaitsevad agressiivsete keskkonnam\u00f5jude ja ultraviolettkiirguse eest.\u00a0<\/span><\/p>\n<p>&nbsp;<\/p>\n<p><span style=\"font-weight: 400;\">Lisaks Mary&amp;May Blackberry Complex Glow Wash Off Pack:<\/span><\/p>\n<p>&nbsp;<\/p>\n<ul>\n<li style=\"font-weight: 400;\" aria-level=\"1\"><span style=\"font-weight: 400;\">Eemaldab \u00f5rnalt mustuse ja liigse rasu;<\/span><\/li>\n<li style=\"font-weight: 400;\" aria-level=\"1\"><span style=\"font-weight: 400;\">Koorib surnud naharakud ja poleerib nahka \u00f5rnalt;<\/span><\/li>\n<li style=\"font-weight: 400;\" aria-level=\"1\"><span style=\"font-weight: 400;\">Reguleerib rasu tootmist ja v\u00e4hendab \u00f5list l\u00e4iget;<\/span><\/li>\n<li style=\"font-weight: 400;\" aria-level=\"1\"><span style=\"font-weight: 400;\">Niisutab ja k\u00fcllastab toitainetega;<\/span><\/li>\n<li style=\"font-weight: 400;\" aria-level=\"1\"><span style=\"font-weight: 400;\">Muudab naha elastseks, pehmeks ja sametiseks;<\/span><\/li>\n<li style=\"font-weight: 400;\" aria-level=\"1\"><span style=\"font-weight: 400;\">K\u00f5rvaldab tuhmuse ja annab v\u00e4rske, s\u00e4rava jume.<\/span><\/li>\n<\/ul>\n<p>&nbsp;<\/p>","protected":false},"featured_media":10404,"comment_status":"open","ping_status":"closed","template":"","meta":{"_eb_attr":"","jetpack_post_was_ever_published":false,"_joinchat":[]},"product_brand":[],"product_cat":[232,103],"product_tag":[619,445,572,443,623,415,417,419,625,624,459,535],"class_list":{"0":"post-10408","1":"product","2":"type-product","3":"status-publish","4":"has-post-thumbnail","6":"product_cat-mary-may","7":"product_cat-maski-dlya-lica","8":"product_tag-mary-amp-may-idebenone-blackberry-line","9":"product_tag-antivozrastnoj-uhod","10":"product_tag-antivozrastnye-maski-dlya-lica","11":"product_tag-antioksidanty","12":"product_tag-glinyanye-maski-dlya-lica","13":"product_tag-zhirnaya-kozha","14":"product_tag-kombinirovannaya-kozha","15":"product_tag-normalnaya-kozha","16":"product_tag-ochishhajushhie-maski-dlya-lica","17":"product_tag-smyvaemye-maski-dlya-lica","18":"product_tag-tusklyj-cvet-lica","19":"product_tag-ekstrakt-ezheviki","21":"first","22":"outofstock","23":"shipping-taxable","24":"purchasable","25":"product-type-simple"},"jetpack_sharing_enabled":true,"_links":{"self":[{"href":"https:\/\/liluilu.ee\/et\/wp-json\/wp\/v2\/product\/10408","targetHints":{"allow":["GET"]}}],"collection":[{"href":"https:\/\/liluilu.ee\/et\/wp-json\/wp\/v2\/product"}],"about":[{"href":"https:\/\/liluilu.ee\/et\/wp-json\/wp\/v2\/types\/product"}],"replies":[{"embeddable":true,"href":"https:\/\/liluilu.ee\/et\/wp-json\/wp\/v2\/comments?post=10408"}],"version-history":[{"count":5,"href":"https:\/\/liluilu.ee\/et\/wp-json\/wp\/v2\/product\/10408\/revisions"}],"predecessor-version":[{"id":10414,"href":"https:\/\/liluilu.ee\/et\/wp-json\/wp\/v2\/product\/10408\/revisions\/10414"}],"wp:featuredmedia":[{"embeddable":true,"href":"https:\/\/liluilu.ee\/et\/wp-json\/wp\/v2\/media\/10404"}],"wp:attachment":[{"href":"https:\/\/liluilu.ee\/et\/wp-json\/wp\/v2\/media?parent=10408"}],"wp:term":[{"taxonomy":"product_brand","embeddable":true,"href":"https:\/\/liluilu.ee\/et\/wp-json\/wp\/v2\/product_brand?post=10408"},{"taxonomy":"product_cat","embeddable":true,"href":"https:\/\/liluilu.ee\/et\/wp-json\/wp\/v2\/product_cat?post=10408"},{"taxonomy":"product_tag","embeddable":true,"href":"https:\/\/liluilu.ee\/et\/wp-json\/wp\/v2\/product_tag?post=10408"}],"curies":[{"name":"t\u00f6\u00f6leht","href":"https:\/\/api.w.org\/{rel}","templated":true}]}}