{"id":10371,"date":"2024-01-26T15:33:21","date_gmt":"2024-01-26T12:33:21","guid":{"rendered":"https:\/\/liluilu.ee\/?post_type=product&#038;p=10371"},"modified":"2026-04-09T13:47:31","modified_gmt":"2026-04-09T10:47:31","slug":"mary-may-premium-idebenone-blackberry-complex-essence-mask","status":"publish","type":"product","link":"https:\/\/liluilu.ee\/et\/mary-may-premium-idebenone-blackberry-complex-essence-mask\/","title":{"rendered":"Premium klassi maskid idebenooni ja muraka ekstraktiga Mary&amp;May Premium Idebenone Blackberry Complex Essence Mask 20 tk."},"content":{"rendered":"<h2><i><span style=\"font-weight: 400;\">Mary&amp;May Premium Idebenone Blackberry Complex Essence Maski peamised toimeained ja omadused:<\/span><\/i><\/h2>\n<p>&nbsp;<\/p>\n<p><span style=\"font-weight: 400;\">Essentsi koostis, millega maskid on immutatud, on endasse imanud k\u00f5ik Mary&amp;May seerumite kasulikud omadused ja komponendid:<\/span><\/p>\n<p>&nbsp;<\/p>\n<ul>\n<li style=\"font-weight: 400;\" aria-level=\"1\"><a href=\"https:\/\/liluilu.ee\/et\/mary-may-niacinamide-chaenomeles-sinensis-serum\/\" target=\"_blank\" rel=\"noopener\"><span style=\"font-weight: 400;\"><span style=\"color: #0000ff;\">Niatsiinamiid ja kudoonia ekstrakt<\/span><\/span><\/a><span style=\"font-weight: 400;\"> \u00fchtlustab tooni, kontrollib rasu tootmist ja ahendab poore;<\/span><\/li>\n<li style=\"font-weight: 400;\" aria-level=\"1\"><span style=\"color: #0000ff;\"><a style=\"color: #0000ff;\" href=\"https:\/\/liluilu.ee\/et\/mary-may-centella-asiatica-serum\/\" target=\"_blank\" rel=\"noopener\"><span style=\"font-weight: 400;\">Centella<\/span><\/a><\/span><span style=\"font-weight: 400;\"> rahustab ja taastab t\u00f5husalt nahka, on tervendava ja antibakteriaalse toimega;<\/span><\/li>\n<li style=\"font-weight: 400;\" aria-level=\"1\"><span style=\"color: #0000ff;\"><a style=\"color: #0000ff;\" href=\"https:\/\/liluilu.ee\/et\/mary-may-idebenone-blackberry-complex-serum\/\" target=\"_blank\" rel=\"noopener\"><span style=\"font-weight: 400;\">Idebenoon ja muraka ekstrakt<\/span><\/a><\/span><span style=\"font-weight: 400;\"> aeglustavad vananemisprotsesse ja omavad tugevat antioks\u00fcdantset toimet. Ameerika Dermatoloogia Assotsiatsioon on tunnistanud idebenooni \u00fcheks k\u00f5ige v\u00f5imsamaks naha antioks\u00fcdandiks. Selle efektiivsus on 4 korda k\u00f5rgem kui C-vitamiinil ja 10 korda k\u00f5rgem kui koens\u00fc\u00fcmil Q10.<\/span><\/li>\n<li style=\"font-weight: 400;\" aria-level=\"1\"><span style=\"color: #0000ff;\"><a style=\"color: #0000ff;\" href=\"https:\/\/liluilu.ee\/et\/mary-may-6-peptide-complex-serum\/\" target=\"_blank\" rel=\"noopener\"><span style=\"font-weight: 400;\">6 peptiidi kompleks<\/span><\/a><\/span><span style=\"font-weight: 400;\"> v\u00f5itleb kortsude tekkega, parandab naha tugevust ja elastsust;<\/span><\/li>\n<li style=\"font-weight: 400;\" aria-level=\"1\"><a href=\"https:\/\/liluilu.ee\/et\/mary-may-hyaluronics-serum-30-ml\/\" target=\"_blank\" rel=\"noopener\"><span style=\"font-weight: 400;\"><span style=\"color: #0000ff;\">Multimolekulaarne h\u00fcaluroonhape<\/span><\/span><\/a><span style=\"font-weight: 400;\"> t\u00e4idab kiiresti niiskusepuuduse ja s\u00e4ilitab optimaalse veetasakaalu.<\/span><\/li>\n<\/ul>\n<p>&nbsp;<\/p>\n<p><span style=\"font-weight: 400;\">Kuid see pole veel k\u00f5ik! Koostist t\u00e4iustavad veelgi v\u00e4\u00e4rtuslikud koostisosad:<\/span><\/p>\n<p>&nbsp;<\/p>\n<ul>\n<li style=\"font-weight: 400;\" aria-level=\"1\"><b>C-vitamiini derivaadid<\/b><span style=\"font-weight: 400;\"> ennetada vanuselaikude teket, \u00fchtlustada toonust ja parandada jumet;\u00a0<\/span><\/li>\n<li style=\"font-weight: 400;\" aria-level=\"1\"><b>Dekspantenool <\/b><span style=\"font-weight: 400;\">annab veelgi rohkem niisutust;<\/span><\/li>\n<li style=\"font-weight: 400;\" aria-level=\"1\"><b>Keramiidid <\/b><span style=\"font-weight: 400;\">v\u00e4ltida niiskuse liigset aurustumist ja taastada naha barj\u00e4\u00e4rifunktsioonid.\u00a0<\/span><\/li>\n<\/ul>\n<p>&nbsp;<\/p>\n<p><span style=\"font-weight: 400;\">Mary&amp;May Premium Idebenone Blackberry Complex Essence Mask on valmistatud keskkonnas\u00f5bralikest koostisosadest, mille on heaks kiitnud EWG. See on 100% vegantoode.\u00a0<\/span><\/p>\n<p>&nbsp;<\/p>\n<p><span style=\"font-weight: 400;\">K\u00f5ik maskid on taaskasutatavas konteineris, mis v\u00f5imaldab hoolitseda oma naha eest ja v\u00e4ltida keskkonna saastamist tarbetute pakenditega.<\/span><\/p>\n<p>&nbsp;<\/p>\n<p><span style=\"font-weight: 400;\">Mahuti on varustatud kaitsemembraaniga, mis ei lase essentsil aurustuda, seega j\u00e4\u00e4vad maskid algusest l\u00f5puni niisked.\u00a0<\/span><\/p>\n<p>&nbsp;<\/p>\n<p><span style=\"font-weight: 400;\">Maski alused on biolagunevad. Need on valmistatud bambuse nanopulbrist ja neil on k\u00f5rge nakkuvus, st nad kleepuvad tihedalt nahale. H\u00fcgroskoopne materjal ei lase essentsil v\u00e4lja voolata, mis teeb protseduuri mugavaks. <\/span><span style=\"font-weight: 400;\">Essentsi tekstuur ise on geelitaoline, ei j\u00e4ta peale kasutamist kleepuvust ega rasvast l\u00e4iget. Aroom on peen, lilleline, n\u00f5rgalt v\u00e4ljendunud.<\/span><\/p>\n<p>&nbsp;<\/p>\n<p><span style=\"font-weight: 400;\">Mary&amp;May Premium Idebenone Blackberry Complex Essence Mask <\/span><span style=\"font-weight: 400;\"><strong>Sobib k\u00f5ikidele nahat\u00fc\u00fcpidele ja v\u00f5ib kasutada igap\u00e4evaselt<\/strong>. T\u00e4iendab suurep\u00e4raselt nii hommikust kui \u00f5htust hooldust.<\/span><\/p>\n<p>&nbsp;<\/p>\n<p><b>Komplektis 20 maski ja minipintsetid<\/b><span style=\"font-weight: 400;\"> maskide h\u00fcgieeniliseks eemaldamiseks.<\/span><\/p>\n<p>&nbsp;<\/p>\n<p><b>Kuidas kasutada:<\/b><\/p>\n<p>&nbsp;<\/p>\n<ol>\n<li style=\"font-weight: 400;\" aria-level=\"1\"><span style=\"font-weight: 400;\">Puhastage oma n\u00e4gu ja t\u00f6\u00f6tlege seda toonikuga, et valmistada see maski pealekandmiseks ette.<\/span><\/li>\n<li style=\"font-weight: 400;\" aria-level=\"1\"><span style=\"font-weight: 400;\">Eemaldage kate ja t\u00f5stke kaitsemembraan \u00fcles, t\u00f5mmates r\u00f5ngast. <\/span><b>\u00c4rge eemaldage membraani t\u00e4ielikult. See hoiab \u00e4ra maskide kuivamise!<\/b><\/li>\n<li style=\"font-weight: 400;\" aria-level=\"1\"><span style=\"font-weight: 400;\">Eemaldage minipintsettide abil \u00fcks mask ja kandke see \u00f5rnalt n\u00e4ole, v\u00e4ltides suu- ja silmapiirkondi.<\/span><\/li>\n<li style=\"font-weight: 400;\" aria-level=\"1\"><span style=\"font-weight: 400;\">Sirgendage nii, et mask sobituks \u00f5humullikesteta tihedalt nahaga ja j\u00e4tke 10-15 minutiks.<\/span><\/li>\n<li style=\"font-weight: 400;\" aria-level=\"1\"><span style=\"font-weight: 400;\">Seej\u00e4rel eemalda mask ja m\u00e4\u00e4ri \u00fclej\u00e4\u00e4nud essents kergelt patsutavate liigutustega n\u00e4onahale kuni t\u00e4ieliku imendumiseni.<\/span><\/li>\n<li style=\"font-weight: 400;\" aria-level=\"1\"><span style=\"font-weight: 400;\">J\u00e4tkake oma hoolduse j\u00e4rgmise etapiga (losjoon, emulsioon v\u00f5i kreem).<\/span><\/li>\n<\/ol>\n<p>&nbsp;<\/p>\n<p><span style=\"font-weight: 400;\">Kui teil on lisak\u00fcsimusi v\u00f5i vajate toote valimisel n\u00f5u, kirjutage meile. Vestlus asub ekraani paremas alanurgas.<\/span><\/p>\n<p>&nbsp;<\/p>\n<p><a title=\"TARNETINGIMUSED\" href=\"https:\/\/liluilu.ee\/et\/kohaletoimetamine\/\" target=\"_blank\" rel=\"noopener\">TARNETINGIMUSED<\/a><\/p>","protected":false},"excerpt":{"rendered":"<p><span style=\"font-weight: 400;\">Luksuslikud n\u00e4omaskid idebenooni, muraka ja peptiididega <\/span><b>Mary&amp;May Premium Idebenone Blackberry Complex Essence Mask <\/b><span style=\"font-weight: 400;\">muudab naha silme ees, muutes selle siledaks ja portselanseks. Ideaalne naha intensiivseks hoolduseks, taastamiseks ja noorendamiseks.\u00a0<\/span><\/p>\n<p>&nbsp;<\/p>\n<p><span style=\"font-weight: 400;\">Mary&amp;May Premium Idebenone Blackberry Complex Essence Mask:<\/span><\/p>\n<p>&nbsp;<\/p>\n<ul>\n<li style=\"font-weight: 400;\" aria-level=\"1\"><span style=\"font-weight: 400;\">T\u00e4iendage koheselt niiskuse puudumist, leevendage kuivust ja ebamugavustunnet;<\/span><\/li>\n<li style=\"font-weight: 400;\" aria-level=\"1\"><span style=\"font-weight: 400;\">\u00dchtlustab tooni, heledab \u00f5rnalt tumedaid laike ja aknet;<\/span><\/li>\n<li style=\"font-weight: 400;\" aria-level=\"1\"><span style=\"font-weight: 400;\">Kontrolli rasu tootmist ja ahenda poore;<\/span><\/li>\n<li style=\"font-weight: 400;\" aria-level=\"1\"><span style=\"font-weight: 400;\">Parandab jumet, taastab v\u00e4rskuse ja s\u00e4ra;<\/span><\/li>\n<li style=\"font-weight: 400;\" aria-level=\"1\"><span style=\"font-weight: 400;\">Stimuleerida peamiste valkude tootmist, mis vastutavad naha nooruse ja elastsuse eest;<\/span><\/li>\n<li style=\"font-weight: 400;\" aria-level=\"1\"><span style=\"font-weight: 400;\">V\u00e4hendab oks\u00fcdatiivset stressi, kaitseb nahka fotovananemise ja kahjulike keskkonnategurite m\u00f5ju eest.<\/span><\/li>\n<\/ul>\n<p>&nbsp;<\/p>\n<p>&nbsp;<\/p>","protected":false},"featured_media":10375,"comment_status":"open","ping_status":"closed","template":"","meta":{"_eb_attr":"","jetpack_post_was_ever_published":false,"_joinchat":[]},"product_brand":[],"product_cat":[232,103],"product_tag":[619,445,572,443,311,622,423,239,557,493,421,467,400,535],"class_list":{"0":"post-10371","1":"product","2":"type-product","3":"status-publish","4":"has-post-thumbnail","6":"product_cat-mary-may","7":"product_cat-maski-dlya-lica","8":"product_tag-mary-amp-may-idebenone-blackberry-line","9":"product_tag-antivozrastnoj-uhod","10":"product_tag-antivozrastnye-maski-dlya-lica","11":"product_tag-antioksidanty","12":"product_tag-idebenon","13":"product_tag-kosmetika-s-peptidami","14":"product_tag-obezvozhennaya-kozha","15":"product_tag-peptidy","16":"product_tag-pitanie","17":"product_tag-sklonnaya-k-suhosti-kozha","18":"product_tag-suhaya-kozha","19":"product_tag-tonkaya-kozha","20":"product_tag-uvlazhnenie","21":"product_tag-ekstrakt-ezheviki","23":"first","24":"instock","25":"sale","26":"shipping-taxable","27":"purchasable","28":"product-type-simple"},"jetpack_sharing_enabled":true,"_links":{"self":[{"href":"https:\/\/liluilu.ee\/et\/wp-json\/wp\/v2\/product\/10371","targetHints":{"allow":["GET"]}}],"collection":[{"href":"https:\/\/liluilu.ee\/et\/wp-json\/wp\/v2\/product"}],"about":[{"href":"https:\/\/liluilu.ee\/et\/wp-json\/wp\/v2\/types\/product"}],"replies":[{"embeddable":true,"href":"https:\/\/liluilu.ee\/et\/wp-json\/wp\/v2\/comments?post=10371"}],"version-history":[{"count":7,"href":"https:\/\/liluilu.ee\/et\/wp-json\/wp\/v2\/product\/10371\/revisions"}],"predecessor-version":[{"id":10586,"href":"https:\/\/liluilu.ee\/et\/wp-json\/wp\/v2\/product\/10371\/revisions\/10586"}],"wp:featuredmedia":[{"embeddable":true,"href":"https:\/\/liluilu.ee\/et\/wp-json\/wp\/v2\/media\/10375"}],"wp:attachment":[{"href":"https:\/\/liluilu.ee\/et\/wp-json\/wp\/v2\/media?parent=10371"}],"wp:term":[{"taxonomy":"product_brand","embeddable":true,"href":"https:\/\/liluilu.ee\/et\/wp-json\/wp\/v2\/product_brand?post=10371"},{"taxonomy":"product_cat","embeddable":true,"href":"https:\/\/liluilu.ee\/et\/wp-json\/wp\/v2\/product_cat?post=10371"},{"taxonomy":"product_tag","embeddable":true,"href":"https:\/\/liluilu.ee\/et\/wp-json\/wp\/v2\/product_tag?post=10371"}],"curies":[{"name":"t\u00f6\u00f6leht","href":"https:\/\/api.w.org\/{rel}","templated":true}]}}