{"id":10362,"date":"2024-01-25T16:19:41","date_gmt":"2024-01-25T13:19:41","guid":{"rendered":"https:\/\/liluilu.ee\/?post_type=product&#038;p=10362"},"modified":"2026-04-17T17:02:01","modified_gmt":"2026-04-17T14:02:01","slug":"miniature-mary-may-sensitive-gel-blemish-cream-12gr","status":"publish","type":"product","link":"https:\/\/liluilu.ee\/et\/miniature-mary-may-sensitive-gel-blemish-cream-12gr\/","title":{"rendered":"Miniature of Mary&amp;May Sensitive Soothing Gel Blemish Cream 12g."},"content":{"rendered":"<p>&nbsp;<\/p>\n<p><span style=\"font-weight: 400;\">Mary&amp;May Sensitive Soothing Gel Blemish Cream miniversioon.<\/span><\/p>\n<p>&nbsp;<\/p>\n<p><span style=\"font-weight: 400;\">Toode on kerge geelja tekstuuriga ning m\u00f5jub nahale koheselt jahutavalt. Rahustab ja v\u00e4hendab punetust, leevendab p\u00f5letikku.<\/span><\/p>\n<p><span style=\"font-weight: 400;\">Reguleerib rasu tootmist ja ahendab poore. Niisutab, pehmendab nahka ja parandab jumet.<\/span><\/p>\n<p>&nbsp;<\/p>\n<p><span style=\"font-weight: 400;\">Kreem sisaldab hauttuynia ekstrakti, teepuu ekstrakti, pantenooli ja 6 t\u00fc\u00fcpi h\u00fcaluroonhapet.<\/span><\/p>\n<p>&nbsp;<\/p>\n<p><span style=\"font-weight: 400;\">Kreem sobib ideaalselt rasuse, kombineeritud, probleemse, tundliku ja \u00e4rritunud naha hooldamiseks.<\/span><\/p>\n<p>&nbsp;<\/p>\n<p><span style=\"font-weight: 400;\">Loe l\u00e4hemalt <\/span><span style=\"color: #0000ff;\"><a style=\"color: #0000ff;\" href=\"https:\/\/liluilu.ee\/et\/mary-may-sensitive-soothing-gel-blemish-cream-70-gr\/\" target=\"_blank\" rel=\"noopener\"><span style=\"font-weight: 400;\">siit<\/span><\/a><\/span><span style=\"font-weight: 400;\">.<\/span><\/p>\n<p>&nbsp;<\/p>\n<p><b>Kuidas kasutada:<\/b><\/p>\n<p><span style=\"font-weight: 400;\">Hoolduse viimases etapis kandke n\u00e4o- ja kaelanahale vajalik kogus kreemi. Jaotage ja kasutage peopesades \u00f5rnaid vajutavaid liigutusi, et toode t\u00e4ielikult imenduks.<\/span><\/p>\n<p>&nbsp;<\/p>\n<p><b>Netokogus:<\/b><span style=\"font-weight: 400;\"> 12 gr.<\/span><\/p>\n<p>&nbsp;<\/p>\n<p><span style=\"font-weight: 400;\">Kui teil on lisak\u00fcsimusi v\u00f5i vajate toote valimisel n\u00f5u, kirjutage meile. Vestlus asub ekraani paremas alanurgas.<\/span><\/p>\n<p>&nbsp;<\/p>\n<p><a title=\"TARNETINGIMUSED\" href=\"https:\/\/liluilu.ee\/et\/kohaletoimetamine\/\" target=\"_blank\" rel=\"noopener\">TARNETINGIMUSED<\/a><\/p>","protected":false},"excerpt":{"rendered":"<p>&nbsp; \u041c\u0438\u043d\u0438-\u0432\u0435\u0440\u0441\u0438\u044f \u0443\u0441\u043f\u043e\u043a\u0430\u0438\u0432\u0430\u044e\u0449\u0435\u0433\u043e \u043a\u0440\u0435\u043c\u0430 \u0434\u043b\u044f \u043b\u0438\u0446\u0430 Mary&amp;May Sensitive Soothing Gel Blemish Cream. &nbsp; \u0421\u0440\u0435\u0434\u0441\u0442\u0432\u043e \u043e\u0431\u043b\u0430\u0434\u0430\u0435\u0442 \u043b\u0435\u0433\u043a\u043e\u0439 \u0433\u0435\u043b\u0435\u0432\u043e\u0439 \u0442\u0435\u043a\u0441\u0442\u0443\u0440\u043e\u0439 \u0438 \u043e\u043a\u0430\u0437\u044b\u0432\u0430\u0435\u0442 \u043c\u0433\u043d\u043e\u0432\u0435\u043d\u043d\u043e\u0435 \u043e\u0445\u043b\u0430\u0436\u0434\u0430\u044e\u0449\u0435\u0435 \u0434\u0435\u0439\u0441\u0442\u0432\u0438\u0435 \u043d\u0430 \u043a\u043e\u0436\u0443. \u0423\u0441\u043f\u043e\u043a\u0430\u0438\u0432\u0430\u0435\u0442 \u0438 \u0443\u043c\u0435\u043d\u044c\u0448\u0430\u0435\u0442 \u043f\u043e\u043a\u0440\u0430\u0441\u043d\u0435\u043d\u0438\u044f, \u0441\u043d\u0438\u043c\u0430\u0435\u0442 \u0432\u043e\u0441\u043f\u0430\u043b\u0435\u043d\u0438\u044f. \u0420\u0435\u0433\u0443\u043b\u0438\u0440\u0443\u0435\u0442 \u0432\u044b\u0440\u0430\u0431\u043e\u0442\u043a\u0443 \u0441\u0435\u0431\u0443\u043c\u0430 \u0438 \u0441\u0443\u0436\u0430\u0435\u0442 \u043f\u043e\u0440\u044b. \u0423\u0432\u043b\u0430\u0436\u043d\u044f\u0435\u0442, \u0441\u043c\u044f\u0433\u0447\u0430\u0435\u0442 \u043a\u043e\u0436\u0443 \u0438 \u0443\u043b\u0443\u0447\u0448\u0430\u0435\u0442 \u0446\u0432\u0435\u0442 \u043b\u0438\u0446\u0430. &nbsp; \u0412 \u0441\u043e\u0441\u0442\u0430\u0432 \u043a\u0440\u0435\u043c\u0430 \u0432\u0445\u043e\u0434\u0438\u0442 \u044d\u043a\u0441\u0442\u0440\u0430\u043a\u0442 \u0445\u0430\u0443\u0442\u0442\u044e\u0439\u043d\u0438\u0438, \u044d\u043a\u0441\u0442\u0440\u0430\u043a\u0442 \u0447\u0430\u0439\u043d\u043e\u0433\u043e \u0434\u0435\u0440\u0435\u0432\u0430, \u043f\u0430\u043d\u0442\u0435\u043d\u043e\u043b [&hellip;]<\/p>","protected":false},"featured_media":10365,"comment_status":"open","ping_status":"closed","template":"","meta":{"_eb_attr":"","jetpack_post_was_ever_published":false,"_joinchat":[]},"product_brand":[],"product_cat":[232],"product_tag":[427,425,477,415,417,451,497,295,413,389],"class_list":{"0":"post-10362","1":"product","2":"type-product","3":"status-publish","4":"has-post-thumbnail","6":"product_cat-mary-may","7":"product_tag-houttuynia-cordata","8":"product_tag-houttuynia-cordata-line","9":"product_tag-vysypaniya-i-akne","10":"product_tag-zhirnaya-kozha","11":"product_tag-kombinirovannaya-kozha","12":"product_tag-problemnaya-kozha","13":"product_tag-probniki-i-miniatjury","14":"product_tag-hauttjujniya","15":"product_tag-chuvstvitelnaya-kozha","16":"product_tag-ekstrakt-chajnogo-dereva","18":"first","19":"instock","20":"sale","21":"shipping-taxable","22":"purchasable","23":"product-type-simple"},"jetpack_sharing_enabled":true,"_links":{"self":[{"href":"https:\/\/liluilu.ee\/et\/wp-json\/wp\/v2\/product\/10362","targetHints":{"allow":["GET"]}}],"collection":[{"href":"https:\/\/liluilu.ee\/et\/wp-json\/wp\/v2\/product"}],"about":[{"href":"https:\/\/liluilu.ee\/et\/wp-json\/wp\/v2\/types\/product"}],"replies":[{"embeddable":true,"href":"https:\/\/liluilu.ee\/et\/wp-json\/wp\/v2\/comments?post=10362"}],"version-history":[{"count":3,"href":"https:\/\/liluilu.ee\/et\/wp-json\/wp\/v2\/product\/10362\/revisions"}],"predecessor-version":[{"id":10367,"href":"https:\/\/liluilu.ee\/et\/wp-json\/wp\/v2\/product\/10362\/revisions\/10367"}],"wp:featuredmedia":[{"embeddable":true,"href":"https:\/\/liluilu.ee\/et\/wp-json\/wp\/v2\/media\/10365"}],"wp:attachment":[{"href":"https:\/\/liluilu.ee\/et\/wp-json\/wp\/v2\/media?parent=10362"}],"wp:term":[{"taxonomy":"product_brand","embeddable":true,"href":"https:\/\/liluilu.ee\/et\/wp-json\/wp\/v2\/product_brand?post=10362"},{"taxonomy":"product_cat","embeddable":true,"href":"https:\/\/liluilu.ee\/et\/wp-json\/wp\/v2\/product_cat?post=10362"},{"taxonomy":"product_tag","embeddable":true,"href":"https:\/\/liluilu.ee\/et\/wp-json\/wp\/v2\/product_tag?post=10362"}],"curies":[{"name":"t\u00f6\u00f6leht","href":"https:\/\/api.w.org\/{rel}","templated":true}]}}