{"id":10354,"date":"2024-01-25T12:11:29","date_gmt":"2024-01-25T09:11:29","guid":{"rendered":"https:\/\/liluilu.ee\/?post_type=product&#038;p=10354"},"modified":"2026-04-10T17:56:02","modified_gmt":"2026-04-10T14:56:02","slug":"mini-mary-may-idebenone-blackberry-cream-12gr","status":"publish","type":"product","link":"https:\/\/liluilu.ee\/et\/mini-mary-may-idebenone-blackberry-cream-12gr\/","title":{"rendered":"Idebenooni ja murakatega kreemi miniatuur Mary&amp;May Idebenone Blackberry kompleksne intensiivne totaalne hoolduskreem 12g."},"content":{"rendered":"<p><span style=\"font-weight: 400;\">Miniversioon noorendavast, toitvast ja niisutavast kreemist Mary&amp;May Idebenone Blackberry complex intensiivne totaalne hoolduskreem.<\/span><\/p>\n<p>&nbsp;<\/p>\n<p><span style=\"font-weight: 400;\">Toode 63% koosneb muraka ekstraktist. Sisaldab idebenooni, 5 t\u00fc\u00fcpi keramiide ja f\u00fctosfingosiini. Selline v\u00f5imas koostis muudab kreemi multifunktsionaalseks ja on suunatud k\u00fcpse naha igak\u00fclgsele taastamisele.<\/span><\/p>\n<p>&nbsp;<\/p>\n<p><span style=\"font-weight: 400;\">Mary&amp;May Idebenone Blackberry kompleksne intensiivhoolduskreem:<\/span><\/p>\n<p>&nbsp;<\/p>\n<ul>\n<li style=\"font-weight: 400;\" aria-level=\"1\"><span style=\"font-weight: 400;\">Niisutab s\u00fcgavuti, rikkalikult ja kauakestvalt;<\/span><\/li>\n<li style=\"font-weight: 400;\" aria-level=\"1\"><span style=\"font-weight: 400;\">K\u00f5rvaldab kuivuse ja ketenduse;<\/span><\/li>\n<li style=\"font-weight: 400;\" aria-level=\"1\"><span style=\"font-weight: 400;\">Taastab loomuliku kaitsebarj\u00e4\u00e4ri;<\/span><\/li>\n<li style=\"font-weight: 400;\" aria-level=\"1\"><span style=\"font-weight: 400;\">Silub peeneid jooni ja kortse;<\/span><\/li>\n<li style=\"font-weight: 400;\" aria-level=\"1\"><span style=\"font-weight: 400;\">J\u00e4tab naha pehmeks, siledaks ja elastseks;<\/span><\/li>\n<li style=\"font-weight: 400;\" aria-level=\"1\"><span style=\"font-weight: 400;\">Parandab jumet, annab sellele v\u00e4rskuse ja s\u00e4ra.<\/span><\/li>\n<li style=\"font-weight: 400;\" aria-level=\"1\"><span style=\"font-weight: 400;\">Noorendab, pakub antioks\u00fcdantset kaitset ja aeglustab vanusega seotud muutusi.<\/span><\/li>\n<\/ul>\n<p>&nbsp;<\/p>\n<p><span style=\"font-weight: 400;\">Kreem sobib k\u00fcpsele kombineeritud, normaalsele ja kuivale nahat\u00fc\u00fcbile. See on eriti kasulik deh\u00fcdreeritud nahale, millel on kahjustatud barj\u00e4\u00e4r.\u00a0<\/span><\/p>\n<p>&nbsp;<\/p>\n<p><span style=\"font-weight: 400;\">Loe t\u00e4psemat infot ja toodet <\/span><span style=\"color: #0000ff;\"><a style=\"color: #0000ff;\" href=\"https:\/\/liluilu.ee\/et\/mary-may-idebenone-blackberry-intense-cream\/\" target=\"_blank\" rel=\"noopener\"><span style=\"font-weight: 400;\">siit<\/span><\/a><\/span><span style=\"font-weight: 400;\">.<\/span><\/p>\n<p>&nbsp;<\/p>\n<p><b>Kuidas kasutada:<\/b><\/p>\n<p><span style=\"font-weight: 400;\">Hoolduse viimases etapis kandke n\u00e4o- ja kaelanahale vajalik kogus kreemi. Jaotage ja kasutage peopesades \u00f5rnaid vajutavaid liigutusi, et toode t\u00e4ielikult imenduks.<\/span><\/p>\n<p>&nbsp;<\/p>\n<p><b>Netokogus:<\/b><span style=\"font-weight: 400;\"> 12 gr.<\/span><\/p>\n<p>&nbsp;<\/p>\n<p><span style=\"font-weight: 400;\">Kui teil on lisak\u00fcsimusi v\u00f5i vajate toote valimisel n\u00f5u, kirjutage meile. Vestlus asub ekraani paremas alanurgas.<\/span><\/p>\n<p>&nbsp;<\/p>\n<p><a title=\"TARNETINGIMUSED\" href=\"https:\/\/liluilu.ee\/et\/kohaletoimetamine\/\" target=\"_blank\" rel=\"noopener\">TARNETINGIMUSED<\/a><\/p>","protected":false},"excerpt":{"rendered":"<p>\u041c\u0438\u043d\u0438-\u0432\u0435\u0440\u0441\u0438\u044f \u043e\u043c\u043e\u043b\u0430\u0436\u0438\u0432\u0430\u044e\u0449\u0435\u0433\u043e, \u043f\u0438\u0442\u0430\u0442\u0435\u043b\u044c\u043d\u043e\u0433\u043e \u0438 \u0443\u0432\u043b\u0430\u0436\u043d\u044f\u044e\u0449\u0435\u0433\u043e \u043a\u0440\u0435\u043c\u0430 Mary&amp;May Idebenone Blackberry complex intensive total care cream. &nbsp; \u0421\u0440\u0435\u0434\u0441\u0442\u0432\u043e \u043d\u0430 63% \u0441\u043e\u0441\u0442\u043e\u0438\u0442 \u0438\u0437 \u044d\u043a\u0441\u0442\u0440\u0430\u043a\u0442\u0430 \u0435\u0436\u0435\u0432\u0438\u043a\u0438. \u0421\u043e\u0434\u0435\u0440\u0436\u0438\u0442 \u0438\u0434\u0435\u0431\u0435\u043d\u043e\u043d, 5 \u0432\u0438\u0434\u043e\u0432 \u043a\u0435\u0440\u0430\u043c\u0438\u0434\u043e\u0432 \u0438 \u0444\u0438\u0442\u043e\u0441\u0444\u0438\u043d\u0433\u043e\u0437\u0438\u043d. \u0422\u0430\u043a\u043e\u0439 \u043c\u043e\u0449\u043d\u044b\u0439 \u0441\u043e\u0441\u0442\u0430\u0432 \u0434\u0435\u043b\u0430\u0435\u0442 \u043a\u0440\u0435\u043c \u043c\u043d\u043e\u0433\u043e\u0444\u0443\u043d\u043a\u0446\u0438\u043e\u043d\u0430\u043b\u044c\u043d\u044b\u043c \u0438 \u043d\u0430\u043f\u0440\u0430\u0432\u043b\u0435\u043d\u043d\u044b\u043c \u043d\u0430 \u043a\u043e\u043c\u043f\u043b\u0435\u043a\u0441\u043d\u043e\u0435 \u0432\u043e\u0441\u0441\u0442\u0430\u043d\u043e\u0432\u043b\u0435\u043d\u0438\u0435 \u0437\u0440\u0435\u043b\u043e\u0439 \u043a\u043e\u0436\u0438. &nbsp; Mary&amp;May Idebenone Blackberry complex intensive total care cream: &nbsp; \u0413\u043b\u0443\u0431\u043e\u043a\u043e, \u043e\u0431\u0438\u043b\u044c\u043d\u043e \u0438 [&hellip;]<\/p>","protected":false},"featured_media":10368,"comment_status":"open","ping_status":"closed","template":"","meta":{"_eb_attr":"","jetpack_post_was_ever_published":false,"_joinchat":[]},"product_brand":[],"product_cat":[232],"product_tag":[619,445,620,443,439,311,603,423,557,497,493,421,467,400,317,535],"class_list":{"0":"post-10354","1":"product","2":"type-product","3":"status-publish","4":"has-post-thumbnail","6":"product_cat-mary-may","7":"product_tag-mary-amp-may-idebenone-blackberry-line","8":"product_tag-antivozrastnoj-uhod","9":"product_tag-antivozrastnye-kremy-dlya-lica","10":"product_tag-antioksidanty","11":"product_tag-vosstanovlenie-barera","12":"product_tag-idebenon","13":"product_tag-kosmetika-s-ceramidami","14":"product_tag-obezvozhennaya-kozha","15":"product_tag-pitanie","16":"product_tag-probniki-i-miniatjury","17":"product_tag-sklonnaya-k-suhosti-kozha","18":"product_tag-suhaya-kozha","19":"product_tag-tonkaya-kozha","20":"product_tag-uvlazhnenie","21":"product_tag-ceramidy","22":"product_tag-ekstrakt-ezheviki","24":"first","25":"instock","26":"sale","27":"shipping-taxable","28":"purchasable","29":"product-type-simple"},"jetpack_sharing_enabled":true,"_links":{"self":[{"href":"https:\/\/liluilu.ee\/et\/wp-json\/wp\/v2\/product\/10354","targetHints":{"allow":["GET"]}}],"collection":[{"href":"https:\/\/liluilu.ee\/et\/wp-json\/wp\/v2\/product"}],"about":[{"href":"https:\/\/liluilu.ee\/et\/wp-json\/wp\/v2\/types\/product"}],"replies":[{"embeddable":true,"href":"https:\/\/liluilu.ee\/et\/wp-json\/wp\/v2\/comments?post=10354"}],"version-history":[{"count":4,"href":"https:\/\/liluilu.ee\/et\/wp-json\/wp\/v2\/product\/10354\/revisions"}],"predecessor-version":[{"id":10390,"href":"https:\/\/liluilu.ee\/et\/wp-json\/wp\/v2\/product\/10354\/revisions\/10390"}],"wp:featuredmedia":[{"embeddable":true,"href":"https:\/\/liluilu.ee\/et\/wp-json\/wp\/v2\/media\/10368"}],"wp:attachment":[{"href":"https:\/\/liluilu.ee\/et\/wp-json\/wp\/v2\/media?parent=10354"}],"wp:term":[{"taxonomy":"product_brand","embeddable":true,"href":"https:\/\/liluilu.ee\/et\/wp-json\/wp\/v2\/product_brand?post=10354"},{"taxonomy":"product_cat","embeddable":true,"href":"https:\/\/liluilu.ee\/et\/wp-json\/wp\/v2\/product_cat?post=10354"},{"taxonomy":"product_tag","embeddable":true,"href":"https:\/\/liluilu.ee\/et\/wp-json\/wp\/v2\/product_tag?post=10354"}],"curies":[{"name":"t\u00f6\u00f6leht","href":"https:\/\/api.w.org\/{rel}","templated":true}]}}