{"id":10337,"date":"2024-01-24T14:46:20","date_gmt":"2024-01-24T11:46:20","guid":{"rendered":"https:\/\/liluilu.ee\/?post_type=product&#038;p=10337"},"modified":"2026-04-21T08:52:47","modified_gmt":"2026-04-21T05:52:47","slug":"beauty-of-joseon-apricot-blossom-peeling-gel","status":"publish","type":"product","link":"https:\/\/liluilu.ee\/et\/beauty-of-joseon-apricot-blossom-peeling-gel\/","title":{"rendered":"Jaapani aprikoosiekstraktiga kooriv rull Beauty of Joseon Apricot Blossom Peeling Gel 100ml."},"content":{"rendered":"<h2><i><span style=\"font-weight: 400;\">Beauty of Joseon Apricot Blossom koorimisgeeli peamised toimeained ja omadused:<\/span><\/i><\/h2>\n<p>&nbsp;<\/p>\n<p><span style=\"font-weight: 400;\">Valem p\u00f5hineb rikkalikel pol\u00fcfenoolidel ja flavonoididel\u00a0 <\/span><b>Jaapani aprikoosi\u00f5ie ekstrakt<\/b><span style=\"font-weight: 400;\">. Selles sisalduvad mahedad ens\u00fc\u00fcmid koorivad \u00f5rnalt surnud naharakkude kihi ja puhastavad poorid.\u00a0<\/span><\/p>\n<p>&nbsp;<\/p>\n<p><span style=\"font-weight: 400;\">Ekstrakt toniseerib, toidab ja niisutab ideaalselt nahka. Sellel on noorendav ja kerge kirgastav toime, see k\u00f5rvaldab tuhmuse ja parandab jumet.<\/span><\/p>\n<p>&nbsp;<\/p>\n<p><b>\u00d5una ekstrakt <\/b><span style=\"font-weight: 400;\">t\u00e4idab vitamiinidega, stimuleerib regenereerimisprotsessi ja rahustab nahka.<\/span><\/p>\n<p>&nbsp;<\/p>\n<p><b>Lootose ekstrakt <\/b><span style=\"font-weight: 400;\">niisutab, toniseerib ja v\u00e4rskendab. Sellel on noorendavad omadused ja see aitab nahal j\u00e4\u00e4da elastseks ja pingul.<\/span><\/p>\n<p>&nbsp;<\/p>\n<p><b>Riisi ekstrakt <\/b><span style=\"font-weight: 400;\">toidab, niisutab ja pehmendab, muudab naha sametiseks ja pehmeks.\u00a0\u00a0<\/span><\/p>\n<p>&nbsp;<\/p>\n<p><b>Rohelise tee lehtede ja mustika ekstraktid<\/b><span style=\"font-weight: 400;\"> toniseerib, aitab leevendada turset ja avaldab kasulikku m\u00f5ju laienenud kapillaaridega nahale.<\/span><\/p>\n<p>&nbsp;<\/p>\n<p><b>Houttuynia ekstrakt<\/b><span style=\"font-weight: 400;\"> on v\u00e4ljendunud rahustava ja p\u00f5letikuvastase toimega. Kiirendab paranemist ja ennetab p\u00f5letikku, t\u00f5hus akne ravis.\u00a0<\/span><\/p>\n<p>&nbsp;<\/p>\n<p><span style=\"font-weight: 400;\">Koorimisrulli juures <\/span><span style=\"font-weight: 400;\">Beauty of Joseon Apricot Blossom Peeling Gel on pealet\u00fckkimatu lille-puuviljaaroom ja kerge geelitaoline tekstuur.\u00a0<\/span><\/p>\n<p>&nbsp;<\/p>\n<p><span style=\"font-weight: 400;\">Toode ei suurenda valgustundlikkust ja seda saab kasutada igal ajal aastas.\u00a0<\/span><\/p>\n<p><span style=\"font-weight: 400;\">Sobib igale nahat\u00fc\u00fcbile.<\/span><\/p>\n<p>&nbsp;<\/p>\n<p><b>Kuidas kasutada:<\/b><\/p>\n<p><span style=\"font-weight: 400;\">Kandke vajalik kogus toodet kuivale ja eelnevalt puhastatud nahale. Oodake 20 sekundit ja masseerige \u00f5rnalt oma n\u00e4gu, kuni koor hakkab maha rulluma. Pese hoolikalt sooja veega. Kasutage 1-2 korda n\u00e4dalas.<\/span><\/p>\n<p>&nbsp;<\/p>\n<p><b>Netokogus:<\/b><span style=\"font-weight: 400;\"> 100 ml.<\/span><\/p>\n<p>&nbsp;<\/p>\n<p><a title=\"TARNETINGIMUSED\" href=\"https:\/\/liluilu.ee\/et\/kohaletoimetamine\/\" target=\"_blank\" rel=\"noopener\">TARNETINGIMUSED<\/a><\/p>","protected":false},"excerpt":{"rendered":"<p><span style=\"font-weight: 400;\">Uskumatult \u00f5rn nauding nahale \u2013 koorimine aprikoosiekstraktiga <\/span><span style=\"font-weight: 400;\">Joseoni aprikoosi\u00f5ite kooriv geel Beauty.<\/span><\/p>\n<p>&nbsp;<\/p>\n<p><span style=\"font-weight: 400;\">Toode eemaldab hoolikalt ja ilma \u00e4rrituseta surnud naharakkude kihi, k\u00f5rvaldab ketendamist ja poleerib \u00f5rnalt. Puhastab poorid rasust ja mustusest. \u00dchtlustab tooni, k\u00f5rvaldab tuhmuse ja parandab jumet.\u00a0<\/span><\/p>\n<p>&nbsp;<\/p>\n<p><span style=\"font-weight: 400;\">P\u00e4rast koorimise kasutamist <\/span><span style=\"font-weight: 400;\">Beauty of Joseon Apricot Blossom Peeling Gel j\u00e4tab naha siledaks, v\u00e4rskeks ja s\u00e4ravaks.\u00a0<\/span><\/p>\n<p>&nbsp;<\/p>\n<p>&nbsp;<\/p>","protected":false},"featured_media":10333,"comment_status":"open","ping_status":"closed","template":"","meta":{"_eb_attr":"","jetpack_post_was_ever_published":false,"_joinchat":[]},"product_brand":[],"product_cat":[617,213],"product_tag":[479,615,618],"class_list":{"0":"post-10337","1":"product","2":"type-product","3":"status-publish","4":"has-post-thumbnail","6":"product_cat-beauty-of-joseon","7":"product_cat-pilingi-i-skatki","8":"product_tag-otshelushivanie","9":"product_tag-ochishhenie-kozhi","10":"product_tag-ekstrakt-cvetkov-abrikosa","12":"first","13":"instock","14":"sale","15":"shipping-taxable","16":"purchasable","17":"product-type-simple"},"jetpack_sharing_enabled":true,"_links":{"self":[{"href":"https:\/\/liluilu.ee\/et\/wp-json\/wp\/v2\/product\/10337","targetHints":{"allow":["GET"]}}],"collection":[{"href":"https:\/\/liluilu.ee\/et\/wp-json\/wp\/v2\/product"}],"about":[{"href":"https:\/\/liluilu.ee\/et\/wp-json\/wp\/v2\/types\/product"}],"replies":[{"embeddable":true,"href":"https:\/\/liluilu.ee\/et\/wp-json\/wp\/v2\/comments?post=10337"}],"version-history":[{"count":4,"href":"https:\/\/liluilu.ee\/et\/wp-json\/wp\/v2\/product\/10337\/revisions"}],"predecessor-version":[{"id":10342,"href":"https:\/\/liluilu.ee\/et\/wp-json\/wp\/v2\/product\/10337\/revisions\/10342"}],"wp:featuredmedia":[{"embeddable":true,"href":"https:\/\/liluilu.ee\/et\/wp-json\/wp\/v2\/media\/10333"}],"wp:attachment":[{"href":"https:\/\/liluilu.ee\/et\/wp-json\/wp\/v2\/media?parent=10337"}],"wp:term":[{"taxonomy":"product_brand","embeddable":true,"href":"https:\/\/liluilu.ee\/et\/wp-json\/wp\/v2\/product_brand?post=10337"},{"taxonomy":"product_cat","embeddable":true,"href":"https:\/\/liluilu.ee\/et\/wp-json\/wp\/v2\/product_cat?post=10337"},{"taxonomy":"product_tag","embeddable":true,"href":"https:\/\/liluilu.ee\/et\/wp-json\/wp\/v2\/product_tag?post=10337"}],"curies":[{"name":"t\u00f6\u00f6leht","href":"https:\/\/api.w.org\/{rel}","templated":true}]}}