{"id":10237,"date":"2024-01-12T16:23:31","date_gmt":"2024-01-12T13:23:31","guid":{"rendered":"https:\/\/liluilu.ee\/?post_type=product&#038;p=10237"},"modified":"2026-04-23T20:49:43","modified_gmt":"2026-04-23T17:49:43","slug":"skin1004-madagascar-centella-probio-cica-bakuchiol-eye-cream","status":"publish","type":"product","link":"https:\/\/liluilu.ee\/et\/skin1004-madagascar-centella-probio-cica-bakuchiol-eye-cream\/","title":{"rendered":"Bakuchioliga siluv kreem silma\u00fcmbrusele SKIN1004 Madagascar Centella Probio-Cica Bakuchiol Eye Cream 20ml."},"content":{"rendered":"<h2 style=\"text-align: center;\"><i><span style=\"font-weight: 400;\">SKIN1004 Madagascar Centella Probio-Cica Bakuchiol silma\u00fcmbruskreemi peamised toimeained ja omadused:<\/span><\/i><\/h2>\n<p>&nbsp;<\/p>\n<p><span style=\"font-weight: 400;\">Valem p\u00f5hineb bakuchioli, fermenteeritud tsentella, keramiidide ja h\u00fcaluroonhappe s\u00fcnergial.\u00a0<\/span><\/p>\n<p>&nbsp;<\/p>\n<p><b>Bakuchiol <\/b><span style=\"font-weight: 400;\">stimuleerib rakkude uuenemist ja omab igak\u00fclgset noorendavat toimet: pinguldab ja tugevdab nahka, silub mikroreljeefi ja \u00fchtlustab tooni.<\/span><\/p>\n<p>&nbsp;<\/p>\n<p><b>&quot;Porgandi kollageen&quot;<\/b><span style=\"font-weight: 400;\"> v\u00f5i <\/span><b>h\u00fcdrol\u00fc\u00fcsitud ekstensiin<\/b><span style=\"font-weight: 400;\"> k\u00fcllastab nahka aminohapetega ja aitab toota oma kollageeni.\u00a0<\/span><\/p>\n<p>&nbsp;<\/p>\n<p><b>H\u00fcaluroonhape<\/b><span style=\"font-weight: 400;\">, sh madala molekulmassiga, tagab s\u00fcgava ja kauakestva niisutuse, silub kuivusest tingitud kortse, muudab naha t\u00e4idlaseks ja siledaks.\u00a0<\/span><\/p>\n<p>&nbsp;<\/p>\n<p><b>Probio-Cica\u2122 <\/b><span style=\"font-weight: 400;\">s\u00e4ilitab mikrobioomi harmoonia, tugevdab naha immuunsust ja \u00fcldiselt parandab selle seisundit.\u00a0<\/span><\/p>\n<p>&nbsp;<\/p>\n<p><span style=\"font-weight: 400;\">Probio-Cica on spetsiaalselt valmistatud probiootikum, mis p\u00f5hineb k\u00e4\u00e4ritatud tsentellal.<\/span><\/p>\n<p>&nbsp;<\/p>\n<p><b>TECA\u2122 kompleks <\/b><span style=\"font-weight: 400;\">on v\u00f5imsa rahustava toimega, aktiveerib regenereerimisprotsessi ja stimuleerib h\u00fcaluroonhappe tootmist. Kompleks sisaldab tsentella ekstrakti ja derivaate.\u00a0<\/span><\/p>\n<p>&nbsp;<\/p>\n<p><b>Cica-Ceramides\u2122 keramiidikompleks <\/b><span style=\"font-weight: 400;\">taastab naha kaitsebarj\u00e4\u00e4ri ja selle vee-rasva tasakaalu.<\/span><\/p>\n<p>&nbsp;<\/p>\n<p><b>Niatsiinamiid <\/b><span style=\"font-weight: 400;\">ennetab vanuselaikude teket, aitab eemaldada tumedaid silmaaluseid ja \u00fcldiselt \u00fchtlustab tooni.<\/span><\/p>\n<p>&nbsp;<\/p>\n<p><span style=\"font-weight: 400;\">Kuulus peptiid<\/span><b> Argireliin <\/b><span style=\"font-weight: 400;\">t\u00f5stab niisutustaset, v\u00e4hendab kortsude pindala ja s\u00fcgavust ning takistab nende teket.<\/span><\/p>\n<p>&nbsp;<\/p>\n<p><span style=\"font-weight: 400;\">SKIN1004 Madagascar Centella Probio-Cica Bakuchiol silma\u00fcmbruskreem ei sisalda kunstlikke maitse- ega v\u00e4rvaineid. <\/span><b>Valem on h\u00fcpoallergeenne<\/b><span style=\"font-weight: 400;\"> ja sobib ka tundlikule nahale.<\/span><\/p>\n<p>&nbsp;<\/p>\n<p><span style=\"font-weight: 400;\">SKIN1004 Madagascar Centella Probio-Cica Bakuchiol silma\u00fcmbruskreemil on rikkalik, kuid mitte \u00f5line tekstuur. Toode jaotub \u00f5hukese kihina ega koorma \u00fcle \u00f5rna silmalaugude nahka. Kreem imendub kiiresti, tagades kohese niisutuse ja elastsuse.\u00a0<\/span><\/p>\n<p>&nbsp;<\/p>\n<p><span style=\"font-weight: 400;\">Toru on varustatud anatoomilise aplikaatoriga, millega saab teha kerget massaa\u017ei. See protseduur parandab mikrotsirkulatsiooni ja suurendab kreemi efektiivsust.\u00a0<\/span><\/p>\n<p>&nbsp;<\/p>\n<p><span style=\"font-weight: 400;\">Sobib igap\u00e4evaseks, hommikuseks ja\/v\u00f5i \u00f5htuseks kasutamiseks.\u00a0<\/span><\/p>\n<p>&nbsp;<\/p>\n<p><b>Soovitame SKIN1004 Madagascar Centella Probio-Cica Bakuchiol silma\u00fcmbruskreemi:<\/b><\/p>\n<ul>\n<li style=\"font-weight: 400;\" aria-level=\"1\"><span style=\"font-weight: 400;\">Silma\u00fcmbruse ja nasolaabiaalsete voldikute vananemisvastaseks hoolduseks;<\/span><\/li>\n<li style=\"font-weight: 400;\" aria-level=\"1\"><span style=\"font-weight: 400;\">Kui teil on kortsud v\u00f5i on juba tekkinud peen kortsude v\u00f5rgustik;<\/span><\/li>\n<li style=\"font-weight: 400;\" aria-level=\"1\"><span style=\"font-weight: 400;\">Kui teie silmalau nahal puudub niiskus;<\/span><\/li>\n<li style=\"font-weight: 400;\" aria-level=\"1\"><span style=\"font-weight: 400;\">Kui teil on kuiv, \u00f5huke v\u00f5i tundlik nahk silmade \u00fcmber.<\/span><\/li>\n<\/ul>\n<p>&nbsp;<\/p>\n<p><b>Kuidas kasutada:<\/b><\/p>\n<p><span style=\"font-weight: 400;\">Kandke vajalik kogus kreemi silma\u00fcmbruspiirkonnale ja teistele probleemsetele piirkondadele, n\u00e4iteks nasolaabiaalsetele voldikutele. Jaotage toode \u00f5rnalt ja masseerige nahka aplikaatoriga. Massaa\u017ei liigutuste suund silmade \u00fcmbruses on seest v\u00e4ljapoole.\u00a0<\/span><\/p>\n<p>&nbsp;<\/p>\n<p><b>Netokogus:<\/b><span style=\"font-weight: 400;\"> 20 ml.<\/span><\/p>\n<p>&nbsp;<\/p>\n<p>&nbsp;<\/p>\n<p><a title=\"TARNETINGIMUSED\" href=\"https:\/\/liluilu.ee\/et\/kohaletoimetamine\/\" target=\"_blank\" rel=\"noopener\">TARNETINGIMUSED<\/a><\/p>","protected":false},"excerpt":{"rendered":"<p><span style=\"font-weight: 400;\">Silendav silmakreem <\/span><b>SKIN1004 Madagascar Centella Probio-Cica Bakuchiol silma\u00fcmbruskreem<\/b><span style=\"font-weight: 400;\"> - see on teie samm veatu naha poole.<\/span><\/p>\n<p>&nbsp;<\/p>\n<p><span style=\"font-weight: 400;\">Toode on suunatud vanusega seotud muutuste korrigeerimisele, tekstuuri parandamisele, barj\u00e4\u00e4ri taastamisele ja \u00f5rna naha kaitsmisele.<\/span><\/p>\n<p>&nbsp;<\/p>\n<p><span style=\"font-weight: 400;\">Kreem silub esimesi kortse, muudab tumedad silmaalused heledamaks ja rahustab nahka, luues l\u00f5ppkokkuv\u00f5ttes sileda ja pingul silma\u00fcmbruse.<\/span><\/p>\n<p>&nbsp;<\/p>\n<p><span style=\"font-weight: 400;\">SKIN1004 Madagascar Centella Probio-Cica Bakuchiol silma\u00fcmbruskreem:<\/span><\/p>\n<p>&nbsp;<\/p>\n<ul>\n<li><span style=\"font-weight: 400;\">Intensiivselt toidab ja t\u00e4idab nahka niiskusega;<\/span><\/li>\n<li aria-level=\"1\"><b>Vaid 2 n\u00e4dalaga v\u00e4hendab see kortsude pindala ja s\u00fcgavust 30,7% v\u00f5rra;<\/b><\/li>\n<li aria-level=\"1\"><span style=\"font-weight: 400;\">Stimuleerib vereringet ja leevendab kerget turset;<\/span><\/li>\n<li aria-level=\"1\"><span style=\"font-weight: 400;\">Helendab tumenenud kohti \u00f5rnalt, annab v\u00e4rske ja puhanud v\u00e4limuse;<\/span><\/li>\n<li aria-level=\"1\"><span style=\"font-weight: 400;\">Muudab naha sametiseks ja elastseks;<\/span><\/li>\n<li aria-level=\"1\"><span style=\"font-weight: 400;\">Kaitseb vabade radikaalide, ultraviolettkiirguse ja v\u00e4liste keskkonnategurite eest;<\/span><\/li>\n<li aria-level=\"1\"><span style=\"font-weight: 400;\">See on efektiivne ka siis, kui seda kasutatakse nasolaabiaalsete voldikute piirkonnas.<\/span><\/li>\n<\/ul>\n<p>&nbsp;<\/p>\n<p><b>Kreemi koostis on rikastatud v\u00f5imsa rahustava kompleksiga ja on h\u00fcpoallergeenne.<\/b><span style=\"font-weight: 400;\"> Sobib kasutamiseks isegi tundlikul ja \u00e4rritunud nahal.<\/span><\/p>\n<p>&nbsp;<\/p>","protected":false},"featured_media":10229,"comment_status":"open","ping_status":"closed","template":"","meta":{"_eb_attr":"","jetpack_post_was_ever_published":false,"_joinchat":[]},"product_brand":[],"product_cat":[449,305],"product_tag":[607,445,637,335,613,612,297,487,247,317,489],"class_list":{"0":"post-10237","1":"product","2":"type-product","3":"status-publish","4":"has-post-thumbnail","6":"product_cat-skin1004","7":"product_cat-kremy-dlya-oblasti-vokrug-glaz","8":"product_tag-skin1004-madagascar-centella-probio-cica","9":"product_tag-antivozrastnoj-uhod","10":"product_tag-antivozrastnye-kremy-dlya-glaz","11":"product_tag-bakuchiol","12":"product_tag-gidrolizovannyj-ekstensin","13":"product_tag-morkovnyj-kollagen","14":"product_tag-probiotiki","15":"product_tag-protiv-morshhin","16":"product_tag-centella","17":"product_tag-ceramidy","18":"product_tag-elastichnost-i-uprugost","20":"first","21":"instock","22":"sale","23":"shipping-taxable","24":"purchasable","25":"product-type-simple"},"jetpack_sharing_enabled":true,"_links":{"self":[{"href":"https:\/\/liluilu.ee\/et\/wp-json\/wp\/v2\/product\/10237","targetHints":{"allow":["GET"]}}],"collection":[{"href":"https:\/\/liluilu.ee\/et\/wp-json\/wp\/v2\/product"}],"about":[{"href":"https:\/\/liluilu.ee\/et\/wp-json\/wp\/v2\/types\/product"}],"replies":[{"embeddable":true,"href":"https:\/\/liluilu.ee\/et\/wp-json\/wp\/v2\/comments?post=10237"}],"version-history":[{"count":5,"href":"https:\/\/liluilu.ee\/et\/wp-json\/wp\/v2\/product\/10237\/revisions"}],"predecessor-version":[{"id":10286,"href":"https:\/\/liluilu.ee\/et\/wp-json\/wp\/v2\/product\/10237\/revisions\/10286"}],"wp:featuredmedia":[{"embeddable":true,"href":"https:\/\/liluilu.ee\/et\/wp-json\/wp\/v2\/media\/10229"}],"wp:attachment":[{"href":"https:\/\/liluilu.ee\/et\/wp-json\/wp\/v2\/media?parent=10237"}],"wp:term":[{"taxonomy":"product_brand","embeddable":true,"href":"https:\/\/liluilu.ee\/et\/wp-json\/wp\/v2\/product_brand?post=10237"},{"taxonomy":"product_cat","embeddable":true,"href":"https:\/\/liluilu.ee\/et\/wp-json\/wp\/v2\/product_cat?post=10237"},{"taxonomy":"product_tag","embeddable":true,"href":"https:\/\/liluilu.ee\/et\/wp-json\/wp\/v2\/product_tag?post=10237"}],"curies":[{"name":"t\u00f6\u00f6leht","href":"https:\/\/api.w.org\/{rel}","templated":true}]}}