{"id":10221,"date":"2024-01-11T14:17:00","date_gmt":"2024-01-11T11:17:00","guid":{"rendered":"https:\/\/liluilu.ee\/?post_type=product&#038;p=10221"},"modified":"2026-04-23T20:50:00","modified_gmt":"2026-04-23T17:50:00","slug":"skin1004-madagascar-centella-probio-cica-enrich-cream","status":"publish","type":"product","link":"https:\/\/liluilu.ee\/et\/skin1004-madagascar-centella-probio-cica-enrich-cream\/","title":{"rendered":"Intensiivne lamellkreem probiootikumidega SKIN1004 Madagascar Centella Probio-Cica Enrich Cream 50ml."},"content":{"rendered":"<h2><i><span style=\"font-weight: 400;\">SKIN1004 Madagascar Centella Probio-Cica rikastava kreemi peamised toimeained ja omadused:<\/span><\/i><\/h2>\n<p>&nbsp;<\/p>\n<p><span style=\"font-weight: 400;\">Kreemi loomisel kasutatakse seda <\/span><b>lamelltehnoloogia<\/b><span style=\"font-weight: 400;\">, mis toimib plaastri p\u00f5him\u00f5ttel - tervendab kahjustatud kohti, taastab kaitsebarj\u00e4\u00e4ri terviklikkuse ja parandab oluliselt naha niisutust.\u00a0<\/span><\/p>\n<p>&nbsp;<\/p>\n<p><b>Peamine koostisosa on ainulaadne probiootikum Probio-Cica<\/b><span style=\"font-weight: 400;\">. See p\u00f5hineb k\u00e4\u00e4ritatud tsentellal ja on kaubam\u00e4rgi enda arendus.<\/span><\/p>\n<p>&nbsp;<\/p>\n<p><span style=\"font-weight: 400;\">Probio-Cica p\u00e4rsib bakterite kasvu ja paljunemist, v\u00e4hendab p\u00f5letikku ja s\u00e4ilitab mikrobioomi harmooniat. Tugevdab loomulikku immuunsust ja parandab \u00fcldist naha seisundit.<\/span><\/p>\n<p>&nbsp;<\/p>\n<p><b>TECA kompleks<\/b><span style=\"font-weight: 400;\"> (centella ekstrakt ja derivaadid) on rahustava, tervendava ja noorendava toimega:<\/span><\/p>\n<p>&nbsp;<\/p>\n<ul>\n<li style=\"font-weight: 400;\" aria-level=\"1\"><span style=\"font-weight: 400;\">V\u00e4hendab \u00e4rritust ja neutraliseerib punetust;<\/span><\/li>\n<li style=\"font-weight: 400;\" aria-level=\"1\"><span style=\"font-weight: 400;\">Sellel on v\u00f5imas p\u00f5letikuvastane toime;<\/span><\/li>\n<li style=\"font-weight: 400;\" aria-level=\"1\"><span style=\"font-weight: 400;\">Tugevdab kapillaaride seinu;<\/span><\/li>\n<li style=\"font-weight: 400;\" aria-level=\"1\"><span style=\"font-weight: 400;\">Stimuleerib kollageeni ja h\u00fcaluroonhappe s\u00fcnteesi;<\/span><\/li>\n<li style=\"font-weight: 400;\" aria-level=\"1\"><span style=\"font-weight: 400;\">Kaitseb nahka kahjulike ultraviolettkiirte eest.<\/span><\/li>\n<\/ul>\n<p>&nbsp;<\/p>\n<p><span style=\"font-weight: 400;\">Lipiidide valem sisaldab segu <\/span><b>keramiidid, rasvhapped ja f\u00fctosteroolid <\/b><span style=\"font-weight: 400;\">kuldses vahekorras 3:1:1. See kombinatsioon hoiab \u00e4ra niiskuse liigse aurustumise ja hoiab \u00e4ra deh\u00fcdratsiooni. Leevendab kuivust ja ketendust. Kasulik atoopilise naha, psoriaasi ja ekseemi ravis.<\/span><\/p>\n<p>&nbsp;<\/p>\n<p><b>V\u00e4\u00e4rtuslikud \u00f5lid<\/b><span style=\"font-weight: 400;\"> (sheav\u00f5i, moringa ja makadaamia) on t\u00e4is vitamiine ja antioks\u00fcdante. Niisutab, pehmendab, kaitseb ja soodustab taastumist. Annab nahale sametise ja sileda v\u00e4limuse.<\/span><\/p>\n<p>&nbsp;<\/p>\n<p><span style=\"font-weight: 400;\">SKIN1004 Madagascar Centella Probio-Cica rikastav kreem ei sisalda kunstlikke maitse- ega v\u00e4rvaineid. Valem on h\u00fcpoallergeenne ja sobib ka tundlikule nahale.<\/span><\/p>\n<p>&nbsp;<\/p>\n<p><span style=\"font-weight: 400;\">Kreemi tekstuur on paks ja kergelt veniv, mis lisab pealekandmisel elastsustunnet. Toode jaotub \u00f5hukese ja \u00fchtlase kihina ning p\u00e4rast imendumist j\u00e4tab luksusliku siidise viimistluse.\u00a0<\/span><\/p>\n<p>&nbsp;<\/p>\n<p><span style=\"font-weight: 400;\">Sobib igap\u00e4evaseks, hommikuseks ja\/v\u00f5i \u00f5htuseks kasutamiseks.\u00a0<\/span><\/p>\n<p>&nbsp;<\/p>\n<p><b>Soovitame <\/b><b>SKIN1004 Madagascar Centella Probio-Cica rikastav kreem:<\/b><\/p>\n<p>&nbsp;<\/p>\n<ul>\n<li style=\"font-weight: 400;\" aria-level=\"1\"><span style=\"font-weight: 400;\">Kui teil on kuiv, normaalne v\u00f5i kombineeritud nahk;<\/span><\/li>\n<li style=\"font-weight: 400;\" aria-level=\"1\"><span style=\"font-weight: 400;\">Kui teil on deh\u00fcdreeritud nahk;<\/span><\/li>\n<li style=\"font-weight: 400;\" aria-level=\"1\"><span style=\"font-weight: 400;\">Kui teil on \u00f5huke nahk;<\/span><\/li>\n<li style=\"font-weight: 400;\" aria-level=\"1\"><span style=\"font-weight: 400;\">kui teil on tundlik nahk, sealhulgas rosaatsea ja rosaatseaga nahk;<\/span><\/li>\n<li style=\"font-weight: 400;\" aria-level=\"1\"><span style=\"font-weight: 400;\">kui teie nahk on kalduvus atoopiale;<\/span><\/li>\n<li style=\"font-weight: 400;\" aria-level=\"1\"><span style=\"font-weight: 400;\">Naha tervise s\u00e4ilitamiseks retinooli ja hapete kasutamise ajal;<\/span><\/li>\n<li style=\"font-weight: 400;\" aria-level=\"1\"><span style=\"font-weight: 400;\">Kahjustatud naha taastamiseks p\u00e4rast agressiivseid kosmeetilisi protseduure;<\/span><\/li>\n<li style=\"font-weight: 400;\" aria-level=\"1\"><span style=\"font-weight: 400;\">Noorendava hoolduse jaoks.<\/span><\/li>\n<\/ul>\n<p>&nbsp;<\/p>\n<p><span style=\"font-weight: 400;\">Maksimaalse efekti saavutamiseks soovitame sarja tooteid kasutades koostada terviklik hooldusre\u017eiim <\/span><span style=\"color: #0000ff;\"><a style=\"color: #0000ff;\" href=\"https:\/\/liluilu.ee\/et\/tootesilt\/skin1004-madagascar-centella-probio-cica\/\" target=\"_blank\" rel=\"noopener\"><span style=\"font-weight: 400;\">SKIN1004 Probio-Cica Line<\/span><\/a><\/span><span style=\"font-weight: 400;\">:<\/span><\/p>\n<ul>\n<li style=\"font-weight: 400;\" aria-level=\"1\"><a href=\"https:\/\/liluilu.ee\/et\/skin1004-madagascar-centella-probio-cica-essence-toner\/\" target=\"_blank\" rel=\"noopener\"><span style=\"font-weight: 400;\"><span style=\"color: #0000ff;\">Niisutav ja taaselustav toonik <\/span><\/span><\/a><span style=\"font-weight: 400; color: #0000ff;\">;<\/span><\/li>\n<li style=\"font-weight: 400;\" aria-level=\"1\"><span style=\"color: #0000ff;\"><a style=\"color: #0000ff;\" href=\"https:\/\/liluilu.ee\/et\/skin1004-madagascar-centella-probio-cica-intensive-ampoule\/\" target=\"_blank\" rel=\"noopener\"><span style=\"font-weight: 400;\">Intensiivselt regenereeriv ampull<\/span><\/a><span style=\"font-weight: 400;\">;<\/span><\/span><\/li>\n<li style=\"font-weight: 400;\" aria-level=\"1\"><a href=\"https:\/\/liluilu.ee\/et\/skin1004-madagascar-centella-probio-cica-bakuchiol-eye-cream\/\" target=\"_blank\" rel=\"noopener\"><span style=\"font-weight: 400;\"><span style=\"color: #0000ff;\">Kreem silma\u00fcmbruse piirkonnale<\/span>az<\/span><\/a><span style=\"font-weight: 400;\">.<\/span><\/li>\n<\/ul>\n<p><b>Toodete nahale kandmise protseduur:<\/b><span style=\"font-weight: 400;\"> toonik - ampull - n\u00e4okreem - silmakreem.<\/span><\/p>\n<p>&nbsp;<\/p>\n<p><span style=\"font-weight: 400;\">Toode on esitatud kahes mahus:<\/span><\/p>\n<ul>\n<li style=\"font-weight: 400;\" aria-level=\"1\"><span style=\"color: #0000ff;\"><a style=\"color: #0000ff;\" href=\"https:\/\/liluilu.ee\/et\/miniatjura-skin1004-madagascar-centella-probio-cica-enrich-cream-15-ml\/\" target=\"_blank\" rel=\"noopener\"><span style=\"font-weight: 400;\">15 ml.<\/span><\/a><\/span><span style=\"font-weight: 400;\"><span style=\"color: #0000ff;\">\u00a0<\/span> (miniatuurne)<\/span><\/li>\n<li style=\"font-weight: 400;\" aria-level=\"1\"><span style=\"font-weight: 400;\">50 ml. (t\u00e4issuuruses versioon)<\/span><\/li>\n<\/ul>\n<p>&nbsp;<\/p>\n<p><b>Kuidas kasutada:<\/b><\/p>\n<p><span style=\"font-weight: 400;\">Hoolduse viimasel etapil kandke n\u00e4o- ja kaelanahale vajalik kogus kreemi. Jaotage toodet \u00f5rnalt ja patsutage kergelt nahka, et kreem imenduks paremini ja kiiremini.\u00a0<\/span><\/p>\n<p>&nbsp;<\/p>\n<p>&nbsp;<\/p>\n<p><a title=\"TARNETINGIMUSED\" href=\"https:\/\/liluilu.ee\/et\/kohaletoimetamine\/\" target=\"_blank\" rel=\"noopener\">TARNETINGIMUSED<\/a><\/p>","protected":false},"excerpt":{"rendered":"<p><span style=\"font-weight: 400;\">Intensiivne lamellne n\u00e4okreem probiootikumide, tsentella, keramiidide ja v\u00e4\u00e4rtuslike \u00f5lidega - SKIN1004 Madagascar Centella Probio-Cica Enrich Cream.<\/span><\/p>\n<p>&nbsp;<\/p>\n<p><span style=\"font-weight: 400;\">Toode on osa sarjast, mille eesm\u00e4rk on taastada naha mikrobiom ja kaitsebarj\u00e4\u00e4r.<\/span><\/p>\n<p>&nbsp;<\/p>\n<p><span style=\"font-weight: 400;\">Kreem k\u00f5rvaldab t\u00f5husalt \u00fclitundlikkust, kuivust ja deh\u00fcdratsiooni. M\u00f5jub soodsalt rosaatsea ja rosaatseaga nahale. Omab noorendavat toimet.<\/span><\/p>\n<p>&nbsp;<\/p>\n<p><span style=\"font-weight: 400;\">SKIN1004 Madagascar Centella Probio-Cica rikastav kreem:<\/span><\/p>\n<p>&nbsp;<\/p>\n<ul>\n<li style=\"font-weight: 400;\" aria-level=\"1\"><span style=\"font-weight: 400;\">Taastab naha kaitsebarj\u00e4\u00e4ri ja vee-rasva tasakaalu;<\/span><\/li>\n<li style=\"font-weight: 400;\" aria-level=\"1\"><span style=\"font-weight: 400;\">Pakub luksuslikku toitumist ja kauakestvat niisutust;<\/span><\/li>\n<li style=\"font-weight: 400;\" aria-level=\"1\"><span style=\"font-weight: 400;\">Rahustab, v\u00e4hendab \u00fclitundlikkust ja v\u00e4hendab punetust;<\/span><\/li>\n<li style=\"font-weight: 400;\" aria-level=\"1\"><span style=\"font-weight: 400;\">Leevendab s\u00fcgelust ja \u00e4rritust, soodustab kahjustatud v\u00f5i p\u00f5letikulise naha kiiret taastumist;<\/span><\/li>\n<li style=\"font-weight: 400;\" aria-level=\"1\"><span style=\"font-weight: 400;\">Pehmendab, k\u00f5rvaldab ketenduse ja kuivuse;<\/span><\/li>\n<li style=\"font-weight: 400;\" aria-level=\"1\"><span style=\"font-weight: 400;\">Muudab nahapinna siidiseks ja pehmeks;<\/span><\/li>\n<li style=\"font-weight: 400;\" aria-level=\"1\"><span style=\"font-weight: 400;\">S\u00e4ilitab elastsuse ja tugevuse, annab terve jume.<\/span><\/li>\n<\/ul>\n<p>&nbsp;<\/p>","protected":false},"featured_media":10207,"comment_status":"open","ping_status":"closed","template":"","meta":{"_eb_attr":"","jetpack_post_was_ever_published":false,"_joinchat":[]},"product_brand":[],"product_cat":[449,95],"product_tag":[611,607,445,439,583,584,608,441,423,297,605,493,421,467,400,247,317,413],"class_list":{"0":"post-10221","1":"product","2":"type-product","3":"status-publish","4":"has-post-thumbnail","6":"product_cat-skin1004","7":"product_cat-kremy-emulsii-i-losony-dlya-lica","8":"product_tag-mle","9":"product_tag-skin1004-madagascar-centella-probio-cica","10":"product_tag-antivozrastnoj-uhod","11":"product_tag-vosstanovlenie-barera","12":"product_tag-kozha-s-kuperozom","13":"product_tag-kozha-s-rozacea","14":"product_tag-kosmetika-s-probiotikami","15":"product_tag-kuperoz","16":"product_tag-obezvozhennaya-kozha","17":"product_tag-probiotiki","18":"product_tag-sklonnaya-k-atopii-kozha","19":"product_tag-sklonnaya-k-suhosti-kozha","20":"product_tag-suhaya-kozha","21":"product_tag-tonkaya-kozha","22":"product_tag-uvlazhnenie","23":"product_tag-centella","24":"product_tag-ceramidy","25":"product_tag-chuvstvitelnaya-kozha","27":"first","28":"instock","29":"sale","30":"shipping-taxable","31":"purchasable","32":"product-type-simple"},"jetpack_sharing_enabled":true,"_links":{"self":[{"href":"https:\/\/liluilu.ee\/et\/wp-json\/wp\/v2\/product\/10221","targetHints":{"allow":["GET"]}}],"collection":[{"href":"https:\/\/liluilu.ee\/et\/wp-json\/wp\/v2\/product"}],"about":[{"href":"https:\/\/liluilu.ee\/et\/wp-json\/wp\/v2\/types\/product"}],"replies":[{"embeddable":true,"href":"https:\/\/liluilu.ee\/et\/wp-json\/wp\/v2\/comments?post=10221"}],"version-history":[{"count":6,"href":"https:\/\/liluilu.ee\/et\/wp-json\/wp\/v2\/product\/10221\/revisions"}],"predecessor-version":[{"id":11097,"href":"https:\/\/liluilu.ee\/et\/wp-json\/wp\/v2\/product\/10221\/revisions\/11097"}],"wp:featuredmedia":[{"embeddable":true,"href":"https:\/\/liluilu.ee\/et\/wp-json\/wp\/v2\/media\/10207"}],"wp:attachment":[{"href":"https:\/\/liluilu.ee\/et\/wp-json\/wp\/v2\/media?parent=10221"}],"wp:term":[{"taxonomy":"product_brand","embeddable":true,"href":"https:\/\/liluilu.ee\/et\/wp-json\/wp\/v2\/product_brand?post=10221"},{"taxonomy":"product_cat","embeddable":true,"href":"https:\/\/liluilu.ee\/et\/wp-json\/wp\/v2\/product_cat?post=10221"},{"taxonomy":"product_tag","embeddable":true,"href":"https:\/\/liluilu.ee\/et\/wp-json\/wp\/v2\/product_tag?post=10221"}],"curies":[{"name":"t\u00f6\u00f6leht","href":"https:\/\/api.w.org\/{rel}","templated":true}]}}