{"id":10189,"date":"2024-01-10T14:32:50","date_gmt":"2024-01-10T11:32:50","guid":{"rendered":"https:\/\/liluilu.ee\/?post_type=product&#038;p=10189"},"modified":"2026-04-23T20:50:15","modified_gmt":"2026-04-23T17:50:15","slug":"skin1004-madagascar-centella-probio-cica-intensive-ampoule","status":"publish","type":"product","link":"https:\/\/liluilu.ee\/et\/skin1004-madagascar-centella-probio-cica-intensive-ampoule\/","title":{"rendered":"Intensiivne taastav ampull probiootikumidega SKIN1004 Madagascar Centella Probio-Cica intensiivampull 50ml."},"content":{"rendered":"<h2><i><span style=\"font-weight: 400;\">SKIN1004 Madagascar Centella Probio-Cica intensiivse ampulli peamised toimeained ja omadused:<\/span><\/i><\/h2>\n<p>&nbsp;<\/p>\n<p><span style=\"font-weight: 400;\">Valemi aluseks on <\/span><b>Probio-Cica \u2013 ainulaadne probiootikum<\/b><span style=\"font-weight: 400;\">, mis on loodud k\u00e4\u00e4ritatud tsentella baasil.\u00a0<\/span><\/p>\n<p>&nbsp;<\/p>\n<p><b>Probio-Cica<\/b><span style=\"font-weight: 400;\"> s\u00e4ilitab mikrobioomi harmoonia, tugevdab loomulikku immuunsust, v\u00e4hendab p\u00f5letikku ja \u00fcldiselt parandab naha seisundit.<\/span><\/p>\n<p>&nbsp;<\/p>\n<p><b>TECA kompleks<\/b><span style=\"font-weight: 400;\">Centella ekstrakti ja derivaatidega aktiveerib regenereerimisprotsessi:<\/span><\/p>\n<p>&nbsp;<\/p>\n<ul>\n<li style=\"font-weight: 400;\" aria-level=\"1\"><span style=\"font-weight: 400;\">Rahustab ja k\u00f5rvaldab punetuse;<\/span><\/li>\n<li style=\"font-weight: 400;\" aria-level=\"1\"><span style=\"font-weight: 400;\">Leevendab \u00e4rritust ja soodustab haavade paranemist;<\/span><\/li>\n<li style=\"font-weight: 400;\" aria-level=\"1\"><span style=\"font-weight: 400;\">Stimuleerib kollageeni ja h\u00fcaluroonhappe tootmist;<\/span><\/li>\n<li style=\"font-weight: 400;\" aria-level=\"1\"><span style=\"font-weight: 400;\">Parandab tekstuuri ja parandab nahatooni;<\/span><\/li>\n<li style=\"font-weight: 400;\" aria-level=\"1\"><span style=\"font-weight: 400;\">\u00dchtlustab tooni ja parandab jumet.<\/span><\/li>\n<\/ul>\n<p>&nbsp;<\/p>\n<p><b>Lipiidide kompleks <\/b><span style=\"font-weight: 400;\">sisaldab keramiide NP, f\u00fctosterooli ja rasvhappeid kuldses vahekorras 3:1:1.\u00a0<\/span><\/p>\n<p><span style=\"font-weight: 400;\">Kompleks taastab naha kaitsebarj\u00e4\u00e4ri terviklikkuse, hoiab \u00e4ra deh\u00fcdratsiooni ning k\u00f5rvaldab kuivuse ja ketenduse. Kasulik ka atoopilise naha, psoriaasi ja ekseemi ravis.<\/span><\/p>\n<p>&nbsp;<\/p>\n<p><b>Pantenool <\/b><span style=\"font-weight: 400;\">rahustab, niisutab, parandab elastsust ja h\u00e4mmastavalt pehmendab nahka. Muudab selle pehmeks ja siidiseks.<\/span><\/p>\n<p>&nbsp;<\/p>\n<p><b>Makadaamia \u00f5li <\/b><span style=\"font-weight: 400;\">k\u00fcllastab epidermise rasvhapete, antioks\u00fcdantide ja vitamiinidega. Annab nahale sileduse ja elastsuse.<\/span><\/p>\n<p>&nbsp;<\/p>\n<p><span style=\"font-weight: 400;\">SKIN1004 Madagascar Centella Probio-Cica intensiivampull ei sisalda kunstlikke maitse- ega v\u00e4rvaineid.\u00a0<\/span><\/p>\n<p>&nbsp;<\/p>\n<p><span style=\"font-weight: 400;\">Ampullil puudub l\u00f5hn, piimjas v\u00e4rvus ja \u00f5rn, libisev tekstuur. Toode imendub kiiresti ja j\u00e4tab peale imendumist siidise viimistluse. Ilma kleepuvuseta v\u00f5i rasvase kile tundeta n\u00e4ol.<\/span><\/p>\n<p>&nbsp;<\/p>\n<p><span style=\"font-weight: 400;\">Sobib igap\u00e4evaseks kasutamiseks. Nii hommikune kui \u00f5htune hooldus.<\/span><\/p>\n<p>&nbsp;<\/p>\n<p><b>Soovitame SKIN1004 Madagascar Centella Probio-Cica intensiivset ampulli:<\/b><\/p>\n<p>&nbsp;<\/p>\n<ul>\n<li style=\"font-weight: 400;\" aria-level=\"1\"><span style=\"font-weight: 400;\">Kui teil on kuiv, normaalne v\u00f5i kombineeritud nahk;<\/span><\/li>\n<li style=\"font-weight: 400;\" aria-level=\"1\"><span style=\"font-weight: 400;\">Kui teil on deh\u00fcdreeritud nahk;<\/span><\/li>\n<li style=\"font-weight: 400;\" aria-level=\"1\"><span style=\"font-weight: 400;\">Kui teil on \u00f5huke nahk;<\/span><\/li>\n<li style=\"font-weight: 400;\" aria-level=\"1\"><span style=\"font-weight: 400;\">kui teil on tundlik nahk, sealhulgas rosaatsea ja rosaatseaga nahk;<\/span><\/li>\n<li style=\"font-weight: 400;\" aria-level=\"1\"><span style=\"font-weight: 400;\">kui teie nahk on kalduvus atoopiale;<\/span><\/li>\n<li style=\"font-weight: 400;\" aria-level=\"1\"><span style=\"font-weight: 400;\">Naha tervise s\u00e4ilitamiseks retinooli ja hapete kasutamise ajal;<\/span><\/li>\n<li style=\"font-weight: 400;\" aria-level=\"1\"><span style=\"font-weight: 400;\">Kahjustatud naha taastamiseks p\u00e4rast agressiivseid kosmeetilisi protseduure;<\/span><\/li>\n<li style=\"font-weight: 400;\" aria-level=\"1\"><span style=\"font-weight: 400;\">Noorendava hoolduse jaoks.<\/span><\/li>\n<\/ul>\n<p>&nbsp;<\/p>\n<p><b>Maksimaalse saavutamiseks<\/b><span style=\"font-weight: 400;\"> m\u00f5ju, soovitame luua tervikliku hooldusre\u017eiimi, kasutades sarja tooteid <\/span><span style=\"color: #0000ff;\"><a style=\"color: #0000ff;\" href=\"https:\/\/liluilu.ee\/et\/tootesilt\/skin1004-madagascar-centella-probio-cica\/\" target=\"_blank\" rel=\"noopener\"><span style=\"font-weight: 400;\">SKIN1004 Probio-Cica Line<\/span><\/a><span style=\"font-weight: 400;\">:<\/span><\/span><\/p>\n<ul>\n<li style=\"font-weight: 400;\" aria-level=\"1\"><span style=\"color: #0000ff;\"><a style=\"color: #0000ff;\" href=\"https:\/\/liluilu.ee\/et\/skin1004-madagascar-centella-probio-cica-essence-toner\/\" target=\"_blank\" rel=\"noopener\"><span style=\"font-weight: 400;\">Niisutav ja taaselustav toonik <\/span><\/a><span style=\"font-weight: 400;\">;<\/span><\/span><\/li>\n<li style=\"font-weight: 400;\" aria-level=\"1\"><span style=\"color: #0000ff;\"><a style=\"color: #0000ff;\" href=\"https:\/\/liluilu.ee\/et\/skin1004-madagascar-centella-probio-cica-enrich-cream\/\" target=\"_blank\" rel=\"noopener\"><span style=\"font-weight: 400;\">Toitev lamellne n\u00e4okreem<\/span><\/a><span style=\"font-weight: 400;\">;<\/span><\/span><\/li>\n<li style=\"font-weight: 400;\" aria-level=\"1\"><span style=\"color: #0000ff;\"><a style=\"color: #0000ff;\" href=\"https:\/\/liluilu.ee\/et\/skin1004-madagascar-centella-probio-cica-bakuchiol-eye-cream\/\" target=\"_blank\" rel=\"noopener\"><span style=\"font-weight: 400;\">Silma\u00fcmbruskreem<\/span><\/a><span style=\"font-weight: 400;\">.<\/span><\/span><\/li>\n<\/ul>\n<p>&nbsp;<\/p>\n<p><b>Toodete nahale kandmise protseduur:<\/b><span style=\"font-weight: 400;\"> toonik - ampull - n\u00e4okreem - silmakreem.<\/span><\/p>\n<p>&nbsp;<\/p>\n<p><b>Kuidas kasutada:<\/b><\/p>\n<p><span style=\"font-weight: 400;\">Kandke m\u00f5ni tilk toodet eelnevalt puhastatud ja toonikuga t\u00f6\u00f6deldud n\u00e4o- ja kaelanahale. Jaotage ja patsutage kergelt nahka, aidates ampullil imenduda. J\u00e4rgmisena j\u00e4tkake oma hoolduse j\u00e4rgmise etapiga (emulsioon ja\/v\u00f5i kreem).<\/span><\/p>\n<p>&nbsp;<\/p>\n<p class=\"translation-block\">Netokogus: 50 ml.<\/p>\n<p>&nbsp;<\/p>\n<p><a title=\"TARNETINGIMUSED\" href=\"https:\/\/liluilu.ee\/et\/kohaletoimetamine\/\" target=\"_blank\" rel=\"noopener\">TARNETINGIMUSED<\/a><\/p>","protected":false},"excerpt":{"rendered":"<p><span style=\"font-weight: 400;\">K\u00f5rge kontsentratsiooniga n\u00e4oampull probiootikumide, tsentella ja keramiididega SKIN1004 Madagascar Centella Probio-Cica intensiivampull.<\/span><\/p>\n<p>&nbsp;<\/p>\n<p><span style=\"font-weight: 400;\">Toode on osa sarjast, mille eesm\u00e4rk on mikrobiota s\u00e4ilitamine ja naha kaitsebarj\u00e4\u00e4ri taastamine.<\/span><\/p>\n<p>&nbsp;<\/p>\n<p><span style=\"font-weight: 400;\">Ampull aitab vedelikupuuduse, kuivuse, \u00fclitundlikkuse, rosaatsea ja rosaatsea puhul. Aeglustab naha vananemis- ja n\u00e4rbumisprotsesse, omab noorendavat toimet.<\/span><\/p>\n<p>&nbsp;<\/p>\n<p><span style=\"font-weight: 400;\">SKIN1004 Madagascar Centella Probio-Cica intensiivne ampull:<\/span><\/p>\n<p>&nbsp;<\/p>\n<ul>\n<li style=\"font-weight: 400;\" aria-level=\"1\"><span style=\"font-weight: 400;\">Tervendab mikrobioomi, blokeerib bakterite kasvu ja paljunemist, taastab naha kaitsebarj\u00e4\u00e4ri ja tugevdab selle immuunsust;<\/span><\/li>\n<li style=\"font-weight: 400;\" aria-level=\"1\"><span style=\"font-weight: 400;\">Toidab ja t\u00e4idab aktiivselt niiskusega, tagab s\u00fcgava ja kauakestva niisutuse;<\/span><\/li>\n<li style=\"font-weight: 400;\" aria-level=\"1\"><span style=\"font-weight: 400;\">Pehmendab ja k\u00f5rvaldab kuivuse;<\/span><\/li>\n<li style=\"font-weight: 400;\" aria-level=\"1\"><span style=\"font-weight: 400;\"> J\u00e4tab naha siledaks, pehmeks ja elastseks;\u00a0<\/span><\/li>\n<li style=\"font-weight: 400;\" aria-level=\"1\"><span style=\"font-weight: 400;\">Sellel on v\u00f5imas regenereeriv toime, leevendab \u00e4rritust ja soodustab mikrokahjustuste kiiret paranemist;<\/span><\/li>\n<li style=\"font-weight: 400;\" aria-level=\"1\"><span style=\"font-weight: 400;\">Rahustab tundlikku nahka ja v\u00e4hendab punetust;<\/span><\/li>\n<li style=\"font-weight: 400;\" aria-level=\"1\"><span style=\"font-weight: 400;\">\u00dchtlustab tooni ja parandab jumet.\u00a0<\/span><\/li>\n<\/ul>\n<p>&nbsp;<\/p>","protected":false},"featured_media":10180,"comment_status":"open","ping_status":"closed","template":"","meta":{"_eb_attr":"","jetpack_post_was_ever_published":false,"_joinchat":[]},"product_brand":[],"product_cat":[449,226],"product_tag":[607,445,439,583,584,608,441,423,297,605,493,421,467,400,247,317,413],"class_list":{"0":"post-10189","1":"product","2":"type-product","3":"status-publish","4":"has-post-thumbnail","6":"product_cat-skin1004","7":"product_cat-serumy","8":"product_tag-skin1004-madagascar-centella-probio-cica","9":"product_tag-antivozrastnoj-uhod","10":"product_tag-vosstanovlenie-barera","11":"product_tag-kozha-s-kuperozom","12":"product_tag-kozha-s-rozacea","13":"product_tag-kosmetika-s-probiotikami","14":"product_tag-kuperoz","15":"product_tag-obezvozhennaya-kozha","16":"product_tag-probiotiki","17":"product_tag-sklonnaya-k-atopii-kozha","18":"product_tag-sklonnaya-k-suhosti-kozha","19":"product_tag-suhaya-kozha","20":"product_tag-tonkaya-kozha","21":"product_tag-uvlazhnenie","22":"product_tag-centella","23":"product_tag-ceramidy","24":"product_tag-chuvstvitelnaya-kozha","26":"first","27":"instock","28":"sale","29":"shipping-taxable","30":"purchasable","31":"product-type-simple"},"jetpack_sharing_enabled":true,"_links":{"self":[{"href":"https:\/\/liluilu.ee\/et\/wp-json\/wp\/v2\/product\/10189","targetHints":{"allow":["GET"]}}],"collection":[{"href":"https:\/\/liluilu.ee\/et\/wp-json\/wp\/v2\/product"}],"about":[{"href":"https:\/\/liluilu.ee\/et\/wp-json\/wp\/v2\/types\/product"}],"replies":[{"embeddable":true,"href":"https:\/\/liluilu.ee\/et\/wp-json\/wp\/v2\/comments?post=10189"}],"version-history":[{"count":11,"href":"https:\/\/liluilu.ee\/et\/wp-json\/wp\/v2\/product\/10189\/revisions"}],"predecessor-version":[{"id":14229,"href":"https:\/\/liluilu.ee\/et\/wp-json\/wp\/v2\/product\/10189\/revisions\/14229"}],"wp:featuredmedia":[{"embeddable":true,"href":"https:\/\/liluilu.ee\/et\/wp-json\/wp\/v2\/media\/10180"}],"wp:attachment":[{"href":"https:\/\/liluilu.ee\/et\/wp-json\/wp\/v2\/media?parent=10189"}],"wp:term":[{"taxonomy":"product_brand","embeddable":true,"href":"https:\/\/liluilu.ee\/et\/wp-json\/wp\/v2\/product_brand?post=10189"},{"taxonomy":"product_cat","embeddable":true,"href":"https:\/\/liluilu.ee\/et\/wp-json\/wp\/v2\/product_cat?post=10189"},{"taxonomy":"product_tag","embeddable":true,"href":"https:\/\/liluilu.ee\/et\/wp-json\/wp\/v2\/product_tag?post=10189"}],"curies":[{"name":"t\u00f6\u00f6leht","href":"https:\/\/api.w.org\/{rel}","templated":true}]}}