{"id":10141,"date":"2024-01-06T19:22:32","date_gmt":"2024-01-06T16:22:32","guid":{"rendered":"https:\/\/liluilu.ee\/?post_type=product&#038;p=10141"},"modified":"2026-04-23T20:50:33","modified_gmt":"2026-04-23T17:50:33","slug":"skin1004-madagascar-centella-probio-cica-essence-toner","status":"publish","type":"product","link":"https:\/\/liluilu.ee\/et\/skin1004-madagascar-centella-probio-cica-essence-toner\/","title":{"rendered":"Revitaliseeriv tooner probiootikumidega SKIN1004 Madagascar Centella Probio-Cica Essence Toner 210ml."},"content":{"rendered":"<h2><i><span style=\"font-weight: 400;\">Tooneri SKIN1004 Madagascar Centella Probio-Cica Essence peamised t\u00f6\u00f6komponendid ja omadused:<\/span><\/i><\/h2>\n<p>&nbsp;<\/p>\n<p><span style=\"font-weight: 400;\">Valemi aluseks on <\/span><b>Probio-Cica<\/b><span style=\"font-weight: 400;\"> on spetsiaalselt v\u00e4lja t\u00f6\u00f6tatud kaubam\u00e4rk<\/span><b> k\u00e4\u00e4ritatud tsentella baasil p\u00f5hinev probiootikum.<\/b><\/p>\n<p>&nbsp;<\/p>\n<p><b>Probio-Cica<\/b><span style=\"font-weight: 400;\"> S\u00e4ilitab mikrobioomi tasakaalu, tugevdab loomulikku immuunsust, v\u00e4hendab p\u00f5letikku ja parandab \u00fcldist naha tervist.<\/span><\/p>\n<p>&nbsp;<\/p>\n<p><b>Rahustav kompleks TECA <\/b><span style=\"font-weight: 400;\">(centella ekstrakt ja derivaadid) aktiveerib regenereerimisprotsessi ja rahustab nahka:<\/span><\/p>\n<p>&nbsp;<\/p>\n<ul>\n<li style=\"font-weight: 400;\" aria-level=\"1\"><span style=\"font-weight: 400;\">V\u00e4hendab punetust, pehmendab \u00e4rritust, soodustab mikrokahjustuste paranemist:<\/span><\/li>\n<li style=\"font-weight: 400;\" aria-level=\"1\"><span style=\"font-weight: 400;\">Stimuleerib h\u00fcaluroonhappe tootmist;<\/span><\/li>\n<li style=\"font-weight: 400;\" aria-level=\"1\"><span style=\"font-weight: 400;\">Parandab jumet ja naha tekstuuri, muutes selle siledaks, v\u00e4rskeks ja elastseks.<\/span><\/li>\n<\/ul>\n<p>&nbsp;<\/p>\n<p><b>Keramiidid NP <\/b><span style=\"font-weight: 400;\">taastada loomulik barj\u00e4\u00e4r ja tugevdada naha kaitsefunktsioone.\u00a0<\/span><\/p>\n<p>&nbsp;<\/p>\n<p><span style=\"font-weight: 400;\">Parandage niisutust, v\u00e4hendage liigset niiskuse kadu ja v\u00e4ltige deh\u00fcdratsiooni. Leevendab s\u00fcgelust, kuivust ja ketendust. Kasulik atoopilise naha, psoriaasi ja ekseemi ravis.<\/span><\/p>\n<p>&nbsp;<\/p>\n<p><b>5 t\u00fc\u00fcpi multimolekulaarset h\u00fcaluroonhapet <\/b><span style=\"font-weight: 400;\">intensiivselt niisutab nahka ja taastab veetasakaalu.\u00a0<\/span><\/p>\n<p>&nbsp;<\/p>\n<p><span style=\"font-weight: 400;\">Sisaldab SKIN1004 Madagascar Centella Probio-Cica Essence toonikut <\/span><b>ei mingeid kunstlikke maitse- ega v\u00e4rvaineid<\/b><span style=\"font-weight: 400;\">.<\/span><\/p>\n<p>&nbsp;<\/p>\n<p><span style=\"font-weight: 400;\">Essence tooner on \u00fcsna huvitava tekstuuriga. See saavutatakse kahe toote kombineerimisega \u00fches pudelis: tooner ja essents. Toonik annab niisutust ja kergust, essents annab toitumist ja paksust. Tulemuseks on kondensvee tekstuur.\u00a0<\/span><\/p>\n<p>&nbsp;<\/p>\n<p><span style=\"font-weight: 400;\">Toonik libiseb pealekandmisel veidi. Koheselt\u00a0<\/span><span style=\"font-weight: 400;\">t\u00e4idab naha niiskusega ja leevendab ebamugavustunnet. Imendub kiiresti. J\u00e4tab kerge kleepuvuse ja loomuliku viimistluse. Vajadusel saab toodet kanda mitme kihina.<\/span><\/p>\n<p>&nbsp;<\/p>\n<p><b>Soovitame SKIN1004 Madagascar Centella Probio-Cica Essence toonikut:<\/b><\/p>\n<p>&nbsp;<\/p>\n<ul>\n<li style=\"font-weight: 400;\" aria-level=\"1\"><span style=\"font-weight: 400;\">Kui teil on kuiv, normaalne v\u00f5i kombineeritud nahk;<\/span><\/li>\n<li style=\"font-weight: 400;\" aria-level=\"1\"><span style=\"font-weight: 400;\">Kui teil on deh\u00fcdreeritud nahk;<\/span><\/li>\n<li style=\"font-weight: 400;\" aria-level=\"1\"><span style=\"font-weight: 400;\">Kui teil on \u00f5huke nahk;<\/span><\/li>\n<li style=\"font-weight: 400;\" aria-level=\"1\"><span style=\"font-weight: 400;\">kui teil on tundlik nahk, sealhulgas rosaatsea ja rosaatseaga nahk;<\/span><\/li>\n<li style=\"font-weight: 400;\" aria-level=\"1\"><span style=\"font-weight: 400;\">kui teie nahk on kalduvus atoopiale;<\/span><\/li>\n<li style=\"font-weight: 400;\" aria-level=\"1\"><span style=\"font-weight: 400;\">Naha tervise s\u00e4ilitamiseks retinooli ja hapete kasutamise ajal;<\/span><\/li>\n<li style=\"font-weight: 400;\" aria-level=\"1\"><span style=\"font-weight: 400;\">Kahjustatud naha taastamiseks p\u00e4rast agressiivseid kosmeetilisi protseduure.<\/span><\/li>\n<\/ul>\n<p>&nbsp;<\/p>\n<p><span style=\"font-weight: 400;\"><strong>Maksimaalse efekti saavutamiseks<\/strong> Soovitame luua tervikliku hooldusre\u017eiimi, kasutades sarja tooteid <\/span><span style=\"color: #0000ff;\"><a style=\"color: #0000ff;\" href=\"https:\/\/liluilu.ee\/et\/tootesilt\/skin1004-madagascar-centella-probio-cica\/\" target=\"_blank\" rel=\"noopener\"><span style=\"font-weight: 400;\">SKIN1004 Probio-Cica Line<\/span><\/a><span style=\"font-weight: 400;\">:<\/span><\/span><\/p>\n<ul>\n<li style=\"font-weight: 400;\" aria-level=\"1\"><span style=\"color: #0000ff;\"><a style=\"color: #0000ff;\" href=\"https:\/\/liluilu.ee\/et\/skin1004-madagascar-centella-probio-cica-intensive-ampoule\/\" target=\"_blank\" rel=\"noopener\"><span style=\"font-weight: 400;\">Intensiivselt regenereeriv ampull<\/span><\/a><span style=\"font-weight: 400;\">;<\/span><\/span><\/li>\n<li style=\"font-weight: 400;\" aria-level=\"1\"><span style=\"color: #0000ff;\"><a style=\"color: #0000ff;\" href=\"https:\/\/liluilu.ee\/et\/skin1004-madagascar-centella-probio-cica-enrich-cream\/\" target=\"_blank\" rel=\"noopener\"><span style=\"font-weight: 400;\">Toitev lamellne n\u00e4okreem<\/span><\/a><span style=\"font-weight: 400;\">;<\/span><\/span><\/li>\n<li style=\"font-weight: 400;\" aria-level=\"1\"><span style=\"color: #0000ff;\"><a style=\"color: #0000ff;\" href=\"https:\/\/liluilu.ee\/et\/skin1004-madagascar-centella-probio-cica-bakuchiol-eye-cream\/\" target=\"_blank\" rel=\"noopener\"><span style=\"font-weight: 400;\">Silma\u00fcmbruskreem<\/span><\/a><span style=\"font-weight: 400;\">.<\/span><\/span><\/li>\n<\/ul>\n<p>&nbsp;<\/p>\n<p><b>Toodete nahale kandmise protseduur:<\/b><span style=\"font-weight: 400;\"> toonik - ampull - n\u00e4okreem - silmakreem.<\/span><\/p>\n<p>&nbsp;<\/p>\n<p><b>Kuidas kasutada:<\/b><\/p>\n<p><span style=\"font-weight: 400;\">Kandke vatipadjakeste v\u00f5i peopesade abil vajalik kogus toonikut puhastatud n\u00e4ole ja kaelale. Jaotage ja kasutage pehmeid patsutusliigutusi, et aidata tooneril imenduda.\u00a0<\/span><\/p>\n<p><span style=\"font-weight: 400;\">Toode sobib kasutamiseks nii hommikul kui \u00f5htul.<\/span><\/p>\n<p>&nbsp;<\/p>\n<p><b>Netokogus:<\/b><span style=\"font-weight: 400;\"> 210 ml.<\/span><\/p>\n<p>&nbsp;<\/p>\n<p>&nbsp;<\/p>\n<p><a title=\"TARNETINGIMUSED\" href=\"https:\/\/liluilu.ee\/et\/kohaletoimetamine\/\" target=\"_blank\" rel=\"noopener\">TARNETINGIMUSED<\/a><\/p>","protected":false},"excerpt":{"rendered":"<p><span style=\"font-weight: 400;\">Taastav, niisutav ja rahustav toonik-essents SKIN1004 Madagascar Centella Probio-Cica Essence Toonik.<\/span><\/p>\n<p>&nbsp;<\/p>\n<p><span style=\"font-weight: 400;\">Toode on osa sarjast, mis on loodud kaitsebarj\u00e4\u00e4ri tugevdamiseks ja terve naha mikrobioomi s\u00e4ilitamiseks.<\/span><\/p>\n<p>&nbsp;<\/p>\n<p><span style=\"font-weight: 400;\">SKIN1004 Madagascar Centella Probio-Cica Essence Toonik hoolitseb naha eest kohe p\u00e4rast puhastamist:<\/span><\/p>\n<p>&nbsp;<\/p>\n<ul>\n<li style=\"font-weight: 400;\" aria-level=\"1\"><span style=\"font-weight: 400;\">Taastab optimaalse happe-aluse tasakaalu;<\/span><\/li>\n<li style=\"font-weight: 400;\" aria-level=\"1\"><span style=\"font-weight: 400;\">T\u00e4idab nahka aktiivselt niiskuse ja toitainetega;<\/span><\/li>\n<li style=\"font-weight: 400;\" aria-level=\"1\"><span style=\"font-weight: 400;\">K\u00f5rvaldab kuivuse, pigistustunde p\u00e4rast pesemist ja s\u00fcgeluse;<\/span><\/li>\n<li style=\"font-weight: 400;\" aria-level=\"1\"><span style=\"font-weight: 400;\">Rahustab tundlikku nahka ja v\u00e4hendab punetust;<\/span><\/li>\n<li style=\"font-weight: 400;\" aria-level=\"1\"><span style=\"font-weight: 400;\">Leevendab \u00e4rritust ja p\u00f5letikku, soodustab v\u00e4ikeste haavade kiiret paranemist;<\/span><\/li>\n<li style=\"font-weight: 400;\" aria-level=\"1\"><span style=\"font-weight: 400;\">Valmistab naha ette edasiseks hoolduseks ja suurendab selle efektiivsust;<\/span><\/li>\n<li style=\"font-weight: 400;\" aria-level=\"1\"><span style=\"font-weight: 400;\">Taastab naha loomuliku kaitsebarj\u00e4\u00e4ri ja parandab selle immuunsust.<\/span><\/li>\n<\/ul>\n<p>&nbsp;<\/p>","protected":false},"featured_media":10139,"comment_status":"open","ping_status":"closed","template":"","meta":{"_eb_attr":"","jetpack_post_was_ever_published":false,"_joinchat":[]},"product_brand":[],"product_cat":[449,217],"product_tag":[607,439,583,584,608,441,423,297,605,493,421,467,400,247,317,413],"class_list":{"0":"post-10141","1":"product","2":"type-product","3":"status-publish","4":"has-post-thumbnail","6":"product_cat-skin1004","7":"product_cat-tonery","8":"product_tag-skin1004-madagascar-centella-probio-cica","9":"product_tag-vosstanovlenie-barera","10":"product_tag-kozha-s-kuperozom","11":"product_tag-kozha-s-rozacea","12":"product_tag-kosmetika-s-probiotikami","13":"product_tag-kuperoz","14":"product_tag-obezvozhennaya-kozha","15":"product_tag-probiotiki","16":"product_tag-sklonnaya-k-atopii-kozha","17":"product_tag-sklonnaya-k-suhosti-kozha","18":"product_tag-suhaya-kozha","19":"product_tag-tonkaya-kozha","20":"product_tag-uvlazhnenie","21":"product_tag-centella","22":"product_tag-ceramidy","23":"product_tag-chuvstvitelnaya-kozha","25":"first","26":"instock","27":"sale","28":"shipping-taxable","29":"purchasable","30":"product-type-simple"},"jetpack_sharing_enabled":true,"_links":{"self":[{"href":"https:\/\/liluilu.ee\/et\/wp-json\/wp\/v2\/product\/10141","targetHints":{"allow":["GET"]}}],"collection":[{"href":"https:\/\/liluilu.ee\/et\/wp-json\/wp\/v2\/product"}],"about":[{"href":"https:\/\/liluilu.ee\/et\/wp-json\/wp\/v2\/types\/product"}],"replies":[{"embeddable":true,"href":"https:\/\/liluilu.ee\/et\/wp-json\/wp\/v2\/comments?post=10141"}],"version-history":[{"count":13,"href":"https:\/\/liluilu.ee\/et\/wp-json\/wp\/v2\/product\/10141\/revisions"}],"predecessor-version":[{"id":11099,"href":"https:\/\/liluilu.ee\/et\/wp-json\/wp\/v2\/product\/10141\/revisions\/11099"}],"wp:featuredmedia":[{"embeddable":true,"href":"https:\/\/liluilu.ee\/et\/wp-json\/wp\/v2\/media\/10139"}],"wp:attachment":[{"href":"https:\/\/liluilu.ee\/et\/wp-json\/wp\/v2\/media?parent=10141"}],"wp:term":[{"taxonomy":"product_brand","embeddable":true,"href":"https:\/\/liluilu.ee\/et\/wp-json\/wp\/v2\/product_brand?post=10141"},{"taxonomy":"product_cat","embeddable":true,"href":"https:\/\/liluilu.ee\/et\/wp-json\/wp\/v2\/product_cat?post=10141"},{"taxonomy":"product_tag","embeddable":true,"href":"https:\/\/liluilu.ee\/et\/wp-json\/wp\/v2\/product_tag?post=10141"}],"curies":[{"name":"t\u00f6\u00f6leht","href":"https:\/\/api.w.org\/{rel}","templated":true}]}}