{"id":3032,"date":"2021-10-31T21:42:08","date_gmt":"2021-10-31T18:42:08","guid":{"rendered":"https:\/\/liluilu.ee\/?page_id=3032"},"modified":"2025-12-23T13:12:33","modified_gmt":"2025-12-23T10:12:33","slug":"kohaletoimetamine","status":"publish","type":"page","link":"https:\/\/liluilu.ee\/et\/kohaletoimetamine\/","title":{"rendered":"Kohaletoimetamine"},"content":{"rendered":"<div data-elementor-type=\"wp-page\" data-elementor-id=\"3032\" class=\"elementor elementor-3032\" data-elementor-post-type=\"page\">\n\t\t\t\t\t\t<section class=\"elementor-section elementor-top-section elementor-element elementor-element-fb23eb4 elementor-section-height-min-height elementor-section-content-top elementor-section-boxed elementor-section-height-default elementor-section-items-middle\" data-id=\"fb23eb4\" data-element_type=\"section\" data-settings=\"{&quot;background_background&quot;:&quot;classic&quot;}\">\n\t\t\t\t\t\t\t<div class=\"elementor-background-overlay\"><\/div>\n\t\t\t\t\t\t\t<div class=\"elementor-container elementor-column-gap-no\">\n\t\t\t\t\t<div class=\"elementor-column elementor-col-100 elementor-top-column elementor-element elementor-element-ba563b3 elementor-invisible\" data-id=\"ba563b3\" data-element_type=\"column\" data-settings=\"{&quot;background_background&quot;:&quot;classic&quot;,&quot;animation&quot;:&quot;fadeInLeft&quot;,&quot;animation_tablet&quot;:&quot;fadeInLeft&quot;,&quot;animation_mobile&quot;:&quot;fadeInLeft&quot;}\">\n\t\t\t<div class=\"elementor-widget-wrap elementor-element-populated\">\n\t\t\t\t\t<div class=\"elementor-background-overlay\"><\/div>\n\t\t\t\t\t\t<div class=\"elementor-element elementor-element-287734d elementor-widget elementor-widget-heading\" data-id=\"287734d\" data-element_type=\"widget\" data-widget_type=\"heading.default\">\n\t\t\t\t<div class=\"elementor-widget-container\">\n\t\t\t\t\t<h1 class=\"elementor-heading-title elementor-size-default\">Me toimetame r\u00f5\u00f5mu<\/h1>\t\t\t\t<\/div>\n\t\t\t\t<\/div>\n\t\t\t\t\t<\/div>\n\t\t<\/div>\n\t\t\t\t\t<\/div>\n\t\t<\/section>\n\t\t\t\t<section class=\"elementor-section elementor-top-section elementor-element elementor-element-4ffe8b1 elementor-section-boxed elementor-section-height-default elementor-section-height-default\" data-id=\"4ffe8b1\" data-element_type=\"section\">\n\t\t\t\t\t\t<div class=\"elementor-container elementor-column-gap-default\">\n\t\t\t\t\t<div class=\"elementor-column elementor-col-100 elementor-top-column elementor-element elementor-element-a49d07d\" data-id=\"a49d07d\" data-element_type=\"column\" data-settings=\"{&quot;background_background&quot;:&quot;classic&quot;}\">\n\t\t\t<div class=\"elementor-widget-wrap elementor-element-populated\">\n\t\t\t\t\t\t<div class=\"elementor-element elementor-element-a6e01a1 elementor-widget elementor-widget-woocommerce-breadcrumb\" data-id=\"a6e01a1\" data-element_type=\"widget\" data-widget_type=\"woocommerce-breadcrumb.default\">\n\t\t\t\t<div class=\"elementor-widget-container\">\n\t\t\t\t\t<nav class=\"woocommerce-breadcrumb\" aria-label=\"Breadcrumb\" data-no-translation=\"\" data-trp-gettext=\"\">AVALEHT<\/nav>\t\t\t\t<\/div>\n\t\t\t\t<\/div>\n\t\t\t\t<div class=\"elementor-element elementor-element-d1a1111 elementor-widget elementor-widget-image\" data-id=\"d1a1111\" data-element_type=\"widget\" data-widget_type=\"image.default\">\n\t\t\t\t<div class=\"elementor-widget-container\">\n\t\t\t\t\t\t\t\t\t\t\t\t\t\t\t<img decoding=\"async\" src=\"https:\/\/liluilu.ee\/wp-content\/uploads\/2021\/10\/premium-icon-fast-delivery-3988546-100x100.png\" title=\"premium-ikoon-kiire-tarne-3988546\" alt=\"premium-ikoon-kiire-tarne-3988546\" loading=\"lazy\" \/>\t\t\t\t\t\t\t\t\t\t\t\t\t\t\t<\/div>\n\t\t\t\t<\/div>\n\t\t\t\t<div class=\"elementor-element elementor-element-e4f25db elementor-widget elementor-widget-spacer\" data-id=\"e4f25db\" data-element_type=\"widget\" data-widget_type=\"spacer.default\">\n\t\t\t\t<div class=\"elementor-widget-container\">\n\t\t\t\t\t\t\t<div class=\"elementor-spacer\">\n\t\t\t<div class=\"elementor-spacer-inner\"><\/div>\n\t\t<\/div>\n\t\t\t\t\t\t<\/div>\n\t\t\t\t<\/div>\n\t\t\t\t<div class=\"elementor-element elementor-element-1fd293a elementor-widget elementor-widget-text-editor\" data-id=\"1fd293a\" data-element_type=\"widget\" data-widget_type=\"text-editor.default\">\n\t\t\t\t<div class=\"elementor-widget-container\">\n\t\t\t\t\t\t\t\t\t<p style=\"text-align: center;\"><span style=\"font-weight: 400;\">M\u00f5istame, et soovite oma tellimuse v\u00f5imalikult kiiresti k\u00e4tte saada, seet\u00f5ttu oleme korraldanud kiire ja mugava kohaletoimetamise:<\/span><\/p>\t\t\t\t\t\t\t\t<\/div>\n\t\t\t\t<\/div>\n\t\t\t\t<div class=\"elementor-element elementor-element-ad12638 elementor-widget elementor-widget-text-editor\" data-id=\"ad12638\" data-element_type=\"widget\" data-widget_type=\"text-editor.default\">\n\t\t\t\t<div class=\"elementor-widget-container\">\n\t\t\t\t\t\t\t\t\t<p>\u00a0<\/p><p style=\"text-align: center;\"><span style=\"color: #ff0000;\"><strong>Tellimuste saatmise ajakava p\u00fchade ajal:<\/strong><\/span><\/p><p>\u00a0<\/p><p style=\"text-align: center;\"><span style=\"color: #800080;\"><strong>24.\u201326. detsembrini esitatud tellimused saadetakse v\u00e4lja 27. detsembril.\u00a0<\/strong><\/span><\/p><p>\u00a0<\/p><p style=\"text-align: center;\"><span style=\"color: #800080;\"><strong>31. detsembril ja 1. jaanuaril esitatud tellimused saadetakse teele 2. jaanuaril.<\/strong><\/span><\/p><p>\u00a0<\/p>\t\t\t\t\t\t\t\t<\/div>\n\t\t\t\t<\/div>\n\t\t\t\t<div class=\"elementor-element elementor-element-901c05b elementor-widget-divider--view-line elementor-widget elementor-widget-divider\" data-id=\"901c05b\" data-element_type=\"widget\" data-widget_type=\"divider.default\">\n\t\t\t\t<div class=\"elementor-widget-container\">\n\t\t\t\t\t\t\t<div class=\"elementor-divider\">\n\t\t\t<span class=\"elementor-divider-separator\">\n\t\t\t\t\t\t<\/span>\n\t\t<\/div>\n\t\t\t\t\t\t<\/div>\n\t\t\t\t<\/div>\n\t\t\t\t<div class=\"elementor-element elementor-element-e88da1a elementor-widget elementor-widget-eael-adv-accordion\" data-id=\"e88da1a\" data-element_type=\"widget\" data-widget_type=\"eael-adv-accordion.default\">\n\t\t\t\t<div class=\"elementor-widget-container\">\n\t\t\t\t\t        <div class=\"eael-adv-accordion\" id=\"eael-adv-accordion-e88da1a\" data-scroll-on-click=\"no\" data-scroll-speed=\"300\" data-accordion-id=\"e88da1a\" data-accordion-type=\"toggle\" data-toogle-speed=\"300\">\n    <div class=\"eael-accordion-list\">\n                <div id=\" \" class=\"elementor-tab-title eael-accordion-header\" tabindex=\"0\" data-tab=\"1\" aria-controls=\"elementor-tab-content-2431\"><span class=\"eael-advanced-accordion-icon-closed\"><i aria-hidden=\"true\" class=\"fa-accordion-icon fas fa-plus\"><\/i><\/span><span class=\"eael-advanced-accordion-icon-opened\"><i aria-hidden=\"true\" class=\"fa-accordion-icon fas fa-minus\"><\/i><\/span><h2 class=\"eael-accordion-tab-title\">Eestis<\/h2><i aria-hidden=\"true\" class=\"fa-toggle fas fa-angle-right\"><\/i><\/div><div id=\"elementor-tab-content-2431\" class=\"eael-accordion-content clearfix\" data-tab=\"1\" aria-labelledby=\" \"><ul><li><span style=\"font-weight: 400;\"><span style=\"vertical-align: inherit;\"><span style=\"vertical-align: inherit;\"><span style=\"vertical-align: inherit;\"><span style=\"vertical-align: inherit;\">K\u00f5ik t\u00f6\u00f6p\u00e4eviti sooritatud ostud saadame teele <strong>sooritatud ostud saadame teele <\/strong><\/span><\/span><\/span><\/span><\/span><strong><span style=\"vertical-align: inherit;\"><span style=\"vertical-align: inherit;\"><span style=\"vertical-align: inherit;\"><span style=\"vertical-align: inherit;\">samal p\u00e4eval<\/span><\/span><\/span><\/span><\/strong><span style=\"font-weight: 400;\"><span style=\"vertical-align: inherit;\"><span style=\"vertical-align: inherit;\"><span style=\"vertical-align: inherit;\"><span style=\"vertical-align: inherit;\">.<\/span><\/span><\/span><\/span><\/span><\/li><li><span style=\"font-weight: 400;\"><strong>\u00dcle 30 EUR tellimustele kohaletoimetamine tasuta.<\/strong><br \/><\/span><\/li><li><strong>Tarne Smartposti ja Omniva pakiautomaatidesse. <\/strong>Saatekulu on 3.00 EUR. Tarneaeg on 1 t\u00f6\u00f6p\u00e4ev. N\u00e4dalavahetustel ja riiklikel p\u00fchadel tehtud ostude puhul on tarneaeg 1-2 t\u00f6\u00f6p\u00e4eva.<\/li><li><strong>Tarne DPD pakiautomaatidesse. <\/strong>Saatekulu on 4.00 EUR. Tarneaeg: 1 t\u00f6\u00f6p\u00e4ev. N\u00e4dalavahetustel ja riiklikel p\u00fchadel tehtud ostude puhul on tarneaeg 1-2 t\u00f6\u00f6p\u00e4eva.<\/li><li><b><span style=\"vertical-align: inherit;\"><span style=\"vertical-align: inherit;\"><span style=\"vertical-align: inherit;\"><span style=\"vertical-align: inherit;\">Tellimuse k\u00e4ttesaamine tarnepunktist - tasuta. <\/span><\/span><\/span><\/span><\/b>Kui valite selle valiku, v\u00f5tame teiega p\u00e4rast tellimuse kinnitamist \u00fchendust, et leppida kokku aeg, millal saate tellimusele j\u00e4rele tulla. Tellimuste v\u00e4ljastuspunkt asub aadressil Kopli 82, Tallinn, 10412, Harjumaa, Eesti.<\/li><\/ul><\/div>\n                <\/div><div class=\"eael-accordion-list\">\n                <div id=\"-\" class=\"elementor-tab-title eael-accordion-header\" tabindex=\"0\" data-tab=\"2\" aria-controls=\"elementor-tab-content-2432\"><span class=\"eael-advanced-accordion-icon-closed\"><i aria-hidden=\"true\" class=\"fa-accordion-icon fas fa-plus\"><\/i><\/span><span class=\"eael-advanced-accordion-icon-opened\"><i aria-hidden=\"true\" class=\"fa-accordion-icon fas fa-minus\"><\/i><\/span><h2 class=\"eael-accordion-tab-title\">L\u00e4tis<\/h2><i aria-hidden=\"true\" class=\"fa-toggle fas fa-angle-right\"><\/i><\/div><div id=\"elementor-tab-content-2432\" class=\"eael-accordion-content clearfix\" data-tab=\"2\" aria-labelledby=\"-\"><ul><li><span style=\"font-weight: 400;\"><span style=\"vertical-align: inherit;\"><span style=\"vertical-align: inherit;\"><span style=\"vertical-align: inherit;\"><span style=\"vertical-align: inherit;\">K\u00f5ik enne kella 16:00 <\/span><\/span><\/span><\/span><\/span><b><span style=\"vertical-align: inherit;\"><span style=\"vertical-align: inherit;\"><span style=\"vertical-align: inherit;\"><span style=\"vertical-align: inherit;\">sooritatud ostud saadame teele samal p\u00e4eval<\/span><\/span><\/span><\/span><\/b><span style=\"font-weight: 400;\"><span style=\"vertical-align: inherit;\"><span style=\"vertical-align: inherit;\"><span style=\"vertical-align: inherit;\"><span style=\"vertical-align: inherit;\">.<\/span><\/span><\/span><\/span><\/span><\/li><li><span style=\"font-weight: 400;\"><strong>\u00dcle 75 EUR tellimustele kohaletoimetamine tasuta.<\/strong><\/span><\/li><li><b><span style=\"vertical-align: inherit;\"><span style=\"vertical-align: inherit;\"><span style=\"vertical-align: inherit;\"><span style=\"vertical-align: inherit;\">Pakk Smartposti pakiautomaati.<\/span><\/span><\/span><\/span><\/b><\/li><li><span style=\"font-weight: 400;\"><span style=\"vertical-align: inherit;\"><span style=\"vertical-align: inherit;\"><span style=\"vertical-align: inherit;\"><span style=\"vertical-align: inherit;\">Hind on 6,99 eurot.<\/span><\/span><\/span><\/span><\/span><\/li><li><span style=\"font-weight: 400;\"><span style=\"vertical-align: inherit;\"><span style=\"vertical-align: inherit;\"><span style=\"vertical-align: inherit;\"><span style=\"vertical-align: inherit;\">Tarneaeg - 2 p\u00e4eva.<\/span><\/span><\/span><\/span><\/span><\/li><li><span style=\"font-weight: 400;\"><span style=\"vertical-align: inherit;\"><span style=\"vertical-align: inherit;\"><span style=\"vertical-align: inherit;\"><span style=\"vertical-align: inherit;\">N\u00e4dalavahetustel ja riiklikel p\u00fchadel tehtud ostude puhul on tarneaeg 3 t\u00f6\u00f6p\u00e4eva.<\/span><\/span><\/span><\/span><\/span><\/li><\/ul><\/div>\n                <\/div><div class=\"eael-accordion-list\">\n                <div id=\"-\" class=\"elementor-tab-title eael-accordion-header\" tabindex=\"0\" data-tab=\"3\" aria-controls=\"elementor-tab-content-2433\"><span class=\"eael-advanced-accordion-icon-closed\"><i aria-hidden=\"true\" class=\"fa-accordion-icon fas fa-plus\"><\/i><\/span><span class=\"eael-advanced-accordion-icon-opened\"><i aria-hidden=\"true\" class=\"fa-accordion-icon fas fa-minus\"><\/i><\/span><h2 class=\"eael-accordion-tab-title\">Leedus<\/h2><i aria-hidden=\"true\" class=\"fa-toggle fas fa-angle-right\"><\/i><\/div><div id=\"elementor-tab-content-2433\" class=\"eael-accordion-content clearfix\" data-tab=\"3\" aria-labelledby=\"-\"><ul><li><span style=\"font-weight: 400;\"><span style=\"vertical-align: inherit;\"><span style=\"vertical-align: inherit;\"><span style=\"vertical-align: inherit;\"><span style=\"vertical-align: inherit;\">K\u00f5ik enne kella 16:00 <\/span><\/span><\/span><\/span><\/span><b><span style=\"vertical-align: inherit;\"><span style=\"vertical-align: inherit;\"><span style=\"vertical-align: inherit;\"><span style=\"vertical-align: inherit;\">sooritatud ostud saadame teele samal p\u00e4eval<\/span><\/span><\/span><\/span><\/b><span style=\"font-weight: 400;\"><span style=\"vertical-align: inherit;\"><span style=\"vertical-align: inherit;\"><span style=\"vertical-align: inherit;\"><span style=\"vertical-align: inherit;\">.<\/span><\/span><\/span><\/span><\/span><\/li><li><span style=\"font-weight: 400;\"><strong>\u00dcle 75 EUR tellimustele kohaletoimetamine tasuta.<\/strong><\/span><\/li><li><b><span style=\"vertical-align: inherit;\"><span style=\"vertical-align: inherit;\"><span style=\"vertical-align: inherit;\"><span style=\"vertical-align: inherit;\">Pakk Smartposti pakiautomaati.<\/span><\/span><\/span><\/span><\/b><\/li><li><span style=\"font-weight: 400;\"><span style=\"vertical-align: inherit;\"><span style=\"vertical-align: inherit;\"><span style=\"vertical-align: inherit;\"><span style=\"vertical-align: inherit;\">Maksumus: 7,99 EUR.<\/span><\/span><\/span><\/span><\/span><\/li><li><span style=\"font-weight: 400;\"><span style=\"vertical-align: inherit;\"><span style=\"vertical-align: inherit;\"><span style=\"vertical-align: inherit;\"><span style=\"vertical-align: inherit;\">Tarneaeg - 2 p\u00e4eva.<\/span><\/span><\/span><\/span><\/span><\/li><li><span style=\"font-weight: 400;\"><span style=\"vertical-align: inherit;\"><span style=\"vertical-align: inherit;\"><span style=\"vertical-align: inherit;\"><span style=\"vertical-align: inherit;\">N\u00e4dalavahetustel ja riiklikel p\u00fchadel tehtud ostude puhul on tarneaeg 3 t\u00f6\u00f6p\u00e4eva.<\/span><\/span><\/span><\/span><\/span><\/li><\/ul><\/div>\n                <\/div><div class=\"eael-accordion-list\">\n                <div id=\"-\" class=\"elementor-tab-title eael-accordion-header\" tabindex=\"0\" data-tab=\"4\" aria-controls=\"elementor-tab-content-2434\"><span class=\"eael-advanced-accordion-icon-closed\"><i aria-hidden=\"true\" class=\"fa-accordion-icon fas fa-plus\"><\/i><\/span><span class=\"eael-advanced-accordion-icon-opened\"><i aria-hidden=\"true\" class=\"fa-accordion-icon fas fa-minus\"><\/i><\/span><h2 class=\"eael-accordion-tab-title\">Soomes<\/h2><i aria-hidden=\"true\" class=\"fa-toggle fas fa-angle-right\"><\/i><\/div><div id=\"elementor-tab-content-2434\" class=\"eael-accordion-content clearfix\" data-tab=\"4\" aria-labelledby=\"-\"><ul><li><span style=\"font-weight: 400;\"><span style=\"vertical-align: inherit;\"><span style=\"vertical-align: inherit;\"><span style=\"vertical-align: inherit;\"><span style=\"vertical-align: inherit;\">K\u00f5ik enne kella 16:00 <\/span><\/span><\/span><\/span><\/span><b><span style=\"vertical-align: inherit;\"><span style=\"vertical-align: inherit;\"><span style=\"vertical-align: inherit;\"><span style=\"vertical-align: inherit;\">sooritatud ostud saadame teele samal p\u00e4eval<\/span><\/span><\/span><\/span><\/b><span style=\"font-weight: 400;\"><span style=\"vertical-align: inherit;\"><span style=\"vertical-align: inherit;\"><span style=\"vertical-align: inherit;\"><span style=\"vertical-align: inherit;\">.<\/span><\/span><\/span><\/span><\/span><\/li><li><span style=\"font-weight: 400;\"><strong>\u00dcle 100 EUR tellimustele kohaletoimetamine tasuta.<\/strong><\/span><\/li><li><b><span style=\"vertical-align: inherit;\"><span style=\"vertical-align: inherit;\"><span style=\"vertical-align: inherit;\"><span style=\"vertical-align: inherit;\">Pakk Smartposti pakiautomaati.<\/span><\/span><\/span><\/span><\/b><\/li><li><span style=\"font-weight: 400;\"><span style=\"vertical-align: inherit;\"><span style=\"vertical-align: inherit;\"><span style=\"vertical-align: inherit;\"><span style=\"vertical-align: inherit;\">Maksumus: 10,99 EUR.<\/span><\/span><\/span><\/span><\/span><\/li><li><span style=\"font-weight: 400;\"><span style=\"vertical-align: inherit;\"><span style=\"vertical-align: inherit;\"><span style=\"vertical-align: inherit;\"><span style=\"vertical-align: inherit;\">Tarneaeg - 2 p\u00e4eva.<\/span><\/span><\/span><\/span><\/span><\/li><li><span style=\"font-weight: 400;\"><span style=\"vertical-align: inherit;\"><span style=\"vertical-align: inherit;\"><span style=\"vertical-align: inherit;\"><span style=\"vertical-align: inherit;\">N\u00e4dalavahetustel ja riiklikel p\u00fchadel tehtud ostude puhul on tarneaeg 3 t\u00f6\u00f6p\u00e4eva.<\/span><\/span><\/span><\/span><\/span><\/li><\/ul><\/div>\n                <\/div><\/div>\t\t\t\t<\/div>\n\t\t\t\t<\/div>\n\t\t\t\t<div class=\"elementor-element elementor-element-44152c7 elementor-widget-divider--view-line elementor-widget elementor-widget-divider\" data-id=\"44152c7\" data-element_type=\"widget\" data-widget_type=\"divider.default\">\n\t\t\t\t<div class=\"elementor-widget-container\">\n\t\t\t\t\t\t\t<div class=\"elementor-divider\">\n\t\t\t<span class=\"elementor-divider-separator\">\n\t\t\t\t\t\t<\/span>\n\t\t<\/div>\n\t\t\t\t\t\t<\/div>\n\t\t\t\t<\/div>\n\t\t\t\t<div class=\"elementor-element elementor-element-0c80ea9 elementor-widget elementor-widget-text-editor\" data-id=\"0c80ea9\" data-element_type=\"widget\" data-widget_type=\"text-editor.default\">\n\t\t\t\t<div class=\"elementor-widget-container\">\n\t\t\t\t\t\t\t\t\t<p><span style=\"font-weight: 400;\"><span style=\"vertical-align: inherit;\"><span style=\"vertical-align: inherit;\"><span style=\"vertical-align: inherit;\"><span style=\"vertical-align: inherit;\"><span style=\"vertical-align: inherit;\"><span style=\"vertical-align: inherit;\"><span style=\"vertical-align: inherit;\"><span style=\"vertical-align: inherit;\">Kas teil on k\u00fcsimusi v\u00f5i soovite kasutada teist tarneviisi?<\/span><\/span><\/span><\/span><\/span><\/span><\/span><\/span><\/span><\/p><p><span style=\"font-weight: 400;\"><span style=\"vertical-align: inherit;\"><span style=\"vertical-align: inherit;\"><span style=\"vertical-align: inherit;\"><span style=\"vertical-align: inherit;\"><span style=\"vertical-align: inherit;\"><span style=\"vertical-align: inherit;\"><span style=\"vertical-align: inherit;\"><span style=\"vertical-align: inherit;\">V\u00f5tke meiega \u00fchendust igal teile sobival viisil \u2013\u00a0<\/span><\/span><\/span><\/span><\/span><\/span><span style=\"color: #800080;\"><strong><a style=\"color: #800080;\" href=\"https:\/\/liluilu.ee\/et\/kontaktid\/\" target=\"_blank\" rel=\"noopener\"><span style=\"vertical-align: inherit;\"><span style=\"vertical-align: inherit;\"><span style=\"vertical-align: inherit;\"><span style=\"vertical-align: inherit;\"><span style=\"vertical-align: inherit;\"><span style=\"vertical-align: inherit;\">oleme alati \u00fchenduses<\/span><\/span><\/span><\/span><\/span><\/span><\/a><span style=\"vertical-align: inherit;\"><span style=\"vertical-align: inherit;\"><span style=\"vertical-align: inherit;\"><span style=\"vertical-align: inherit;\"><span style=\"vertical-align: inherit;\"><span style=\"vertical-align: inherit;\">.<\/span><\/span><\/span><\/span><\/span><\/span><\/strong><\/span><\/span><\/span><\/span><\/p>\t\t\t\t\t\t\t\t<\/div>\n\t\t\t\t<\/div>\n\t\t\t\t<div class=\"elementor-element elementor-element-bd26597 elementor-widget elementor-widget-spacer\" data-id=\"bd26597\" data-element_type=\"widget\" data-widget_type=\"spacer.default\">\n\t\t\t\t<div class=\"elementor-widget-container\">\n\t\t\t\t\t\t\t<div class=\"elementor-spacer\">\n\t\t\t<div class=\"elementor-spacer-inner\"><\/div>\n\t\t<\/div>\n\t\t\t\t\t\t<\/div>\n\t\t\t\t<\/div>\n\t\t\t\t\t<\/div>\n\t\t<\/div>\n\t\t\t\t\t<\/div>\n\t\t<\/section>\n\t\t\t\t<\/div>","protected":false},"excerpt":{"rendered":"<p>\u0414\u043e\u0441\u0442\u0430\u0432\u043b\u044f\u0435\u043c \u0441\u0447\u0430\u0441\u0442\u044c\u0435 \u041c\u044b \u043f\u043e\u043d\u0438\u043c\u0430\u0435\u043c, \u0447\u0442\u043e \u0432\u044b \u0445\u043e\u0442\u0438\u0442\u0435 \u043f\u043e\u043b\u0443\u0447\u0438\u0442\u044c \u0441\u0432\u043e\u0439 \u0437\u0430\u043a\u0430\u0437 \u043a\u0430\u043a \u043c\u043e\u0436\u043d\u043e \u0441\u043a\u043e\u0440\u0435\u0435, \u043f\u043e\u044d\u0442\u043e\u043c\u0443 \u043e\u0440\u0433\u0430\u043d\u0438\u0437\u043e\u0432\u0430\u043b\u0438 \u0431\u044b\u0441\u0442\u0440\u0443\u044e \u0438 \u0443\u0434\u043e\u0431\u043d\u0443\u044e \u0434\u043e\u0441\u0442\u0430\u0432\u043a\u0443: \u00a0 \u0413\u0440\u0430\u0444\u0438\u043a \u043e\u0442\u043f\u0440\u0430\u0432\u043a\u0438 \u0437\u0430\u043a\u0430\u0437\u043e\u0432 \u0432 \u043f\u0440\u0430\u0437\u0434\u043d\u0438\u0447\u043d\u044b\u0435 \u0434\u043d\u0438: \u00a0 \u0417\u0430\u043a\u0430\u0437\u044b, \u043e\u0444\u043e\u0440\u043c\u043b\u0435\u043d\u043d\u044b\u0435 24-26 \u0434\u0435\u043a\u0430\u0431\u0440\u044f, \u0431\u0443\u0434\u0443\u0442 \u043e\u0442\u043f\u0440\u0430\u0432\u043b\u0435\u043d\u044b 27 \u0434\u0435\u043a\u0430\u0431\u0440\u044f.\u00a0 \u00a0 \u0417\u0430\u043a\u0430\u0437\u044b, \u043e\u0444\u043e\u0440\u043c\u043b\u0435\u043d\u043d\u044b\u0435 31 \u0434\u0435\u043a\u0430\u0431\u0440\u044f \u0438 1 \u044f\u043d\u0432\u0430\u0440\u044f, \u0431\u0443\u0434\u0443\u0442 \u043e\u0442\u043f\u0440\u0430\u0432\u043b\u0435\u043d\u044b 2 \u044f\u043d\u0432\u0430\u0440\u044f. \u00a0 \u0412 \u042d\u0441\u0442\u043e\u043d\u0438\u0438 \u0412\u0441\u0435 \u043f\u043e\u043a\u0443\u043f\u043a\u0438, \u0441\u043e\u0432\u0435\u0440\u0448\u0435\u043d\u043d\u044b\u0435 \u0432 \u0440\u0430\u0431\u043e\u0447\u0438\u0435 [&hellip;]<\/p>","protected":false},"author":1,"featured_media":0,"parent":0,"menu_order":0,"comment_status":"closed","ping_status":"closed","template":"","meta":{"_eb_attr":"","jetpack_post_was_ever_published":false,"_joinchat":[],"footnotes":""},"class_list":["post-3032","page","type-page","status-publish","hentry"],"jetpack_sharing_enabled":true,"_links":{"self":[{"href":"https:\/\/liluilu.ee\/et\/wp-json\/wp\/v2\/pages\/3032","targetHints":{"allow":["GET"]}}],"collection":[{"href":"https:\/\/liluilu.ee\/et\/wp-json\/wp\/v2\/pages"}],"about":[{"href":"https:\/\/liluilu.ee\/et\/wp-json\/wp\/v2\/types\/page"}],"author":[{"embeddable":true,"href":"https:\/\/liluilu.ee\/et\/wp-json\/wp\/v2\/users\/1"}],"replies":[{"embeddable":true,"href":"https:\/\/liluilu.ee\/et\/wp-json\/wp\/v2\/comments?post=3032"}],"version-history":[{"count":285,"href":"https:\/\/liluilu.ee\/et\/wp-json\/wp\/v2\/pages\/3032\/revisions"}],"predecessor-version":[{"id":16475,"href":"https:\/\/liluilu.ee\/et\/wp-json\/wp\/v2\/pages\/3032\/revisions\/16475"}],"wp:attachment":[{"href":"https:\/\/liluilu.ee\/et\/wp-json\/wp\/v2\/media?parent=3032"}],"curies":[{"name":"t\u00f6\u00f6leht","href":"https:\/\/api.w.org\/{rel}","templated":true}]}}