{"id":3,"date":"2021-08-31T11:29:43","date_gmt":"2021-08-31T11:29:43","guid":{"rendered":"https:\/\/liluilu.ee\/?page_id=3"},"modified":"2022-03-16T10:27:13","modified_gmt":"2022-03-16T07:27:13","slug":"privaatsuspoliitika","status":"publish","type":"page","link":"https:\/\/liluilu.ee\/et\/privaatsuspoliitika\/","title":{"rendered":"Privaatsuspoliitika"},"content":{"rendered":"<div data-elementor-type=\"wp-page\" data-elementor-id=\"3\" class=\"elementor elementor-3\" data-elementor-post-type=\"page\">\n\t\t\t\t\t\t<section class=\"elementor-section elementor-top-section elementor-element elementor-element-84e84ef elementor-section-height-min-height elementor-section-content-top elementor-section-boxed elementor-section-height-default elementor-section-items-middle\" data-id=\"84e84ef\" data-element_type=\"section\" data-settings=\"{&quot;background_background&quot;:&quot;classic&quot;}\">\n\t\t\t\t\t\t\t<div class=\"elementor-background-overlay\"><\/div>\n\t\t\t\t\t\t\t<div class=\"elementor-container elementor-column-gap-no\">\n\t\t\t\t\t<div class=\"elementor-column elementor-col-100 elementor-top-column elementor-element elementor-element-86077c1 elementor-invisible\" data-id=\"86077c1\" data-element_type=\"column\" data-settings=\"{&quot;background_background&quot;:&quot;classic&quot;,&quot;animation&quot;:&quot;fadeInLeft&quot;,&quot;animation_tablet&quot;:&quot;fadeInLeft&quot;,&quot;animation_mobile&quot;:&quot;fadeInLeft&quot;}\">\n\t\t\t<div class=\"elementor-widget-wrap elementor-element-populated\">\n\t\t\t\t\t<div class=\"elementor-background-overlay\"><\/div>\n\t\t\t\t\t\t<div class=\"elementor-element elementor-element-9e06313 elementor-widget elementor-widget-heading\" data-id=\"9e06313\" data-element_type=\"widget\" data-widget_type=\"heading.default\">\n\t\t\t\t<div class=\"elementor-widget-container\">\n\t\t\t\t\t<h1 class=\"elementor-heading-title elementor-size-default\">Privaatsuspoliitika<\/h1>\t\t\t\t<\/div>\n\t\t\t\t<\/div>\n\t\t\t\t\t<\/div>\n\t\t<\/div>\n\t\t\t\t\t<\/div>\n\t\t<\/section>\n\t\t\t\t<section class=\"elementor-section elementor-top-section elementor-element elementor-element-c2ccc64 elementor-section-boxed elementor-section-height-default elementor-section-height-default\" data-id=\"c2ccc64\" data-element_type=\"section\">\n\t\t\t\t\t\t<div class=\"elementor-container elementor-column-gap-default\">\n\t\t\t\t\t<div class=\"elementor-column elementor-col-100 elementor-top-column elementor-element elementor-element-7aee9f9\" data-id=\"7aee9f9\" data-element_type=\"column\">\n\t\t\t<div class=\"elementor-widget-wrap elementor-element-populated\">\n\t\t\t\t\t\t<div class=\"elementor-element elementor-element-84247a7 elementor-widget elementor-widget-spacer\" data-id=\"84247a7\" data-element_type=\"widget\" data-widget_type=\"spacer.default\">\n\t\t\t\t<div class=\"elementor-widget-container\">\n\t\t\t\t\t\t\t<div class=\"elementor-spacer\">\n\t\t\t<div class=\"elementor-spacer-inner\"><\/div>\n\t\t<\/div>\n\t\t\t\t\t\t<\/div>\n\t\t\t\t<\/div>\n\t\t\t\t<div class=\"elementor-element elementor-element-c5e513a elementor-widget elementor-widget-woocommerce-breadcrumb\" data-id=\"c5e513a\" data-element_type=\"widget\" data-widget_type=\"woocommerce-breadcrumb.default\">\n\t\t\t\t<div class=\"elementor-widget-container\">\n\t\t\t\t\t<nav class=\"woocommerce-breadcrumb\" aria-label=\"Breadcrumb\" data-no-translation=\"\" data-trp-gettext=\"\">AVALEHT<\/nav>\t\t\t\t<\/div>\n\t\t\t\t<\/div>\n\t\t\t\t\t<\/div>\n\t\t<\/div>\n\t\t\t\t\t<\/div>\n\t\t<\/section>\n\t\t\t\t<section class=\"elementor-section elementor-top-section elementor-element elementor-element-160f670e elementor-section-boxed elementor-section-height-default elementor-section-height-default\" data-id=\"160f670e\" data-element_type=\"section\">\n\t\t\t\t\t\t<div class=\"elementor-container elementor-column-gap-default\">\n\t\t\t\t\t<div class=\"elementor-column elementor-col-100 elementor-top-column elementor-element elementor-element-117c7f1b\" data-id=\"117c7f1b\" data-element_type=\"column\">\n\t\t\t<div class=\"elementor-widget-wrap elementor-element-populated\">\n\t\t\t\t\t\t<div class=\"elementor-element elementor-element-48aacfe9 elementor-widget elementor-widget-text-editor\" data-id=\"48aacfe9\" data-element_type=\"widget\" data-widget_type=\"text-editor.default\">\n\t\t\t\t<div class=\"elementor-widget-container\">\n\t\t\t\t\t\t\t\t\t<p>Veebilehte haldab Lilu ILU O\u00dc (registrinumber: 16460270; juriidiline aadress: Kopli 82, 10412, Harjumaa, Tallinn, Eesti; edaspidi \u201eMeie\u201c). <a title=\"www.liluilu.ee\" href=\"https:\/\/liluilu.ee\/et\" target=\"_blank\" rel=\"noopener\">www.liluilu.ee<\/a><\/p><p><span style=\"font-weight: 400;\">\u00a0<\/span><\/p><p><span style=\"font-weight: 400;\">K\u00e4esolevaga teavitame Teid isikuandmete kogumise, kasutamise ja avaldamise p\u00f5him\u00f5tetest meie veebisaidi (edaspidi &quot;Teenus&quot;) kasutamisel.\u00a0<\/span><\/p><p><span style=\"font-weight: 400;\">\u00a0<\/span><\/p><p><span style=\"font-weight: 400;\">Kasutame teie andmeid teile teenuse osutamiseks ja selle t\u00e4iustamiseks. Kui hakkate meie teenust kasutama, siis loetakse, et olete andnud n\u00f5usoleku oma andmete kogumiseks ja kasutamiseks vastavalt alltoodud p\u00f5him\u00f5tetele.\u00a0<\/span><\/p><h2><span style=\"font-weight: 400;\">\u00a0<\/span><\/h2><h2>Andmete kogumine ja kasutamine.<\/h2><p><span style=\"font-weight: 400;\">Kogume teenuse pakkumiseks ja t\u00e4iustamiseks mitmesuguseid andmeid.\u00a0<\/span><\/p><h3><span style=\"font-weight: 400;\">Kogutavate andmete t\u00fc\u00fcbid.<\/span><\/h3><h4><span style=\"font-weight: 400;\">Isiklikud andmed<\/span><\/h4><p><span style=\"font-weight: 400;\">Kui kasutate teenust, v\u00f5ime teiega \u00fchenduse v\u00f5tmiseks v\u00f5i teie isiku tuvastamiseks paluda teil esitada teatud isikuandmed (&quot;Isikuandmed&quot;). Sellised isikuandmed h\u00f5lmavad, kuid ei ole nendega piiratud:\u00a0<\/span><\/p><ul><li style=\"font-weight: 400;\" aria-level=\"1\"><span style=\"font-weight: 400;\">E-posti aadress;\u00a0<\/span><\/li><li style=\"font-weight: 400;\" aria-level=\"1\"><span style=\"font-weight: 400;\">ees- ja perekonnanimi;\u00a0<\/span><\/li><li style=\"font-weight: 400;\" aria-level=\"1\"><span style=\"font-weight: 400;\">telefoninumber.\u00a0<\/span><\/li><\/ul><h4><span style=\"font-weight: 400;\">Kasutusandmed<\/span><span style=\"font-weight: 400;\">\u00a0<\/span><\/h4><p><span style=\"font-weight: 400;\">V\u00f5ime koguda teavet Teenusele juurdep\u00e4\u00e4su ja selle kasutamise kohta (\u201cKasutusandmed\u201d). Need kasutusandmed v\u00f5ivad h\u00f5lmata, kuid mitte ainult, IP-aadressi, brauseri t\u00fc\u00fcpi, brauseri versiooni, k\u00fclastatava teenuse Interneti-lehti; k\u00fclastuse kellaaeg ja kuup\u00e4ev, lehtedel veedetud aeg, unikaalsed riistvaraatribuudid ja muud diagnostikaandmed.\u00a0<\/span><\/p><h3><span style=\"font-weight: 400;\">andmekasutus\u00a0<\/span><\/h3><p><span style=\"font-weight: 400;\">Ettev\u00f5te kasutab kogutud andmeid erinevatel eesm\u00e4rkidel:\u00a0<\/span><\/p><ul><li style=\"font-weight: 400;\" aria-level=\"1\"><span style=\"font-weight: 400;\">Teenuse osutamine ja selle haldamine;\u00a0<\/span><\/li><li style=\"font-weight: 400;\" aria-level=\"1\"><span style=\"font-weight: 400;\">Muudatuste teavitamine;\u00a0<\/span><\/li><li style=\"font-weight: 400;\" aria-level=\"1\"><span style=\"font-weight: 400;\">Klienditugi\u00a0<\/span><\/li><li style=\"font-weight: 400;\" aria-level=\"1\"><span style=\"font-weight: 400;\">Teabe anal\u00fc\u00fcs teenuse t\u00e4iustamiseks;\u00a0<\/span><\/li><li style=\"font-weight: 400;\" aria-level=\"1\"><span style=\"font-weight: 400;\">Teenuse kasutamise j\u00e4lgimine;\u00a0<\/span><\/li><li style=\"font-weight: 400;\" aria-level=\"1\"><span style=\"font-weight: 400;\">Tehniliste probleemide leidmine, ennetamine ja lahendamine.\u00a0<\/span><\/li><\/ul><h3><span style=\"font-weight: 400;\">Andmete \u00fclekanne<\/span><span style=\"font-weight: 400;\">\u00a0<\/span><\/h3><p><span style=\"font-weight: 400;\">V\u00f5ime salvestada, saata ja salvestada teie andmeid, sh. Isikuandmed arvutites v\u00e4ljaspool teie elukohta\/linna\/maakonda\/osariiki v\u00f5i muud geograafilist asukohta, kus isikuandmete kaitse reeglid v\u00f5ivad erineda Teie elukohas kehtivatest \u00f5igusaktidest.\u00a0<\/span><\/p><p><span style=\"font-weight: 400;\">Kui asute v\u00e4ljaspool Eesti Vabariiki ja otsustate meile oma andmed saata, siis pange t\u00e4hele, et saadame Teie andmed, sh. Isikuandmed Eestisse ja me t\u00f6\u00f6tleme neid Eestis.\u00a0<\/span><\/p><p><span style=\"font-weight: 400;\">Ettev\u00f5te v\u00f5tab k\u00f5ik m\u00f5istlikud meetmed tagamaks, et teie andmeid kaitstakse, s\u00e4ilitatakse ja kasutatakse vastavalt k\u00e4esolevale privaatsuspoliitikale, ning tagab, et teie isikuandmeid ei saadeta ettev\u00f5tetele v\u00f5i riikidesse, kus isikuandmete kaitse ei ole piisav.\u00a0<\/span><\/p><h3><span style=\"font-weight: 400;\">Andmete avaldamine\u00a0<\/span><\/h3><p><span style=\"font-weight: 400;\">Vastavalt \u00f5igusaktidest tulenevatele n\u00f5uetele v\u00f5ib ettev\u00f5te avaldada Teie Isikuandmeid, kui see on vajalik selleks, et:\u00a0<\/span><\/p><ul><li style=\"font-weight: 400;\" aria-level=\"1\"><span style=\"font-weight: 400;\">j\u00e4rgima \u00f5igusaktidest tulenevaid n\u00f5udeid;\u00a0<\/span><\/li><li style=\"font-weight: 400;\" aria-level=\"1\"><span style=\"font-weight: 400;\">kaitsta ettev\u00f5tte vara ja \u00f5igusi;\u00a0<\/span><\/li><li style=\"font-weight: 400;\" aria-level=\"1\"><span style=\"font-weight: 400;\">v\u00e4ltida v\u00f5i uurida teenuse v\u00f5imalikku kuritarvitamist;\u00a0<\/span><\/li><li style=\"font-weight: 400;\" aria-level=\"1\"><span style=\"font-weight: 400;\">kaitsta Teenuse kasutajate identiteeti;\u00a0<\/span><\/li><li style=\"font-weight: 400;\" aria-level=\"1\"><span style=\"font-weight: 400;\">kaitsta ettev\u00f5tet vastutuse, kahju ja n\u00f5uete eest.\u00a0<\/span><\/li><\/ul><h3><span style=\"font-weight: 400;\">Andmeturve\u00a0<\/span><\/h3><p><span style=\"font-weight: 400;\">Teie teabe turvalisus on meie jaoks oluline, kuid pidage meeles, et 100% juures pole \u00fckski v\u00f5rgus edastamise v\u00f5i elektroonilise salvestamise meetod turvaline. Kuigi me v\u00f5tame teie isikuandmete kaitsmiseks kasutusele k\u00f5ik \u00fcldtunnustatud meetmed, ei saa me tagada t\u00e4ielikku turvalisust.\u00a0<\/span><\/p><h3><span style=\"font-weight: 400;\">Teenusepakkujad\u00a0<\/span><\/h3><p><span style=\"font-weight: 400;\">Teenuste pakkumiseks v\u00f5ime kasutada enda nimel kolmandaid osapooli (&quot;Teenusepakkujad&quot;), kes osutavad Teenusega seotud teenuseid v\u00f5i aitavad meil Teenuse kasutamist anal\u00fc\u00fcsida.\u00a0<\/span><\/p><p><span style=\"font-weight: 400;\">Teenusepakkujatel on juurdep\u00e4\u00e4s teie isikuandmetele ainult \u00fclaltoodud eesm\u00e4rkide t\u00e4itmiseks ja nad ei avalda andmeid muul p\u00f5hjusel.\u00a0<\/span><\/p><h3><span style=\"font-weight: 400;\">Privaatsuspoliitika muudatused\u00a0<\/span><\/h3><p><span style=\"font-weight: 400;\">V\u00f5ime oma privaatsuspoliitikat aeg-ajalt muuta. Anname teile teada, postitades sellele lehele uued privaatsuspoliitika.\u00a0<\/span><\/p><p><span style=\"font-weight: 400;\">Kui privaatsuspoliitikas tehakse olulisi muudatusi, teavitame teid sellest e-posti teel enne muudatuse j\u00f5ustumist ning muudame ka privaatsuspoliitika j\u00f5ustumise kuup\u00e4eva.\u00a0<\/span><\/p><p><span style=\"font-weight: 400;\">Soovitame teil regulaarselt \u00fcle vaadata meie privaatsuspoliitika muudatuste osas. Privaatsuspoliitika muudatused j\u00f5ustuvad nende sellel lehel avaldamise hetkest.\u00a0<\/span><\/p><h3><span style=\"font-weight: 400;\">V\u00f5tke \u00fchendust\u00a0<\/span><\/h3><p><span style=\"font-weight: 400;\">Kui teil on meie privaatsuspoliitika kohta k\u00fcsimusi, v\u00f5tke meiega \u00fchendust aadressil<\/span><span style=\"color: #0000ff;\"> info@liluilu.ee<\/span><\/p>\t\t\t\t\t\t\t\t<\/div>\n\t\t\t\t<\/div>\n\t\t\t\t\t<\/div>\n\t\t<\/div>\n\t\t\t\t\t<\/div>\n\t\t<\/section>\n\t\t\t\t<\/div>","protected":false},"excerpt":{"rendered":"<p>\u041f\u043e\u043b\u0438\u0442\u0438\u043a\u0430 \u043a\u043e\u043d\u0444\u0438\u0434\u0435\u043d\u0446\u0438\u0430\u043b\u044c\u043d\u043e\u0441\u0442\u0438 Lilu ILU O\u00dc (\u0440\u0435\u0433. \u043d\u043e\u043c\u0435\u0440: 16460270; \u044e\u0440. \u0430\u0434\u0440\u0435\u0441: Kopli 82, 10412, Harjumaa, Tallinn, Estonia; \u0434\u0430\u043b\u0435\u0435 &#171;\u041c\u044b&#187;)\u00a0 \u043e\u043f\u0435\u0440\u0438\u0440\u0443\u0435\u0442 \u0441\u0430\u0439\u0442\u043e\u043c www.liluilu.ee \u00a0 \u041d\u0430\u0441\u0442\u043e\u044f\u0449\u0438\u043c \u0438\u043d\u0444\u043e\u0440\u043c\u0438\u0440\u0443\u0435\u043c \u0432\u0430\u0441 \u043e \u043f\u0440\u0438\u043d\u0446\u0438\u043f\u0430\u0445 \u0441\u0431\u043e\u0440\u0430, \u0438\u0441\u043f\u043e\u043b\u044c\u0437\u043e\u0432\u0430\u043d\u0438\u044f \u0438 \u043e\u043f\u0443\u0431\u043b\u0438\u043a\u043e\u0432\u0430\u043d\u0438\u044f \u043b\u0438\u0447\u043d\u044b\u0445 \u0434\u0430\u043d\u043d\u044b\u0445 \u043f\u0440\u0438 \u0438\u0441\u043f\u043e\u043b\u044c\u0437\u043e\u0432\u0430\u043d\u0438\u0438 \u043d\u0430\u0448\u0435\u0433\u043e \u0441\u0430\u0439\u0442\u0430 (\u0434\u0430\u043b\u0435\u0435 &#171;\u0423\u0441\u043b\u0443\u0433\u0430&#187;).\u00a0 \u00a0 \u041c\u044b \u0438\u0441\u043f\u043e\u043b\u044c\u0437\u0443\u0435\u043c \u0432\u0430\u0448\u0438 \u0434\u0430\u043d\u043d\u044b\u0435, \u0447\u0442\u043e\u0431\u044b \u043e\u043a\u0430\u0437\u044b\u0432\u0430\u0442\u044c \u0432\u0430\u043c \u0423\u0441\u043b\u0443\u0433\u0443 \u0438 \u0441\u043e\u0432\u0435\u0440\u0448\u0435\u043d\u0441\u0442\u0432\u043e\u0432\u0430\u0442\u044c \u0435\u0435. \u0415\u0441\u043b\u0438 \u0432\u044b \u043d\u0430\u0447\u0430\u043b\u0438 \u043f\u043e\u043b\u044c\u0437\u043e\u0432\u0430\u0442\u044c\u0441\u044f [&hellip;]<\/p>","protected":false},"author":1,"featured_media":0,"parent":0,"menu_order":0,"comment_status":"closed","ping_status":"open","template":"","meta":{"_eb_attr":"","jetpack_post_was_ever_published":false,"_joinchat":[],"footnotes":""},"class_list":["post-3","page","type-page","status-publish","hentry"],"jetpack_sharing_enabled":true,"_links":{"self":[{"href":"https:\/\/liluilu.ee\/et\/wp-json\/wp\/v2\/pages\/3","targetHints":{"allow":["GET"]}}],"collection":[{"href":"https:\/\/liluilu.ee\/et\/wp-json\/wp\/v2\/pages"}],"about":[{"href":"https:\/\/liluilu.ee\/et\/wp-json\/wp\/v2\/types\/page"}],"author":[{"embeddable":true,"href":"https:\/\/liluilu.ee\/et\/wp-json\/wp\/v2\/users\/1"}],"replies":[{"embeddable":true,"href":"https:\/\/liluilu.ee\/et\/wp-json\/wp\/v2\/comments?post=3"}],"version-history":[{"count":128,"href":"https:\/\/liluilu.ee\/et\/wp-json\/wp\/v2\/pages\/3\/revisions"}],"predecessor-version":[{"id":7081,"href":"https:\/\/liluilu.ee\/et\/wp-json\/wp\/v2\/pages\/3\/revisions\/7081"}],"wp:attachment":[{"href":"https:\/\/liluilu.ee\/et\/wp-json\/wp\/v2\/media?parent=3"}],"curies":[{"name":"t\u00f6\u00f6leht","href":"https:\/\/api.w.org\/{rel}","templated":true}]}}